{"id":917,"date":"2025-10-31T04:54:42","date_gmt":"2025-10-31T04:54:42","guid":{"rendered":"https:\/\/jiushidao.com\/?post_type=product&#038;p=917"},"modified":"2025-11-03T03:11:36","modified_gmt":"2025-11-03T03:11:36","slug":"xinjiang-fruit-extract-nfc-apple-prune-blend-juice","status":"publish","type":"product","link":"https:\/\/jiushidao.com\/pt\/produto\/xinjiang-fruit-extract-nfc-apple-prune-blend-juice\/","title":{"rendered":"Suco de ma\u00e7\u00e3 e ameixa com extrato de frutas de Xinjiang NFC"},"content":{"rendered":"<section class=\"ybc-p\">Delicie-se com a harmoniosa combina\u00e7\u00e3o dos benef\u00edcios da natureza com o Suco Misto de Ma\u00e7\u00e3 e Ameixa Jiangguocui NFC. Esta bebida premium combina ma\u00e7\u00e3s nativas amadurecidas ao sol, provenientes dos o\u00e1sis de Kashgar, com ameixas francesas cuidadosamente selecionadas, cientificamente combinadas para oferecer uma bebida perfeitamente equilibrada e nutritiva. Utilizando a tecnologia NFC (Not From Concentrate - N\u00e3o Concentrado), as frutas s\u00e3o prensadas a frio imediatamente ap\u00f3s a colheita para preservar seu sabor original, vitaminas e do\u00e7ura natural.<\/section>\n<section class=\"ybc-p\">Contendo\u00a0<strong>Suco puro 100%<\/strong>e\u00a0<strong>absolutamente nenhum aditivo<\/strong>\u2014Sem conservantes, espessantes, aromatizantes ou corantes artificiais\u2014esta mistura refrescante oferece uma composi\u00e7\u00e3o pura e um sabor deliciosamente suave, agridoce. Embalada em um inovador material revestido de alum\u00ednio para preservar o frescor e proteger os nutrientes, \u00e9 a bebida perfeita para quem busca pureza e sabor em qualquer lugar.<\/section>\n<hr \/>\n<section class=\"ybc-p\"><strong>Principais caracter\u00edsticas<\/strong><\/section>\n<ul class=\"ybc-ul-component\">\n<li class=\"ybc-li-component ybc-li-component_ul\">\n<section class=\"ybc-p\">\u00a0<strong>Ingredientes naturais<\/strong>Ma\u00e7\u00e3s nativas de Kashgar e ameixas francesas<\/section>\n<\/li>\n<li class=\"ybc-li-component ybc-li-component_ul\">\n<section class=\"ybc-p\">\u00a0<strong>100% Suco NFC<\/strong>N\u00e3o \u00e9 feito de concentrado, sem adi\u00e7\u00e3o de \u00e1gua ou a\u00e7\u00facar.<\/section>\n<\/li>\n<li class=\"ybc-li-component ybc-li-component_ul\">\n<section class=\"ybc-p\">\u00a0<strong>Sem aditivos<\/strong>Sem conservantes, espessantes, aromatizantes ou corantes.<\/section>\n<\/li>\n<li class=\"ybc-li-component ybc-li-component_ul\">\n<section class=\"ybc-p\">\u00a0<strong>Embalagem focada na frescura<\/strong>Material revestido de alum\u00ednio para prote\u00e7\u00e3o de nutrientes.<\/section>\n<\/li>\n<li class=\"ybc-li-component ybc-li-component_ul\">\n<section class=\"ybc-p\">\u00a0<strong>Sabor bem equilibrado<\/strong>Doce e picante, com ricos benef\u00edcios nutricionais.<\/section>\n<\/li>\n<\/ul>","protected":false},"excerpt":{"rendered":"<p>Delicie-se com a harmoniosa combina\u00e7\u00e3o das maravilhas da natureza com o Suco Misto de Ma\u00e7\u00e3 e Ameixa Jiangguocui NFC. Esta bebida premium combina ma\u00e7\u00e3s nativas amadurecidas ao sol do o\u00e1sis.<span class=\"excerpt-hellip\"> [\u2026]<\/span><\/p>","protected":false},"featured_media":918,"comment_status":"open","ping_status":"closed","template":"","meta":[],"product_brand":[64],"product_cat":[63],"product_tag":[],"class_list":{"0":"post-917","1":"product","2":"type-product","3":"status-publish","4":"has-post-thumbnail","6":"product_brand-64","7":"product_cat-jiang_guo_cui","9":"first","10":"instock","11":"shipping-taxable","12":"product-type-simple"},"yoast_head":"<!-- This site is optimized with the Yoast SEO Premium plugin v25.8 (Yoast SEO v25.8) - https:\/\/yoast.com\/wordpress\/plugins\/seo\/ -->\n<title>Xinjiang Fruit Extract NFC Apple &amp; Prune Blend Juice - Jiushidao - Global Food Marketplace for Business Growth and Cosumers<\/title>\n<meta name=\"robots\" content=\"index, follow, max-snippet:-1, max-image-preview:large, max-video-preview:-1\" \/>\n<link rel=\"canonical\" href=\"https:\/\/jiushidao.com\/pt\/produto\/xinjiang-fruit-extract-nfc-apple-prune-blend-juice\/\" \/>\n<meta property=\"og:locale\" content=\"pt_PT\" \/>\n<meta property=\"og:type\" content=\"article\" \/>\n<meta property=\"og:title\" content=\"Xinjiang Fruit Extract NFC Apple &amp; Prune Blend Juice\" \/>\n<meta property=\"og:description\" content=\"Indulge in the harmonious blend of nature\u2019s goodness with Jiangguocui NFC Apple &amp; Prune Mixed Juice. This premium beverage combines sun-ripened native apples from the oasis [\u2026]\" \/>\n<meta property=\"og:url\" content=\"https:\/\/jiushidao.com\/pt\/produto\/xinjiang-fruit-extract-nfc-apple-prune-blend-juice\/\" \/>\n<meta property=\"og:site_name\" content=\"Jiushidao - Global Food Marketplace for Business Growth and Cosumers\" \/>\n<meta property=\"article:modified_time\" content=\"2025-11-03T03:11:36+00:00\" \/>\n<meta property=\"og:image\" content=\"https:\/\/jiushidao.com\/wp-content\/uploads\/2025\/10\/\u56fe\u72473-4.png\" \/>\n\t<meta property=\"og:image:width\" content=\"321\" \/>\n\t<meta property=\"og:image:height\" content=\"480\" \/>\n\t<meta property=\"og:image:type\" content=\"image\/png\" \/>\n<meta name=\"twitter:card\" content=\"summary_large_image\" \/>\n<meta name=\"twitter:label1\" content=\"Tempo estimado de leitura\" \/>\n\t<meta name=\"twitter:data1\" content=\"1 minuto\" \/>\n<script type=\"application\/ld+json\" class=\"yoast-schema-graph\">{\"@context\":\"https:\/\/schema.org\",\"@graph\":[{\"@type\":\"WebPage\",\"@id\":\"https:\/\/jiushidao.com\/product\/xinjiang-fruit-extract-nfc-apple-prune-blend-juice\/\",\"url\":\"https:\/\/jiushidao.com\/product\/xinjiang-fruit-extract-nfc-apple-prune-blend-juice\/\",\"name\":\"Xinjiang Fruit Extract NFC Apple & Prune Blend Juice - Jiushidao - Global Food Marketplace for Business Growth and Cosumers\",\"isPartOf\":{\"@id\":\"https:\/\/jiushidao.com\/#website\"},\"primaryImageOfPage\":{\"@id\":\"https:\/\/jiushidao.com\/product\/xinjiang-fruit-extract-nfc-apple-prune-blend-juice\/#primaryimage\"},\"image\":{\"@id\":\"https:\/\/jiushidao.com\/product\/xinjiang-fruit-extract-nfc-apple-prune-blend-juice\/#primaryimage\"},\"thumbnailUrl\":\"https:\/\/jiushidao.com\/wp-content\/uploads\/2025\/10\/\u56fe\u72473-4.png\",\"datePublished\":\"2025-10-31T04:54:42+00:00\",\"dateModified\":\"2025-11-03T03:11:36+00:00\",\"breadcrumb\":{\"@id\":\"https:\/\/jiushidao.com\/product\/xinjiang-fruit-extract-nfc-apple-prune-blend-juice\/#breadcrumb\"},\"inLanguage\":\"pt-PT\",\"potentialAction\":[{\"@type\":\"ReadAction\",\"target\":[\"https:\/\/jiushidao.com\/product\/xinjiang-fruit-extract-nfc-apple-prune-blend-juice\/\"]}]},{\"@type\":\"ImageObject\",\"inLanguage\":\"pt-PT\",\"@id\":\"https:\/\/jiushidao.com\/product\/xinjiang-fruit-extract-nfc-apple-prune-blend-juice\/#primaryimage\",\"url\":\"https:\/\/jiushidao.com\/wp-content\/uploads\/2025\/10\/\u56fe\u72473-4.png\",\"contentUrl\":\"https:\/\/jiushidao.com\/wp-content\/uploads\/2025\/10\/\u56fe\u72473-4.png\",\"width\":321,\"height\":480},{\"@type\":\"BreadcrumbList\",\"@id\":\"https:\/\/jiushidao.com\/product\/xinjiang-fruit-extract-nfc-apple-prune-blend-juice\/#breadcrumb\",\"itemListElement\":[{\"@type\":\"ListItem\",\"position\":1,\"name\":\"Home\",\"item\":\"https:\/\/jiushidao.com\/\"},{\"@type\":\"ListItem\",\"position\":2,\"name\":\"Store\",\"item\":\"https:\/\/jiushidao.com\/store\/\"},{\"@type\":\"ListItem\",\"position\":3,\"name\":\"Xinjiang Fruit Extract NFC Apple &#038; Prune Blend Juice\"}]},{\"@type\":\"WebSite\",\"@id\":\"https:\/\/jiushidao.com\/#website\",\"url\":\"https:\/\/jiushidao.com\/\",\"name\":\"Jiushidao - Global Food Marketplace for Business Growth and Cosumers\",\"description\":\"Jiushidao - Global Food Marketplace for Business Growth and Cosumers\",\"potentialAction\":[{\"@type\":\"SearchAction\",\"target\":{\"@type\":\"EntryPoint\",\"urlTemplate\":\"https:\/\/jiushidao.com\/?s={search_term_string}\"},\"query-input\":{\"@type\":\"PropertyValueSpecification\",\"valueRequired\":true,\"valueName\":\"search_term_string\"}}],\"inLanguage\":\"pt-PT\"}]}<\/script>\n<!-- \/ Yoast SEO Premium plugin. -->","yoast_head_json":{"title":"Xinjiang Fruit Extract NFC Apple & Prune Blend Juice - Jiushidao - Global Food Marketplace for Business Growth and Cosumers","robots":{"index":"index","follow":"follow","max-snippet":"max-snippet:-1","max-image-preview":"max-image-preview:large","max-video-preview":"max-video-preview:-1"},"canonical":"https:\/\/jiushidao.com\/pt\/produto\/xinjiang-fruit-extract-nfc-apple-prune-blend-juice\/","og_locale":"pt_PT","og_type":"article","og_title":"Xinjiang Fruit Extract NFC Apple & Prune Blend Juice","og_description":"Indulge in the harmonious blend of nature\u2019s goodness with Jiangguocui NFC Apple &amp; Prune Mixed Juice. This premium beverage combines sun-ripened native apples from the oasis [\u2026]","og_url":"https:\/\/jiushidao.com\/pt\/produto\/xinjiang-fruit-extract-nfc-apple-prune-blend-juice\/","og_site_name":"Jiushidao - Global Food Marketplace for Business Growth and Cosumers","article_modified_time":"2025-11-03T03:11:36+00:00","og_image":[{"width":321,"height":480,"url":"https:\/\/jiushidao.com\/wp-content\/uploads\/2025\/10\/\u56fe\u72473-4.png","type":"image\/png"}],"twitter_card":"summary_large_image","twitter_misc":{"Tempo estimado de leitura":"1 minuto"},"schema":{"@context":"https:\/\/schema.org","@graph":[{"@type":"WebPage","@id":"https:\/\/jiushidao.com\/product\/xinjiang-fruit-extract-nfc-apple-prune-blend-juice\/","url":"https:\/\/jiushidao.com\/product\/xinjiang-fruit-extract-nfc-apple-prune-blend-juice\/","name":"Xinjiang Fruit Extract NFC Apple & Prune Blend Juice - Jiushidao - Global Food Marketplace for Business Growth and Cosumers","isPartOf":{"@id":"https:\/\/jiushidao.com\/#website"},"primaryImageOfPage":{"@id":"https:\/\/jiushidao.com\/product\/xinjiang-fruit-extract-nfc-apple-prune-blend-juice\/#primaryimage"},"image":{"@id":"https:\/\/jiushidao.com\/product\/xinjiang-fruit-extract-nfc-apple-prune-blend-juice\/#primaryimage"},"thumbnailUrl":"https:\/\/jiushidao.com\/wp-content\/uploads\/2025\/10\/\u56fe\u72473-4.png","datePublished":"2025-10-31T04:54:42+00:00","dateModified":"2025-11-03T03:11:36+00:00","breadcrumb":{"@id":"https:\/\/jiushidao.com\/product\/xinjiang-fruit-extract-nfc-apple-prune-blend-juice\/#breadcrumb"},"inLanguage":"pt-PT","potentialAction":[{"@type":"ReadAction","target":["https:\/\/jiushidao.com\/product\/xinjiang-fruit-extract-nfc-apple-prune-blend-juice\/"]}]},{"@type":"ImageObject","inLanguage":"pt-PT","@id":"https:\/\/jiushidao.com\/product\/xinjiang-fruit-extract-nfc-apple-prune-blend-juice\/#primaryimage","url":"https:\/\/jiushidao.com\/wp-content\/uploads\/2025\/10\/\u56fe\u72473-4.png","contentUrl":"https:\/\/jiushidao.com\/wp-content\/uploads\/2025\/10\/\u56fe\u72473-4.png","width":321,"height":480},{"@type":"BreadcrumbList","@id":"https:\/\/jiushidao.com\/product\/xinjiang-fruit-extract-nfc-apple-prune-blend-juice\/#breadcrumb","itemListElement":[{"@type":"ListItem","position":1,"name":"Home","item":"https:\/\/jiushidao.com\/"},{"@type":"ListItem","position":2,"name":"Store","item":"https:\/\/jiushidao.com\/store\/"},{"@type":"ListItem","position":3,"name":"Xinjiang Fruit Extract NFC Apple &#038; Prune Blend Juice"}]},{"@type":"WebSite","@id":"https:\/\/jiushidao.com\/#website","url":"https:\/\/jiushidao.com\/","name":"Jiushidao - Global Food Marketplace for Business Growth and Cosumers","description":"Jiushidao - Global Food Marketplace for Business Growth and Cosumers","potentialAction":[{"@type":"SearchAction","target":{"@type":"EntryPoint","urlTemplate":"https:\/\/jiushidao.com\/?s={search_term_string}"},"query-input":{"@type":"PropertyValueSpecification","valueRequired":true,"valueName":"search_term_string"}}],"inLanguage":"pt-PT"}]}},"_links":{"self":[{"href":"https:\/\/jiushidao.com\/pt\/wp-json\/wp\/v2\/product\/917","targetHints":{"allow":["GET"]}}],"collection":[{"href":"https:\/\/jiushidao.com\/pt\/wp-json\/wp\/v2\/product"}],"about":[{"href":"https:\/\/jiushidao.com\/pt\/wp-json\/wp\/v2\/types\/product"}],"replies":[{"embeddable":true,"href":"https:\/\/jiushidao.com\/pt\/wp-json\/wp\/v2\/comments?post=917"}],"version-history":[{"count":1,"href":"https:\/\/jiushidao.com\/pt\/wp-json\/wp\/v2\/product\/917\/revisions"}],"predecessor-version":[{"id":919,"href":"https:\/\/jiushidao.com\/pt\/wp-json\/wp\/v2\/product\/917\/revisions\/919"}],"wp:featuredmedia":[{"embeddable":true,"href":"https:\/\/jiushidao.com\/pt\/wp-json\/wp\/v2\/media\/918"}],"wp:attachment":[{"href":"https:\/\/jiushidao.com\/pt\/wp-json\/wp\/v2\/media?parent=917"}],"wp:term":[{"taxonomy":"product_brand","embeddable":true,"href":"https:\/\/jiushidao.com\/pt\/wp-json\/wp\/v2\/product_brand?post=917"},{"taxonomy":"product_cat","embeddable":true,"href":"https:\/\/jiushidao.com\/pt\/wp-json\/wp\/v2\/product_cat?post=917"},{"taxonomy":"product_tag","embeddable":true,"href":"https:\/\/jiushidao.com\/pt\/wp-json\/wp\/v2\/product_tag?post=917"}],"curies":[{"name":"wp","href":"https:\/\/api.w.org\/{rel}","templated":true}]}}