{"id":911,"date":"2025-10-31T04:43:59","date_gmt":"2025-10-31T04:43:59","guid":{"rendered":"https:\/\/jiushidao.com\/?post_type=product&#038;p=911"},"modified":"2025-10-31T04:44:00","modified_gmt":"2025-10-31T04:44:00","slug":"xinjiang-fruit-extract-nfc-fresh-pressed-apple-juice","status":"publish","type":"product","link":"https:\/\/jiushidao.com\/pt\/produto\/xinjiang-fruit-extract-nfc-fresh-pressed-apple-juice\/","title":{"rendered":"Suco de ma\u00e7\u00e3 prensado a frio com extrato de frutas de Xinjiang NFC"},"content":{"rendered":"<section class=\"ybc-p\">Experimente o verdadeiro sabor dos pomares de Xinjiang com\u00a0<strong>Suco de ma\u00e7\u00e3 fresco Jiangguocui NFC<\/strong>\u2014um suco premium, n\u00e3o concentrado, criado para quem valoriza a qualidade acima da quantidade. Feito com ma\u00e7\u00e3s nativas de Kashgar, cultivadas no o\u00e1sis \u00fanico entre o Deserto de Taklamakan e as Montanhas Kunlun Ocidentais, nossas ma\u00e7\u00e3s se beneficiam das condi\u00e7\u00f5es ideais de cultivo da regi\u00e3o: solo rico em minerais, sol abundante, \u00e1gua pura e varia\u00e7\u00f5es significativas de temperatura entre o dia e a noite. Esse ambiente natural produz ma\u00e7\u00e3s com aroma e do\u00e7ura excepcionais.<\/section>\n<section class=\"ybc-p\">Utilizando tecnologia avan\u00e7ada de prensagem a frio, garantimos que as ma\u00e7\u00e3s sejam prensadas em\u00a0<strong>24 horas de colheita<\/strong>O suco \u00e9 produzido com ma\u00e7\u00e3s de Xinjiang, preservando o frescor, os nutrientes e o sabor puro da fruta rec\u00e9m-colhida. \u00c9 embalado em inovadoras bolsas revestidas de alum\u00ednio com prote\u00e7\u00e3o de g\u00e1s inerte, garantindo sua qualidade e valor nutricional do pomar \u00e0 mesa. Sem aditivos ou conservantes, cada gole oferece o sabor aut\u00eantico e crocante das ma\u00e7\u00e3s de Xinjiang \u2014 refrescante, equilibrado e naturalmente doce.<\/section>\n<hr \/>\n<h3><strong>Principais caracter\u00edsticas<\/strong><\/h3>\n<ul class=\"ybc-ul-component\">\n<li class=\"ybc-li-component ybc-li-component_ul\">\n<section class=\"ybc-p\">\u00a0<strong>100% Suco NFC<\/strong>N\u00e3o \u00e9 feito de concentrado \u2014 puro, n\u00e3o dilu\u00eddo e cheio de sabor natural.<\/section>\n<\/li>\n<li class=\"ybc-li-component ybc-li-component_ul\">\n<section class=\"ybc-p\">\u00a0<strong>Ma\u00e7\u00e3s nativas de Kashgar<\/strong>Cultivado no ambiente \u00fanico dos o\u00e1sis de Xinjiang, o que lhe confere uma qualidade rica e arom\u00e1tica.<\/section>\n<\/li>\n<li class=\"ybc-li-component ybc-li-component_ul\">\n<section class=\"ybc-p\">\u00a0<strong>Prensado a frio em at\u00e9 24 horas.<\/strong>Maximiza o frescor e a reten\u00e7\u00e3o de nutrientes.<\/section>\n<\/li>\n<li class=\"ybc-li-component ybc-li-component_ul\">\n<section class=\"ybc-p\">\u00a0<strong>Embalagem avan\u00e7ada<\/strong>Material revestido com alum\u00ednio e prote\u00e7\u00e3o com g\u00e1s inerte para maior frescor.<\/section>\n<\/li>\n<li class=\"ybc-li-component ybc-li-component_ul\">\n<section class=\"ybc-p\">\u00a0<strong>Ingredientes limpos<\/strong>Somente ma\u00e7\u00e3s de Xinjiang \u2014 sem aditivos, sem adi\u00e7\u00e3o de \u00e1gua ou a\u00e7\u00facar.<\/section>\n<\/li>\n<\/ul>","protected":false},"excerpt":{"rendered":"<p>Experimente o verdadeiro sabor dos pomares de Xinjiang com o Suco de Ma\u00e7\u00e3 Fresco NFC Jiangguocui \u2014 um suco premium, n\u00e3o concentrado, feito para quem valoriza a qualidade acima da quantidade. Produzido com ma\u00e7\u00e3s nativas.<span class=\"excerpt-hellip\"> [\u2026]<\/span><\/p>","protected":false},"featured_media":912,"comment_status":"open","ping_status":"closed","template":"","meta":[],"product_brand":[64],"product_cat":[63],"product_tag":[],"class_list":{"0":"post-911","1":"product","2":"type-product","3":"status-publish","4":"has-post-thumbnail","6":"product_brand-64","7":"product_cat-jiang_guo_cui","9":"first","10":"instock","11":"shipping-taxable","12":"product-type-simple"},"yoast_head":"<!-- This site is optimized with the Yoast SEO Premium plugin v25.8 (Yoast SEO v25.8) - https:\/\/yoast.com\/wordpress\/plugins\/seo\/ -->\n<title>Xinjiang Fruit Extract NFC Fresh-Pressed Apple Juice - Jiushidao - Global Food Marketplace for Business Growth and Cosumers<\/title>\n<meta name=\"robots\" content=\"index, follow, max-snippet:-1, max-image-preview:large, max-video-preview:-1\" \/>\n<link rel=\"canonical\" href=\"https:\/\/jiushidao.com\/pt\/produto\/xinjiang-fruit-extract-nfc-fresh-pressed-apple-juice\/\" \/>\n<meta property=\"og:locale\" content=\"pt_PT\" \/>\n<meta property=\"og:type\" content=\"article\" \/>\n<meta property=\"og:title\" content=\"Xinjiang Fruit Extract NFC Fresh-Pressed Apple Juice\" \/>\n<meta property=\"og:description\" content=\"Experience the true taste of Xinjiang\u2019s orchards with\u00a0Jiangguocui NFC Fresh Apple Juice\u2014a premium, non-concentrated juice crafted for those who value quality over quantity. Made from native [\u2026]\" \/>\n<meta property=\"og:url\" content=\"https:\/\/jiushidao.com\/pt\/produto\/xinjiang-fruit-extract-nfc-fresh-pressed-apple-juice\/\" \/>\n<meta property=\"og:site_name\" content=\"Jiushidao - Global Food Marketplace for Business Growth and Cosumers\" \/>\n<meta property=\"article:modified_time\" content=\"2025-10-31T04:44:00+00:00\" \/>\n<meta property=\"og:image\" content=\"https:\/\/jiushidao.com\/wp-content\/uploads\/2025\/10\/\u56fe\u72471-7.png\" \/>\n\t<meta property=\"og:image:width\" content=\"400\" \/>\n\t<meta property=\"og:image:height\" content=\"400\" \/>\n\t<meta property=\"og:image:type\" content=\"image\/png\" \/>\n<meta name=\"twitter:card\" content=\"summary_large_image\" \/>\n<meta name=\"twitter:label1\" content=\"Tempo estimado de leitura\" \/>\n\t<meta name=\"twitter:data1\" content=\"2 minutos\" \/>\n<script type=\"application\/ld+json\" class=\"yoast-schema-graph\">{\"@context\":\"https:\/\/schema.org\",\"@graph\":[{\"@type\":\"WebPage\",\"@id\":\"https:\/\/jiushidao.com\/product\/xinjiang-fruit-extract-nfc-fresh-pressed-apple-juice\/\",\"url\":\"https:\/\/jiushidao.com\/product\/xinjiang-fruit-extract-nfc-fresh-pressed-apple-juice\/\",\"name\":\"Xinjiang Fruit Extract NFC Fresh-Pressed Apple Juice - Jiushidao - Global Food Marketplace for Business Growth and Cosumers\",\"isPartOf\":{\"@id\":\"https:\/\/jiushidao.com\/#website\"},\"primaryImageOfPage\":{\"@id\":\"https:\/\/jiushidao.com\/product\/xinjiang-fruit-extract-nfc-fresh-pressed-apple-juice\/#primaryimage\"},\"image\":{\"@id\":\"https:\/\/jiushidao.com\/product\/xinjiang-fruit-extract-nfc-fresh-pressed-apple-juice\/#primaryimage\"},\"thumbnailUrl\":\"https:\/\/jiushidao.com\/wp-content\/uploads\/2025\/10\/\u56fe\u72471-7.png\",\"datePublished\":\"2025-10-31T04:43:59+00:00\",\"dateModified\":\"2025-10-31T04:44:00+00:00\",\"breadcrumb\":{\"@id\":\"https:\/\/jiushidao.com\/product\/xinjiang-fruit-extract-nfc-fresh-pressed-apple-juice\/#breadcrumb\"},\"inLanguage\":\"pt-PT\",\"potentialAction\":[{\"@type\":\"ReadAction\",\"target\":[\"https:\/\/jiushidao.com\/product\/xinjiang-fruit-extract-nfc-fresh-pressed-apple-juice\/\"]}]},{\"@type\":\"ImageObject\",\"inLanguage\":\"pt-PT\",\"@id\":\"https:\/\/jiushidao.com\/product\/xinjiang-fruit-extract-nfc-fresh-pressed-apple-juice\/#primaryimage\",\"url\":\"https:\/\/jiushidao.com\/wp-content\/uploads\/2025\/10\/\u56fe\u72471-7.png\",\"contentUrl\":\"https:\/\/jiushidao.com\/wp-content\/uploads\/2025\/10\/\u56fe\u72471-7.png\",\"width\":400,\"height\":400},{\"@type\":\"BreadcrumbList\",\"@id\":\"https:\/\/jiushidao.com\/product\/xinjiang-fruit-extract-nfc-fresh-pressed-apple-juice\/#breadcrumb\",\"itemListElement\":[{\"@type\":\"ListItem\",\"position\":1,\"name\":\"Home\",\"item\":\"https:\/\/jiushidao.com\/\"},{\"@type\":\"ListItem\",\"position\":2,\"name\":\"Store\",\"item\":\"https:\/\/jiushidao.com\/store\/\"},{\"@type\":\"ListItem\",\"position\":3,\"name\":\"Xinjiang Fruit Extract NFC Fresh-Pressed Apple Juice\"}]},{\"@type\":\"WebSite\",\"@id\":\"https:\/\/jiushidao.com\/#website\",\"url\":\"https:\/\/jiushidao.com\/\",\"name\":\"Jiushidao - Global Food Marketplace for Business Growth and Cosumers\",\"description\":\"Jiushidao - Global Food Marketplace for Business Growth and Cosumers\",\"potentialAction\":[{\"@type\":\"SearchAction\",\"target\":{\"@type\":\"EntryPoint\",\"urlTemplate\":\"https:\/\/jiushidao.com\/?s={search_term_string}\"},\"query-input\":{\"@type\":\"PropertyValueSpecification\",\"valueRequired\":true,\"valueName\":\"search_term_string\"}}],\"inLanguage\":\"pt-PT\"}]}<\/script>\n<!-- \/ Yoast SEO Premium plugin. -->","yoast_head_json":{"title":"Xinjiang Fruit Extract NFC Fresh-Pressed Apple Juice - Jiushidao - Global Food Marketplace for Business Growth and Cosumers","robots":{"index":"index","follow":"follow","max-snippet":"max-snippet:-1","max-image-preview":"max-image-preview:large","max-video-preview":"max-video-preview:-1"},"canonical":"https:\/\/jiushidao.com\/pt\/produto\/xinjiang-fruit-extract-nfc-fresh-pressed-apple-juice\/","og_locale":"pt_PT","og_type":"article","og_title":"Xinjiang Fruit Extract NFC Fresh-Pressed Apple Juice","og_description":"Experience the true taste of Xinjiang\u2019s orchards with\u00a0Jiangguocui NFC Fresh Apple Juice\u2014a premium, non-concentrated juice crafted for those who value quality over quantity. Made from native [\u2026]","og_url":"https:\/\/jiushidao.com\/pt\/produto\/xinjiang-fruit-extract-nfc-fresh-pressed-apple-juice\/","og_site_name":"Jiushidao - Global Food Marketplace for Business Growth and Cosumers","article_modified_time":"2025-10-31T04:44:00+00:00","og_image":[{"width":400,"height":400,"url":"https:\/\/jiushidao.com\/wp-content\/uploads\/2025\/10\/\u56fe\u72471-7.png","type":"image\/png"}],"twitter_card":"summary_large_image","twitter_misc":{"Tempo estimado de leitura":"2 minutos"},"schema":{"@context":"https:\/\/schema.org","@graph":[{"@type":"WebPage","@id":"https:\/\/jiushidao.com\/product\/xinjiang-fruit-extract-nfc-fresh-pressed-apple-juice\/","url":"https:\/\/jiushidao.com\/product\/xinjiang-fruit-extract-nfc-fresh-pressed-apple-juice\/","name":"Xinjiang Fruit Extract NFC Fresh-Pressed Apple Juice - Jiushidao - Global Food Marketplace for Business Growth and Cosumers","isPartOf":{"@id":"https:\/\/jiushidao.com\/#website"},"primaryImageOfPage":{"@id":"https:\/\/jiushidao.com\/product\/xinjiang-fruit-extract-nfc-fresh-pressed-apple-juice\/#primaryimage"},"image":{"@id":"https:\/\/jiushidao.com\/product\/xinjiang-fruit-extract-nfc-fresh-pressed-apple-juice\/#primaryimage"},"thumbnailUrl":"https:\/\/jiushidao.com\/wp-content\/uploads\/2025\/10\/\u56fe\u72471-7.png","datePublished":"2025-10-31T04:43:59+00:00","dateModified":"2025-10-31T04:44:00+00:00","breadcrumb":{"@id":"https:\/\/jiushidao.com\/product\/xinjiang-fruit-extract-nfc-fresh-pressed-apple-juice\/#breadcrumb"},"inLanguage":"pt-PT","potentialAction":[{"@type":"ReadAction","target":["https:\/\/jiushidao.com\/product\/xinjiang-fruit-extract-nfc-fresh-pressed-apple-juice\/"]}]},{"@type":"ImageObject","inLanguage":"pt-PT","@id":"https:\/\/jiushidao.com\/product\/xinjiang-fruit-extract-nfc-fresh-pressed-apple-juice\/#primaryimage","url":"https:\/\/jiushidao.com\/wp-content\/uploads\/2025\/10\/\u56fe\u72471-7.png","contentUrl":"https:\/\/jiushidao.com\/wp-content\/uploads\/2025\/10\/\u56fe\u72471-7.png","width":400,"height":400},{"@type":"BreadcrumbList","@id":"https:\/\/jiushidao.com\/product\/xinjiang-fruit-extract-nfc-fresh-pressed-apple-juice\/#breadcrumb","itemListElement":[{"@type":"ListItem","position":1,"name":"Home","item":"https:\/\/jiushidao.com\/"},{"@type":"ListItem","position":2,"name":"Store","item":"https:\/\/jiushidao.com\/store\/"},{"@type":"ListItem","position":3,"name":"Xinjiang Fruit Extract NFC Fresh-Pressed Apple Juice"}]},{"@type":"WebSite","@id":"https:\/\/jiushidao.com\/#website","url":"https:\/\/jiushidao.com\/","name":"Jiushidao - Global Food Marketplace for Business Growth and Cosumers","description":"Jiushidao - Global Food Marketplace for Business Growth and Cosumers","potentialAction":[{"@type":"SearchAction","target":{"@type":"EntryPoint","urlTemplate":"https:\/\/jiushidao.com\/?s={search_term_string}"},"query-input":{"@type":"PropertyValueSpecification","valueRequired":true,"valueName":"search_term_string"}}],"inLanguage":"pt-PT"}]}},"_links":{"self":[{"href":"https:\/\/jiushidao.com\/pt\/wp-json\/wp\/v2\/product\/911","targetHints":{"allow":["GET"]}}],"collection":[{"href":"https:\/\/jiushidao.com\/pt\/wp-json\/wp\/v2\/product"}],"about":[{"href":"https:\/\/jiushidao.com\/pt\/wp-json\/wp\/v2\/types\/product"}],"replies":[{"embeddable":true,"href":"https:\/\/jiushidao.com\/pt\/wp-json\/wp\/v2\/comments?post=911"}],"version-history":[{"count":1,"href":"https:\/\/jiushidao.com\/pt\/wp-json\/wp\/v2\/product\/911\/revisions"}],"predecessor-version":[{"id":913,"href":"https:\/\/jiushidao.com\/pt\/wp-json\/wp\/v2\/product\/911\/revisions\/913"}],"wp:featuredmedia":[{"embeddable":true,"href":"https:\/\/jiushidao.com\/pt\/wp-json\/wp\/v2\/media\/912"}],"wp:attachment":[{"href":"https:\/\/jiushidao.com\/pt\/wp-json\/wp\/v2\/media?parent=911"}],"wp:term":[{"taxonomy":"product_brand","embeddable":true,"href":"https:\/\/jiushidao.com\/pt\/wp-json\/wp\/v2\/product_brand?post=911"},{"taxonomy":"product_cat","embeddable":true,"href":"https:\/\/jiushidao.com\/pt\/wp-json\/wp\/v2\/product_cat?post=911"},{"taxonomy":"product_tag","embeddable":true,"href":"https:\/\/jiushidao.com\/pt\/wp-json\/wp\/v2\/product_tag?post=911"}],"curies":[{"name":"wp","href":"https:\/\/api.w.org\/{rel}","templated":true}]}}