{"id":823,"date":"2025-10-31T01:22:01","date_gmt":"2025-10-31T01:22:01","guid":{"rendered":"https:\/\/jiushidao.com\/?post_type=product&#038;p=823"},"modified":"2025-10-31T01:22:02","modified_gmt":"2025-10-31T01:22:02","slug":"smoked-plum-and-licorice-root-tea","status":"publish","type":"product","link":"https:\/\/jiushidao.com\/pt\/produto\/smoked-plum-and-licorice-root-tea\/","title":{"rendered":"Ch\u00e1 de ameixa defumada e raiz de alca\u00e7uz"},"content":{"rendered":"<section class=\"ybc-p\">Desfrute da m\u00e1xima conveni\u00eancia e qualidade premium com nosso produto embalado individualmente. Cada por\u00e7\u00e3o vem em um sach\u00ea separado, projetado para manter o frescor, evitar a mistura de sabores e garantir o transporte perfeito para o seu estilo de vida agitado.<\/section>\n<section class=\"ybc-p\">Criado atrav\u00e9s de m\u00e9todos de formula\u00e7\u00e3o cient\u00edfica, este produto combina ingredientes aut\u00eanticos e de qualidade superior em propor\u00e7\u00f5es precisas para oferecer excel\u00eancia consistente em cada utiliza\u00e7\u00e3o.<\/section>\n<section class=\"ybc-p\"><strong>Principais vantagens:<\/strong><\/section>\n<ul class=\"ybc-ul-component\">\n<li class=\"ybc-li-component ybc-li-component_ul\">\n<section class=\"ybc-p\">A embalagem individual preserva o frescor e evita a contamina\u00e7\u00e3o cruzada de sabores.<\/section>\n<\/li>\n<li class=\"ybc-li-component ybc-li-component_ul\">\n<section class=\"ybc-p\">Design compacto e leve, ideal para viagens e uso di\u00e1rio.<\/section>\n<\/li>\n<li class=\"ybc-li-component ybc-li-component_ul\">\n<section class=\"ybc-p\">F\u00f3rmula desenvolvida cientificamente para resultados \u00f3timos.<\/section>\n<\/li>\n<li class=\"ybc-li-component ybc-li-component_ul\">\n<section class=\"ybc-p\">Feito com ingredientes genu\u00ednos e de alta qualidade provenientes de fontes selecionadas.<\/section>\n<\/li>\n<\/ul>\n<section class=\"ybc-p\"><strong>Ideal para:<\/strong><\/section>\n<ul class=\"ybc-ul-component\">\n<li class=\"ybc-li-component ybc-li-component_ul\">\n<section class=\"ybc-p\">Ideal para uso em viagens ou atividades ao ar livre.<\/section>\n<\/li>\n<li class=\"ybc-li-component ybc-li-component_ul\">\n<section class=\"ybc-p\">Manter por\u00e7\u00f5es precisas e frescor.<\/section>\n<\/li>\n<li class=\"ybc-li-component ybc-li-component_ul\">\n<section class=\"ybc-p\">Para quem busca qualidade premium com embalagem pr\u00e1tica.<\/section>\n<\/li>\n<\/ul>","protected":false},"excerpt":{"rendered":"<p>Desfrute da m\u00e1xima conveni\u00eancia e qualidade premium com nosso produto embalado individualmente. Cada por\u00e7\u00e3o vem em um sach\u00ea separado, projetado para manter o frescor, evitar a mistura de sabores e<span class=\"excerpt-hellip\"> [\u2026]<\/span><\/p>","protected":false},"featured_media":825,"comment_status":"open","ping_status":"closed","template":"","meta":[],"product_brand":[60],"product_cat":[59],"product_tag":[],"class_list":{"0":"post-823","1":"product","2":"type-product","3":"status-publish","4":"has-post-thumbnail","6":"product_brand-60","7":"product_cat-he_shun_tang","9":"first","10":"instock","11":"shipping-taxable","12":"product-type-simple"},"yoast_head":"<!-- This site is optimized with the Yoast SEO Premium plugin v25.8 (Yoast SEO v25.8) - https:\/\/yoast.com\/wordpress\/plugins\/seo\/ -->\n<title>Smoked Plum and Licorice Root Tea - Jiushidao - Global Food Marketplace for Business Growth and Cosumers<\/title>\n<meta name=\"robots\" content=\"index, follow, max-snippet:-1, max-image-preview:large, max-video-preview:-1\" \/>\n<link rel=\"canonical\" href=\"https:\/\/jiushidao.com\/pt\/produto\/smoked-plum-and-licorice-root-tea\/\" \/>\n<meta property=\"og:locale\" content=\"pt_PT\" \/>\n<meta property=\"og:type\" content=\"article\" \/>\n<meta property=\"og:title\" content=\"Smoked Plum and Licorice Root Tea\" \/>\n<meta property=\"og:description\" content=\"Experience ultimate convenience and premium quality with our individually packaged product. Each serving comes in a separate pouch designed to maintain freshness, prevent flavor mixing, and [\u2026]\" \/>\n<meta property=\"og:url\" content=\"https:\/\/jiushidao.com\/pt\/produto\/smoked-plum-and-licorice-root-tea\/\" \/>\n<meta property=\"og:site_name\" content=\"Jiushidao - Global Food Marketplace for Business Growth and Cosumers\" \/>\n<meta property=\"article:modified_time\" content=\"2025-10-31T01:22:02+00:00\" \/>\n<meta property=\"og:image\" content=\"https:\/\/jiushidao.com\/wp-content\/uploads\/2025\/10\/\u56fe\u72477-1.png\" \/>\n\t<meta property=\"og:image:width\" content=\"751\" \/>\n\t<meta property=\"og:image:height\" content=\"751\" \/>\n\t<meta property=\"og:image:type\" content=\"image\/png\" \/>\n<meta name=\"twitter:card\" content=\"summary_large_image\" \/>\n<meta name=\"twitter:label1\" content=\"Tempo estimado de leitura\" \/>\n\t<meta name=\"twitter:data1\" content=\"1 minuto\" \/>\n<script type=\"application\/ld+json\" class=\"yoast-schema-graph\">{\"@context\":\"https:\/\/schema.org\",\"@graph\":[{\"@type\":\"WebPage\",\"@id\":\"https:\/\/jiushidao.com\/product\/smoked-plum-and-licorice-root-tea\/\",\"url\":\"https:\/\/jiushidao.com\/product\/smoked-plum-and-licorice-root-tea\/\",\"name\":\"Smoked Plum and Licorice Root Tea - Jiushidao - Global Food Marketplace for Business Growth and Cosumers\",\"isPartOf\":{\"@id\":\"https:\/\/jiushidao.com\/#website\"},\"primaryImageOfPage\":{\"@id\":\"https:\/\/jiushidao.com\/product\/smoked-plum-and-licorice-root-tea\/#primaryimage\"},\"image\":{\"@id\":\"https:\/\/jiushidao.com\/product\/smoked-plum-and-licorice-root-tea\/#primaryimage\"},\"thumbnailUrl\":\"https:\/\/jiushidao.com\/wp-content\/uploads\/2025\/10\/\u56fe\u72477-1.png\",\"datePublished\":\"2025-10-31T01:22:01+00:00\",\"dateModified\":\"2025-10-31T01:22:02+00:00\",\"breadcrumb\":{\"@id\":\"https:\/\/jiushidao.com\/product\/smoked-plum-and-licorice-root-tea\/#breadcrumb\"},\"inLanguage\":\"pt-PT\",\"potentialAction\":[{\"@type\":\"ReadAction\",\"target\":[\"https:\/\/jiushidao.com\/product\/smoked-plum-and-licorice-root-tea\/\"]}]},{\"@type\":\"ImageObject\",\"inLanguage\":\"pt-PT\",\"@id\":\"https:\/\/jiushidao.com\/product\/smoked-plum-and-licorice-root-tea\/#primaryimage\",\"url\":\"https:\/\/jiushidao.com\/wp-content\/uploads\/2025\/10\/\u56fe\u72477-1.png\",\"contentUrl\":\"https:\/\/jiushidao.com\/wp-content\/uploads\/2025\/10\/\u56fe\u72477-1.png\",\"width\":751,\"height\":751},{\"@type\":\"BreadcrumbList\",\"@id\":\"https:\/\/jiushidao.com\/product\/smoked-plum-and-licorice-root-tea\/#breadcrumb\",\"itemListElement\":[{\"@type\":\"ListItem\",\"position\":1,\"name\":\"Home\",\"item\":\"https:\/\/jiushidao.com\/\"},{\"@type\":\"ListItem\",\"position\":2,\"name\":\"Store\",\"item\":\"https:\/\/jiushidao.com\/store\/\"},{\"@type\":\"ListItem\",\"position\":3,\"name\":\"Smoked Plum and Licorice Root Tea\"}]},{\"@type\":\"WebSite\",\"@id\":\"https:\/\/jiushidao.com\/#website\",\"url\":\"https:\/\/jiushidao.com\/\",\"name\":\"Jiushidao - Global Food Marketplace for Business Growth and Cosumers\",\"description\":\"Jiushidao - Global Food Marketplace for Business Growth and Cosumers\",\"potentialAction\":[{\"@type\":\"SearchAction\",\"target\":{\"@type\":\"EntryPoint\",\"urlTemplate\":\"https:\/\/jiushidao.com\/?s={search_term_string}\"},\"query-input\":{\"@type\":\"PropertyValueSpecification\",\"valueRequired\":true,\"valueName\":\"search_term_string\"}}],\"inLanguage\":\"pt-PT\"}]}<\/script>\n<!-- \/ Yoast SEO Premium plugin. -->","yoast_head_json":{"title":"Smoked Plum and Licorice Root Tea - Jiushidao - Global Food Marketplace for Business Growth and Cosumers","robots":{"index":"index","follow":"follow","max-snippet":"max-snippet:-1","max-image-preview":"max-image-preview:large","max-video-preview":"max-video-preview:-1"},"canonical":"https:\/\/jiushidao.com\/pt\/produto\/smoked-plum-and-licorice-root-tea\/","og_locale":"pt_PT","og_type":"article","og_title":"Smoked Plum and Licorice Root Tea","og_description":"Experience ultimate convenience and premium quality with our individually packaged product. Each serving comes in a separate pouch designed to maintain freshness, prevent flavor mixing, and [\u2026]","og_url":"https:\/\/jiushidao.com\/pt\/produto\/smoked-plum-and-licorice-root-tea\/","og_site_name":"Jiushidao - Global Food Marketplace for Business Growth and Cosumers","article_modified_time":"2025-10-31T01:22:02+00:00","og_image":[{"width":751,"height":751,"url":"https:\/\/jiushidao.com\/wp-content\/uploads\/2025\/10\/\u56fe\u72477-1.png","type":"image\/png"}],"twitter_card":"summary_large_image","twitter_misc":{"Tempo estimado de leitura":"1 minuto"},"schema":{"@context":"https:\/\/schema.org","@graph":[{"@type":"WebPage","@id":"https:\/\/jiushidao.com\/product\/smoked-plum-and-licorice-root-tea\/","url":"https:\/\/jiushidao.com\/product\/smoked-plum-and-licorice-root-tea\/","name":"Smoked Plum and Licorice Root Tea - Jiushidao - Global Food Marketplace for Business Growth and Cosumers","isPartOf":{"@id":"https:\/\/jiushidao.com\/#website"},"primaryImageOfPage":{"@id":"https:\/\/jiushidao.com\/product\/smoked-plum-and-licorice-root-tea\/#primaryimage"},"image":{"@id":"https:\/\/jiushidao.com\/product\/smoked-plum-and-licorice-root-tea\/#primaryimage"},"thumbnailUrl":"https:\/\/jiushidao.com\/wp-content\/uploads\/2025\/10\/\u56fe\u72477-1.png","datePublished":"2025-10-31T01:22:01+00:00","dateModified":"2025-10-31T01:22:02+00:00","breadcrumb":{"@id":"https:\/\/jiushidao.com\/product\/smoked-plum-and-licorice-root-tea\/#breadcrumb"},"inLanguage":"pt-PT","potentialAction":[{"@type":"ReadAction","target":["https:\/\/jiushidao.com\/product\/smoked-plum-and-licorice-root-tea\/"]}]},{"@type":"ImageObject","inLanguage":"pt-PT","@id":"https:\/\/jiushidao.com\/product\/smoked-plum-and-licorice-root-tea\/#primaryimage","url":"https:\/\/jiushidao.com\/wp-content\/uploads\/2025\/10\/\u56fe\u72477-1.png","contentUrl":"https:\/\/jiushidao.com\/wp-content\/uploads\/2025\/10\/\u56fe\u72477-1.png","width":751,"height":751},{"@type":"BreadcrumbList","@id":"https:\/\/jiushidao.com\/product\/smoked-plum-and-licorice-root-tea\/#breadcrumb","itemListElement":[{"@type":"ListItem","position":1,"name":"Home","item":"https:\/\/jiushidao.com\/"},{"@type":"ListItem","position":2,"name":"Store","item":"https:\/\/jiushidao.com\/store\/"},{"@type":"ListItem","position":3,"name":"Smoked Plum and Licorice Root Tea"}]},{"@type":"WebSite","@id":"https:\/\/jiushidao.com\/#website","url":"https:\/\/jiushidao.com\/","name":"Jiushidao - Global Food Marketplace for Business Growth and Cosumers","description":"Jiushidao - Global Food Marketplace for Business Growth and Cosumers","potentialAction":[{"@type":"SearchAction","target":{"@type":"EntryPoint","urlTemplate":"https:\/\/jiushidao.com\/?s={search_term_string}"},"query-input":{"@type":"PropertyValueSpecification","valueRequired":true,"valueName":"search_term_string"}}],"inLanguage":"pt-PT"}]}},"_links":{"self":[{"href":"https:\/\/jiushidao.com\/pt\/wp-json\/wp\/v2\/product\/823","targetHints":{"allow":["GET"]}}],"collection":[{"href":"https:\/\/jiushidao.com\/pt\/wp-json\/wp\/v2\/product"}],"about":[{"href":"https:\/\/jiushidao.com\/pt\/wp-json\/wp\/v2\/types\/product"}],"replies":[{"embeddable":true,"href":"https:\/\/jiushidao.com\/pt\/wp-json\/wp\/v2\/comments?post=823"}],"version-history":[{"count":1,"href":"https:\/\/jiushidao.com\/pt\/wp-json\/wp\/v2\/product\/823\/revisions"}],"predecessor-version":[{"id":826,"href":"https:\/\/jiushidao.com\/pt\/wp-json\/wp\/v2\/product\/823\/revisions\/826"}],"wp:featuredmedia":[{"embeddable":true,"href":"https:\/\/jiushidao.com\/pt\/wp-json\/wp\/v2\/media\/825"}],"wp:attachment":[{"href":"https:\/\/jiushidao.com\/pt\/wp-json\/wp\/v2\/media?parent=823"}],"wp:term":[{"taxonomy":"product_brand","embeddable":true,"href":"https:\/\/jiushidao.com\/pt\/wp-json\/wp\/v2\/product_brand?post=823"},{"taxonomy":"product_cat","embeddable":true,"href":"https:\/\/jiushidao.com\/pt\/wp-json\/wp\/v2\/product_cat?post=823"},{"taxonomy":"product_tag","embeddable":true,"href":"https:\/\/jiushidao.com\/pt\/wp-json\/wp\/v2\/product_tag?post=823"}],"curies":[{"name":"wp","href":"https:\/\/api.w.org\/{rel}","templated":true}]}}