{"id":820,"date":"2025-10-31T01:13:11","date_gmt":"2025-10-31T01:13:11","guid":{"rendered":"https:\/\/jiushidao.com\/?post_type=product&#038;p=820"},"modified":"2025-10-31T01:13:56","modified_gmt":"2025-10-31T01:13:56","slug":"flat-jasmine-flower-tangerine-peel-herbal-tea","status":"publish","type":"product","link":"https:\/\/jiushidao.com\/pt\/produto\/flat-jasmine-flower-tangerine-peel-herbal-tea\/","title":{"rendered":"Ch\u00e1 de ervas com flor de jasmim e casca de tangerina"},"content":{"rendered":"<section class=\"ybc-p\"><strong>Embaladas individualmente para evitar a transfer\u00eancia de sabores e f\u00e1ceis de transportar.<\/strong><\/section>\n<section class=\"ybc-p\"><strong>Formulado cientificamente com materiais aut\u00eanticos e de alta qualidade.<\/strong><\/section>\n<section class=\"ybc-p\"><strong>Descri\u00e7\u00e3o do produto:<\/strong><\/section>\n<section class=\"ybc-p\">Experimente a combina\u00e7\u00e3o perfeita de praticidade e excel\u00eancia com nosso produto embalado individualmente. Cada sach\u00ea foi desenvolvido para preservar o frescor, evitar a mistura de odores e garantir f\u00e1cil transporte, tornando-o ideal para viagens, trabalho ou uso di\u00e1rio. Elaborado com uma propor\u00e7\u00e3o cientificamente desenvolvida de ingredientes aut\u00eanticos e de alta qualidade, este produto oferece qualidade consistente e resultados confi\u00e1veis em cada por\u00e7\u00e3o.<\/section>\n<section class=\"ybc-p\"><strong>Principais caracter\u00edsticas:<\/strong><\/section>\n<ul class=\"ybc-ul-component\">\n<li class=\"ybc-li-component ybc-li-component_ul\">\n<section class=\"ybc-p\"><strong>Embalagem individual:<\/strong>Mant\u00e9m o frescor e evita a contamina\u00e7\u00e3o cruzada de sabores.<\/section>\n<\/li>\n<li class=\"ybc-li-component ybc-li-component_ul\">\n<section class=\"ybc-p\"><strong>Design port\u00e1til:<\/strong>Compacto e leve para maior praticidade em qualquer lugar.<\/section>\n<\/li>\n<li class=\"ybc-li-component ybc-li-component_ul\">\n<section class=\"ybc-p\"><strong>Equilibrado cientificamente:<\/strong>Formulado por especialistas para um desempenho ideal.<\/section>\n<\/li>\n<li class=\"ybc-li-component ybc-li-component_ul\">\n<section class=\"ybc-p\"><strong>Ingredientes Premium:<\/strong>Produzido a partir de materiais genu\u00ednos e de alta qualidade para garantir sua autenticidade.<\/section>\n<\/li>\n<\/ul>","protected":false},"excerpt":{"rendered":"<p>Embaladas individualmente para evitar a transfer\u00eancia de sabores e f\u00e1ceis de transportar. Formuladas cientificamente com ingredientes aut\u00eanticos e de alta qualidade. Descri\u00e7\u00e3o do produto: Experimente a combina\u00e7\u00e3o perfeita de praticidade e excel\u00eancia.<span class=\"excerpt-hellip\"> [\u2026]<\/span><\/p>","protected":false},"featured_media":821,"comment_status":"open","ping_status":"closed","template":"","meta":[],"product_brand":[60],"product_cat":[59],"product_tag":[],"class_list":{"0":"post-820","1":"product","2":"type-product","3":"status-publish","4":"has-post-thumbnail","6":"product_brand-60","7":"product_cat-he_shun_tang","9":"first","10":"instock","11":"shipping-taxable","12":"product-type-simple"},"yoast_head":"<!-- This site is optimized with the Yoast SEO Premium plugin v25.8 (Yoast SEO v25.8) - https:\/\/yoast.com\/wordpress\/plugins\/seo\/ -->\n<title>Flat Jasmine Flower &amp; Tangerine Peel Herbal Tea - Jiushidao - Global Food Marketplace for Business Growth and Cosumers<\/title>\n<meta name=\"robots\" content=\"index, follow, max-snippet:-1, max-image-preview:large, max-video-preview:-1\" \/>\n<link rel=\"canonical\" href=\"https:\/\/jiushidao.com\/pt\/produto\/flat-jasmine-flower-tangerine-peel-herbal-tea\/\" \/>\n<meta property=\"og:locale\" content=\"pt_PT\" \/>\n<meta property=\"og:type\" content=\"article\" \/>\n<meta property=\"og:title\" content=\"Flat Jasmine Flower &amp; Tangerine Peel Herbal Tea\" \/>\n<meta property=\"og:description\" content=\"Individually wrapped to prevent flavor transfer and easy to carry. Scientifically formulated with authentic, high-quality materials. Product Description: Experience the perfect blend of convenience and excellence [\u2026]\" \/>\n<meta property=\"og:url\" content=\"https:\/\/jiushidao.com\/pt\/produto\/flat-jasmine-flower-tangerine-peel-herbal-tea\/\" \/>\n<meta property=\"og:site_name\" content=\"Jiushidao - Global Food Marketplace for Business Growth and Cosumers\" \/>\n<meta property=\"article:modified_time\" content=\"2025-10-31T01:13:56+00:00\" \/>\n<meta property=\"og:image\" content=\"https:\/\/jiushidao.com\/wp-content\/uploads\/2025\/10\/\u56fe\u72476-1.png\" \/>\n\t<meta property=\"og:image:width\" content=\"751\" \/>\n\t<meta property=\"og:image:height\" content=\"751\" \/>\n\t<meta property=\"og:image:type\" content=\"image\/png\" \/>\n<meta name=\"twitter:card\" content=\"summary_large_image\" \/>\n<meta name=\"twitter:label1\" content=\"Tempo estimado de leitura\" \/>\n\t<meta name=\"twitter:data1\" content=\"1 minuto\" \/>\n<script type=\"application\/ld+json\" class=\"yoast-schema-graph\">{\"@context\":\"https:\/\/schema.org\",\"@graph\":[{\"@type\":\"WebPage\",\"@id\":\"https:\/\/jiushidao.com\/product\/flat-jasmine-flower-tangerine-peel-herbal-tea\/\",\"url\":\"https:\/\/jiushidao.com\/product\/flat-jasmine-flower-tangerine-peel-herbal-tea\/\",\"name\":\"Flat Jasmine Flower & Tangerine Peel Herbal Tea - Jiushidao - Global Food Marketplace for Business Growth and Cosumers\",\"isPartOf\":{\"@id\":\"https:\/\/jiushidao.com\/#website\"},\"primaryImageOfPage\":{\"@id\":\"https:\/\/jiushidao.com\/product\/flat-jasmine-flower-tangerine-peel-herbal-tea\/#primaryimage\"},\"image\":{\"@id\":\"https:\/\/jiushidao.com\/product\/flat-jasmine-flower-tangerine-peel-herbal-tea\/#primaryimage\"},\"thumbnailUrl\":\"https:\/\/jiushidao.com\/wp-content\/uploads\/2025\/10\/\u56fe\u72476-1.png\",\"datePublished\":\"2025-10-31T01:13:11+00:00\",\"dateModified\":\"2025-10-31T01:13:56+00:00\",\"breadcrumb\":{\"@id\":\"https:\/\/jiushidao.com\/product\/flat-jasmine-flower-tangerine-peel-herbal-tea\/#breadcrumb\"},\"inLanguage\":\"pt-PT\",\"potentialAction\":[{\"@type\":\"ReadAction\",\"target\":[\"https:\/\/jiushidao.com\/product\/flat-jasmine-flower-tangerine-peel-herbal-tea\/\"]}]},{\"@type\":\"ImageObject\",\"inLanguage\":\"pt-PT\",\"@id\":\"https:\/\/jiushidao.com\/product\/flat-jasmine-flower-tangerine-peel-herbal-tea\/#primaryimage\",\"url\":\"https:\/\/jiushidao.com\/wp-content\/uploads\/2025\/10\/\u56fe\u72476-1.png\",\"contentUrl\":\"https:\/\/jiushidao.com\/wp-content\/uploads\/2025\/10\/\u56fe\u72476-1.png\",\"width\":751,\"height\":751},{\"@type\":\"BreadcrumbList\",\"@id\":\"https:\/\/jiushidao.com\/product\/flat-jasmine-flower-tangerine-peel-herbal-tea\/#breadcrumb\",\"itemListElement\":[{\"@type\":\"ListItem\",\"position\":1,\"name\":\"Home\",\"item\":\"https:\/\/jiushidao.com\/\"},{\"@type\":\"ListItem\",\"position\":2,\"name\":\"Store\",\"item\":\"https:\/\/jiushidao.com\/store\/\"},{\"@type\":\"ListItem\",\"position\":3,\"name\":\"Flat Jasmine Flower &#038; Tangerine Peel Herbal Tea\"}]},{\"@type\":\"WebSite\",\"@id\":\"https:\/\/jiushidao.com\/#website\",\"url\":\"https:\/\/jiushidao.com\/\",\"name\":\"Jiushidao - Global Food Marketplace for Business Growth and Cosumers\",\"description\":\"Jiushidao - Global Food Marketplace for Business Growth and Cosumers\",\"potentialAction\":[{\"@type\":\"SearchAction\",\"target\":{\"@type\":\"EntryPoint\",\"urlTemplate\":\"https:\/\/jiushidao.com\/?s={search_term_string}\"},\"query-input\":{\"@type\":\"PropertyValueSpecification\",\"valueRequired\":true,\"valueName\":\"search_term_string\"}}],\"inLanguage\":\"pt-PT\"}]}<\/script>\n<!-- \/ Yoast SEO Premium plugin. -->","yoast_head_json":{"title":"Flat Jasmine Flower & Tangerine Peel Herbal Tea - Jiushidao - Global Food Marketplace for Business Growth and Cosumers","robots":{"index":"index","follow":"follow","max-snippet":"max-snippet:-1","max-image-preview":"max-image-preview:large","max-video-preview":"max-video-preview:-1"},"canonical":"https:\/\/jiushidao.com\/pt\/produto\/flat-jasmine-flower-tangerine-peel-herbal-tea\/","og_locale":"pt_PT","og_type":"article","og_title":"Flat Jasmine Flower & Tangerine Peel Herbal Tea","og_description":"Individually wrapped to prevent flavor transfer and easy to carry. Scientifically formulated with authentic, high-quality materials. Product Description: Experience the perfect blend of convenience and excellence [\u2026]","og_url":"https:\/\/jiushidao.com\/pt\/produto\/flat-jasmine-flower-tangerine-peel-herbal-tea\/","og_site_name":"Jiushidao - Global Food Marketplace for Business Growth and Cosumers","article_modified_time":"2025-10-31T01:13:56+00:00","og_image":[{"width":751,"height":751,"url":"https:\/\/jiushidao.com\/wp-content\/uploads\/2025\/10\/\u56fe\u72476-1.png","type":"image\/png"}],"twitter_card":"summary_large_image","twitter_misc":{"Tempo estimado de leitura":"1 minuto"},"schema":{"@context":"https:\/\/schema.org","@graph":[{"@type":"WebPage","@id":"https:\/\/jiushidao.com\/product\/flat-jasmine-flower-tangerine-peel-herbal-tea\/","url":"https:\/\/jiushidao.com\/product\/flat-jasmine-flower-tangerine-peel-herbal-tea\/","name":"Flat Jasmine Flower & Tangerine Peel Herbal Tea - Jiushidao - Global Food Marketplace for Business Growth and Cosumers","isPartOf":{"@id":"https:\/\/jiushidao.com\/#website"},"primaryImageOfPage":{"@id":"https:\/\/jiushidao.com\/product\/flat-jasmine-flower-tangerine-peel-herbal-tea\/#primaryimage"},"image":{"@id":"https:\/\/jiushidao.com\/product\/flat-jasmine-flower-tangerine-peel-herbal-tea\/#primaryimage"},"thumbnailUrl":"https:\/\/jiushidao.com\/wp-content\/uploads\/2025\/10\/\u56fe\u72476-1.png","datePublished":"2025-10-31T01:13:11+00:00","dateModified":"2025-10-31T01:13:56+00:00","breadcrumb":{"@id":"https:\/\/jiushidao.com\/product\/flat-jasmine-flower-tangerine-peel-herbal-tea\/#breadcrumb"},"inLanguage":"pt-PT","potentialAction":[{"@type":"ReadAction","target":["https:\/\/jiushidao.com\/product\/flat-jasmine-flower-tangerine-peel-herbal-tea\/"]}]},{"@type":"ImageObject","inLanguage":"pt-PT","@id":"https:\/\/jiushidao.com\/product\/flat-jasmine-flower-tangerine-peel-herbal-tea\/#primaryimage","url":"https:\/\/jiushidao.com\/wp-content\/uploads\/2025\/10\/\u56fe\u72476-1.png","contentUrl":"https:\/\/jiushidao.com\/wp-content\/uploads\/2025\/10\/\u56fe\u72476-1.png","width":751,"height":751},{"@type":"BreadcrumbList","@id":"https:\/\/jiushidao.com\/product\/flat-jasmine-flower-tangerine-peel-herbal-tea\/#breadcrumb","itemListElement":[{"@type":"ListItem","position":1,"name":"Home","item":"https:\/\/jiushidao.com\/"},{"@type":"ListItem","position":2,"name":"Store","item":"https:\/\/jiushidao.com\/store\/"},{"@type":"ListItem","position":3,"name":"Flat Jasmine Flower &#038; Tangerine Peel Herbal Tea"}]},{"@type":"WebSite","@id":"https:\/\/jiushidao.com\/#website","url":"https:\/\/jiushidao.com\/","name":"Jiushidao - Global Food Marketplace for Business Growth and Cosumers","description":"Jiushidao - Global Food Marketplace for Business Growth and Cosumers","potentialAction":[{"@type":"SearchAction","target":{"@type":"EntryPoint","urlTemplate":"https:\/\/jiushidao.com\/?s={search_term_string}"},"query-input":{"@type":"PropertyValueSpecification","valueRequired":true,"valueName":"search_term_string"}}],"inLanguage":"pt-PT"}]}},"_links":{"self":[{"href":"https:\/\/jiushidao.com\/pt\/wp-json\/wp\/v2\/product\/820","targetHints":{"allow":["GET"]}}],"collection":[{"href":"https:\/\/jiushidao.com\/pt\/wp-json\/wp\/v2\/product"}],"about":[{"href":"https:\/\/jiushidao.com\/pt\/wp-json\/wp\/v2\/types\/product"}],"replies":[{"embeddable":true,"href":"https:\/\/jiushidao.com\/pt\/wp-json\/wp\/v2\/comments?post=820"}],"version-history":[{"count":2,"href":"https:\/\/jiushidao.com\/pt\/wp-json\/wp\/v2\/product\/820\/revisions"}],"predecessor-version":[{"id":824,"href":"https:\/\/jiushidao.com\/pt\/wp-json\/wp\/v2\/product\/820\/revisions\/824"}],"wp:featuredmedia":[{"embeddable":true,"href":"https:\/\/jiushidao.com\/pt\/wp-json\/wp\/v2\/media\/821"}],"wp:attachment":[{"href":"https:\/\/jiushidao.com\/pt\/wp-json\/wp\/v2\/media?parent=820"}],"wp:term":[{"taxonomy":"product_brand","embeddable":true,"href":"https:\/\/jiushidao.com\/pt\/wp-json\/wp\/v2\/product_brand?post=820"},{"taxonomy":"product_cat","embeddable":true,"href":"https:\/\/jiushidao.com\/pt\/wp-json\/wp\/v2\/product_cat?post=820"},{"taxonomy":"product_tag","embeddable":true,"href":"https:\/\/jiushidao.com\/pt\/wp-json\/wp\/v2\/product_tag?post=820"}],"curies":[{"name":"wp","href":"https:\/\/api.w.org\/{rel}","templated":true}]}}