{"id":817,"date":"2025-10-31T01:07:16","date_gmt":"2025-10-31T01:07:16","guid":{"rendered":"https:\/\/jiushidao.com\/?post_type=product&#038;p=817"},"modified":"2025-10-31T01:08:45","modified_gmt":"2025-10-31T01:08:45","slug":"cinnamon-ginger-black-tea","status":"publish","type":"product","link":"https:\/\/jiushidao.com\/pt\/produto\/cinnamon-ginger-black-tea\/","title":{"rendered":"Ch\u00e1 preto com canela e gengibre"},"content":{"rendered":"<section class=\"ybc-p\">Experimente a fus\u00e3o perfeita entre praticidade e bem-estar com nossas por\u00e7\u00f5es embaladas individualmente. Cada por\u00e7\u00e3o \u00e9 cuidadosamente elaborada para evitar a transfer\u00eancia de sabores, preservar o frescor e garantir f\u00e1cil transporte \u2014 ideal para estilos de vida agitados, viagens ou nutri\u00e7\u00e3o em qualquer lugar.<\/section>\n<section class=\"ybc-p\">Elaborado com uma mistura cientificamente otimizada de ingredientes aut\u00eanticos e de alta qualidade, este produto oferece sabor e efic\u00e1cia consistentes, mantendo um baixo teor cal\u00f3rico. Seja para um lanche r\u00e1pido ou para complementar sua dieta de forma consciente, ele oferece uma maneira de nutrir seu corpo sem culpa, sem abrir m\u00e3o do sabor ou da qualidade.<\/section>\n<section class=\"ybc-p\"><strong>Principais caracter\u00edsticas:<\/strong><\/section>\n<ul class=\"ybc-ul-component\">\n<li class=\"ybc-li-component ybc-li-component_ul\">\n<section class=\"ybc-p\"><strong>Frescor garantido:<\/strong>A embalagem individual preserva o sabor e evita a mistura de odores.<\/section>\n<\/li>\n<li class=\"ybc-li-component ybc-li-component_ul\">\n<section class=\"ybc-p\"><strong>Port\u00e1til e pr\u00e1tico:<\/strong>Leve e compacto para facilitar o transporte.<\/section>\n<\/li>\n<li class=\"ybc-li-component ybc-li-component_ul\">\n<section class=\"ybc-p\"><strong>Formulado cientificamente:<\/strong>Propor\u00e7\u00f5es precisamente equilibradas para resultados \u00f3timos.<\/section>\n<\/li>\n<li class=\"ybc-li-component ybc-li-component_ul\">\n<section class=\"ybc-p\"><strong>Ingredientes Premium:<\/strong>Proveniente de origens selecionadas para garantir qualidade aut\u00eantica.<\/section>\n<\/li>\n<li class=\"ybc-li-component ybc-li-component_ul\">\n<section class=\"ybc-p\"><strong>Baixo teor cal\u00f3rico:<\/strong>Uma escolha consciente para consumidores preocupados com a sa\u00fade.<\/section>\n<\/li>\n<\/ul>","protected":false},"excerpt":{"rendered":"<p>Experimente a fus\u00e3o perfeita de praticidade e bem-estar com nossas por\u00e7\u00f5es embaladas individualmente. Cada por\u00e7\u00e3o \u00e9 cuidadosamente elaborada para evitar a transfer\u00eancia de sabores, preservar o frescor e garantir a qualidade.<span class=\"excerpt-hellip\"> [\u2026]<\/span><\/p>","protected":false},"featured_media":818,"comment_status":"open","ping_status":"closed","template":"","meta":[],"product_brand":[60],"product_cat":[59],"product_tag":[],"class_list":{"0":"post-817","1":"product","2":"type-product","3":"status-publish","4":"has-post-thumbnail","6":"product_brand-60","7":"product_cat-he_shun_tang","9":"first","10":"instock","11":"shipping-taxable","12":"product-type-simple"},"yoast_head":"<!-- This site is optimized with the Yoast SEO Premium plugin v25.8 (Yoast SEO v25.8) - https:\/\/yoast.com\/wordpress\/plugins\/seo\/ -->\n<title>Cinnamon Ginger Black Tea - Jiushidao - Global Food Marketplace for Business Growth and Cosumers<\/title>\n<meta name=\"robots\" content=\"index, follow, max-snippet:-1, max-image-preview:large, max-video-preview:-1\" \/>\n<link rel=\"canonical\" href=\"https:\/\/jiushidao.com\/pt\/produto\/cinnamon-ginger-black-tea\/\" \/>\n<meta property=\"og:locale\" content=\"pt_PT\" \/>\n<meta property=\"og:type\" content=\"article\" \/>\n<meta property=\"og:title\" content=\"Cinnamon Ginger Black Tea\" \/>\n<meta property=\"og:description\" content=\"Experience the perfect fusion of convenience and wellness with our individually wrapped servings. Each portion is carefully designed to prevent flavor transfer, preserve freshness, and ensure [\u2026]\" \/>\n<meta property=\"og:url\" content=\"https:\/\/jiushidao.com\/pt\/produto\/cinnamon-ginger-black-tea\/\" \/>\n<meta property=\"og:site_name\" content=\"Jiushidao - Global Food Marketplace for Business Growth and Cosumers\" \/>\n<meta property=\"article:modified_time\" content=\"2025-10-31T01:08:45+00:00\" \/>\n<meta property=\"og:image\" content=\"https:\/\/jiushidao.com\/wp-content\/uploads\/2025\/10\/\u56fe\u72475-2.png\" \/>\n\t<meta property=\"og:image:width\" content=\"751\" \/>\n\t<meta property=\"og:image:height\" content=\"751\" \/>\n\t<meta property=\"og:image:type\" content=\"image\/png\" \/>\n<meta name=\"twitter:card\" content=\"summary_large_image\" \/>\n<meta name=\"twitter:label1\" content=\"Tempo estimado de leitura\" \/>\n\t<meta name=\"twitter:data1\" content=\"1 minuto\" \/>\n<script type=\"application\/ld+json\" class=\"yoast-schema-graph\">{\"@context\":\"https:\/\/schema.org\",\"@graph\":[{\"@type\":\"WebPage\",\"@id\":\"https:\/\/jiushidao.com\/product\/cinnamon-ginger-black-tea\/\",\"url\":\"https:\/\/jiushidao.com\/product\/cinnamon-ginger-black-tea\/\",\"name\":\"Cinnamon Ginger Black Tea - Jiushidao - Global Food Marketplace for Business Growth and Cosumers\",\"isPartOf\":{\"@id\":\"https:\/\/jiushidao.com\/#website\"},\"primaryImageOfPage\":{\"@id\":\"https:\/\/jiushidao.com\/product\/cinnamon-ginger-black-tea\/#primaryimage\"},\"image\":{\"@id\":\"https:\/\/jiushidao.com\/product\/cinnamon-ginger-black-tea\/#primaryimage\"},\"thumbnailUrl\":\"https:\/\/jiushidao.com\/wp-content\/uploads\/2025\/10\/\u56fe\u72475-2.png\",\"datePublished\":\"2025-10-31T01:07:16+00:00\",\"dateModified\":\"2025-10-31T01:08:45+00:00\",\"breadcrumb\":{\"@id\":\"https:\/\/jiushidao.com\/product\/cinnamon-ginger-black-tea\/#breadcrumb\"},\"inLanguage\":\"pt-PT\",\"potentialAction\":[{\"@type\":\"ReadAction\",\"target\":[\"https:\/\/jiushidao.com\/product\/cinnamon-ginger-black-tea\/\"]}]},{\"@type\":\"ImageObject\",\"inLanguage\":\"pt-PT\",\"@id\":\"https:\/\/jiushidao.com\/product\/cinnamon-ginger-black-tea\/#primaryimage\",\"url\":\"https:\/\/jiushidao.com\/wp-content\/uploads\/2025\/10\/\u56fe\u72475-2.png\",\"contentUrl\":\"https:\/\/jiushidao.com\/wp-content\/uploads\/2025\/10\/\u56fe\u72475-2.png\",\"width\":751,\"height\":751},{\"@type\":\"BreadcrumbList\",\"@id\":\"https:\/\/jiushidao.com\/product\/cinnamon-ginger-black-tea\/#breadcrumb\",\"itemListElement\":[{\"@type\":\"ListItem\",\"position\":1,\"name\":\"Home\",\"item\":\"https:\/\/jiushidao.com\/\"},{\"@type\":\"ListItem\",\"position\":2,\"name\":\"Store\",\"item\":\"https:\/\/jiushidao.com\/store\/\"},{\"@type\":\"ListItem\",\"position\":3,\"name\":\"Cinnamon Ginger Black Tea\"}]},{\"@type\":\"WebSite\",\"@id\":\"https:\/\/jiushidao.com\/#website\",\"url\":\"https:\/\/jiushidao.com\/\",\"name\":\"Jiushidao - Global Food Marketplace for Business Growth and Cosumers\",\"description\":\"Jiushidao - Global Food Marketplace for Business Growth and Cosumers\",\"potentialAction\":[{\"@type\":\"SearchAction\",\"target\":{\"@type\":\"EntryPoint\",\"urlTemplate\":\"https:\/\/jiushidao.com\/?s={search_term_string}\"},\"query-input\":{\"@type\":\"PropertyValueSpecification\",\"valueRequired\":true,\"valueName\":\"search_term_string\"}}],\"inLanguage\":\"pt-PT\"}]}<\/script>\n<!-- \/ Yoast SEO Premium plugin. -->","yoast_head_json":{"title":"Cinnamon Ginger Black Tea - Jiushidao - Global Food Marketplace for Business Growth and Cosumers","robots":{"index":"index","follow":"follow","max-snippet":"max-snippet:-1","max-image-preview":"max-image-preview:large","max-video-preview":"max-video-preview:-1"},"canonical":"https:\/\/jiushidao.com\/pt\/produto\/cinnamon-ginger-black-tea\/","og_locale":"pt_PT","og_type":"article","og_title":"Cinnamon Ginger Black Tea","og_description":"Experience the perfect fusion of convenience and wellness with our individually wrapped servings. Each portion is carefully designed to prevent flavor transfer, preserve freshness, and ensure [\u2026]","og_url":"https:\/\/jiushidao.com\/pt\/produto\/cinnamon-ginger-black-tea\/","og_site_name":"Jiushidao - Global Food Marketplace for Business Growth and Cosumers","article_modified_time":"2025-10-31T01:08:45+00:00","og_image":[{"width":751,"height":751,"url":"https:\/\/jiushidao.com\/wp-content\/uploads\/2025\/10\/\u56fe\u72475-2.png","type":"image\/png"}],"twitter_card":"summary_large_image","twitter_misc":{"Tempo estimado de leitura":"1 minuto"},"schema":{"@context":"https:\/\/schema.org","@graph":[{"@type":"WebPage","@id":"https:\/\/jiushidao.com\/product\/cinnamon-ginger-black-tea\/","url":"https:\/\/jiushidao.com\/product\/cinnamon-ginger-black-tea\/","name":"Cinnamon Ginger Black Tea - Jiushidao - Global Food Marketplace for Business Growth and Cosumers","isPartOf":{"@id":"https:\/\/jiushidao.com\/#website"},"primaryImageOfPage":{"@id":"https:\/\/jiushidao.com\/product\/cinnamon-ginger-black-tea\/#primaryimage"},"image":{"@id":"https:\/\/jiushidao.com\/product\/cinnamon-ginger-black-tea\/#primaryimage"},"thumbnailUrl":"https:\/\/jiushidao.com\/wp-content\/uploads\/2025\/10\/\u56fe\u72475-2.png","datePublished":"2025-10-31T01:07:16+00:00","dateModified":"2025-10-31T01:08:45+00:00","breadcrumb":{"@id":"https:\/\/jiushidao.com\/product\/cinnamon-ginger-black-tea\/#breadcrumb"},"inLanguage":"pt-PT","potentialAction":[{"@type":"ReadAction","target":["https:\/\/jiushidao.com\/product\/cinnamon-ginger-black-tea\/"]}]},{"@type":"ImageObject","inLanguage":"pt-PT","@id":"https:\/\/jiushidao.com\/product\/cinnamon-ginger-black-tea\/#primaryimage","url":"https:\/\/jiushidao.com\/wp-content\/uploads\/2025\/10\/\u56fe\u72475-2.png","contentUrl":"https:\/\/jiushidao.com\/wp-content\/uploads\/2025\/10\/\u56fe\u72475-2.png","width":751,"height":751},{"@type":"BreadcrumbList","@id":"https:\/\/jiushidao.com\/product\/cinnamon-ginger-black-tea\/#breadcrumb","itemListElement":[{"@type":"ListItem","position":1,"name":"Home","item":"https:\/\/jiushidao.com\/"},{"@type":"ListItem","position":2,"name":"Store","item":"https:\/\/jiushidao.com\/store\/"},{"@type":"ListItem","position":3,"name":"Cinnamon Ginger Black Tea"}]},{"@type":"WebSite","@id":"https:\/\/jiushidao.com\/#website","url":"https:\/\/jiushidao.com\/","name":"Jiushidao - Global Food Marketplace for Business Growth and Cosumers","description":"Jiushidao - Global Food Marketplace for Business Growth and Cosumers","potentialAction":[{"@type":"SearchAction","target":{"@type":"EntryPoint","urlTemplate":"https:\/\/jiushidao.com\/?s={search_term_string}"},"query-input":{"@type":"PropertyValueSpecification","valueRequired":true,"valueName":"search_term_string"}}],"inLanguage":"pt-PT"}]}},"_links":{"self":[{"href":"https:\/\/jiushidao.com\/pt\/wp-json\/wp\/v2\/product\/817","targetHints":{"allow":["GET"]}}],"collection":[{"href":"https:\/\/jiushidao.com\/pt\/wp-json\/wp\/v2\/product"}],"about":[{"href":"https:\/\/jiushidao.com\/pt\/wp-json\/wp\/v2\/types\/product"}],"replies":[{"embeddable":true,"href":"https:\/\/jiushidao.com\/pt\/wp-json\/wp\/v2\/comments?post=817"}],"version-history":[{"count":1,"href":"https:\/\/jiushidao.com\/pt\/wp-json\/wp\/v2\/product\/817\/revisions"}],"predecessor-version":[{"id":819,"href":"https:\/\/jiushidao.com\/pt\/wp-json\/wp\/v2\/product\/817\/revisions\/819"}],"wp:featuredmedia":[{"embeddable":true,"href":"https:\/\/jiushidao.com\/pt\/wp-json\/wp\/v2\/media\/818"}],"wp:attachment":[{"href":"https:\/\/jiushidao.com\/pt\/wp-json\/wp\/v2\/media?parent=817"}],"wp:term":[{"taxonomy":"product_brand","embeddable":true,"href":"https:\/\/jiushidao.com\/pt\/wp-json\/wp\/v2\/product_brand?post=817"},{"taxonomy":"product_cat","embeddable":true,"href":"https:\/\/jiushidao.com\/pt\/wp-json\/wp\/v2\/product_cat?post=817"},{"taxonomy":"product_tag","embeddable":true,"href":"https:\/\/jiushidao.com\/pt\/wp-json\/wp\/v2\/product_tag?post=817"}],"curies":[{"name":"wp","href":"https:\/\/api.w.org\/{rel}","templated":true}]}}