{"id":718,"date":"2025-10-29T09:44:18","date_gmt":"2025-10-29T09:44:18","guid":{"rendered":"https:\/\/jiushidao.com\/?post_type=product&#038;p=718"},"modified":"2025-10-31T00:30:50","modified_gmt":"2025-10-31T00:30:50","slug":"wuyuan-royal-chrysanthemum-hydrangea-king-grade-gift-box","status":"publish","type":"product","link":"https:\/\/jiushidao.com\/pt\/produto\/wuyuan-royal-chrysanthemum-hydrangea-king-grade-gift-box\/","title":{"rendered":"Caixa de Presente de Cris\u00e2ntemo Real Wuyuan \u2013 Hort\u00eansia Imperial de Grau Imperial"},"content":{"rendered":"<section class=\"ybc-p\"><strong>Ch\u00e1 Imperial de Cris\u00e2ntemo de Wuyuan \u2013 Caixa de Presente Premium<\/strong>\u200b<\/section>\n<section class=\"ybc-p\">O presente supremo de eleg\u00e2ncia e bem-estar. Este cris\u00e2ntemo premium, conhecido como a &quot;Hort\u00eansia Nobre&quot; por seu formato perfeitamente arredondado, passa por uma transforma\u00e7\u00e3o espetacular em \u00e1gua quente, desabrochando em uma obra-prima dourada. Cultivado com maestria nas profundezas das montanhas de Wuyuan e apresentado em uma imponente caixa de presente vermelha, \u00e9 a express\u00e3o perfeita de cuidado e prest\u00edgio.<\/section>\n<section class=\"ybc-p\">\u200b<strong>Por que escolher este presente:<\/strong>\u200b<\/section>\n<ul class=\"ybc-ul-component\">\n<li class=\"ybc-li-component ybc-li-component_ul\">\n<section class=\"ybc-p\">\u200b<strong>Caixa de presente vermelha de luxo:<\/strong>Transmite uma mensagem poderosa e culturalmente auspiciosa.<\/section>\n<\/li>\n<li class=\"ybc-li-component ybc-li-component_ul\">\n<section class=\"ybc-p\">\u200b<strong>Espetacular Desabrochar Visual:<\/strong>Experimente o fator &quot;uau&quot; enquanto cada flor se transforma em uma exibi\u00e7\u00e3o semelhante \u00e0 de uma hort\u00eansia.<\/section>\n<\/li>\n<li class=\"ybc-li-component ybc-li-component_ul\">\n<section class=\"ybc-p\">\u200b<strong>Qualidade Suprema:<\/strong>Apresenta as flores mais belas e vi\u00e7osas das montanhas Wuyuan.<\/section>\n<\/li>\n<li class=\"ybc-li-component ybc-li-component_ul\">\n<section class=\"ybc-p\">\u200b<strong>S\u00edmbolo de boa sa\u00fade:<\/strong>Um presente atencioso e prestigioso para qualquer ocasi\u00e3o.<\/section>\n<\/li>\n<\/ul>","protected":false},"excerpt":{"rendered":"<p>Ch\u00e1 de Cris\u00e2ntemo Imperial Wuyuan \u2013 Caixa de Presente Premium. O presente perfeito que remete \u00e0 eleg\u00e2ncia e ao bem-estar. Este cris\u00e2ntemo premium, conhecido como a \u201cHort\u00eansia Nobre\u201d por sua perfei\u00e7\u00e3o,<span class=\"excerpt-hellip\"> [\u2026]<\/span><\/p>","protected":false},"featured_media":719,"comment_status":"open","ping_status":"closed","template":"","meta":[],"product_brand":[],"product_cat":[38],"product_tag":[],"class_list":{"0":"post-718","1":"product","2":"type-product","3":"status-publish","4":"has-post-thumbnail","6":"product_cat-beverages-and-preparations","8":"first","9":"instock","10":"shipping-taxable","11":"product-type-simple"},"yoast_head":"<!-- This site is optimized with the Yoast SEO Premium plugin v25.8 (Yoast SEO v25.8) - https:\/\/yoast.com\/wordpress\/plugins\/seo\/ -->\n<title>Wuyuan Royal Chrysanthemum Gift Box - Imperial Hydrangea Grade - Jiushidao - Global Food Marketplace for Business Growth and Cosumers<\/title>\n<meta name=\"robots\" content=\"index, follow, max-snippet:-1, max-image-preview:large, max-video-preview:-1\" \/>\n<link rel=\"canonical\" href=\"https:\/\/jiushidao.com\/pt\/produto\/wuyuan-royal-chrysanthemum-hydrangea-king-grade-gift-box\/\" \/>\n<meta property=\"og:locale\" content=\"pt_PT\" \/>\n<meta property=\"og:type\" content=\"article\" \/>\n<meta property=\"og:title\" content=\"Wuyuan Royal Chrysanthemum Gift Box - Imperial Hydrangea Grade\" \/>\n<meta property=\"og:description\" content=\"Wuyuan Imperial Chrysanthemum Tea &#8211; Premium Gift Box\u200b\u200b The ultimate gift of elegance and well-being. This premium chrysanthemum, known as the &#8220;Noble Hydrangea&#8221; for its perfect, [\u2026]\" \/>\n<meta property=\"og:url\" content=\"https:\/\/jiushidao.com\/pt\/produto\/wuyuan-royal-chrysanthemum-hydrangea-king-grade-gift-box\/\" \/>\n<meta property=\"og:site_name\" content=\"Jiushidao - Global Food Marketplace for Business Growth and Cosumers\" \/>\n<meta property=\"article:modified_time\" content=\"2025-10-31T00:30:50+00:00\" \/>\n<meta property=\"og:image\" content=\"https:\/\/jiushidao.com\/wp-content\/uploads\/2025\/10\/\u56fe\u72477.png\" \/>\n\t<meta property=\"og:image:width\" content=\"269\" \/>\n\t<meta property=\"og:image:height\" content=\"290\" \/>\n\t<meta property=\"og:image:type\" content=\"image\/png\" \/>\n<meta name=\"twitter:card\" content=\"summary_large_image\" \/>\n<meta name=\"twitter:label1\" content=\"Tempo estimado de leitura\" \/>\n\t<meta name=\"twitter:data1\" content=\"1 minuto\" \/>\n<script type=\"application\/ld+json\" class=\"yoast-schema-graph\">{\"@context\":\"https:\/\/schema.org\",\"@graph\":[{\"@type\":\"WebPage\",\"@id\":\"https:\/\/jiushidao.com\/product\/wuyuan-royal-chrysanthemum-hydrangea-king-grade-gift-box\/\",\"url\":\"https:\/\/jiushidao.com\/product\/wuyuan-royal-chrysanthemum-hydrangea-king-grade-gift-box\/\",\"name\":\"Wuyuan Royal Chrysanthemum Gift Box - Imperial Hydrangea Grade - Jiushidao - Global Food Marketplace for Business Growth and Cosumers\",\"isPartOf\":{\"@id\":\"https:\/\/jiushidao.com\/#website\"},\"primaryImageOfPage\":{\"@id\":\"https:\/\/jiushidao.com\/product\/wuyuan-royal-chrysanthemum-hydrangea-king-grade-gift-box\/#primaryimage\"},\"image\":{\"@id\":\"https:\/\/jiushidao.com\/product\/wuyuan-royal-chrysanthemum-hydrangea-king-grade-gift-box\/#primaryimage\"},\"thumbnailUrl\":\"https:\/\/jiushidao.com\/wp-content\/uploads\/2025\/10\/\u56fe\u72477.png\",\"datePublished\":\"2025-10-29T09:44:18+00:00\",\"dateModified\":\"2025-10-31T00:30:50+00:00\",\"breadcrumb\":{\"@id\":\"https:\/\/jiushidao.com\/product\/wuyuan-royal-chrysanthemum-hydrangea-king-grade-gift-box\/#breadcrumb\"},\"inLanguage\":\"pt-PT\",\"potentialAction\":[{\"@type\":\"ReadAction\",\"target\":[\"https:\/\/jiushidao.com\/product\/wuyuan-royal-chrysanthemum-hydrangea-king-grade-gift-box\/\"]}]},{\"@type\":\"ImageObject\",\"inLanguage\":\"pt-PT\",\"@id\":\"https:\/\/jiushidao.com\/product\/wuyuan-royal-chrysanthemum-hydrangea-king-grade-gift-box\/#primaryimage\",\"url\":\"https:\/\/jiushidao.com\/wp-content\/uploads\/2025\/10\/\u56fe\u72477.png\",\"contentUrl\":\"https:\/\/jiushidao.com\/wp-content\/uploads\/2025\/10\/\u56fe\u72477.png\",\"width\":269,\"height\":290},{\"@type\":\"BreadcrumbList\",\"@id\":\"https:\/\/jiushidao.com\/product\/wuyuan-royal-chrysanthemum-hydrangea-king-grade-gift-box\/#breadcrumb\",\"itemListElement\":[{\"@type\":\"ListItem\",\"position\":1,\"name\":\"Home\",\"item\":\"https:\/\/jiushidao.com\/\"},{\"@type\":\"ListItem\",\"position\":2,\"name\":\"Store\",\"item\":\"https:\/\/jiushidao.com\/store\/\"},{\"@type\":\"ListItem\",\"position\":3,\"name\":\"Wuyuan Royal Chrysanthemum Gift Box &#8211; Imperial Hydrangea Grade\"}]},{\"@type\":\"WebSite\",\"@id\":\"https:\/\/jiushidao.com\/#website\",\"url\":\"https:\/\/jiushidao.com\/\",\"name\":\"Jiushidao - Global Food Marketplace for Business Growth and Cosumers\",\"description\":\"Jiushidao - Global Food Marketplace for Business Growth and Cosumers\",\"potentialAction\":[{\"@type\":\"SearchAction\",\"target\":{\"@type\":\"EntryPoint\",\"urlTemplate\":\"https:\/\/jiushidao.com\/?s={search_term_string}\"},\"query-input\":{\"@type\":\"PropertyValueSpecification\",\"valueRequired\":true,\"valueName\":\"search_term_string\"}}],\"inLanguage\":\"pt-PT\"}]}<\/script>\n<!-- \/ Yoast SEO Premium plugin. -->","yoast_head_json":{"title":"Wuyuan Royal Chrysanthemum Gift Box - Imperial Hydrangea Grade - Jiushidao - Global Food Marketplace for Business Growth and Cosumers","robots":{"index":"index","follow":"follow","max-snippet":"max-snippet:-1","max-image-preview":"max-image-preview:large","max-video-preview":"max-video-preview:-1"},"canonical":"https:\/\/jiushidao.com\/pt\/produto\/wuyuan-royal-chrysanthemum-hydrangea-king-grade-gift-box\/","og_locale":"pt_PT","og_type":"article","og_title":"Wuyuan Royal Chrysanthemum Gift Box - Imperial Hydrangea Grade","og_description":"Wuyuan Imperial Chrysanthemum Tea &#8211; Premium Gift Box\u200b\u200b The ultimate gift of elegance and well-being. This premium chrysanthemum, known as the &#8220;Noble Hydrangea&#8221; for its perfect, [\u2026]","og_url":"https:\/\/jiushidao.com\/pt\/produto\/wuyuan-royal-chrysanthemum-hydrangea-king-grade-gift-box\/","og_site_name":"Jiushidao - Global Food Marketplace for Business Growth and Cosumers","article_modified_time":"2025-10-31T00:30:50+00:00","og_image":[{"width":269,"height":290,"url":"https:\/\/jiushidao.com\/wp-content\/uploads\/2025\/10\/\u56fe\u72477.png","type":"image\/png"}],"twitter_card":"summary_large_image","twitter_misc":{"Tempo estimado de leitura":"1 minuto"},"schema":{"@context":"https:\/\/schema.org","@graph":[{"@type":"WebPage","@id":"https:\/\/jiushidao.com\/product\/wuyuan-royal-chrysanthemum-hydrangea-king-grade-gift-box\/","url":"https:\/\/jiushidao.com\/product\/wuyuan-royal-chrysanthemum-hydrangea-king-grade-gift-box\/","name":"Wuyuan Royal Chrysanthemum Gift Box - Imperial Hydrangea Grade - Jiushidao - Global Food Marketplace for Business Growth and Cosumers","isPartOf":{"@id":"https:\/\/jiushidao.com\/#website"},"primaryImageOfPage":{"@id":"https:\/\/jiushidao.com\/product\/wuyuan-royal-chrysanthemum-hydrangea-king-grade-gift-box\/#primaryimage"},"image":{"@id":"https:\/\/jiushidao.com\/product\/wuyuan-royal-chrysanthemum-hydrangea-king-grade-gift-box\/#primaryimage"},"thumbnailUrl":"https:\/\/jiushidao.com\/wp-content\/uploads\/2025\/10\/\u56fe\u72477.png","datePublished":"2025-10-29T09:44:18+00:00","dateModified":"2025-10-31T00:30:50+00:00","breadcrumb":{"@id":"https:\/\/jiushidao.com\/product\/wuyuan-royal-chrysanthemum-hydrangea-king-grade-gift-box\/#breadcrumb"},"inLanguage":"pt-PT","potentialAction":[{"@type":"ReadAction","target":["https:\/\/jiushidao.com\/product\/wuyuan-royal-chrysanthemum-hydrangea-king-grade-gift-box\/"]}]},{"@type":"ImageObject","inLanguage":"pt-PT","@id":"https:\/\/jiushidao.com\/product\/wuyuan-royal-chrysanthemum-hydrangea-king-grade-gift-box\/#primaryimage","url":"https:\/\/jiushidao.com\/wp-content\/uploads\/2025\/10\/\u56fe\u72477.png","contentUrl":"https:\/\/jiushidao.com\/wp-content\/uploads\/2025\/10\/\u56fe\u72477.png","width":269,"height":290},{"@type":"BreadcrumbList","@id":"https:\/\/jiushidao.com\/product\/wuyuan-royal-chrysanthemum-hydrangea-king-grade-gift-box\/#breadcrumb","itemListElement":[{"@type":"ListItem","position":1,"name":"Home","item":"https:\/\/jiushidao.com\/"},{"@type":"ListItem","position":2,"name":"Store","item":"https:\/\/jiushidao.com\/store\/"},{"@type":"ListItem","position":3,"name":"Wuyuan Royal Chrysanthemum Gift Box &#8211; Imperial Hydrangea Grade"}]},{"@type":"WebSite","@id":"https:\/\/jiushidao.com\/#website","url":"https:\/\/jiushidao.com\/","name":"Jiushidao - Global Food Marketplace for Business Growth and Cosumers","description":"Jiushidao - Global Food Marketplace for Business Growth and Cosumers","potentialAction":[{"@type":"SearchAction","target":{"@type":"EntryPoint","urlTemplate":"https:\/\/jiushidao.com\/?s={search_term_string}"},"query-input":{"@type":"PropertyValueSpecification","valueRequired":true,"valueName":"search_term_string"}}],"inLanguage":"pt-PT"}]}},"_links":{"self":[{"href":"https:\/\/jiushidao.com\/pt\/wp-json\/wp\/v2\/product\/718","targetHints":{"allow":["GET"]}}],"collection":[{"href":"https:\/\/jiushidao.com\/pt\/wp-json\/wp\/v2\/product"}],"about":[{"href":"https:\/\/jiushidao.com\/pt\/wp-json\/wp\/v2\/types\/product"}],"replies":[{"embeddable":true,"href":"https:\/\/jiushidao.com\/pt\/wp-json\/wp\/v2\/comments?post=718"}],"version-history":[{"count":3,"href":"https:\/\/jiushidao.com\/pt\/wp-json\/wp\/v2\/product\/718\/revisions"}],"predecessor-version":[{"id":802,"href":"https:\/\/jiushidao.com\/pt\/wp-json\/wp\/v2\/product\/718\/revisions\/802"}],"wp:featuredmedia":[{"embeddable":true,"href":"https:\/\/jiushidao.com\/pt\/wp-json\/wp\/v2\/media\/719"}],"wp:attachment":[{"href":"https:\/\/jiushidao.com\/pt\/wp-json\/wp\/v2\/media?parent=718"}],"wp:term":[{"taxonomy":"product_brand","embeddable":true,"href":"https:\/\/jiushidao.com\/pt\/wp-json\/wp\/v2\/product_brand?post=718"},{"taxonomy":"product_cat","embeddable":true,"href":"https:\/\/jiushidao.com\/pt\/wp-json\/wp\/v2\/product_cat?post=718"},{"taxonomy":"product_tag","embeddable":true,"href":"https:\/\/jiushidao.com\/pt\/wp-json\/wp\/v2\/product_tag?post=718"}],"curies":[{"name":"wp","href":"https:\/\/api.w.org\/{rel}","templated":true}]}}