{"id":715,"date":"2025-10-29T09:43:01","date_gmt":"2025-10-29T09:43:01","guid":{"rendered":"https:\/\/jiushidao.com\/?post_type=product&#038;p=715"},"modified":"2025-10-31T00:36:17","modified_gmt":"2025-10-31T00:36:17","slug":"wuyuan-royal-chrysanthemum-hydrangea-king-grade-single-strip","status":"publish","type":"product","link":"https:\/\/jiushidao.com\/pt\/produto\/wuyuan-royal-chrysanthemum-hydrangea-king-grade-single-strip\/","title":{"rendered":"Wuyuan Imperial Chrysanthemum \u2013 Hydrangea King Reserve Sleeve"},"content":{"rendered":"<section class=\"ybc-p\"><strong>Ch\u00e1 Imperial de Cris\u00e2ntemo Wuyuan \u2013 Hydrangea King Grade<\/strong><\/section>\n<section class=\"ybc-p\">Cultivado nas profundezas das montanhas intocadas de Wuyuan, este ch\u00e1 de cris\u00e2ntemo \u00e9 produzido com um compromisso com o equil\u00edbrio ecol\u00f3gico. Cada flor desabrocha em um tom dourado radiante, vi\u00e7osa e repleta de vitalidade natural. Rico em oligoelementos e nutrientes, oferece um sabor delicado e reconfortante que pode ser apreciado durante todo o ano.<\/section>\n<section class=\"ybc-p\">Considerada a &quot;Rainha das Hort\u00eansias&quot; entre os cris\u00e2ntemos, esta variedade nobre \u00e9 celebrada por seu formato arredondado e cheio e por sua not\u00e1vel capacidade de &quot;reviver&quot; na \u00e1gua, desabrochando graciosamente em uma deslumbrante exibi\u00e7\u00e3o floral ap\u00f3s a infus\u00e3o. Com seu aroma refinado e presen\u00e7a elegante, ela personifica o \u00e1pice da excel\u00eancia em ch\u00e1 de cris\u00e2ntemo.<\/section>\n<section class=\"ybc-p\"><strong>Principais caracter\u00edsticas:<\/strong><\/section>\n<ul class=\"ybc-ul-component\">\n<li class=\"ybc-li-component ybc-li-component_ul\">\n<section class=\"ybc-p\">Cultivado de forma ecologicamente consciente nas altas montanhas de Wuyuan.<\/section>\n<\/li>\n<li class=\"ybc-li-component ybc-li-component_ul\">\n<section class=\"ybc-p\">Flores douradas e vi\u00e7osas, repletas de nutrientes naturais.<\/section>\n<\/li>\n<li class=\"ybc-li-component ybc-li-component_ul\">\n<section class=\"ybc-p\">Rico em oligoelementos ben\u00e9ficos, ideal para o bem-estar durante todo o ano.<\/section>\n<\/li>\n<li class=\"ybc-li-component ybc-li-component_ul\">\n<section class=\"ybc-p\">Hort\u00eansia &quot;Rei&quot; de qualidade excepcional \u2014 redonda, nutritiva e revitalizante quando em infus\u00e3o.<\/section>\n<\/li>\n<li class=\"ybc-li-component ybc-li-component_ul\">\n<section class=\"ybc-p\">Uma experi\u00eancia nobre com ch\u00e1, de sabor delicado e eleg\u00e2ncia visual.<\/section>\n<\/li>\n<\/ul>","protected":false},"excerpt":{"rendered":"<p>Ch\u00e1 Imperial de Cris\u00e2ntemo de Wuyuan \u2013 Hydrangea King Grade. Cultivado nas profundezas das montanhas intocadas de Wuyuan, este ch\u00e1 de cris\u00e2ntemo \u00e9 produzido com um compromisso ecol\u00f3gico.<span class=\"excerpt-hellip\"> [\u2026]<\/span><\/p>","protected":false},"featured_media":716,"comment_status":"open","ping_status":"closed","template":"","meta":[],"product_brand":[],"product_cat":[38],"product_tag":[],"class_list":{"0":"post-715","1":"product","2":"type-product","3":"status-publish","4":"has-post-thumbnail","6":"product_cat-beverages-and-preparations","8":"first","9":"instock","10":"shipping-taxable","11":"product-type-simple"},"yoast_head":"<!-- This site is optimized with the Yoast SEO Premium plugin v25.8 (Yoast SEO v25.8) - https:\/\/yoast.com\/wordpress\/plugins\/seo\/ -->\n<title>Wuyuan Imperial Chrysanthemum - Hydrangea King Reserve Sleeve - Jiushidao - Global Food Marketplace for Business Growth and Cosumers<\/title>\n<meta name=\"robots\" content=\"index, follow, max-snippet:-1, max-image-preview:large, max-video-preview:-1\" \/>\n<link rel=\"canonical\" href=\"https:\/\/jiushidao.com\/pt\/produto\/wuyuan-royal-chrysanthemum-hydrangea-king-grade-single-strip\/\" \/>\n<meta property=\"og:locale\" content=\"pt_PT\" \/>\n<meta property=\"og:type\" content=\"article\" \/>\n<meta property=\"og:title\" content=\"Wuyuan Imperial Chrysanthemum - Hydrangea King Reserve Sleeve\" \/>\n<meta property=\"og:description\" content=\"Wuyuan Imperial Chrysanthemum Tea \u2013 Hydrangea King Grade Nurtured deep in the pristine mountains of Wuyuan, this chrysanthemum tea is cultivated with a commitment to ecological [\u2026]\" \/>\n<meta property=\"og:url\" content=\"https:\/\/jiushidao.com\/pt\/produto\/wuyuan-royal-chrysanthemum-hydrangea-king-grade-single-strip\/\" \/>\n<meta property=\"og:site_name\" content=\"Jiushidao - Global Food Marketplace for Business Growth and Cosumers\" \/>\n<meta property=\"article:modified_time\" content=\"2025-10-31T00:36:17+00:00\" \/>\n<meta property=\"og:image\" content=\"https:\/\/jiushidao.com\/wp-content\/uploads\/2025\/10\/\u56fe\u72476.png\" \/>\n\t<meta property=\"og:image:width\" content=\"800\" \/>\n\t<meta property=\"og:image:height\" content=\"800\" \/>\n\t<meta property=\"og:image:type\" content=\"image\/png\" \/>\n<meta name=\"twitter:card\" content=\"summary_large_image\" \/>\n<meta name=\"twitter:label1\" content=\"Tempo estimado de leitura\" \/>\n\t<meta name=\"twitter:data1\" content=\"1 minuto\" \/>\n<script type=\"application\/ld+json\" class=\"yoast-schema-graph\">{\"@context\":\"https:\/\/schema.org\",\"@graph\":[{\"@type\":\"WebPage\",\"@id\":\"https:\/\/jiushidao.com\/product\/wuyuan-royal-chrysanthemum-hydrangea-king-grade-single-strip\/\",\"url\":\"https:\/\/jiushidao.com\/product\/wuyuan-royal-chrysanthemum-hydrangea-king-grade-single-strip\/\",\"name\":\"Wuyuan Imperial Chrysanthemum - Hydrangea King Reserve Sleeve - Jiushidao - Global Food Marketplace for Business Growth and Cosumers\",\"isPartOf\":{\"@id\":\"https:\/\/jiushidao.com\/#website\"},\"primaryImageOfPage\":{\"@id\":\"https:\/\/jiushidao.com\/product\/wuyuan-royal-chrysanthemum-hydrangea-king-grade-single-strip\/#primaryimage\"},\"image\":{\"@id\":\"https:\/\/jiushidao.com\/product\/wuyuan-royal-chrysanthemum-hydrangea-king-grade-single-strip\/#primaryimage\"},\"thumbnailUrl\":\"https:\/\/jiushidao.com\/wp-content\/uploads\/2025\/10\/\u56fe\u72476.png\",\"datePublished\":\"2025-10-29T09:43:01+00:00\",\"dateModified\":\"2025-10-31T00:36:17+00:00\",\"breadcrumb\":{\"@id\":\"https:\/\/jiushidao.com\/product\/wuyuan-royal-chrysanthemum-hydrangea-king-grade-single-strip\/#breadcrumb\"},\"inLanguage\":\"pt-PT\",\"potentialAction\":[{\"@type\":\"ReadAction\",\"target\":[\"https:\/\/jiushidao.com\/product\/wuyuan-royal-chrysanthemum-hydrangea-king-grade-single-strip\/\"]}]},{\"@type\":\"ImageObject\",\"inLanguage\":\"pt-PT\",\"@id\":\"https:\/\/jiushidao.com\/product\/wuyuan-royal-chrysanthemum-hydrangea-king-grade-single-strip\/#primaryimage\",\"url\":\"https:\/\/jiushidao.com\/wp-content\/uploads\/2025\/10\/\u56fe\u72476.png\",\"contentUrl\":\"https:\/\/jiushidao.com\/wp-content\/uploads\/2025\/10\/\u56fe\u72476.png\",\"width\":800,\"height\":800},{\"@type\":\"BreadcrumbList\",\"@id\":\"https:\/\/jiushidao.com\/product\/wuyuan-royal-chrysanthemum-hydrangea-king-grade-single-strip\/#breadcrumb\",\"itemListElement\":[{\"@type\":\"ListItem\",\"position\":1,\"name\":\"Home\",\"item\":\"https:\/\/jiushidao.com\/\"},{\"@type\":\"ListItem\",\"position\":2,\"name\":\"Store\",\"item\":\"https:\/\/jiushidao.com\/store\/\"},{\"@type\":\"ListItem\",\"position\":3,\"name\":\"Wuyuan Imperial Chrysanthemum &#8211; Hydrangea King Reserve Sleeve\"}]},{\"@type\":\"WebSite\",\"@id\":\"https:\/\/jiushidao.com\/#website\",\"url\":\"https:\/\/jiushidao.com\/\",\"name\":\"Jiushidao - Global Food Marketplace for Business Growth and Cosumers\",\"description\":\"Jiushidao - Global Food Marketplace for Business Growth and Cosumers\",\"potentialAction\":[{\"@type\":\"SearchAction\",\"target\":{\"@type\":\"EntryPoint\",\"urlTemplate\":\"https:\/\/jiushidao.com\/?s={search_term_string}\"},\"query-input\":{\"@type\":\"PropertyValueSpecification\",\"valueRequired\":true,\"valueName\":\"search_term_string\"}}],\"inLanguage\":\"pt-PT\"}]}<\/script>\n<!-- \/ Yoast SEO Premium plugin. -->","yoast_head_json":{"title":"Wuyuan Imperial Chrysanthemum - Hydrangea King Reserve Sleeve - Jiushidao - Global Food Marketplace for Business Growth and Cosumers","robots":{"index":"index","follow":"follow","max-snippet":"max-snippet:-1","max-image-preview":"max-image-preview:large","max-video-preview":"max-video-preview:-1"},"canonical":"https:\/\/jiushidao.com\/pt\/produto\/wuyuan-royal-chrysanthemum-hydrangea-king-grade-single-strip\/","og_locale":"pt_PT","og_type":"article","og_title":"Wuyuan Imperial Chrysanthemum - Hydrangea King Reserve Sleeve","og_description":"Wuyuan Imperial Chrysanthemum Tea \u2013 Hydrangea King Grade Nurtured deep in the pristine mountains of Wuyuan, this chrysanthemum tea is cultivated with a commitment to ecological [\u2026]","og_url":"https:\/\/jiushidao.com\/pt\/produto\/wuyuan-royal-chrysanthemum-hydrangea-king-grade-single-strip\/","og_site_name":"Jiushidao - Global Food Marketplace for Business Growth and Cosumers","article_modified_time":"2025-10-31T00:36:17+00:00","og_image":[{"width":800,"height":800,"url":"https:\/\/jiushidao.com\/wp-content\/uploads\/2025\/10\/\u56fe\u72476.png","type":"image\/png"}],"twitter_card":"summary_large_image","twitter_misc":{"Tempo estimado de leitura":"1 minuto"},"schema":{"@context":"https:\/\/schema.org","@graph":[{"@type":"WebPage","@id":"https:\/\/jiushidao.com\/product\/wuyuan-royal-chrysanthemum-hydrangea-king-grade-single-strip\/","url":"https:\/\/jiushidao.com\/product\/wuyuan-royal-chrysanthemum-hydrangea-king-grade-single-strip\/","name":"Wuyuan Imperial Chrysanthemum - Hydrangea King Reserve Sleeve - Jiushidao - Global Food Marketplace for Business Growth and Cosumers","isPartOf":{"@id":"https:\/\/jiushidao.com\/#website"},"primaryImageOfPage":{"@id":"https:\/\/jiushidao.com\/product\/wuyuan-royal-chrysanthemum-hydrangea-king-grade-single-strip\/#primaryimage"},"image":{"@id":"https:\/\/jiushidao.com\/product\/wuyuan-royal-chrysanthemum-hydrangea-king-grade-single-strip\/#primaryimage"},"thumbnailUrl":"https:\/\/jiushidao.com\/wp-content\/uploads\/2025\/10\/\u56fe\u72476.png","datePublished":"2025-10-29T09:43:01+00:00","dateModified":"2025-10-31T00:36:17+00:00","breadcrumb":{"@id":"https:\/\/jiushidao.com\/product\/wuyuan-royal-chrysanthemum-hydrangea-king-grade-single-strip\/#breadcrumb"},"inLanguage":"pt-PT","potentialAction":[{"@type":"ReadAction","target":["https:\/\/jiushidao.com\/product\/wuyuan-royal-chrysanthemum-hydrangea-king-grade-single-strip\/"]}]},{"@type":"ImageObject","inLanguage":"pt-PT","@id":"https:\/\/jiushidao.com\/product\/wuyuan-royal-chrysanthemum-hydrangea-king-grade-single-strip\/#primaryimage","url":"https:\/\/jiushidao.com\/wp-content\/uploads\/2025\/10\/\u56fe\u72476.png","contentUrl":"https:\/\/jiushidao.com\/wp-content\/uploads\/2025\/10\/\u56fe\u72476.png","width":800,"height":800},{"@type":"BreadcrumbList","@id":"https:\/\/jiushidao.com\/product\/wuyuan-royal-chrysanthemum-hydrangea-king-grade-single-strip\/#breadcrumb","itemListElement":[{"@type":"ListItem","position":1,"name":"Home","item":"https:\/\/jiushidao.com\/"},{"@type":"ListItem","position":2,"name":"Store","item":"https:\/\/jiushidao.com\/store\/"},{"@type":"ListItem","position":3,"name":"Wuyuan Imperial Chrysanthemum &#8211; Hydrangea King Reserve Sleeve"}]},{"@type":"WebSite","@id":"https:\/\/jiushidao.com\/#website","url":"https:\/\/jiushidao.com\/","name":"Jiushidao - Global Food Marketplace for Business Growth and Cosumers","description":"Jiushidao - Global Food Marketplace for Business Growth and Cosumers","potentialAction":[{"@type":"SearchAction","target":{"@type":"EntryPoint","urlTemplate":"https:\/\/jiushidao.com\/?s={search_term_string}"},"query-input":{"@type":"PropertyValueSpecification","valueRequired":true,"valueName":"search_term_string"}}],"inLanguage":"pt-PT"}]}},"_links":{"self":[{"href":"https:\/\/jiushidao.com\/pt\/wp-json\/wp\/v2\/product\/715","targetHints":{"allow":["GET"]}}],"collection":[{"href":"https:\/\/jiushidao.com\/pt\/wp-json\/wp\/v2\/product"}],"about":[{"href":"https:\/\/jiushidao.com\/pt\/wp-json\/wp\/v2\/types\/product"}],"replies":[{"embeddable":true,"href":"https:\/\/jiushidao.com\/pt\/wp-json\/wp\/v2\/comments?post=715"}],"version-history":[{"count":3,"href":"https:\/\/jiushidao.com\/pt\/wp-json\/wp\/v2\/product\/715\/revisions"}],"predecessor-version":[{"id":804,"href":"https:\/\/jiushidao.com\/pt\/wp-json\/wp\/v2\/product\/715\/revisions\/804"}],"wp:featuredmedia":[{"embeddable":true,"href":"https:\/\/jiushidao.com\/pt\/wp-json\/wp\/v2\/media\/716"}],"wp:attachment":[{"href":"https:\/\/jiushidao.com\/pt\/wp-json\/wp\/v2\/media?parent=715"}],"wp:term":[{"taxonomy":"product_brand","embeddable":true,"href":"https:\/\/jiushidao.com\/pt\/wp-json\/wp\/v2\/product_brand?post=715"},{"taxonomy":"product_cat","embeddable":true,"href":"https:\/\/jiushidao.com\/pt\/wp-json\/wp\/v2\/product_cat?post=715"},{"taxonomy":"product_tag","embeddable":true,"href":"https:\/\/jiushidao.com\/pt\/wp-json\/wp\/v2\/product_tag?post=715"}],"curies":[{"name":"wp","href":"https:\/\/api.w.org\/{rel}","templated":true}]}}