{"id":665,"date":"2025-10-29T08:40:31","date_gmt":"2025-10-29T08:40:31","guid":{"rendered":"https:\/\/jiushidao.com\/?post_type=product&#038;p=665"},"modified":"2025-10-30T11:20:40","modified_gmt":"2025-10-30T11:20:40","slug":"black-wolfberry","status":"publish","type":"product","link":"https:\/\/jiushidao.com\/pt\/produto\/black-wolfberry\/","title":{"rendered":"Goji preto"},"content":{"rendered":"<section class=\"ybc-p\">\u200b<strong>Bagas de Goji Pretas de Xinjiang: O &#039;Rei das Antocianinas&#039; do Deserto de Gobi<\/strong>\u200b<\/section>\n<section class=\"ybc-p\">Cultivadas no ambiente agreste, por\u00e9m puro, dos desertos \u00e1ridos de Xinjiang, nossas bagas de goji pretas s\u00e3o irrigadas pela \u00e1gua intocada do degelo das montanhas Tian Shan e temperadas por varia\u00e7\u00f5es extremas de temperatura, superiores a 15\u00b0C entre o dia e a noite. Cada baga amadurece para uma tonalidade roxo-escura profunda, com uma mancha branca caracter\u00edstica no caule \u2014 marca de sua origem aut\u00eantica.<\/section>\n<section class=\"ybc-p\">Conhecidas como o &quot;Rei das Antocianinas&quot;, essas bagas liberam uma fascinante tonalidade violeta quando imersas em \u00e1gua, indicando seu potente conte\u00fado de pigmentos naturais. Ricas em amino\u00e1cidos, antioxidantes e oligoelementos essenciais, elas oferecem um poderoso impulso para uma pele radiante, sa\u00fade ocular e vitalidade geral. Aprecie-as puras como um lanche, prepare um ch\u00e1 com elas ou incorpore-as em receitas como um superalimento rico em nutrientes.<\/section>\n<section class=\"ybc-p\">\u200b<strong>Principais caracter\u00edsticas:<\/strong>\u200b<\/section>\n<ul class=\"ybc-ul-component\">\n<li class=\"ybc-li-component ybc-li-component_ul\">\n<section class=\"ybc-p\">\u200b<strong>Origem pura:<\/strong>Cultivada em estado selvagem no intocado Deserto de Gobi, nutrida pelo derretimento da neve de Tian Shan.<\/section>\n<\/li>\n<li class=\"ybc-li-component ybc-li-component_ul\">\n<section class=\"ybc-p\">\u200b<strong>A principal fonte de antocianinas da natureza:<\/strong>Libera instantaneamente uma tonalidade violeta vibrante na \u00e1gua, indicando alto teor de antioxidantes.<\/section>\n<\/li>\n<li class=\"ybc-li-component ybc-li-component_ul\">\n<section class=\"ybc-p\">\u200b<strong>Rico em nutrientes:<\/strong>Rico em amino\u00e1cidos, vitaminas e oligoelementos raros.<\/section>\n<\/li>\n<li class=\"ybc-li-component ybc-li-component_ul\">\n<section class=\"ybc-p\">\u200b<strong>Uso vers\u00e1til:<\/strong>Ideal para consumo in natura, para preparo de bebidas ou para adicionar a pratos e t\u00f4nicos.<\/section>\n<\/li>\n<li class=\"ybc-li-component ybc-li-component_ul\">\n<section class=\"ybc-p\">\u200b<strong>Beleza e bem-estar:<\/strong>Tradicionalmente utilizado para auxiliar a vis\u00e3o, melhorar o brilho da pele e combater o estresse oxidativo.<\/section>\n<\/li>\n<\/ul>","protected":false},"excerpt":{"rendered":"<p>Goji Berries Preto de Xinjiang: O &#039;Rei das Antocianinas&#039; do Deserto de Gobi. Cultivado no ambiente \u00e1rido e puro dos desertos de Xinjiang, nosso goji bege \u00e9 uma iguaria excepcional.<span class=\"excerpt-hellip\"> [\u2026]<\/span><\/p>","protected":false},"featured_media":667,"comment_status":"open","ping_status":"closed","template":"","meta":[],"product_brand":[53],"product_cat":[51],"product_tag":[],"class_list":{"0":"post-665","1":"product","2":"type-product","3":"status-publish","4":"has-post-thumbnail","6":"product_brand-instant_mix_category","7":"product_cat-dried_fruits_and_preserves","9":"first","10":"instock","11":"shipping-taxable","12":"product-type-simple"},"yoast_head":"<!-- This site is optimized with the Yoast SEO Premium plugin v25.8 (Yoast SEO v25.8) - https:\/\/yoast.com\/wordpress\/plugins\/seo\/ -->\n<title>Black Wolfberry - Jiushidao - Global Food Marketplace for Business Growth and Cosumers<\/title>\n<meta name=\"robots\" content=\"index, follow, max-snippet:-1, max-image-preview:large, max-video-preview:-1\" \/>\n<link rel=\"canonical\" href=\"https:\/\/jiushidao.com\/pt\/produto\/black-wolfberry\/\" \/>\n<meta property=\"og:locale\" content=\"pt_PT\" \/>\n<meta property=\"og:type\" content=\"article\" \/>\n<meta property=\"og:title\" content=\"Black Wolfberry\" \/>\n<meta property=\"og:description\" content=\"\u200b\u200bXinjiang Black Goji Berries: The &#8216;King of Anthocyanins&#8217; from the Gobi Desert\u200b\u200b Nurtured in the harsh yet pure environment of Xinjiang\u2019s arid deserts, our black goji [\u2026]\" \/>\n<meta property=\"og:url\" content=\"https:\/\/jiushidao.com\/pt\/produto\/black-wolfberry\/\" \/>\n<meta property=\"og:site_name\" content=\"Jiushidao - Global Food Marketplace for Business Growth and Cosumers\" \/>\n<meta property=\"article:modified_time\" content=\"2025-10-30T11:20:40+00:00\" \/>\n<meta property=\"og:image\" content=\"https:\/\/jiushidao.com\/wp-content\/uploads\/2025\/10\/26.png\" \/>\n\t<meta property=\"og:image:width\" content=\"554\" \/>\n\t<meta property=\"og:image:height\" content=\"570\" \/>\n\t<meta property=\"og:image:type\" content=\"image\/png\" \/>\n<meta name=\"twitter:card\" content=\"summary_large_image\" \/>\n<meta name=\"twitter:label1\" content=\"Tempo estimado de leitura\" \/>\n\t<meta name=\"twitter:data1\" content=\"1 minuto\" \/>\n<script type=\"application\/ld+json\" class=\"yoast-schema-graph\">{\"@context\":\"https:\/\/schema.org\",\"@graph\":[{\"@type\":\"WebPage\",\"@id\":\"https:\/\/jiushidao.com\/product\/black-wolfberry\/\",\"url\":\"https:\/\/jiushidao.com\/product\/black-wolfberry\/\",\"name\":\"Black Wolfberry - Jiushidao - Global Food Marketplace for Business Growth and Cosumers\",\"isPartOf\":{\"@id\":\"https:\/\/jiushidao.com\/#website\"},\"primaryImageOfPage\":{\"@id\":\"https:\/\/jiushidao.com\/product\/black-wolfberry\/#primaryimage\"},\"image\":{\"@id\":\"https:\/\/jiushidao.com\/product\/black-wolfberry\/#primaryimage\"},\"thumbnailUrl\":\"https:\/\/jiushidao.com\/wp-content\/uploads\/2025\/10\/26.png\",\"datePublished\":\"2025-10-29T08:40:31+00:00\",\"dateModified\":\"2025-10-30T11:20:40+00:00\",\"breadcrumb\":{\"@id\":\"https:\/\/jiushidao.com\/product\/black-wolfberry\/#breadcrumb\"},\"inLanguage\":\"pt-PT\",\"potentialAction\":[{\"@type\":\"ReadAction\",\"target\":[\"https:\/\/jiushidao.com\/product\/black-wolfberry\/\"]}]},{\"@type\":\"ImageObject\",\"inLanguage\":\"pt-PT\",\"@id\":\"https:\/\/jiushidao.com\/product\/black-wolfberry\/#primaryimage\",\"url\":\"https:\/\/jiushidao.com\/wp-content\/uploads\/2025\/10\/26.png\",\"contentUrl\":\"https:\/\/jiushidao.com\/wp-content\/uploads\/2025\/10\/26.png\",\"width\":554,\"height\":570},{\"@type\":\"BreadcrumbList\",\"@id\":\"https:\/\/jiushidao.com\/product\/black-wolfberry\/#breadcrumb\",\"itemListElement\":[{\"@type\":\"ListItem\",\"position\":1,\"name\":\"Home\",\"item\":\"https:\/\/jiushidao.com\/\"},{\"@type\":\"ListItem\",\"position\":2,\"name\":\"Store\",\"item\":\"https:\/\/jiushidao.com\/store\/\"},{\"@type\":\"ListItem\",\"position\":3,\"name\":\"Black Wolfberry\"}]},{\"@type\":\"WebSite\",\"@id\":\"https:\/\/jiushidao.com\/#website\",\"url\":\"https:\/\/jiushidao.com\/\",\"name\":\"Jiushidao - Global Food Marketplace for Business Growth and Cosumers\",\"description\":\"Jiushidao - Global Food Marketplace for Business Growth and Cosumers\",\"potentialAction\":[{\"@type\":\"SearchAction\",\"target\":{\"@type\":\"EntryPoint\",\"urlTemplate\":\"https:\/\/jiushidao.com\/?s={search_term_string}\"},\"query-input\":{\"@type\":\"PropertyValueSpecification\",\"valueRequired\":true,\"valueName\":\"search_term_string\"}}],\"inLanguage\":\"pt-PT\"}]}<\/script>\n<!-- \/ Yoast SEO Premium plugin. -->","yoast_head_json":{"title":"Black Wolfberry - Jiushidao - Global Food Marketplace for Business Growth and Cosumers","robots":{"index":"index","follow":"follow","max-snippet":"max-snippet:-1","max-image-preview":"max-image-preview:large","max-video-preview":"max-video-preview:-1"},"canonical":"https:\/\/jiushidao.com\/pt\/produto\/black-wolfberry\/","og_locale":"pt_PT","og_type":"article","og_title":"Black Wolfberry","og_description":"\u200b\u200bXinjiang Black Goji Berries: The &#8216;King of Anthocyanins&#8217; from the Gobi Desert\u200b\u200b Nurtured in the harsh yet pure environment of Xinjiang\u2019s arid deserts, our black goji [\u2026]","og_url":"https:\/\/jiushidao.com\/pt\/produto\/black-wolfberry\/","og_site_name":"Jiushidao - Global Food Marketplace for Business Growth and Cosumers","article_modified_time":"2025-10-30T11:20:40+00:00","og_image":[{"width":554,"height":570,"url":"https:\/\/jiushidao.com\/wp-content\/uploads\/2025\/10\/26.png","type":"image\/png"}],"twitter_card":"summary_large_image","twitter_misc":{"Tempo estimado de leitura":"1 minuto"},"schema":{"@context":"https:\/\/schema.org","@graph":[{"@type":"WebPage","@id":"https:\/\/jiushidao.com\/product\/black-wolfberry\/","url":"https:\/\/jiushidao.com\/product\/black-wolfberry\/","name":"Black Wolfberry - Jiushidao - Global Food Marketplace for Business Growth and Cosumers","isPartOf":{"@id":"https:\/\/jiushidao.com\/#website"},"primaryImageOfPage":{"@id":"https:\/\/jiushidao.com\/product\/black-wolfberry\/#primaryimage"},"image":{"@id":"https:\/\/jiushidao.com\/product\/black-wolfberry\/#primaryimage"},"thumbnailUrl":"https:\/\/jiushidao.com\/wp-content\/uploads\/2025\/10\/26.png","datePublished":"2025-10-29T08:40:31+00:00","dateModified":"2025-10-30T11:20:40+00:00","breadcrumb":{"@id":"https:\/\/jiushidao.com\/product\/black-wolfberry\/#breadcrumb"},"inLanguage":"pt-PT","potentialAction":[{"@type":"ReadAction","target":["https:\/\/jiushidao.com\/product\/black-wolfberry\/"]}]},{"@type":"ImageObject","inLanguage":"pt-PT","@id":"https:\/\/jiushidao.com\/product\/black-wolfberry\/#primaryimage","url":"https:\/\/jiushidao.com\/wp-content\/uploads\/2025\/10\/26.png","contentUrl":"https:\/\/jiushidao.com\/wp-content\/uploads\/2025\/10\/26.png","width":554,"height":570},{"@type":"BreadcrumbList","@id":"https:\/\/jiushidao.com\/product\/black-wolfberry\/#breadcrumb","itemListElement":[{"@type":"ListItem","position":1,"name":"Home","item":"https:\/\/jiushidao.com\/"},{"@type":"ListItem","position":2,"name":"Store","item":"https:\/\/jiushidao.com\/store\/"},{"@type":"ListItem","position":3,"name":"Black Wolfberry"}]},{"@type":"WebSite","@id":"https:\/\/jiushidao.com\/#website","url":"https:\/\/jiushidao.com\/","name":"Jiushidao - Global Food Marketplace for Business Growth and Cosumers","description":"Jiushidao - Global Food Marketplace for Business Growth and Cosumers","potentialAction":[{"@type":"SearchAction","target":{"@type":"EntryPoint","urlTemplate":"https:\/\/jiushidao.com\/?s={search_term_string}"},"query-input":{"@type":"PropertyValueSpecification","valueRequired":true,"valueName":"search_term_string"}}],"inLanguage":"pt-PT"}]}},"_links":{"self":[{"href":"https:\/\/jiushidao.com\/pt\/wp-json\/wp\/v2\/product\/665","targetHints":{"allow":["GET"]}}],"collection":[{"href":"https:\/\/jiushidao.com\/pt\/wp-json\/wp\/v2\/product"}],"about":[{"href":"https:\/\/jiushidao.com\/pt\/wp-json\/wp\/v2\/types\/product"}],"replies":[{"embeddable":true,"href":"https:\/\/jiushidao.com\/pt\/wp-json\/wp\/v2\/comments?post=665"}],"version-history":[{"count":2,"href":"https:\/\/jiushidao.com\/pt\/wp-json\/wp\/v2\/product\/665\/revisions"}],"predecessor-version":[{"id":754,"href":"https:\/\/jiushidao.com\/pt\/wp-json\/wp\/v2\/product\/665\/revisions\/754"}],"wp:featuredmedia":[{"embeddable":true,"href":"https:\/\/jiushidao.com\/pt\/wp-json\/wp\/v2\/media\/667"}],"wp:attachment":[{"href":"https:\/\/jiushidao.com\/pt\/wp-json\/wp\/v2\/media?parent=665"}],"wp:term":[{"taxonomy":"product_brand","embeddable":true,"href":"https:\/\/jiushidao.com\/pt\/wp-json\/wp\/v2\/product_brand?post=665"},{"taxonomy":"product_cat","embeddable":true,"href":"https:\/\/jiushidao.com\/pt\/wp-json\/wp\/v2\/product_cat?post=665"},{"taxonomy":"product_tag","embeddable":true,"href":"https:\/\/jiushidao.com\/pt\/wp-json\/wp\/v2\/product_tag?post=665"}],"curies":[{"name":"wp","href":"https:\/\/api.w.org\/{rel}","templated":true}]}}