{"id":661,"date":"2025-10-29T08:39:32","date_gmt":"2025-10-29T08:39:32","guid":{"rendered":"https:\/\/jiushidao.com\/?post_type=product&#038;p=661"},"modified":"2025-10-30T11:22:38","modified_gmt":"2025-10-30T11:22:38","slug":"rose-flowers","status":"publish","type":"product","link":"https:\/\/jiushidao.com\/pt\/produto\/rose-flowers\/","title":{"rendered":"Flores de rosa"},"content":{"rendered":"<section class=\"ybc-p\">\n<section class=\"ybc-p\">\u200b<strong>Rosas de Xinjiang: o veludo da natureza floresce aos p\u00e9s das montanhas Tian Shan.<\/strong>\u200b<\/section>\n<section class=\"ybc-p\">Florescendo no clima \u00fanico de Xinjiang \u2014 onde a luz solar intensa encontra mudan\u00e7as dr\u00e1sticas de temperatura entre o dia e a noite \u2014 essas rosas desenvolvem p\u00e9talas excepcionalmente espessas e aveludadas em um tom carmesim vibrante. Cada flor \u00e9 um testemunho de pureza e pot\u00eancia, nutrida pelo derretimento da neve rico em minerais e pelo ar \u00e1rido do deserto.<\/section>\n<section class=\"ybc-p\">Ricas em vitamina C, antocianinas e compostos arom\u00e1ticos, as rosas de Xinjiang s\u00e3o tesouros vers\u00e1teis. Podem ser secas para ch\u00e1 floral, transformadas em geleia ou destiladas para obten\u00e7\u00e3o de \u00f3leo essencial. Quando infundidas, as p\u00e9talas liberam uma fragr\u00e2ncia delicada e conferem um licor rosa suave com um sabor sutilmente adocicado e reconfortante, equilibrando o calor do sol do oeste com o frescor revigorante da neve da montanha.<\/section>\n<section class=\"ybc-p\">\u200b<strong>Principais caracter\u00edsticas:<\/strong>\u200b<\/section>\n<ul class=\"ybc-ul-component\">\n<li class=\"ybc-li-component ybc-li-component_ul\">\n<section class=\"ybc-p\">\u200b<strong>Terroir ideal:<\/strong>Cultivada sob forte luz solar e varia\u00e7\u00f5es diurnas significativas de temperatura, resultando em p\u00e9talas densas e perfumadas.<\/section>\n<\/li>\n<li class=\"ybc-li-component ybc-li-component_ul\">\n<section class=\"ybc-p\">\u200b<strong>Nutrientes Naturais:<\/strong>Rico em vitamina C, antocianinas e \u00f3leos arom\u00e1ticos.<\/section>\n<\/li>\n<li class=\"ybc-li-component ybc-li-component_ul\">\n<section class=\"ybc-p\">\u200b<strong>Usos vers\u00e1teis:<\/strong>Ideal para preparar ch\u00e1, pasta de rosas ou extrair \u00f3leo essencial.<\/section>\n<\/li>\n<li class=\"ybc-li-component ybc-li-component_ul\">\n<section class=\"ybc-p\">\u200b<strong>Experi\u00eancia sensorial:<\/strong>Oferece um vapor arom\u00e1tico, uma infus\u00e3o rosa visualmente atraente e um sabor suave e ligeiramente inebriante.<\/section>\n<\/li>\n<li class=\"ybc-li-component ybc-li-component_ul\">\n<section class=\"ybc-p\">\u200b<strong>Beleza e bem-estar:<\/strong>Ajuda a nutrir a pele, promove a calma e real\u00e7a o brilho natural.<\/section>\n<\/li>\n<\/ul>\n<\/section>","protected":false},"excerpt":{"rendered":"<p>Rosas de Xinjiang: O veludo da natureza floresce aos p\u00e9s das montanhas Tian Shan. Florescendo no clima \u00fanico de Xinjiang \u2014 onde a luz solar intensa encontra mudan\u00e7as dr\u00e1sticas de temperatura entre o dia e a noite \u2014 estas rosas s\u00e3o verdadeiras obras de arte.<span class=\"excerpt-hellip\"> [\u2026]<\/span><\/p>","protected":false},"featured_media":663,"comment_status":"open","ping_status":"closed","template":"","meta":[],"product_brand":[53],"product_cat":[51],"product_tag":[],"class_list":{"0":"post-661","1":"product","2":"type-product","3":"status-publish","4":"has-post-thumbnail","6":"product_brand-instant_mix_category","7":"product_cat-dried_fruits_and_preserves","9":"first","10":"instock","11":"shipping-taxable","12":"product-type-simple"},"yoast_head":"<!-- This site is optimized with the Yoast SEO Premium plugin v25.8 (Yoast SEO v25.8) - https:\/\/yoast.com\/wordpress\/plugins\/seo\/ -->\n<title>Rose Flowers - Jiushidao - Global Food Marketplace for Business Growth and Cosumers<\/title>\n<meta name=\"robots\" content=\"index, follow, max-snippet:-1, max-image-preview:large, max-video-preview:-1\" \/>\n<link rel=\"canonical\" href=\"https:\/\/jiushidao.com\/pt\/produto\/rose-flowers\/\" \/>\n<meta property=\"og:locale\" content=\"pt_PT\" \/>\n<meta property=\"og:type\" content=\"article\" \/>\n<meta property=\"og:title\" content=\"Rose Flowers\" \/>\n<meta property=\"og:description\" content=\"\u200b\u200bXinjiang Roses: Nature\u2019s Velvet Bloom at the Foot of the Tianshan Mountains\u200b\u200b Blooming in the unique climate of Xinjiang\u2014where intense sunlight meets dramatic day-night temperature shifts\u2014these [\u2026]\" \/>\n<meta property=\"og:url\" content=\"https:\/\/jiushidao.com\/pt\/produto\/rose-flowers\/\" \/>\n<meta property=\"og:site_name\" content=\"Jiushidao - Global Food Marketplace for Business Growth and Cosumers\" \/>\n<meta property=\"article:modified_time\" content=\"2025-10-30T11:22:38+00:00\" \/>\n<meta property=\"og:image\" content=\"https:\/\/jiushidao.com\/wp-content\/uploads\/2025\/10\/25png.png\" \/>\n\t<meta property=\"og:image:width\" content=\"502\" \/>\n\t<meta property=\"og:image:height\" content=\"570\" \/>\n\t<meta property=\"og:image:type\" content=\"image\/png\" \/>\n<meta name=\"twitter:card\" content=\"summary_large_image\" \/>\n<meta name=\"twitter:label1\" content=\"Tempo estimado de leitura\" \/>\n\t<meta name=\"twitter:data1\" content=\"2 minutos\" \/>\n<script type=\"application\/ld+json\" class=\"yoast-schema-graph\">{\"@context\":\"https:\/\/schema.org\",\"@graph\":[{\"@type\":\"WebPage\",\"@id\":\"https:\/\/jiushidao.com\/product\/rose-flowers\/\",\"url\":\"https:\/\/jiushidao.com\/product\/rose-flowers\/\",\"name\":\"Rose Flowers - Jiushidao - Global Food Marketplace for Business Growth and Cosumers\",\"isPartOf\":{\"@id\":\"https:\/\/jiushidao.com\/#website\"},\"primaryImageOfPage\":{\"@id\":\"https:\/\/jiushidao.com\/product\/rose-flowers\/#primaryimage\"},\"image\":{\"@id\":\"https:\/\/jiushidao.com\/product\/rose-flowers\/#primaryimage\"},\"thumbnailUrl\":\"https:\/\/jiushidao.com\/wp-content\/uploads\/2025\/10\/25png.png\",\"datePublished\":\"2025-10-29T08:39:32+00:00\",\"dateModified\":\"2025-10-30T11:22:38+00:00\",\"breadcrumb\":{\"@id\":\"https:\/\/jiushidao.com\/product\/rose-flowers\/#breadcrumb\"},\"inLanguage\":\"pt-PT\",\"potentialAction\":[{\"@type\":\"ReadAction\",\"target\":[\"https:\/\/jiushidao.com\/product\/rose-flowers\/\"]}]},{\"@type\":\"ImageObject\",\"inLanguage\":\"pt-PT\",\"@id\":\"https:\/\/jiushidao.com\/product\/rose-flowers\/#primaryimage\",\"url\":\"https:\/\/jiushidao.com\/wp-content\/uploads\/2025\/10\/25png.png\",\"contentUrl\":\"https:\/\/jiushidao.com\/wp-content\/uploads\/2025\/10\/25png.png\",\"width\":502,\"height\":570},{\"@type\":\"BreadcrumbList\",\"@id\":\"https:\/\/jiushidao.com\/product\/rose-flowers\/#breadcrumb\",\"itemListElement\":[{\"@type\":\"ListItem\",\"position\":1,\"name\":\"Home\",\"item\":\"https:\/\/jiushidao.com\/\"},{\"@type\":\"ListItem\",\"position\":2,\"name\":\"Store\",\"item\":\"https:\/\/jiushidao.com\/store\/\"},{\"@type\":\"ListItem\",\"position\":3,\"name\":\"Rose Flowers\"}]},{\"@type\":\"WebSite\",\"@id\":\"https:\/\/jiushidao.com\/#website\",\"url\":\"https:\/\/jiushidao.com\/\",\"name\":\"Jiushidao - Global Food Marketplace for Business Growth and Cosumers\",\"description\":\"Jiushidao - Global Food Marketplace for Business Growth and Cosumers\",\"potentialAction\":[{\"@type\":\"SearchAction\",\"target\":{\"@type\":\"EntryPoint\",\"urlTemplate\":\"https:\/\/jiushidao.com\/?s={search_term_string}\"},\"query-input\":{\"@type\":\"PropertyValueSpecification\",\"valueRequired\":true,\"valueName\":\"search_term_string\"}}],\"inLanguage\":\"pt-PT\"}]}<\/script>\n<!-- \/ Yoast SEO Premium plugin. -->","yoast_head_json":{"title":"Rose Flowers - Jiushidao - Global Food Marketplace for Business Growth and Cosumers","robots":{"index":"index","follow":"follow","max-snippet":"max-snippet:-1","max-image-preview":"max-image-preview:large","max-video-preview":"max-video-preview:-1"},"canonical":"https:\/\/jiushidao.com\/pt\/produto\/rose-flowers\/","og_locale":"pt_PT","og_type":"article","og_title":"Rose Flowers","og_description":"\u200b\u200bXinjiang Roses: Nature\u2019s Velvet Bloom at the Foot of the Tianshan Mountains\u200b\u200b Blooming in the unique climate of Xinjiang\u2014where intense sunlight meets dramatic day-night temperature shifts\u2014these [\u2026]","og_url":"https:\/\/jiushidao.com\/pt\/produto\/rose-flowers\/","og_site_name":"Jiushidao - Global Food Marketplace for Business Growth and Cosumers","article_modified_time":"2025-10-30T11:22:38+00:00","og_image":[{"width":502,"height":570,"url":"https:\/\/jiushidao.com\/wp-content\/uploads\/2025\/10\/25png.png","type":"image\/png"}],"twitter_card":"summary_large_image","twitter_misc":{"Tempo estimado de leitura":"2 minutos"},"schema":{"@context":"https:\/\/schema.org","@graph":[{"@type":"WebPage","@id":"https:\/\/jiushidao.com\/product\/rose-flowers\/","url":"https:\/\/jiushidao.com\/product\/rose-flowers\/","name":"Rose Flowers - Jiushidao - Global Food Marketplace for Business Growth and Cosumers","isPartOf":{"@id":"https:\/\/jiushidao.com\/#website"},"primaryImageOfPage":{"@id":"https:\/\/jiushidao.com\/product\/rose-flowers\/#primaryimage"},"image":{"@id":"https:\/\/jiushidao.com\/product\/rose-flowers\/#primaryimage"},"thumbnailUrl":"https:\/\/jiushidao.com\/wp-content\/uploads\/2025\/10\/25png.png","datePublished":"2025-10-29T08:39:32+00:00","dateModified":"2025-10-30T11:22:38+00:00","breadcrumb":{"@id":"https:\/\/jiushidao.com\/product\/rose-flowers\/#breadcrumb"},"inLanguage":"pt-PT","potentialAction":[{"@type":"ReadAction","target":["https:\/\/jiushidao.com\/product\/rose-flowers\/"]}]},{"@type":"ImageObject","inLanguage":"pt-PT","@id":"https:\/\/jiushidao.com\/product\/rose-flowers\/#primaryimage","url":"https:\/\/jiushidao.com\/wp-content\/uploads\/2025\/10\/25png.png","contentUrl":"https:\/\/jiushidao.com\/wp-content\/uploads\/2025\/10\/25png.png","width":502,"height":570},{"@type":"BreadcrumbList","@id":"https:\/\/jiushidao.com\/product\/rose-flowers\/#breadcrumb","itemListElement":[{"@type":"ListItem","position":1,"name":"Home","item":"https:\/\/jiushidao.com\/"},{"@type":"ListItem","position":2,"name":"Store","item":"https:\/\/jiushidao.com\/store\/"},{"@type":"ListItem","position":3,"name":"Rose Flowers"}]},{"@type":"WebSite","@id":"https:\/\/jiushidao.com\/#website","url":"https:\/\/jiushidao.com\/","name":"Jiushidao - Global Food Marketplace for Business Growth and Cosumers","description":"Jiushidao - Global Food Marketplace for Business Growth and Cosumers","potentialAction":[{"@type":"SearchAction","target":{"@type":"EntryPoint","urlTemplate":"https:\/\/jiushidao.com\/?s={search_term_string}"},"query-input":{"@type":"PropertyValueSpecification","valueRequired":true,"valueName":"search_term_string"}}],"inLanguage":"pt-PT"}]}},"_links":{"self":[{"href":"https:\/\/jiushidao.com\/pt\/wp-json\/wp\/v2\/product\/661","targetHints":{"allow":["GET"]}}],"collection":[{"href":"https:\/\/jiushidao.com\/pt\/wp-json\/wp\/v2\/product"}],"about":[{"href":"https:\/\/jiushidao.com\/pt\/wp-json\/wp\/v2\/types\/product"}],"replies":[{"embeddable":true,"href":"https:\/\/jiushidao.com\/pt\/wp-json\/wp\/v2\/comments?post=661"}],"version-history":[{"count":2,"href":"https:\/\/jiushidao.com\/pt\/wp-json\/wp\/v2\/product\/661\/revisions"}],"predecessor-version":[{"id":755,"href":"https:\/\/jiushidao.com\/pt\/wp-json\/wp\/v2\/product\/661\/revisions\/755"}],"wp:featuredmedia":[{"embeddable":true,"href":"https:\/\/jiushidao.com\/pt\/wp-json\/wp\/v2\/media\/663"}],"wp:attachment":[{"href":"https:\/\/jiushidao.com\/pt\/wp-json\/wp\/v2\/media?parent=661"}],"wp:term":[{"taxonomy":"product_brand","embeddable":true,"href":"https:\/\/jiushidao.com\/pt\/wp-json\/wp\/v2\/product_brand?post=661"},{"taxonomy":"product_cat","embeddable":true,"href":"https:\/\/jiushidao.com\/pt\/wp-json\/wp\/v2\/product_cat?post=661"},{"taxonomy":"product_tag","embeddable":true,"href":"https:\/\/jiushidao.com\/pt\/wp-json\/wp\/v2\/product_tag?post=661"}],"curies":[{"name":"wp","href":"https:\/\/api.w.org\/{rel}","templated":true}]}}