{"id":654,"date":"2025-10-29T08:26:11","date_gmt":"2025-10-29T08:26:11","guid":{"rendered":"https:\/\/jiushidao.com\/?post_type=product&#038;p=654"},"modified":"2025-10-30T11:25:28","modified_gmt":"2025-10-30T11:25:28","slug":"dates","status":"publish","type":"product","link":"https:\/\/jiushidao.com\/pt\/produto\/dates\/","title":{"rendered":"Datas"},"content":{"rendered":"<section class=\"ybc-p\"><strong>T\u00e2maras de Xinjiang: o caramelo da natureza, vindo diretamente do cora\u00e7\u00e3o do deserto.<\/strong>\u200b<\/section>\n<section class=\"ybc-p\">Amadurecidas ao sol nos o\u00e1sis de Xinjiang, nossas t\u00e2maras premium amadurecem sob a luz solar intensa e os ventos secos do deserto, desenvolvendo uma do\u00e7ura profunda e complexa. Cada fruta \u00e9 carnuda e em formato de meia-lua, com uma casca marrom-escura brilhante coberta por uma delicada camada de a\u00e7\u00facar natural.<\/section>\n<section class=\"ybc-p\">Ao dar uma mordida, voc\u00ea se depara com uma textura macia e mastig\u00e1vel que se desfaz como um caramelo rico, liberando uma do\u00e7ura melada equilibrada por notas sutis de coco e caramelo. Essas t\u00e2maras s\u00e3o naturalmente ricas em a\u00e7\u00facares da fruta, fibras alimentares e minerais essenciais \u2014 um lanche nutritivo que satisfaz a vontade de comer doces, ao mesmo tempo que auxilia na digest\u00e3o e nos n\u00edveis de energia.<\/section>\n<section class=\"ybc-p\">\u200b<strong>Principais caracter\u00edsticas:<\/strong>\u200b<\/section>\n<ul class=\"ybc-ul-component\">\n<li class=\"ybc-li-component ybc-li-component_ul\">\n<section class=\"ybc-p\">\u200b<strong>Do\u00e7ura que amadureceu no deserto:<\/strong>Cultivado no clima ensolarado e \u00e1rido de Xinjiang, o que lhe confere um sabor intenso.<\/section>\n<\/li>\n<li class=\"ybc-li-component ybc-li-component_ul\">\n<section class=\"ybc-p\">\u200b<strong>Textura e sabor aveludados:<\/strong>Macio, denso e \u00famido, com notas de caramelo e coco.<\/section>\n<\/li>\n<li class=\"ybc-li-component ybc-li-component_ul\">\n<section class=\"ybc-p\">\u200b<strong>Rico em nutrientes:<\/strong>Uma fonte natural de fibras, pot\u00e1ssio, magn\u00e9sio e ferro.<\/section>\n<\/li>\n<li class=\"ybc-li-component ybc-li-component_ul\">\n<section class=\"ybc-p\">\u200b<strong>Aproveite a qualquer hora:<\/strong>Perfeito para petiscar, assar, rechear ou ado\u00e7ar pratos de forma natural.<\/section>\n<\/li>\n<\/ul>","protected":false},"excerpt":{"rendered":"<p>T\u00e2maras de Xinjiang: O Caramelo da Natureza do Cora\u00e7\u00e3o do Deserto. Amadurecidas ao sol nos o\u00e1sis de Xinjiang, nossas t\u00e2maras premium amadurecem sob intensa luz solar e seca.<span class=\"excerpt-hellip\"> [\u2026]<\/span><\/p>","protected":false},"featured_media":655,"comment_status":"open","ping_status":"closed","template":"","meta":[],"product_brand":[52],"product_cat":[51],"product_tag":[],"class_list":{"0":"post-654","1":"product","2":"type-product","3":"status-publish","4":"has-post-thumbnail","6":"product_brand-guo_ren_shi_ke","7":"product_cat-dried_fruits_and_preserves","9":"first","10":"instock","11":"shipping-taxable","12":"product-type-simple"},"yoast_head":"<!-- This site is optimized with the Yoast SEO Premium plugin v25.8 (Yoast SEO v25.8) - https:\/\/yoast.com\/wordpress\/plugins\/seo\/ -->\n<title>Dates - Jiushidao - Global Food Marketplace for Business Growth and Cosumers<\/title>\n<meta name=\"robots\" content=\"index, follow, max-snippet:-1, max-image-preview:large, max-video-preview:-1\" \/>\n<link rel=\"canonical\" href=\"https:\/\/jiushidao.com\/pt\/produto\/dates\/\" \/>\n<meta property=\"og:locale\" content=\"pt_PT\" \/>\n<meta property=\"og:type\" content=\"article\" \/>\n<meta property=\"og:title\" content=\"Dates\" \/>\n<meta property=\"og:description\" content=\"Xinjiang Dates: Nature&#8217;s Caramel from the Heart of the Desert\u200b\u200b Sun-ripened in the oasis basins of Xinjiang, our premium dates mature under intense sunlight and dry [\u2026]\" \/>\n<meta property=\"og:url\" content=\"https:\/\/jiushidao.com\/pt\/produto\/dates\/\" \/>\n<meta property=\"og:site_name\" content=\"Jiushidao - Global Food Marketplace for Business Growth and Cosumers\" \/>\n<meta property=\"article:modified_time\" content=\"2025-10-30T11:25:28+00:00\" \/>\n<meta property=\"og:image\" content=\"https:\/\/jiushidao.com\/wp-content\/uploads\/2025\/10\/23.png\" \/>\n\t<meta property=\"og:image:width\" content=\"272\" \/>\n\t<meta property=\"og:image:height\" content=\"647\" \/>\n\t<meta property=\"og:image:type\" content=\"image\/png\" \/>\n<meta name=\"twitter:card\" content=\"summary_large_image\" \/>\n<meta name=\"twitter:label1\" content=\"Tempo estimado de leitura\" \/>\n\t<meta name=\"twitter:data1\" content=\"1 minuto\" \/>\n<script type=\"application\/ld+json\" class=\"yoast-schema-graph\">{\"@context\":\"https:\/\/schema.org\",\"@graph\":[{\"@type\":\"WebPage\",\"@id\":\"https:\/\/jiushidao.com\/product\/dates\/\",\"url\":\"https:\/\/jiushidao.com\/product\/dates\/\",\"name\":\"Dates - Jiushidao - Global Food Marketplace for Business Growth and Cosumers\",\"isPartOf\":{\"@id\":\"https:\/\/jiushidao.com\/#website\"},\"primaryImageOfPage\":{\"@id\":\"https:\/\/jiushidao.com\/product\/dates\/#primaryimage\"},\"image\":{\"@id\":\"https:\/\/jiushidao.com\/product\/dates\/#primaryimage\"},\"thumbnailUrl\":\"https:\/\/jiushidao.com\/wp-content\/uploads\/2025\/10\/23.png\",\"datePublished\":\"2025-10-29T08:26:11+00:00\",\"dateModified\":\"2025-10-30T11:25:28+00:00\",\"breadcrumb\":{\"@id\":\"https:\/\/jiushidao.com\/product\/dates\/#breadcrumb\"},\"inLanguage\":\"pt-PT\",\"potentialAction\":[{\"@type\":\"ReadAction\",\"target\":[\"https:\/\/jiushidao.com\/product\/dates\/\"]}]},{\"@type\":\"ImageObject\",\"inLanguage\":\"pt-PT\",\"@id\":\"https:\/\/jiushidao.com\/product\/dates\/#primaryimage\",\"url\":\"https:\/\/jiushidao.com\/wp-content\/uploads\/2025\/10\/23.png\",\"contentUrl\":\"https:\/\/jiushidao.com\/wp-content\/uploads\/2025\/10\/23.png\",\"width\":272,\"height\":647},{\"@type\":\"BreadcrumbList\",\"@id\":\"https:\/\/jiushidao.com\/product\/dates\/#breadcrumb\",\"itemListElement\":[{\"@type\":\"ListItem\",\"position\":1,\"name\":\"Home\",\"item\":\"https:\/\/jiushidao.com\/\"},{\"@type\":\"ListItem\",\"position\":2,\"name\":\"Store\",\"item\":\"https:\/\/jiushidao.com\/store\/\"},{\"@type\":\"ListItem\",\"position\":3,\"name\":\"Dates\"}]},{\"@type\":\"WebSite\",\"@id\":\"https:\/\/jiushidao.com\/#website\",\"url\":\"https:\/\/jiushidao.com\/\",\"name\":\"Jiushidao - Global Food Marketplace for Business Growth and Cosumers\",\"description\":\"Jiushidao - Global Food Marketplace for Business Growth and Cosumers\",\"potentialAction\":[{\"@type\":\"SearchAction\",\"target\":{\"@type\":\"EntryPoint\",\"urlTemplate\":\"https:\/\/jiushidao.com\/?s={search_term_string}\"},\"query-input\":{\"@type\":\"PropertyValueSpecification\",\"valueRequired\":true,\"valueName\":\"search_term_string\"}}],\"inLanguage\":\"pt-PT\"}]}<\/script>\n<!-- \/ Yoast SEO Premium plugin. -->","yoast_head_json":{"title":"Dates - Jiushidao - Global Food Marketplace for Business Growth and Cosumers","robots":{"index":"index","follow":"follow","max-snippet":"max-snippet:-1","max-image-preview":"max-image-preview:large","max-video-preview":"max-video-preview:-1"},"canonical":"https:\/\/jiushidao.com\/pt\/produto\/dates\/","og_locale":"pt_PT","og_type":"article","og_title":"Dates","og_description":"Xinjiang Dates: Nature&#8217;s Caramel from the Heart of the Desert\u200b\u200b Sun-ripened in the oasis basins of Xinjiang, our premium dates mature under intense sunlight and dry [\u2026]","og_url":"https:\/\/jiushidao.com\/pt\/produto\/dates\/","og_site_name":"Jiushidao - Global Food Marketplace for Business Growth and Cosumers","article_modified_time":"2025-10-30T11:25:28+00:00","og_image":[{"width":272,"height":647,"url":"https:\/\/jiushidao.com\/wp-content\/uploads\/2025\/10\/23.png","type":"image\/png"}],"twitter_card":"summary_large_image","twitter_misc":{"Tempo estimado de leitura":"1 minuto"},"schema":{"@context":"https:\/\/schema.org","@graph":[{"@type":"WebPage","@id":"https:\/\/jiushidao.com\/product\/dates\/","url":"https:\/\/jiushidao.com\/product\/dates\/","name":"Dates - Jiushidao - Global Food Marketplace for Business Growth and Cosumers","isPartOf":{"@id":"https:\/\/jiushidao.com\/#website"},"primaryImageOfPage":{"@id":"https:\/\/jiushidao.com\/product\/dates\/#primaryimage"},"image":{"@id":"https:\/\/jiushidao.com\/product\/dates\/#primaryimage"},"thumbnailUrl":"https:\/\/jiushidao.com\/wp-content\/uploads\/2025\/10\/23.png","datePublished":"2025-10-29T08:26:11+00:00","dateModified":"2025-10-30T11:25:28+00:00","breadcrumb":{"@id":"https:\/\/jiushidao.com\/product\/dates\/#breadcrumb"},"inLanguage":"pt-PT","potentialAction":[{"@type":"ReadAction","target":["https:\/\/jiushidao.com\/product\/dates\/"]}]},{"@type":"ImageObject","inLanguage":"pt-PT","@id":"https:\/\/jiushidao.com\/product\/dates\/#primaryimage","url":"https:\/\/jiushidao.com\/wp-content\/uploads\/2025\/10\/23.png","contentUrl":"https:\/\/jiushidao.com\/wp-content\/uploads\/2025\/10\/23.png","width":272,"height":647},{"@type":"BreadcrumbList","@id":"https:\/\/jiushidao.com\/product\/dates\/#breadcrumb","itemListElement":[{"@type":"ListItem","position":1,"name":"Home","item":"https:\/\/jiushidao.com\/"},{"@type":"ListItem","position":2,"name":"Store","item":"https:\/\/jiushidao.com\/store\/"},{"@type":"ListItem","position":3,"name":"Dates"}]},{"@type":"WebSite","@id":"https:\/\/jiushidao.com\/#website","url":"https:\/\/jiushidao.com\/","name":"Jiushidao - Global Food Marketplace for Business Growth and Cosumers","description":"Jiushidao - Global Food Marketplace for Business Growth and Cosumers","potentialAction":[{"@type":"SearchAction","target":{"@type":"EntryPoint","urlTemplate":"https:\/\/jiushidao.com\/?s={search_term_string}"},"query-input":{"@type":"PropertyValueSpecification","valueRequired":true,"valueName":"search_term_string"}}],"inLanguage":"pt-PT"}]}},"_links":{"self":[{"href":"https:\/\/jiushidao.com\/pt\/wp-json\/wp\/v2\/product\/654","targetHints":{"allow":["GET"]}}],"collection":[{"href":"https:\/\/jiushidao.com\/pt\/wp-json\/wp\/v2\/product"}],"about":[{"href":"https:\/\/jiushidao.com\/pt\/wp-json\/wp\/v2\/types\/product"}],"replies":[{"embeddable":true,"href":"https:\/\/jiushidao.com\/pt\/wp-json\/wp\/v2\/comments?post=654"}],"version-history":[{"count":3,"href":"https:\/\/jiushidao.com\/pt\/wp-json\/wp\/v2\/product\/654\/revisions"}],"predecessor-version":[{"id":758,"href":"https:\/\/jiushidao.com\/pt\/wp-json\/wp\/v2\/product\/654\/revisions\/758"}],"wp:featuredmedia":[{"embeddable":true,"href":"https:\/\/jiushidao.com\/pt\/wp-json\/wp\/v2\/media\/655"}],"wp:attachment":[{"href":"https:\/\/jiushidao.com\/pt\/wp-json\/wp\/v2\/media?parent=654"}],"wp:term":[{"taxonomy":"product_brand","embeddable":true,"href":"https:\/\/jiushidao.com\/pt\/wp-json\/wp\/v2\/product_brand?post=654"},{"taxonomy":"product_cat","embeddable":true,"href":"https:\/\/jiushidao.com\/pt\/wp-json\/wp\/v2\/product_cat?post=654"},{"taxonomy":"product_tag","embeddable":true,"href":"https:\/\/jiushidao.com\/pt\/wp-json\/wp\/v2\/product_tag?post=654"}],"curies":[{"name":"wp","href":"https:\/\/api.w.org\/{rel}","templated":true}]}}