{"id":651,"date":"2025-10-29T08:24:05","date_gmt":"2025-10-29T08:24:05","guid":{"rendered":"https:\/\/jiushidao.com\/?post_type=product&#038;p=651"},"modified":"2025-10-30T11:28:19","modified_gmt":"2025-10-30T11:28:19","slug":"figs","status":"publish","type":"product","link":"https:\/\/jiushidao.com\/pt\/produto\/figs\/","title":{"rendered":"Figos"},"content":{"rendered":"<section class=\"ybc-p\">\n<section class=\"ybc-p\">\u200b<strong>Figos secos ao sol: uma iguaria natural repleta de nutrientes.<\/strong>\u200b<\/section>\n<section class=\"ybc-p\">Elaborados com figos selecionados, colhidos no ponto ideal de matura\u00e7\u00e3o \u2014 suculentos, tenros e nunca passados do ponto \u2014, esses tesouros secos ao sol s\u00e3o delicadamente assados em baixas temperaturas para preservar sua riqueza natural. Cada figo \u00e9 uma pot\u00eancia nutricional: rico em prote\u00ednas, vitaminas e minerais, por\u00e9m com baixo teor cal\u00f3rico e naturalmente alcalino.<\/section>\n<section class=\"ybc-p\">Com sua polpa perfumada e textura macia, esses figos oferecem uma mordida deliciosa, enquanto as pequenas sementes liberam uma croc\u00e2ncia sutil. Aprecie-os como um lanche saud\u00e1vel, adicione-os a t\u00e1buas de queijos ou use-os em receitas de bolos e doces para um toque de do\u00e7ura natural.<\/section>\n<section class=\"ybc-p\">\u200b<strong>Principais caracter\u00edsticas:<\/strong>\u200b<\/section>\n<ul class=\"ybc-ul-component\">\n<li class=\"ybc-li-component ybc-li-component_ul\">\n<section class=\"ybc-p\">\u200b<strong>Perfeitamente maduro:<\/strong>Colhidas manualmente no ponto ideal de matura\u00e7\u00e3o para obter o sabor e a textura ideais.<\/section>\n<\/li>\n<li class=\"ybc-li-component ybc-li-component_ul\">\n<section class=\"ybc-p\">\u200b<strong>Secagem em baixa temperatura:<\/strong>Assado delicadamente para preservar os nutrientes e o sabor doce natural.<\/section>\n<\/li>\n<li class=\"ybc-li-component ybc-li-component_ul\">\n<section class=\"ybc-p\">\u200b<strong>Rico em nutrientes:<\/strong>Rico em prote\u00ednas, fibras, vitaminas e minerais.<\/section>\n<\/li>\n<li class=\"ybc-li-component ybc-li-component_ul\">\n<section class=\"ybc-p\">\u200b<strong>Textura satisfat\u00f3ria:<\/strong>Polpa macia com uma croc\u00e2ncia delicada proveniente das sementes comest\u00edveis.<\/section>\n<\/li>\n<\/ul>\n<\/section>","protected":false},"excerpt":{"rendered":"<p>Figos Secos ao Sol: Uma Del\u00edcia Nutritiva da Natureza. Feitos com figos selecionados, colhidos no ponto ideal de matura\u00e7\u00e3o \u2014 suculentos, macios e nunca passados \u200b\u200b\u2014, esses tesouros secos ao sol s\u00e3o delicadamente assados \u200b\u200bem baixas temperaturas.<span class=\"excerpt-hellip\"> [\u2026]<\/span><\/p>","protected":false},"featured_media":653,"comment_status":"open","ping_status":"closed","template":"","meta":[],"product_brand":[52],"product_cat":[51],"product_tag":[],"class_list":{"0":"post-651","1":"product","2":"type-product","3":"status-publish","4":"has-post-thumbnail","6":"product_brand-guo_ren_shi_ke","7":"product_cat-dried_fruits_and_preserves","9":"first","10":"instock","11":"shipping-taxable","12":"product-type-simple"},"yoast_head":"<!-- This site is optimized with the Yoast SEO Premium plugin v25.8 (Yoast SEO v25.8) - https:\/\/yoast.com\/wordpress\/plugins\/seo\/ -->\n<title>Figs - Jiushidao - Global Food Marketplace for Business Growth and Cosumers<\/title>\n<meta name=\"robots\" content=\"index, follow, max-snippet:-1, max-image-preview:large, max-video-preview:-1\" \/>\n<link rel=\"canonical\" href=\"https:\/\/jiushidao.com\/pt\/produto\/figs\/\" \/>\n<meta property=\"og:locale\" content=\"pt_PT\" \/>\n<meta property=\"og:type\" content=\"article\" \/>\n<meta property=\"og:title\" content=\"Figs\" \/>\n<meta property=\"og:description\" content=\"\u200b\u200bSun-Dried Figs: Nature&#8217;s Nutrient-Packed Delicacy\u200b\u200b Crafted from select figs harvested at peak ripeness\u2014plump, tender, and never overripe\u2014these sun-dried treasures are gently baked at low temperatures to [\u2026]\" \/>\n<meta property=\"og:url\" content=\"https:\/\/jiushidao.com\/pt\/produto\/figs\/\" \/>\n<meta property=\"og:site_name\" content=\"Jiushidao - Global Food Marketplace for Business Growth and Cosumers\" \/>\n<meta property=\"article:modified_time\" content=\"2025-10-30T11:28:19+00:00\" \/>\n<meta property=\"og:image\" content=\"https:\/\/jiushidao.com\/wp-content\/uploads\/2025\/10\/22.png\" \/>\n\t<meta property=\"og:image:width\" content=\"1600\" \/>\n\t<meta property=\"og:image:height\" content=\"1600\" \/>\n\t<meta property=\"og:image:type\" content=\"image\/png\" \/>\n<meta name=\"twitter:card\" content=\"summary_large_image\" \/>\n<meta name=\"twitter:label1\" content=\"Tempo estimado de leitura\" \/>\n\t<meta name=\"twitter:data1\" content=\"1 minuto\" \/>\n<script type=\"application\/ld+json\" class=\"yoast-schema-graph\">{\"@context\":\"https:\/\/schema.org\",\"@graph\":[{\"@type\":\"WebPage\",\"@id\":\"https:\/\/jiushidao.com\/product\/figs\/\",\"url\":\"https:\/\/jiushidao.com\/product\/figs\/\",\"name\":\"Figs - Jiushidao - Global Food Marketplace for Business Growth and Cosumers\",\"isPartOf\":{\"@id\":\"https:\/\/jiushidao.com\/#website\"},\"primaryImageOfPage\":{\"@id\":\"https:\/\/jiushidao.com\/product\/figs\/#primaryimage\"},\"image\":{\"@id\":\"https:\/\/jiushidao.com\/product\/figs\/#primaryimage\"},\"thumbnailUrl\":\"https:\/\/jiushidao.com\/wp-content\/uploads\/2025\/10\/22.png\",\"datePublished\":\"2025-10-29T08:24:05+00:00\",\"dateModified\":\"2025-10-30T11:28:19+00:00\",\"breadcrumb\":{\"@id\":\"https:\/\/jiushidao.com\/product\/figs\/#breadcrumb\"},\"inLanguage\":\"pt-PT\",\"potentialAction\":[{\"@type\":\"ReadAction\",\"target\":[\"https:\/\/jiushidao.com\/product\/figs\/\"]}]},{\"@type\":\"ImageObject\",\"inLanguage\":\"pt-PT\",\"@id\":\"https:\/\/jiushidao.com\/product\/figs\/#primaryimage\",\"url\":\"https:\/\/jiushidao.com\/wp-content\/uploads\/2025\/10\/22.png\",\"contentUrl\":\"https:\/\/jiushidao.com\/wp-content\/uploads\/2025\/10\/22.png\",\"width\":1600,\"height\":1600},{\"@type\":\"BreadcrumbList\",\"@id\":\"https:\/\/jiushidao.com\/product\/figs\/#breadcrumb\",\"itemListElement\":[{\"@type\":\"ListItem\",\"position\":1,\"name\":\"Home\",\"item\":\"https:\/\/jiushidao.com\/\"},{\"@type\":\"ListItem\",\"position\":2,\"name\":\"Store\",\"item\":\"https:\/\/jiushidao.com\/store\/\"},{\"@type\":\"ListItem\",\"position\":3,\"name\":\"Figs\"}]},{\"@type\":\"WebSite\",\"@id\":\"https:\/\/jiushidao.com\/#website\",\"url\":\"https:\/\/jiushidao.com\/\",\"name\":\"Jiushidao - Global Food Marketplace for Business Growth and Cosumers\",\"description\":\"Jiushidao - Global Food Marketplace for Business Growth and Cosumers\",\"potentialAction\":[{\"@type\":\"SearchAction\",\"target\":{\"@type\":\"EntryPoint\",\"urlTemplate\":\"https:\/\/jiushidao.com\/?s={search_term_string}\"},\"query-input\":{\"@type\":\"PropertyValueSpecification\",\"valueRequired\":true,\"valueName\":\"search_term_string\"}}],\"inLanguage\":\"pt-PT\"}]}<\/script>\n<!-- \/ Yoast SEO Premium plugin. -->","yoast_head_json":{"title":"Figs - Jiushidao - Global Food Marketplace for Business Growth and Cosumers","robots":{"index":"index","follow":"follow","max-snippet":"max-snippet:-1","max-image-preview":"max-image-preview:large","max-video-preview":"max-video-preview:-1"},"canonical":"https:\/\/jiushidao.com\/pt\/produto\/figs\/","og_locale":"pt_PT","og_type":"article","og_title":"Figs","og_description":"\u200b\u200bSun-Dried Figs: Nature&#8217;s Nutrient-Packed Delicacy\u200b\u200b Crafted from select figs harvested at peak ripeness\u2014plump, tender, and never overripe\u2014these sun-dried treasures are gently baked at low temperatures to [\u2026]","og_url":"https:\/\/jiushidao.com\/pt\/produto\/figs\/","og_site_name":"Jiushidao - Global Food Marketplace for Business Growth and Cosumers","article_modified_time":"2025-10-30T11:28:19+00:00","og_image":[{"width":1600,"height":1600,"url":"https:\/\/jiushidao.com\/wp-content\/uploads\/2025\/10\/22.png","type":"image\/png"}],"twitter_card":"summary_large_image","twitter_misc":{"Tempo estimado de leitura":"1 minuto"},"schema":{"@context":"https:\/\/schema.org","@graph":[{"@type":"WebPage","@id":"https:\/\/jiushidao.com\/product\/figs\/","url":"https:\/\/jiushidao.com\/product\/figs\/","name":"Figs - Jiushidao - Global Food Marketplace for Business Growth and Cosumers","isPartOf":{"@id":"https:\/\/jiushidao.com\/#website"},"primaryImageOfPage":{"@id":"https:\/\/jiushidao.com\/product\/figs\/#primaryimage"},"image":{"@id":"https:\/\/jiushidao.com\/product\/figs\/#primaryimage"},"thumbnailUrl":"https:\/\/jiushidao.com\/wp-content\/uploads\/2025\/10\/22.png","datePublished":"2025-10-29T08:24:05+00:00","dateModified":"2025-10-30T11:28:19+00:00","breadcrumb":{"@id":"https:\/\/jiushidao.com\/product\/figs\/#breadcrumb"},"inLanguage":"pt-PT","potentialAction":[{"@type":"ReadAction","target":["https:\/\/jiushidao.com\/product\/figs\/"]}]},{"@type":"ImageObject","inLanguage":"pt-PT","@id":"https:\/\/jiushidao.com\/product\/figs\/#primaryimage","url":"https:\/\/jiushidao.com\/wp-content\/uploads\/2025\/10\/22.png","contentUrl":"https:\/\/jiushidao.com\/wp-content\/uploads\/2025\/10\/22.png","width":1600,"height":1600},{"@type":"BreadcrumbList","@id":"https:\/\/jiushidao.com\/product\/figs\/#breadcrumb","itemListElement":[{"@type":"ListItem","position":1,"name":"Home","item":"https:\/\/jiushidao.com\/"},{"@type":"ListItem","position":2,"name":"Store","item":"https:\/\/jiushidao.com\/store\/"},{"@type":"ListItem","position":3,"name":"Figs"}]},{"@type":"WebSite","@id":"https:\/\/jiushidao.com\/#website","url":"https:\/\/jiushidao.com\/","name":"Jiushidao - Global Food Marketplace for Business Growth and Cosumers","description":"Jiushidao - Global Food Marketplace for Business Growth and Cosumers","potentialAction":[{"@type":"SearchAction","target":{"@type":"EntryPoint","urlTemplate":"https:\/\/jiushidao.com\/?s={search_term_string}"},"query-input":{"@type":"PropertyValueSpecification","valueRequired":true,"valueName":"search_term_string"}}],"inLanguage":"pt-PT"}]}},"_links":{"self":[{"href":"https:\/\/jiushidao.com\/pt\/wp-json\/wp\/v2\/product\/651","targetHints":{"allow":["GET"]}}],"collection":[{"href":"https:\/\/jiushidao.com\/pt\/wp-json\/wp\/v2\/product"}],"about":[{"href":"https:\/\/jiushidao.com\/pt\/wp-json\/wp\/v2\/types\/product"}],"replies":[{"embeddable":true,"href":"https:\/\/jiushidao.com\/pt\/wp-json\/wp\/v2\/comments?post=651"}],"version-history":[{"count":4,"href":"https:\/\/jiushidao.com\/pt\/wp-json\/wp\/v2\/product\/651\/revisions"}],"predecessor-version":[{"id":761,"href":"https:\/\/jiushidao.com\/pt\/wp-json\/wp\/v2\/product\/651\/revisions\/761"}],"wp:featuredmedia":[{"embeddable":true,"href":"https:\/\/jiushidao.com\/pt\/wp-json\/wp\/v2\/media\/653"}],"wp:attachment":[{"href":"https:\/\/jiushidao.com\/pt\/wp-json\/wp\/v2\/media?parent=651"}],"wp:term":[{"taxonomy":"product_brand","embeddable":true,"href":"https:\/\/jiushidao.com\/pt\/wp-json\/wp\/v2\/product_brand?post=651"},{"taxonomy":"product_cat","embeddable":true,"href":"https:\/\/jiushidao.com\/pt\/wp-json\/wp\/v2\/product_cat?post=651"},{"taxonomy":"product_tag","embeddable":true,"href":"https:\/\/jiushidao.com\/pt\/wp-json\/wp\/v2\/product_tag?post=651"}],"curies":[{"name":"wp","href":"https:\/\/api.w.org\/{rel}","templated":true}]}}