{"id":648,"date":"2025-10-29T08:23:15","date_gmt":"2025-10-29T08:23:15","guid":{"rendered":"https:\/\/jiushidao.com\/?post_type=product&#038;p=648"},"modified":"2025-10-30T11:30:21","modified_gmt":"2025-10-30T11:30:21","slug":"sapphire-raisins","status":"publish","type":"product","link":"https:\/\/jiushidao.com\/pt\/produto\/sapphire-raisins\/","title":{"rendered":"Uvas-passas de safira"},"content":{"rendered":"<section class=\"ybc-p\"><strong>Vers\u00e3o em ingl\u00eas para a loja internacional<\/strong>\u200b<\/section>\n<section class=\"ybc-p\">\u200b<strong>Uvas-passas Thompson sem sementes, secas ao sol: uma joia energ\u00e9tica da natureza.<\/strong>\u200b<\/section>\n<section class=\"ybc-p\">Amadurecidas ao sol nos o\u00e1sis de Xinjiang, nossas passas sem sementes s\u00e3o delicadamente secas para preservar sua do\u00e7ura semelhante \u00e0 do mel e sua textura macia. Cada baga dourada e suculenta \u00e9 uma fonte concentrada de nutri\u00e7\u00e3o natural.<\/section>\n<section class=\"ybc-p\">\u200b<strong>Por que voc\u00ea vai adorar:<\/strong>\u200b<\/section>\n<ul class=\"ybc-ul-component\">\n<li class=\"ybc-li-component ybc-li-component_ul\">\n<section class=\"ybc-p\">Rico em \u00e1cido tart\u00e1rico, frutose natural e fibras alimentares para o bem-estar digestivo.<\/section>\n<\/li>\n<li class=\"ybc-li-component ybc-li-component_ul\">\n<section class=\"ybc-p\">Rico em pot\u00e1ssio, c\u00e1lcio, ferro e mais de 10 amino\u00e1cidos essenciais.<\/section>\n<\/li>\n<li class=\"ybc-li-component ybc-li-component_ul\">\n<section class=\"ybc-p\">100% natural, sem adi\u00e7\u00e3o de a\u00e7\u00facar ou conservantes, alimento alcalinizante<\/section>\n<\/li>\n<\/ul>\n<section class=\"ybc-p\">\u200b<strong>Aproveite a qualquer hora, em qualquer lugar:<\/strong>\u200b<\/section>\n<section class=\"ybc-p\">Perfeito como lanche, em mix de frutas secas, iogurte ou produtos assados. Embalados individualmente para manter o frescor em qualquer lugar.<\/section>","protected":false},"excerpt":{"rendered":"<p>Uvas-passas Thompson sem sementes, secas ao sol: uma joia energ\u00e9tica da natureza. Amadurecidas ao sol nos o\u00e1sis de Xinjiang, nossas uvas-passas sem sementes s\u00e3o delicadamente secas para...<span class=\"excerpt-hellip\"> [\u2026]<\/span><\/p>","protected":false},"featured_media":649,"comment_status":"open","ping_status":"closed","template":"","meta":[],"product_brand":[52],"product_cat":[51],"product_tag":[],"class_list":{"0":"post-648","1":"product","2":"type-product","3":"status-publish","4":"has-post-thumbnail","6":"product_brand-guo_ren_shi_ke","7":"product_cat-dried_fruits_and_preserves","9":"first","10":"instock","11":"shipping-taxable","12":"product-type-simple"},"yoast_head":"<!-- This site is optimized with the Yoast SEO Premium plugin v25.8 (Yoast SEO v25.8) - https:\/\/yoast.com\/wordpress\/plugins\/seo\/ -->\n<title>Sapphire Raisins - Jiushidao - Global Food Marketplace for Business Growth and Cosumers<\/title>\n<meta name=\"robots\" content=\"index, follow, max-snippet:-1, max-image-preview:large, max-video-preview:-1\" \/>\n<link rel=\"canonical\" href=\"https:\/\/jiushidao.com\/pt\/produto\/sapphire-raisins\/\" \/>\n<meta property=\"og:locale\" content=\"pt_PT\" \/>\n<meta property=\"og:type\" content=\"article\" \/>\n<meta property=\"og:title\" content=\"Sapphire Raisins\" \/>\n<meta property=\"og:description\" content=\"English Version for International Store\u200b\u200b \u200b\u200bSun-Dried Thompson Seedless Raisins: Nature&#8217;s Energy Gem\u200b\u200b Sun-ripened in the oasis basins of Xinjiang, our seedless raisins are gently dried to [\u2026]\" \/>\n<meta property=\"og:url\" content=\"https:\/\/jiushidao.com\/pt\/produto\/sapphire-raisins\/\" \/>\n<meta property=\"og:site_name\" content=\"Jiushidao - Global Food Marketplace for Business Growth and Cosumers\" \/>\n<meta property=\"article:modified_time\" content=\"2025-10-30T11:30:21+00:00\" \/>\n<meta property=\"og:image\" content=\"https:\/\/jiushidao.com\/wp-content\/uploads\/2025\/10\/21-1200x1200.png\" \/>\n\t<meta property=\"og:image:width\" content=\"1200\" \/>\n\t<meta property=\"og:image:height\" content=\"1200\" \/>\n\t<meta property=\"og:image:type\" content=\"image\/png\" \/>\n<meta name=\"twitter:card\" content=\"summary_large_image\" \/>\n<meta name=\"twitter:label1\" content=\"Tempo estimado de leitura\" \/>\n\t<meta name=\"twitter:data1\" content=\"1 minuto\" \/>\n<script type=\"application\/ld+json\" class=\"yoast-schema-graph\">{\"@context\":\"https:\/\/schema.org\",\"@graph\":[{\"@type\":\"WebPage\",\"@id\":\"https:\/\/jiushidao.com\/product\/sapphire-raisins\/\",\"url\":\"https:\/\/jiushidao.com\/product\/sapphire-raisins\/\",\"name\":\"Sapphire Raisins - Jiushidao - Global Food Marketplace for Business Growth and Cosumers\",\"isPartOf\":{\"@id\":\"https:\/\/jiushidao.com\/#website\"},\"primaryImageOfPage\":{\"@id\":\"https:\/\/jiushidao.com\/product\/sapphire-raisins\/#primaryimage\"},\"image\":{\"@id\":\"https:\/\/jiushidao.com\/product\/sapphire-raisins\/#primaryimage\"},\"thumbnailUrl\":\"https:\/\/jiushidao.com\/wp-content\/uploads\/2025\/10\/21.png\",\"datePublished\":\"2025-10-29T08:23:15+00:00\",\"dateModified\":\"2025-10-30T11:30:21+00:00\",\"breadcrumb\":{\"@id\":\"https:\/\/jiushidao.com\/product\/sapphire-raisins\/#breadcrumb\"},\"inLanguage\":\"pt-PT\",\"potentialAction\":[{\"@type\":\"ReadAction\",\"target\":[\"https:\/\/jiushidao.com\/product\/sapphire-raisins\/\"]}]},{\"@type\":\"ImageObject\",\"inLanguage\":\"pt-PT\",\"@id\":\"https:\/\/jiushidao.com\/product\/sapphire-raisins\/#primaryimage\",\"url\":\"https:\/\/jiushidao.com\/wp-content\/uploads\/2025\/10\/21.png\",\"contentUrl\":\"https:\/\/jiushidao.com\/wp-content\/uploads\/2025\/10\/21.png\",\"width\":1600,\"height\":1600},{\"@type\":\"BreadcrumbList\",\"@id\":\"https:\/\/jiushidao.com\/product\/sapphire-raisins\/#breadcrumb\",\"itemListElement\":[{\"@type\":\"ListItem\",\"position\":1,\"name\":\"Home\",\"item\":\"https:\/\/jiushidao.com\/\"},{\"@type\":\"ListItem\",\"position\":2,\"name\":\"Store\",\"item\":\"https:\/\/jiushidao.com\/store\/\"},{\"@type\":\"ListItem\",\"position\":3,\"name\":\"Sapphire Raisins\"}]},{\"@type\":\"WebSite\",\"@id\":\"https:\/\/jiushidao.com\/#website\",\"url\":\"https:\/\/jiushidao.com\/\",\"name\":\"Jiushidao - Global Food Marketplace for Business Growth and Cosumers\",\"description\":\"Jiushidao - Global Food Marketplace for Business Growth and Cosumers\",\"potentialAction\":[{\"@type\":\"SearchAction\",\"target\":{\"@type\":\"EntryPoint\",\"urlTemplate\":\"https:\/\/jiushidao.com\/?s={search_term_string}\"},\"query-input\":{\"@type\":\"PropertyValueSpecification\",\"valueRequired\":true,\"valueName\":\"search_term_string\"}}],\"inLanguage\":\"pt-PT\"}]}<\/script>\n<!-- \/ Yoast SEO Premium plugin. -->","yoast_head_json":{"title":"Sapphire Raisins - Jiushidao - Global Food Marketplace for Business Growth and Cosumers","robots":{"index":"index","follow":"follow","max-snippet":"max-snippet:-1","max-image-preview":"max-image-preview:large","max-video-preview":"max-video-preview:-1"},"canonical":"https:\/\/jiushidao.com\/pt\/produto\/sapphire-raisins\/","og_locale":"pt_PT","og_type":"article","og_title":"Sapphire Raisins","og_description":"English Version for International Store\u200b\u200b \u200b\u200bSun-Dried Thompson Seedless Raisins: Nature&#8217;s Energy Gem\u200b\u200b Sun-ripened in the oasis basins of Xinjiang, our seedless raisins are gently dried to [\u2026]","og_url":"https:\/\/jiushidao.com\/pt\/produto\/sapphire-raisins\/","og_site_name":"Jiushidao - Global Food Marketplace for Business Growth and Cosumers","article_modified_time":"2025-10-30T11:30:21+00:00","og_image":[{"width":1200,"height":1200,"url":"https:\/\/jiushidao.com\/wp-content\/uploads\/2025\/10\/21-1200x1200.png","type":"image\/png"}],"twitter_card":"summary_large_image","twitter_misc":{"Tempo estimado de leitura":"1 minuto"},"schema":{"@context":"https:\/\/schema.org","@graph":[{"@type":"WebPage","@id":"https:\/\/jiushidao.com\/product\/sapphire-raisins\/","url":"https:\/\/jiushidao.com\/product\/sapphire-raisins\/","name":"Sapphire Raisins - Jiushidao - Global Food Marketplace for Business Growth and Cosumers","isPartOf":{"@id":"https:\/\/jiushidao.com\/#website"},"primaryImageOfPage":{"@id":"https:\/\/jiushidao.com\/product\/sapphire-raisins\/#primaryimage"},"image":{"@id":"https:\/\/jiushidao.com\/product\/sapphire-raisins\/#primaryimage"},"thumbnailUrl":"https:\/\/jiushidao.com\/wp-content\/uploads\/2025\/10\/21.png","datePublished":"2025-10-29T08:23:15+00:00","dateModified":"2025-10-30T11:30:21+00:00","breadcrumb":{"@id":"https:\/\/jiushidao.com\/product\/sapphire-raisins\/#breadcrumb"},"inLanguage":"pt-PT","potentialAction":[{"@type":"ReadAction","target":["https:\/\/jiushidao.com\/product\/sapphire-raisins\/"]}]},{"@type":"ImageObject","inLanguage":"pt-PT","@id":"https:\/\/jiushidao.com\/product\/sapphire-raisins\/#primaryimage","url":"https:\/\/jiushidao.com\/wp-content\/uploads\/2025\/10\/21.png","contentUrl":"https:\/\/jiushidao.com\/wp-content\/uploads\/2025\/10\/21.png","width":1600,"height":1600},{"@type":"BreadcrumbList","@id":"https:\/\/jiushidao.com\/product\/sapphire-raisins\/#breadcrumb","itemListElement":[{"@type":"ListItem","position":1,"name":"Home","item":"https:\/\/jiushidao.com\/"},{"@type":"ListItem","position":2,"name":"Store","item":"https:\/\/jiushidao.com\/store\/"},{"@type":"ListItem","position":3,"name":"Sapphire Raisins"}]},{"@type":"WebSite","@id":"https:\/\/jiushidao.com\/#website","url":"https:\/\/jiushidao.com\/","name":"Jiushidao - Global Food Marketplace for Business Growth and Cosumers","description":"Jiushidao - Global Food Marketplace for Business Growth and Cosumers","potentialAction":[{"@type":"SearchAction","target":{"@type":"EntryPoint","urlTemplate":"https:\/\/jiushidao.com\/?s={search_term_string}"},"query-input":{"@type":"PropertyValueSpecification","valueRequired":true,"valueName":"search_term_string"}}],"inLanguage":"pt-PT"}]}},"_links":{"self":[{"href":"https:\/\/jiushidao.com\/pt\/wp-json\/wp\/v2\/product\/648","targetHints":{"allow":["GET"]}}],"collection":[{"href":"https:\/\/jiushidao.com\/pt\/wp-json\/wp\/v2\/product"}],"about":[{"href":"https:\/\/jiushidao.com\/pt\/wp-json\/wp\/v2\/types\/product"}],"replies":[{"embeddable":true,"href":"https:\/\/jiushidao.com\/pt\/wp-json\/wp\/v2\/comments?post=648"}],"version-history":[{"count":3,"href":"https:\/\/jiushidao.com\/pt\/wp-json\/wp\/v2\/product\/648\/revisions"}],"predecessor-version":[{"id":763,"href":"https:\/\/jiushidao.com\/pt\/wp-json\/wp\/v2\/product\/648\/revisions\/763"}],"wp:featuredmedia":[{"embeddable":true,"href":"https:\/\/jiushidao.com\/pt\/wp-json\/wp\/v2\/media\/649"}],"wp:attachment":[{"href":"https:\/\/jiushidao.com\/pt\/wp-json\/wp\/v2\/media?parent=648"}],"wp:term":[{"taxonomy":"product_brand","embeddable":true,"href":"https:\/\/jiushidao.com\/pt\/wp-json\/wp\/v2\/product_brand?post=648"},{"taxonomy":"product_cat","embeddable":true,"href":"https:\/\/jiushidao.com\/pt\/wp-json\/wp\/v2\/product_cat?post=648"},{"taxonomy":"product_tag","embeddable":true,"href":"https:\/\/jiushidao.com\/pt\/wp-json\/wp\/v2\/product_tag?post=648"}],"curies":[{"name":"wp","href":"https:\/\/api.w.org\/{rel}","templated":true}]}}