{"id":645,"date":"2025-10-29T08:21:23","date_gmt":"2025-10-29T08:21:23","guid":{"rendered":"https:\/\/jiushidao.com\/?post_type=product&#038;p=645"},"modified":"2025-10-30T12:22:31","modified_gmt":"2025-10-30T12:22:31","slug":"blackcurrant-raisins","status":"publish","type":"product","link":"https:\/\/jiushidao.com\/pt\/produto\/blackcurrant-raisins\/","title":{"rendered":"Passas de groselha preta"},"content":{"rendered":"<section class=\"ybc-p\"><strong>Uvas-passas de groselha preta de Kashgar: Do\u00e7ura intensa, natureza pura.<\/strong>\u200b<\/section>\n<section class=\"ybc-p\">Origin\u00e1rias dos vinhedos ensolarados de Kashgar, Xinjiang, nossas passas de groselha preta s\u00e3o um testemunho de pureza e sabor. Cada lote \u00e9 primeiro selecionado mecanicamente e depois cuidadosamente escolhido \u00e0 m\u00e3o para garantir que cada passa seja excepcionalmente suculenta, de cor intensa e sempre deliciosa.<\/section>\n<section class=\"ybc-p\">\u200b<strong>Principais caracter\u00edsticas:<\/strong>\u200b<\/section>\n<ul class=\"ybc-ul-component\">\n<li class=\"ybc-li-component ybc-li-component_ul\">\n<section class=\"ybc-p\">\u200b<strong>Do\u00e7ura banhada de sol:<\/strong>Cultivadas sob o sol intenso de Kashgar, para um sabor profundo e concentrado de frutos silvestres.<\/section>\n<\/li>\n<li class=\"ybc-li-component ybc-li-component_ul\">\n<section class=\"ybc-p\">\u200b<strong>Sele\u00e7\u00e3o em dois est\u00e1gios:<\/strong>Combina a triagem por m\u00e1quinas com a sele\u00e7\u00e3o manual meticulosa para garantir a qualidade.<\/section>\n<\/li>\n<li class=\"ybc-li-component ybc-li-component_ul\">\n<section class=\"ybc-p\">\u200b<strong>Textura macia e suculenta:<\/strong>Cada uva-passa \u00e9 macia, mastig\u00e1vel e repleta de sucos naturais.<\/section>\n<\/li>\n<li class=\"ybc-li-component ybc-li-component_ul\">\n<section class=\"ybc-p\">\u200b<strong>100% Puro:<\/strong>Sem aditivos, sem conservantes \u2014 apenas fruta pura e rica em nutrientes.<\/section>\n<\/li>\n<li class=\"ybc-li-component ybc-li-component_ul\">\n<section class=\"ybc-p\">\u200b<strong>Divers\u00e3o vers\u00e1til:<\/strong>Perfeito para lanches, para usar em receitas ou para adicionar a misturas de frutas secas e cereais.<\/section>\n<\/li>\n<\/ul>","protected":false},"excerpt":{"rendered":"<p>Uvas-passas de groselha preta de Kashgar: Do\u00e7ura intensa, natureza pura. Provenientes dos vinhedos ensolarados de Kashgar, Xinjiang, nossas uvas-passas de groselha preta s\u00e3o um testemunho de pureza e sabor. Cada uma<span class=\"excerpt-hellip\"> [\u2026]<\/span><\/p>","protected":false},"featured_media":646,"comment_status":"open","ping_status":"closed","template":"","meta":[],"product_brand":[52],"product_cat":[51],"product_tag":[],"class_list":{"0":"post-645","1":"product","2":"type-product","3":"status-publish","4":"has-post-thumbnail","6":"product_brand-guo_ren_shi_ke","7":"product_cat-dried_fruits_and_preserves","9":"first","10":"instock","11":"shipping-taxable","12":"product-type-simple"},"yoast_head":"<!-- This site is optimized with the Yoast SEO Premium plugin v25.8 (Yoast SEO v25.8) - https:\/\/yoast.com\/wordpress\/plugins\/seo\/ -->\n<title>Blackcurrant Raisins - Jiushidao - Global Food Marketplace for Business Growth and Cosumers<\/title>\n<meta name=\"robots\" content=\"index, follow, max-snippet:-1, max-image-preview:large, max-video-preview:-1\" \/>\n<link rel=\"canonical\" href=\"https:\/\/jiushidao.com\/pt\/produto\/blackcurrant-raisins\/\" \/>\n<meta property=\"og:locale\" content=\"pt_PT\" \/>\n<meta property=\"og:type\" content=\"article\" \/>\n<meta property=\"og:title\" content=\"Blackcurrant Raisins\" \/>\n<meta property=\"og:description\" content=\"Kashgar Blackcurrant Raisins: Intense Sweetness, Pure Nature\u200b\u200b Sourced from the sun-drenched vineyards of Kashgar, Xinjiang, our blackcurrant raisins are a testament to purity and flavor. Each [\u2026]\" \/>\n<meta property=\"og:url\" content=\"https:\/\/jiushidao.com\/pt\/produto\/blackcurrant-raisins\/\" \/>\n<meta property=\"og:site_name\" content=\"Jiushidao - Global Food Marketplace for Business Growth and Cosumers\" \/>\n<meta property=\"article:modified_time\" content=\"2025-10-30T12:22:31+00:00\" \/>\n<meta property=\"og:image\" content=\"https:\/\/jiushidao.com\/wp-content\/uploads\/2025\/10\/20-1200x1200.png\" \/>\n\t<meta property=\"og:image:width\" content=\"1200\" \/>\n\t<meta property=\"og:image:height\" content=\"1200\" \/>\n\t<meta property=\"og:image:type\" content=\"image\/png\" \/>\n<meta name=\"twitter:card\" content=\"summary_large_image\" \/>\n<meta name=\"twitter:label1\" content=\"Tempo estimado de leitura\" \/>\n\t<meta name=\"twitter:data1\" content=\"1 minuto\" \/>\n<script type=\"application\/ld+json\" class=\"yoast-schema-graph\">{\"@context\":\"https:\/\/schema.org\",\"@graph\":[{\"@type\":\"WebPage\",\"@id\":\"https:\/\/jiushidao.com\/product\/blackcurrant-raisins\/\",\"url\":\"https:\/\/jiushidao.com\/product\/blackcurrant-raisins\/\",\"name\":\"Blackcurrant Raisins - Jiushidao - Global Food Marketplace for Business Growth and Cosumers\",\"isPartOf\":{\"@id\":\"https:\/\/jiushidao.com\/#website\"},\"primaryImageOfPage\":{\"@id\":\"https:\/\/jiushidao.com\/product\/blackcurrant-raisins\/#primaryimage\"},\"image\":{\"@id\":\"https:\/\/jiushidao.com\/product\/blackcurrant-raisins\/#primaryimage\"},\"thumbnailUrl\":\"https:\/\/jiushidao.com\/wp-content\/uploads\/2025\/10\/20.png\",\"datePublished\":\"2025-10-29T08:21:23+00:00\",\"dateModified\":\"2025-10-30T12:22:31+00:00\",\"breadcrumb\":{\"@id\":\"https:\/\/jiushidao.com\/product\/blackcurrant-raisins\/#breadcrumb\"},\"inLanguage\":\"pt-PT\",\"potentialAction\":[{\"@type\":\"ReadAction\",\"target\":[\"https:\/\/jiushidao.com\/product\/blackcurrant-raisins\/\"]}]},{\"@type\":\"ImageObject\",\"inLanguage\":\"pt-PT\",\"@id\":\"https:\/\/jiushidao.com\/product\/blackcurrant-raisins\/#primaryimage\",\"url\":\"https:\/\/jiushidao.com\/wp-content\/uploads\/2025\/10\/20.png\",\"contentUrl\":\"https:\/\/jiushidao.com\/wp-content\/uploads\/2025\/10\/20.png\",\"width\":1600,\"height\":1600},{\"@type\":\"BreadcrumbList\",\"@id\":\"https:\/\/jiushidao.com\/product\/blackcurrant-raisins\/#breadcrumb\",\"itemListElement\":[{\"@type\":\"ListItem\",\"position\":1,\"name\":\"Home\",\"item\":\"https:\/\/jiushidao.com\/\"},{\"@type\":\"ListItem\",\"position\":2,\"name\":\"Store\",\"item\":\"https:\/\/jiushidao.com\/store\/\"},{\"@type\":\"ListItem\",\"position\":3,\"name\":\"Blackcurrant Raisins\"}]},{\"@type\":\"WebSite\",\"@id\":\"https:\/\/jiushidao.com\/#website\",\"url\":\"https:\/\/jiushidao.com\/\",\"name\":\"Jiushidao - Global Food Marketplace for Business Growth and Cosumers\",\"description\":\"Jiushidao - Global Food Marketplace for Business Growth and Cosumers\",\"potentialAction\":[{\"@type\":\"SearchAction\",\"target\":{\"@type\":\"EntryPoint\",\"urlTemplate\":\"https:\/\/jiushidao.com\/?s={search_term_string}\"},\"query-input\":{\"@type\":\"PropertyValueSpecification\",\"valueRequired\":true,\"valueName\":\"search_term_string\"}}],\"inLanguage\":\"pt-PT\"}]}<\/script>\n<!-- \/ Yoast SEO Premium plugin. -->","yoast_head_json":{"title":"Blackcurrant Raisins - Jiushidao - Global Food Marketplace for Business Growth and Cosumers","robots":{"index":"index","follow":"follow","max-snippet":"max-snippet:-1","max-image-preview":"max-image-preview:large","max-video-preview":"max-video-preview:-1"},"canonical":"https:\/\/jiushidao.com\/pt\/produto\/blackcurrant-raisins\/","og_locale":"pt_PT","og_type":"article","og_title":"Blackcurrant Raisins","og_description":"Kashgar Blackcurrant Raisins: Intense Sweetness, Pure Nature\u200b\u200b Sourced from the sun-drenched vineyards of Kashgar, Xinjiang, our blackcurrant raisins are a testament to purity and flavor. Each [\u2026]","og_url":"https:\/\/jiushidao.com\/pt\/produto\/blackcurrant-raisins\/","og_site_name":"Jiushidao - Global Food Marketplace for Business Growth and Cosumers","article_modified_time":"2025-10-30T12:22:31+00:00","og_image":[{"width":1200,"height":1200,"url":"https:\/\/jiushidao.com\/wp-content\/uploads\/2025\/10\/20-1200x1200.png","type":"image\/png"}],"twitter_card":"summary_large_image","twitter_misc":{"Tempo estimado de leitura":"1 minuto"},"schema":{"@context":"https:\/\/schema.org","@graph":[{"@type":"WebPage","@id":"https:\/\/jiushidao.com\/product\/blackcurrant-raisins\/","url":"https:\/\/jiushidao.com\/product\/blackcurrant-raisins\/","name":"Blackcurrant Raisins - Jiushidao - Global Food Marketplace for Business Growth and Cosumers","isPartOf":{"@id":"https:\/\/jiushidao.com\/#website"},"primaryImageOfPage":{"@id":"https:\/\/jiushidao.com\/product\/blackcurrant-raisins\/#primaryimage"},"image":{"@id":"https:\/\/jiushidao.com\/product\/blackcurrant-raisins\/#primaryimage"},"thumbnailUrl":"https:\/\/jiushidao.com\/wp-content\/uploads\/2025\/10\/20.png","datePublished":"2025-10-29T08:21:23+00:00","dateModified":"2025-10-30T12:22:31+00:00","breadcrumb":{"@id":"https:\/\/jiushidao.com\/product\/blackcurrant-raisins\/#breadcrumb"},"inLanguage":"pt-PT","potentialAction":[{"@type":"ReadAction","target":["https:\/\/jiushidao.com\/product\/blackcurrant-raisins\/"]}]},{"@type":"ImageObject","inLanguage":"pt-PT","@id":"https:\/\/jiushidao.com\/product\/blackcurrant-raisins\/#primaryimage","url":"https:\/\/jiushidao.com\/wp-content\/uploads\/2025\/10\/20.png","contentUrl":"https:\/\/jiushidao.com\/wp-content\/uploads\/2025\/10\/20.png","width":1600,"height":1600},{"@type":"BreadcrumbList","@id":"https:\/\/jiushidao.com\/product\/blackcurrant-raisins\/#breadcrumb","itemListElement":[{"@type":"ListItem","position":1,"name":"Home","item":"https:\/\/jiushidao.com\/"},{"@type":"ListItem","position":2,"name":"Store","item":"https:\/\/jiushidao.com\/store\/"},{"@type":"ListItem","position":3,"name":"Blackcurrant Raisins"}]},{"@type":"WebSite","@id":"https:\/\/jiushidao.com\/#website","url":"https:\/\/jiushidao.com\/","name":"Jiushidao - Global Food Marketplace for Business Growth and Cosumers","description":"Jiushidao - Global Food Marketplace for Business Growth and Cosumers","potentialAction":[{"@type":"SearchAction","target":{"@type":"EntryPoint","urlTemplate":"https:\/\/jiushidao.com\/?s={search_term_string}"},"query-input":{"@type":"PropertyValueSpecification","valueRequired":true,"valueName":"search_term_string"}}],"inLanguage":"pt-PT"}]}},"_links":{"self":[{"href":"https:\/\/jiushidao.com\/pt\/wp-json\/wp\/v2\/product\/645","targetHints":{"allow":["GET"]}}],"collection":[{"href":"https:\/\/jiushidao.com\/pt\/wp-json\/wp\/v2\/product"}],"about":[{"href":"https:\/\/jiushidao.com\/pt\/wp-json\/wp\/v2\/types\/product"}],"replies":[{"embeddable":true,"href":"https:\/\/jiushidao.com\/pt\/wp-json\/wp\/v2\/comments?post=645"}],"version-history":[{"count":3,"href":"https:\/\/jiushidao.com\/pt\/wp-json\/wp\/v2\/product\/645\/revisions"}],"predecessor-version":[{"id":764,"href":"https:\/\/jiushidao.com\/pt\/wp-json\/wp\/v2\/product\/645\/revisions\/764"}],"wp:featuredmedia":[{"embeddable":true,"href":"https:\/\/jiushidao.com\/pt\/wp-json\/wp\/v2\/media\/646"}],"wp:attachment":[{"href":"https:\/\/jiushidao.com\/pt\/wp-json\/wp\/v2\/media?parent=645"}],"wp:term":[{"taxonomy":"product_brand","embeddable":true,"href":"https:\/\/jiushidao.com\/pt\/wp-json\/wp\/v2\/product_brand?post=645"},{"taxonomy":"product_cat","embeddable":true,"href":"https:\/\/jiushidao.com\/pt\/wp-json\/wp\/v2\/product_cat?post=645"},{"taxonomy":"product_tag","embeddable":true,"href":"https:\/\/jiushidao.com\/pt\/wp-json\/wp\/v2\/product_tag?post=645"}],"curies":[{"name":"wp","href":"https:\/\/api.w.org\/{rel}","templated":true}]}}