{"id":629,"date":"2025-10-29T08:12:09","date_gmt":"2025-10-29T08:12:09","guid":{"rendered":"https:\/\/jiushidao.com\/?post_type=product&#038;p=629"},"modified":"2025-10-30T13:01:24","modified_gmt":"2025-10-30T13:01:24","slug":"pecans","status":"publish","type":"product","link":"https:\/\/jiushidao.com\/pt\/produto\/pecans\/","title":{"rendered":"Nozes-pec\u00e3"},"content":{"rendered":"<section class=\"ybc-p\"><strong>Nozes Pec\u00e3 Premium: Uma Del\u00edcia Crocante e Amanteigada da Despensa da Natureza<\/strong>\u200b<\/section>\n<section class=\"ybc-p\">Feitas com nozes-pec\u00e3 selecionadas, cada uma apresenta uma casca fina e f\u00e1cil de quebrar, com uma elegante colora\u00e7\u00e3o marrom-clara. Por dentro, o miolo \u00e9 carnudo e com uma cor verde-jade, delicadamente torrado em baixas temperaturas para liberar um aroma rico e cremoso. Com uma croc\u00e2ncia satisfat\u00f3ria que se transforma em uma textura macia e densa, essas nozes-pec\u00e3 oferecem um sabor sutilmente adocicado e n\u00e3o oleoso, com um final duradouro.<\/section>\n<section class=\"ybc-p\">Ricas em \u00e1cidos graxos insaturados, vitamina E e zinco, um punhado por dia nutre o corpo e a mente. Seja para acompanhar a TV ou para dar um impulso de energia no escrit\u00f3rio, essas nozes-pec\u00e3 prontas para consumo trazem a bondade dos pomares norte-americanos diretamente para voc\u00ea \u2014 um deleite verdadeiramente requintado e saud\u00e1vel.<\/section>\n<section class=\"ybc-p\">\u200b<strong>Principais caracter\u00edsticas:<\/strong>\u200b<\/section>\n<ul class=\"ybc-ul-component\">\n<li class=\"ybc-li-component ybc-li-component_ul\">\n<section class=\"ybc-p\">\u200b<strong>Casca fina e miolo grosso:<\/strong>F\u00e1cil de quebrar, recompensa com uma am\u00eandoa inteira, de textura semelhante \u00e0 jade.<\/section>\n<\/li>\n<li class=\"ybc-li-component ybc-li-component_ul\">\n<section class=\"ybc-p\">\u200b<strong>Torrado em baixa temperatura:<\/strong>Preservando um aroma natural e cremoso e uma textura crocante, por\u00e9m macia.<\/section>\n<\/li>\n<li class=\"ybc-li-component ybc-li-component_ul\">\n<section class=\"ybc-p\">\u200b<strong>Rico em nutrientes:<\/strong>Rico em gorduras insaturadas, vitamina E e zinco para o bem-estar di\u00e1rio.<\/section>\n<\/li>\n<li class=\"ybc-li-component ybc-li-component_ul\">\n<section class=\"ybc-p\">\u200b<strong>Pronto para desfrutar:<\/strong>Perfeito para petiscar, oferecer como presente ou adicionar a sobremesas e saladas.<\/section>\n<\/li>\n<\/ul>","protected":false},"excerpt":{"rendered":"<p>Nozes Pec\u00e3 Premium: Uma Del\u00edcia Crocante e Amanteigada da Despensa da Natureza. Feitas com nozes pec\u00e3 selecionadas, cada uma possui uma casca fina e f\u00e1cil de quebrar, com uma elegante colora\u00e7\u00e3o marrom-clara. Por dentro, o<span class=\"excerpt-hellip\"> [\u2026]<\/span><\/p>","protected":false},"featured_media":630,"comment_status":"open","ping_status":"closed","template":"","meta":[],"product_brand":[52],"product_cat":[51],"product_tag":[],"class_list":{"0":"post-629","1":"product","2":"type-product","3":"status-publish","4":"has-post-thumbnail","6":"product_brand-guo_ren_shi_ke","7":"product_cat-dried_fruits_and_preserves","9":"first","10":"instock","11":"shipping-taxable","12":"product-type-simple"},"yoast_head":"<!-- This site is optimized with the Yoast SEO Premium plugin v25.8 (Yoast SEO v25.8) - https:\/\/yoast.com\/wordpress\/plugins\/seo\/ -->\n<title>Pecans - Jiushidao - Global Food Marketplace for Business Growth and Cosumers<\/title>\n<meta name=\"robots\" content=\"index, follow, max-snippet:-1, max-image-preview:large, max-video-preview:-1\" \/>\n<link rel=\"canonical\" href=\"https:\/\/jiushidao.com\/pt\/produto\/pecans\/\" \/>\n<meta property=\"og:locale\" content=\"pt_PT\" \/>\n<meta property=\"og:type\" content=\"article\" \/>\n<meta property=\"og:title\" content=\"Pecans\" \/>\n<meta property=\"og:description\" content=\"Premium Pecans: A Crisp, Buttery Delight from Nature\u2018s Pantry\u200b\u200b Crafted from select pecans, each nut features a thin, easy-to-crack shell with elegant light brown\u7eb9\u7406. Inside, the [\u2026]\" \/>\n<meta property=\"og:url\" content=\"https:\/\/jiushidao.com\/pt\/produto\/pecans\/\" \/>\n<meta property=\"og:site_name\" content=\"Jiushidao - Global Food Marketplace for Business Growth and Cosumers\" \/>\n<meta property=\"article:modified_time\" content=\"2025-10-30T13:01:24+00:00\" \/>\n<meta property=\"og:image\" content=\"https:\/\/jiushidao.com\/wp-content\/uploads\/2025\/10\/15.png\" \/>\n\t<meta property=\"og:image:width\" content=\"650\" \/>\n\t<meta property=\"og:image:height\" content=\"647\" \/>\n\t<meta property=\"og:image:type\" content=\"image\/png\" \/>\n<meta name=\"twitter:card\" content=\"summary_large_image\" \/>\n<meta name=\"twitter:label1\" content=\"Tempo estimado de leitura\" \/>\n\t<meta name=\"twitter:data1\" content=\"1 minuto\" \/>\n<script type=\"application\/ld+json\" class=\"yoast-schema-graph\">{\"@context\":\"https:\/\/schema.org\",\"@graph\":[{\"@type\":\"WebPage\",\"@id\":\"https:\/\/jiushidao.com\/product\/pecans\/\",\"url\":\"https:\/\/jiushidao.com\/product\/pecans\/\",\"name\":\"Pecans - Jiushidao - Global Food Marketplace for Business Growth and Cosumers\",\"isPartOf\":{\"@id\":\"https:\/\/jiushidao.com\/#website\"},\"primaryImageOfPage\":{\"@id\":\"https:\/\/jiushidao.com\/product\/pecans\/#primaryimage\"},\"image\":{\"@id\":\"https:\/\/jiushidao.com\/product\/pecans\/#primaryimage\"},\"thumbnailUrl\":\"https:\/\/jiushidao.com\/wp-content\/uploads\/2025\/10\/15.png\",\"datePublished\":\"2025-10-29T08:12:09+00:00\",\"dateModified\":\"2025-10-30T13:01:24+00:00\",\"breadcrumb\":{\"@id\":\"https:\/\/jiushidao.com\/product\/pecans\/#breadcrumb\"},\"inLanguage\":\"pt-PT\",\"potentialAction\":[{\"@type\":\"ReadAction\",\"target\":[\"https:\/\/jiushidao.com\/product\/pecans\/\"]}]},{\"@type\":\"ImageObject\",\"inLanguage\":\"pt-PT\",\"@id\":\"https:\/\/jiushidao.com\/product\/pecans\/#primaryimage\",\"url\":\"https:\/\/jiushidao.com\/wp-content\/uploads\/2025\/10\/15.png\",\"contentUrl\":\"https:\/\/jiushidao.com\/wp-content\/uploads\/2025\/10\/15.png\",\"width\":650,\"height\":647},{\"@type\":\"BreadcrumbList\",\"@id\":\"https:\/\/jiushidao.com\/product\/pecans\/#breadcrumb\",\"itemListElement\":[{\"@type\":\"ListItem\",\"position\":1,\"name\":\"Home\",\"item\":\"https:\/\/jiushidao.com\/\"},{\"@type\":\"ListItem\",\"position\":2,\"name\":\"Store\",\"item\":\"https:\/\/jiushidao.com\/store\/\"},{\"@type\":\"ListItem\",\"position\":3,\"name\":\"Pecans\"}]},{\"@type\":\"WebSite\",\"@id\":\"https:\/\/jiushidao.com\/#website\",\"url\":\"https:\/\/jiushidao.com\/\",\"name\":\"Jiushidao - Global Food Marketplace for Business Growth and Cosumers\",\"description\":\"Jiushidao - Global Food Marketplace for Business Growth and Cosumers\",\"potentialAction\":[{\"@type\":\"SearchAction\",\"target\":{\"@type\":\"EntryPoint\",\"urlTemplate\":\"https:\/\/jiushidao.com\/?s={search_term_string}\"},\"query-input\":{\"@type\":\"PropertyValueSpecification\",\"valueRequired\":true,\"valueName\":\"search_term_string\"}}],\"inLanguage\":\"pt-PT\"}]}<\/script>\n<!-- \/ Yoast SEO Premium plugin. -->","yoast_head_json":{"title":"Pecans - Jiushidao - Global Food Marketplace for Business Growth and Cosumers","robots":{"index":"index","follow":"follow","max-snippet":"max-snippet:-1","max-image-preview":"max-image-preview:large","max-video-preview":"max-video-preview:-1"},"canonical":"https:\/\/jiushidao.com\/pt\/produto\/pecans\/","og_locale":"pt_PT","og_type":"article","og_title":"Pecans","og_description":"Premium Pecans: A Crisp, Buttery Delight from Nature\u2018s Pantry\u200b\u200b Crafted from select pecans, each nut features a thin, easy-to-crack shell with elegant light brown\u7eb9\u7406. Inside, the [\u2026]","og_url":"https:\/\/jiushidao.com\/pt\/produto\/pecans\/","og_site_name":"Jiushidao - Global Food Marketplace for Business Growth and Cosumers","article_modified_time":"2025-10-30T13:01:24+00:00","og_image":[{"width":650,"height":647,"url":"https:\/\/jiushidao.com\/wp-content\/uploads\/2025\/10\/15.png","type":"image\/png"}],"twitter_card":"summary_large_image","twitter_misc":{"Tempo estimado de leitura":"1 minuto"},"schema":{"@context":"https:\/\/schema.org","@graph":[{"@type":"WebPage","@id":"https:\/\/jiushidao.com\/product\/pecans\/","url":"https:\/\/jiushidao.com\/product\/pecans\/","name":"Pecans - Jiushidao - Global Food Marketplace for Business Growth and Cosumers","isPartOf":{"@id":"https:\/\/jiushidao.com\/#website"},"primaryImageOfPage":{"@id":"https:\/\/jiushidao.com\/product\/pecans\/#primaryimage"},"image":{"@id":"https:\/\/jiushidao.com\/product\/pecans\/#primaryimage"},"thumbnailUrl":"https:\/\/jiushidao.com\/wp-content\/uploads\/2025\/10\/15.png","datePublished":"2025-10-29T08:12:09+00:00","dateModified":"2025-10-30T13:01:24+00:00","breadcrumb":{"@id":"https:\/\/jiushidao.com\/product\/pecans\/#breadcrumb"},"inLanguage":"pt-PT","potentialAction":[{"@type":"ReadAction","target":["https:\/\/jiushidao.com\/product\/pecans\/"]}]},{"@type":"ImageObject","inLanguage":"pt-PT","@id":"https:\/\/jiushidao.com\/product\/pecans\/#primaryimage","url":"https:\/\/jiushidao.com\/wp-content\/uploads\/2025\/10\/15.png","contentUrl":"https:\/\/jiushidao.com\/wp-content\/uploads\/2025\/10\/15.png","width":650,"height":647},{"@type":"BreadcrumbList","@id":"https:\/\/jiushidao.com\/product\/pecans\/#breadcrumb","itemListElement":[{"@type":"ListItem","position":1,"name":"Home","item":"https:\/\/jiushidao.com\/"},{"@type":"ListItem","position":2,"name":"Store","item":"https:\/\/jiushidao.com\/store\/"},{"@type":"ListItem","position":3,"name":"Pecans"}]},{"@type":"WebSite","@id":"https:\/\/jiushidao.com\/#website","url":"https:\/\/jiushidao.com\/","name":"Jiushidao - Global Food Marketplace for Business Growth and Cosumers","description":"Jiushidao - Global Food Marketplace for Business Growth and Cosumers","potentialAction":[{"@type":"SearchAction","target":{"@type":"EntryPoint","urlTemplate":"https:\/\/jiushidao.com\/?s={search_term_string}"},"query-input":{"@type":"PropertyValueSpecification","valueRequired":true,"valueName":"search_term_string"}}],"inLanguage":"pt-PT"}]}},"_links":{"self":[{"href":"https:\/\/jiushidao.com\/pt\/wp-json\/wp\/v2\/product\/629","targetHints":{"allow":["GET"]}}],"collection":[{"href":"https:\/\/jiushidao.com\/pt\/wp-json\/wp\/v2\/product"}],"about":[{"href":"https:\/\/jiushidao.com\/pt\/wp-json\/wp\/v2\/types\/product"}],"replies":[{"embeddable":true,"href":"https:\/\/jiushidao.com\/pt\/wp-json\/wp\/v2\/comments?post=629"}],"version-history":[{"count":3,"href":"https:\/\/jiushidao.com\/pt\/wp-json\/wp\/v2\/product\/629\/revisions"}],"predecessor-version":[{"id":775,"href":"https:\/\/jiushidao.com\/pt\/wp-json\/wp\/v2\/product\/629\/revisions\/775"}],"wp:featuredmedia":[{"embeddable":true,"href":"https:\/\/jiushidao.com\/pt\/wp-json\/wp\/v2\/media\/630"}],"wp:attachment":[{"href":"https:\/\/jiushidao.com\/pt\/wp-json\/wp\/v2\/media?parent=629"}],"wp:term":[{"taxonomy":"product_brand","embeddable":true,"href":"https:\/\/jiushidao.com\/pt\/wp-json\/wp\/v2\/product_brand?post=629"},{"taxonomy":"product_cat","embeddable":true,"href":"https:\/\/jiushidao.com\/pt\/wp-json\/wp\/v2\/product_cat?post=629"},{"taxonomy":"product_tag","embeddable":true,"href":"https:\/\/jiushidao.com\/pt\/wp-json\/wp\/v2\/product_tag?post=629"}],"curies":[{"name":"wp","href":"https:\/\/api.w.org\/{rel}","templated":true}]}}