{"id":626,"date":"2025-10-29T08:10:51","date_gmt":"2025-10-29T08:10:51","guid":{"rendered":"https:\/\/jiushidao.com\/?post_type=product&#038;p=626"},"modified":"2025-10-30T13:15:41","modified_gmt":"2025-10-30T13:15:41","slug":"cashew-nuts","status":"publish","type":"product","link":"https:\/\/jiushidao.com\/pt\/produto\/cashew-nuts\/","title":{"rendered":"Castanhas de caju"},"content":{"rendered":"<section class=\"ybc-p\"><strong>Castanhas de caju torradas em carv\u00e3o de Xinjiang: uma del\u00edcia crocante e defumada<\/strong>\u200b<\/section>\n<section class=\"ybc-p\">Feitas com castanhas de caju premium cultivadas nos pomares ensolarados de Xinjiang, cada castanha \u00e9 rechonchuda, redonda e cuidadosamente selecionada pela sua qualidade. Utilizamos um m\u00e9todo exclusivo de torrefa\u00e7\u00e3o em carv\u00e3o vegetal, que real\u00e7a as castanhas com um aroma defumado sutil e uma casquinha crocante e dourada. Levemente temperadas com um toque de sal marinho, estas castanhas de caju oferecem uma croc\u00e2ncia irresist\u00edvel e um sabor rico e delicioso que se torna ainda mais viciante a cada mordida.<\/section>\n<section class=\"ybc-p\">Ricas em prote\u00ednas, gorduras saud\u00e1veis e minerais essenciais, s\u00e3o um lanche nutritivo perfeito para saciar a fome ou dar um impulso de energia ao longo do dia. Saboreie-as diretamente da embalagem \u2014 sem necessidade de descascar \u2014 e aprecie o sabor do cuidado artesanal.<\/section>\n<section class=\"ybc-p\">\u200b<strong>Principais caracter\u00edsticas:<\/strong>\u200b<\/section>\n<ul class=\"ybc-ul-component\">\n<li class=\"ybc-li-component ybc-li-component_ul\">\n<section class=\"ybc-p\">\u200b<strong>Assar carnes em carv\u00e3o vegetal:<\/strong>Adiciona um aroma defumado natural e uma croc\u00e2ncia extra.<\/section>\n<\/li>\n<li class=\"ybc-li-component ybc-li-component_ul\">\n<section class=\"ybc-p\">\u200b<strong>Levemente salgado:<\/strong>Enriquecido com um toque de sal marinho para um sabor equilibrado e delicioso.<\/section>\n<\/li>\n<li class=\"ybc-li-component ybc-li-component_ul\">\n<section class=\"ybc-p\">\u200b<strong>Pronto para consumo:<\/strong>Sem casca \u2014 apenas am\u00eandoas de caju puras e douradas.<\/section>\n<\/li>\n<li class=\"ybc-li-component ybc-li-component_ul\">\n<section class=\"ybc-p\">\u200b<strong>Nutritivo e Saciante:<\/strong>Uma boa fonte de energia e nutrientes.<\/section>\n<\/li>\n<\/ul>","protected":false},"excerpt":{"rendered":"<p>Castanhas de caju torradas em carv\u00e3o de Xinjiang: uma del\u00edcia crocante e defumada. Feitas com castanhas de caju premium cultivadas nos pomares ensolarados de Xinjiang, cada castanha \u00e9 rechonchuda, redonda e cuidadosamente selecionada.<span class=\"excerpt-hellip\"> [\u2026]<\/span><\/p>","protected":false},"featured_media":627,"comment_status":"open","ping_status":"closed","template":"","meta":[],"product_brand":[52],"product_cat":[51],"product_tag":[],"class_list":{"0":"post-626","1":"product","2":"type-product","3":"status-publish","4":"has-post-thumbnail","6":"product_brand-guo_ren_shi_ke","7":"product_cat-dried_fruits_and_preserves","9":"first","10":"instock","11":"shipping-taxable","12":"product-type-simple"},"yoast_head":"<!-- This site is optimized with the Yoast SEO Premium plugin v25.8 (Yoast SEO v25.8) - https:\/\/yoast.com\/wordpress\/plugins\/seo\/ -->\n<title>Cashew Nuts - Jiushidao - Global Food Marketplace for Business Growth and Cosumers<\/title>\n<meta name=\"robots\" content=\"index, follow, max-snippet:-1, max-image-preview:large, max-video-preview:-1\" \/>\n<link rel=\"canonical\" href=\"https:\/\/jiushidao.com\/pt\/produto\/cashew-nuts\/\" \/>\n<meta property=\"og:locale\" content=\"pt_PT\" \/>\n<meta property=\"og:type\" content=\"article\" \/>\n<meta property=\"og:title\" content=\"Cashew Nuts\" \/>\n<meta property=\"og:description\" content=\"Xinjiang Charcoal-Roasted Cashews: A Crispy, Smoky Delight\u200b\u200b Made from premium cashews grown in the sun-drenched orchards of Xinjiang, each nut is plump, round, and carefully selected [\u2026]\" \/>\n<meta property=\"og:url\" content=\"https:\/\/jiushidao.com\/pt\/produto\/cashew-nuts\/\" \/>\n<meta property=\"og:site_name\" content=\"Jiushidao - Global Food Marketplace for Business Growth and Cosumers\" \/>\n<meta property=\"article:modified_time\" content=\"2025-10-30T13:15:41+00:00\" \/>\n<meta property=\"og:image\" content=\"https:\/\/jiushidao.com\/wp-content\/uploads\/2025\/10\/14-1200x1200.png\" \/>\n\t<meta property=\"og:image:width\" content=\"1200\" \/>\n\t<meta property=\"og:image:height\" content=\"1200\" \/>\n\t<meta property=\"og:image:type\" content=\"image\/png\" \/>\n<meta name=\"twitter:card\" content=\"summary_large_image\" \/>\n<meta name=\"twitter:label1\" content=\"Tempo estimado de leitura\" \/>\n\t<meta name=\"twitter:data1\" content=\"1 minuto\" \/>\n<script type=\"application\/ld+json\" class=\"yoast-schema-graph\">{\"@context\":\"https:\/\/schema.org\",\"@graph\":[{\"@type\":\"WebPage\",\"@id\":\"https:\/\/jiushidao.com\/product\/cashew-nuts\/\",\"url\":\"https:\/\/jiushidao.com\/product\/cashew-nuts\/\",\"name\":\"Cashew Nuts - Jiushidao - Global Food Marketplace for Business Growth and Cosumers\",\"isPartOf\":{\"@id\":\"https:\/\/jiushidao.com\/#website\"},\"primaryImageOfPage\":{\"@id\":\"https:\/\/jiushidao.com\/product\/cashew-nuts\/#primaryimage\"},\"image\":{\"@id\":\"https:\/\/jiushidao.com\/product\/cashew-nuts\/#primaryimage\"},\"thumbnailUrl\":\"https:\/\/jiushidao.com\/wp-content\/uploads\/2025\/10\/14.png\",\"datePublished\":\"2025-10-29T08:10:51+00:00\",\"dateModified\":\"2025-10-30T13:15:41+00:00\",\"breadcrumb\":{\"@id\":\"https:\/\/jiushidao.com\/product\/cashew-nuts\/#breadcrumb\"},\"inLanguage\":\"pt-PT\",\"potentialAction\":[{\"@type\":\"ReadAction\",\"target\":[\"https:\/\/jiushidao.com\/product\/cashew-nuts\/\"]}]},{\"@type\":\"ImageObject\",\"inLanguage\":\"pt-PT\",\"@id\":\"https:\/\/jiushidao.com\/product\/cashew-nuts\/#primaryimage\",\"url\":\"https:\/\/jiushidao.com\/wp-content\/uploads\/2025\/10\/14.png\",\"contentUrl\":\"https:\/\/jiushidao.com\/wp-content\/uploads\/2025\/10\/14.png\",\"width\":1600,\"height\":1600},{\"@type\":\"BreadcrumbList\",\"@id\":\"https:\/\/jiushidao.com\/product\/cashew-nuts\/#breadcrumb\",\"itemListElement\":[{\"@type\":\"ListItem\",\"position\":1,\"name\":\"Home\",\"item\":\"https:\/\/jiushidao.com\/\"},{\"@type\":\"ListItem\",\"position\":2,\"name\":\"Store\",\"item\":\"https:\/\/jiushidao.com\/store\/\"},{\"@type\":\"ListItem\",\"position\":3,\"name\":\"Cashew Nuts\"}]},{\"@type\":\"WebSite\",\"@id\":\"https:\/\/jiushidao.com\/#website\",\"url\":\"https:\/\/jiushidao.com\/\",\"name\":\"Jiushidao - Global Food Marketplace for Business Growth and Cosumers\",\"description\":\"Jiushidao - Global Food Marketplace for Business Growth and Cosumers\",\"potentialAction\":[{\"@type\":\"SearchAction\",\"target\":{\"@type\":\"EntryPoint\",\"urlTemplate\":\"https:\/\/jiushidao.com\/?s={search_term_string}\"},\"query-input\":{\"@type\":\"PropertyValueSpecification\",\"valueRequired\":true,\"valueName\":\"search_term_string\"}}],\"inLanguage\":\"pt-PT\"}]}<\/script>\n<!-- \/ Yoast SEO Premium plugin. -->","yoast_head_json":{"title":"Cashew Nuts - Jiushidao - Global Food Marketplace for Business Growth and Cosumers","robots":{"index":"index","follow":"follow","max-snippet":"max-snippet:-1","max-image-preview":"max-image-preview:large","max-video-preview":"max-video-preview:-1"},"canonical":"https:\/\/jiushidao.com\/pt\/produto\/cashew-nuts\/","og_locale":"pt_PT","og_type":"article","og_title":"Cashew Nuts","og_description":"Xinjiang Charcoal-Roasted Cashews: A Crispy, Smoky Delight\u200b\u200b Made from premium cashews grown in the sun-drenched orchards of Xinjiang, each nut is plump, round, and carefully selected [\u2026]","og_url":"https:\/\/jiushidao.com\/pt\/produto\/cashew-nuts\/","og_site_name":"Jiushidao - Global Food Marketplace for Business Growth and Cosumers","article_modified_time":"2025-10-30T13:15:41+00:00","og_image":[{"width":1200,"height":1200,"url":"https:\/\/jiushidao.com\/wp-content\/uploads\/2025\/10\/14-1200x1200.png","type":"image\/png"}],"twitter_card":"summary_large_image","twitter_misc":{"Tempo estimado de leitura":"1 minuto"},"schema":{"@context":"https:\/\/schema.org","@graph":[{"@type":"WebPage","@id":"https:\/\/jiushidao.com\/product\/cashew-nuts\/","url":"https:\/\/jiushidao.com\/product\/cashew-nuts\/","name":"Cashew Nuts - Jiushidao - Global Food Marketplace for Business Growth and Cosumers","isPartOf":{"@id":"https:\/\/jiushidao.com\/#website"},"primaryImageOfPage":{"@id":"https:\/\/jiushidao.com\/product\/cashew-nuts\/#primaryimage"},"image":{"@id":"https:\/\/jiushidao.com\/product\/cashew-nuts\/#primaryimage"},"thumbnailUrl":"https:\/\/jiushidao.com\/wp-content\/uploads\/2025\/10\/14.png","datePublished":"2025-10-29T08:10:51+00:00","dateModified":"2025-10-30T13:15:41+00:00","breadcrumb":{"@id":"https:\/\/jiushidao.com\/product\/cashew-nuts\/#breadcrumb"},"inLanguage":"pt-PT","potentialAction":[{"@type":"ReadAction","target":["https:\/\/jiushidao.com\/product\/cashew-nuts\/"]}]},{"@type":"ImageObject","inLanguage":"pt-PT","@id":"https:\/\/jiushidao.com\/product\/cashew-nuts\/#primaryimage","url":"https:\/\/jiushidao.com\/wp-content\/uploads\/2025\/10\/14.png","contentUrl":"https:\/\/jiushidao.com\/wp-content\/uploads\/2025\/10\/14.png","width":1600,"height":1600},{"@type":"BreadcrumbList","@id":"https:\/\/jiushidao.com\/product\/cashew-nuts\/#breadcrumb","itemListElement":[{"@type":"ListItem","position":1,"name":"Home","item":"https:\/\/jiushidao.com\/"},{"@type":"ListItem","position":2,"name":"Store","item":"https:\/\/jiushidao.com\/store\/"},{"@type":"ListItem","position":3,"name":"Cashew Nuts"}]},{"@type":"WebSite","@id":"https:\/\/jiushidao.com\/#website","url":"https:\/\/jiushidao.com\/","name":"Jiushidao - Global Food Marketplace for Business Growth and Cosumers","description":"Jiushidao - Global Food Marketplace for Business Growth and Cosumers","potentialAction":[{"@type":"SearchAction","target":{"@type":"EntryPoint","urlTemplate":"https:\/\/jiushidao.com\/?s={search_term_string}"},"query-input":{"@type":"PropertyValueSpecification","valueRequired":true,"valueName":"search_term_string"}}],"inLanguage":"pt-PT"}]}},"_links":{"self":[{"href":"https:\/\/jiushidao.com\/pt\/wp-json\/wp\/v2\/product\/626","targetHints":{"allow":["GET"]}}],"collection":[{"href":"https:\/\/jiushidao.com\/pt\/wp-json\/wp\/v2\/product"}],"about":[{"href":"https:\/\/jiushidao.com\/pt\/wp-json\/wp\/v2\/types\/product"}],"replies":[{"embeddable":true,"href":"https:\/\/jiushidao.com\/pt\/wp-json\/wp\/v2\/comments?post=626"}],"version-history":[{"count":3,"href":"https:\/\/jiushidao.com\/pt\/wp-json\/wp\/v2\/product\/626\/revisions"}],"predecessor-version":[{"id":777,"href":"https:\/\/jiushidao.com\/pt\/wp-json\/wp\/v2\/product\/626\/revisions\/777"}],"wp:featuredmedia":[{"embeddable":true,"href":"https:\/\/jiushidao.com\/pt\/wp-json\/wp\/v2\/media\/627"}],"wp:attachment":[{"href":"https:\/\/jiushidao.com\/pt\/wp-json\/wp\/v2\/media?parent=626"}],"wp:term":[{"taxonomy":"product_brand","embeddable":true,"href":"https:\/\/jiushidao.com\/pt\/wp-json\/wp\/v2\/product_brand?post=626"},{"taxonomy":"product_cat","embeddable":true,"href":"https:\/\/jiushidao.com\/pt\/wp-json\/wp\/v2\/product_cat?post=626"},{"taxonomy":"product_tag","embeddable":true,"href":"https:\/\/jiushidao.com\/pt\/wp-json\/wp\/v2\/product_tag?post=626"}],"curies":[{"name":"wp","href":"https:\/\/api.w.org\/{rel}","templated":true}]}}