{"id":611,"date":"2025-10-29T08:01:20","date_gmt":"2025-10-29T08:01:20","guid":{"rendered":"https:\/\/jiushidao.com\/?post_type=product&#038;p=611"},"modified":"2025-10-30T15:18:44","modified_gmt":"2025-10-30T15:18:44","slug":"dried-mulberries","status":"publish","type":"product","link":"https:\/\/jiushidao.com\/pt\/produto\/dried-mulberries\/","title":{"rendered":"Amoras secas"},"content":{"rendered":"<section class=\"ybc-p\"><strong>Amoras Puras: O Tesouro Agridoce da Natureza<\/strong>\u200b<\/section>\n<section class=\"ybc-p\">Colhidas de amoreiras com 10 anos ou mais, estas bagas de sabor intenso s\u00e3o cuidadosamente colhidas \u00e0 m\u00e3o e secas a baixas temperaturas para preservar o seu sabor e nutrientes naturais. Cada baga \u00e9 carnuda, sem sementes e livre de areia ou aditivos, oferecendo um sabor puro, agridoce, refrescante e nutritivo.<\/section>\n<section class=\"ybc-p\">Ricas em vitaminas, antioxidantes e fibras alimentares, estas amoras s\u00e3o um lanche delicioso e saud\u00e1vel para qualquer hora do dia. Aprecie-as puras, adicione-as a cereais, iogurte ou produtos assados e saboreie o puro gosto da simplicidade da natureza.<\/section>\n<section class=\"ybc-p\">\u200b<strong>Principais caracter\u00edsticas:<\/strong>\u200b<\/section>\n<ul class=\"ybc-ul-component\">\n<li class=\"ybc-li-component ybc-li-component_ul\">\n<section class=\"ybc-p\">\u200b<strong>Cultivado naturalmente e sem aditivos:<\/strong>Sem corantes, conservantes ou adi\u00e7\u00e3o de a\u00e7\u00facar.<\/section>\n<\/li>\n<li class=\"ybc-li-component ybc-li-component_ul\">\n<section class=\"ybc-p\">\u200b<strong>Qualidade da \u00e1rvore envelhecida:<\/strong>Colhido de \u00e1rvores mais velhas para um sabor e textura mais ricos.<\/section>\n<\/li>\n<li class=\"ybc-li-component ybc-li-component_ul\">\n<section class=\"ybc-p\">\u200b<strong>Secagem em baixa temperatura:<\/strong>Processado delicadamente para preservar os nutrientes e a textura macia e mastig\u00e1vel.<\/section>\n<\/li>\n<li class=\"ybc-li-component ybc-li-component_ul\">\n<section class=\"ybc-p\">\u200b<strong>Equil\u00edbrio entre doce e azedo:<\/strong>Um sabor refrescante com um aroma frutado vibrante.<\/section>\n<\/li>\n<li class=\"ybc-li-component ybc-li-component_ul\">\n<section class=\"ybc-p\">\u200b<strong>Uso vers\u00e1til:<\/strong>Perfeito para lanches, para assar ou para colocar por cima de mingau de aveia e saladas.<\/section>\n<\/li>\n<\/ul>","protected":false},"excerpt":{"rendered":"<p>Amoras Puras: O Tesouro Agridoce da Natureza. Colhidas de amoreiras com 10 anos ou mais, estas amoras de sabor intenso s\u00e3o cuidadosamente colhidas \u00e0 m\u00e3o e secas em...<span class=\"excerpt-hellip\"> [\u2026]<\/span><\/p>","protected":false},"featured_media":612,"comment_status":"open","ping_status":"closed","template":"","meta":[],"product_brand":[52],"product_cat":[51],"product_tag":[],"class_list":{"0":"post-611","1":"product","2":"type-product","3":"status-publish","4":"has-post-thumbnail","6":"product_brand-guo_ren_shi_ke","7":"product_cat-dried_fruits_and_preserves","9":"first","10":"instock","11":"shipping-taxable","12":"product-type-simple"},"yoast_head":"<!-- This site is optimized with the Yoast SEO Premium plugin v25.8 (Yoast SEO v25.8) - https:\/\/yoast.com\/wordpress\/plugins\/seo\/ -->\n<title>Dried Mulberries - Jiushidao - Global Food Marketplace for Business Growth and Cosumers<\/title>\n<meta name=\"robots\" content=\"index, follow, max-snippet:-1, max-image-preview:large, max-video-preview:-1\" \/>\n<link rel=\"canonical\" href=\"https:\/\/jiushidao.com\/pt\/produto\/dried-mulberries\/\" \/>\n<meta property=\"og:locale\" content=\"pt_PT\" \/>\n<meta property=\"og:type\" content=\"article\" \/>\n<meta property=\"og:title\" content=\"Dried Mulberries\" \/>\n<meta property=\"og:description\" content=\"Pure Mulberries: Nature&#8217;s Sweet-Tart Treasure\u200b\u200b Harvested from mulberry trees aged 10 years or older, these deeply flavorful berries are carefully picked by hand and dried at [\u2026]\" \/>\n<meta property=\"og:url\" content=\"https:\/\/jiushidao.com\/pt\/produto\/dried-mulberries\/\" \/>\n<meta property=\"og:site_name\" content=\"Jiushidao - Global Food Marketplace for Business Growth and Cosumers\" \/>\n<meta property=\"article:modified_time\" content=\"2025-10-30T15:18:44+00:00\" \/>\n<meta property=\"og:image\" content=\"https:\/\/jiushidao.com\/wp-content\/uploads\/2025\/10\/9.png\" \/>\n\t<meta property=\"og:image:width\" content=\"588\" \/>\n\t<meta property=\"og:image:height\" content=\"669\" \/>\n\t<meta property=\"og:image:type\" content=\"image\/png\" \/>\n<meta name=\"twitter:card\" content=\"summary_large_image\" \/>\n<meta name=\"twitter:label1\" content=\"Tempo estimado de leitura\" \/>\n\t<meta name=\"twitter:data1\" content=\"1 minuto\" \/>\n<script type=\"application\/ld+json\" class=\"yoast-schema-graph\">{\"@context\":\"https:\/\/schema.org\",\"@graph\":[{\"@type\":\"WebPage\",\"@id\":\"https:\/\/jiushidao.com\/product\/dried-mulberries\/\",\"url\":\"https:\/\/jiushidao.com\/product\/dried-mulberries\/\",\"name\":\"Dried Mulberries - Jiushidao - Global Food Marketplace for Business Growth and Cosumers\",\"isPartOf\":{\"@id\":\"https:\/\/jiushidao.com\/#website\"},\"primaryImageOfPage\":{\"@id\":\"https:\/\/jiushidao.com\/product\/dried-mulberries\/#primaryimage\"},\"image\":{\"@id\":\"https:\/\/jiushidao.com\/product\/dried-mulberries\/#primaryimage\"},\"thumbnailUrl\":\"https:\/\/jiushidao.com\/wp-content\/uploads\/2025\/10\/9.png\",\"datePublished\":\"2025-10-29T08:01:20+00:00\",\"dateModified\":\"2025-10-30T15:18:44+00:00\",\"breadcrumb\":{\"@id\":\"https:\/\/jiushidao.com\/product\/dried-mulberries\/#breadcrumb\"},\"inLanguage\":\"pt-PT\",\"potentialAction\":[{\"@type\":\"ReadAction\",\"target\":[\"https:\/\/jiushidao.com\/product\/dried-mulberries\/\"]}]},{\"@type\":\"ImageObject\",\"inLanguage\":\"pt-PT\",\"@id\":\"https:\/\/jiushidao.com\/product\/dried-mulberries\/#primaryimage\",\"url\":\"https:\/\/jiushidao.com\/wp-content\/uploads\/2025\/10\/9.png\",\"contentUrl\":\"https:\/\/jiushidao.com\/wp-content\/uploads\/2025\/10\/9.png\",\"width\":588,\"height\":669},{\"@type\":\"BreadcrumbList\",\"@id\":\"https:\/\/jiushidao.com\/product\/dried-mulberries\/#breadcrumb\",\"itemListElement\":[{\"@type\":\"ListItem\",\"position\":1,\"name\":\"Home\",\"item\":\"https:\/\/jiushidao.com\/\"},{\"@type\":\"ListItem\",\"position\":2,\"name\":\"Store\",\"item\":\"https:\/\/jiushidao.com\/store\/\"},{\"@type\":\"ListItem\",\"position\":3,\"name\":\"Dried Mulberries\"}]},{\"@type\":\"WebSite\",\"@id\":\"https:\/\/jiushidao.com\/#website\",\"url\":\"https:\/\/jiushidao.com\/\",\"name\":\"Jiushidao - Global Food Marketplace for Business Growth and Cosumers\",\"description\":\"Jiushidao - Global Food Marketplace for Business Growth and Cosumers\",\"potentialAction\":[{\"@type\":\"SearchAction\",\"target\":{\"@type\":\"EntryPoint\",\"urlTemplate\":\"https:\/\/jiushidao.com\/?s={search_term_string}\"},\"query-input\":{\"@type\":\"PropertyValueSpecification\",\"valueRequired\":true,\"valueName\":\"search_term_string\"}}],\"inLanguage\":\"pt-PT\"}]}<\/script>\n<!-- \/ Yoast SEO Premium plugin. -->","yoast_head_json":{"title":"Dried Mulberries - Jiushidao - Global Food Marketplace for Business Growth and Cosumers","robots":{"index":"index","follow":"follow","max-snippet":"max-snippet:-1","max-image-preview":"max-image-preview:large","max-video-preview":"max-video-preview:-1"},"canonical":"https:\/\/jiushidao.com\/pt\/produto\/dried-mulberries\/","og_locale":"pt_PT","og_type":"article","og_title":"Dried Mulberries","og_description":"Pure Mulberries: Nature&#8217;s Sweet-Tart Treasure\u200b\u200b Harvested from mulberry trees aged 10 years or older, these deeply flavorful berries are carefully picked by hand and dried at [\u2026]","og_url":"https:\/\/jiushidao.com\/pt\/produto\/dried-mulberries\/","og_site_name":"Jiushidao - Global Food Marketplace for Business Growth and Cosumers","article_modified_time":"2025-10-30T15:18:44+00:00","og_image":[{"width":588,"height":669,"url":"https:\/\/jiushidao.com\/wp-content\/uploads\/2025\/10\/9.png","type":"image\/png"}],"twitter_card":"summary_large_image","twitter_misc":{"Tempo estimado de leitura":"1 minuto"},"schema":{"@context":"https:\/\/schema.org","@graph":[{"@type":"WebPage","@id":"https:\/\/jiushidao.com\/product\/dried-mulberries\/","url":"https:\/\/jiushidao.com\/product\/dried-mulberries\/","name":"Dried Mulberries - Jiushidao - Global Food Marketplace for Business Growth and Cosumers","isPartOf":{"@id":"https:\/\/jiushidao.com\/#website"},"primaryImageOfPage":{"@id":"https:\/\/jiushidao.com\/product\/dried-mulberries\/#primaryimage"},"image":{"@id":"https:\/\/jiushidao.com\/product\/dried-mulberries\/#primaryimage"},"thumbnailUrl":"https:\/\/jiushidao.com\/wp-content\/uploads\/2025\/10\/9.png","datePublished":"2025-10-29T08:01:20+00:00","dateModified":"2025-10-30T15:18:44+00:00","breadcrumb":{"@id":"https:\/\/jiushidao.com\/product\/dried-mulberries\/#breadcrumb"},"inLanguage":"pt-PT","potentialAction":[{"@type":"ReadAction","target":["https:\/\/jiushidao.com\/product\/dried-mulberries\/"]}]},{"@type":"ImageObject","inLanguage":"pt-PT","@id":"https:\/\/jiushidao.com\/product\/dried-mulberries\/#primaryimage","url":"https:\/\/jiushidao.com\/wp-content\/uploads\/2025\/10\/9.png","contentUrl":"https:\/\/jiushidao.com\/wp-content\/uploads\/2025\/10\/9.png","width":588,"height":669},{"@type":"BreadcrumbList","@id":"https:\/\/jiushidao.com\/product\/dried-mulberries\/#breadcrumb","itemListElement":[{"@type":"ListItem","position":1,"name":"Home","item":"https:\/\/jiushidao.com\/"},{"@type":"ListItem","position":2,"name":"Store","item":"https:\/\/jiushidao.com\/store\/"},{"@type":"ListItem","position":3,"name":"Dried Mulberries"}]},{"@type":"WebSite","@id":"https:\/\/jiushidao.com\/#website","url":"https:\/\/jiushidao.com\/","name":"Jiushidao - Global Food Marketplace for Business Growth and Cosumers","description":"Jiushidao - Global Food Marketplace for Business Growth and Cosumers","potentialAction":[{"@type":"SearchAction","target":{"@type":"EntryPoint","urlTemplate":"https:\/\/jiushidao.com\/?s={search_term_string}"},"query-input":{"@type":"PropertyValueSpecification","valueRequired":true,"valueName":"search_term_string"}}],"inLanguage":"pt-PT"}]}},"_links":{"self":[{"href":"https:\/\/jiushidao.com\/pt\/wp-json\/wp\/v2\/product\/611","targetHints":{"allow":["GET"]}}],"collection":[{"href":"https:\/\/jiushidao.com\/pt\/wp-json\/wp\/v2\/product"}],"about":[{"href":"https:\/\/jiushidao.com\/pt\/wp-json\/wp\/v2\/types\/product"}],"replies":[{"embeddable":true,"href":"https:\/\/jiushidao.com\/pt\/wp-json\/wp\/v2\/comments?post=611"}],"version-history":[{"count":3,"href":"https:\/\/jiushidao.com\/pt\/wp-json\/wp\/v2\/product\/611\/revisions"}],"predecessor-version":[{"id":785,"href":"https:\/\/jiushidao.com\/pt\/wp-json\/wp\/v2\/product\/611\/revisions\/785"}],"wp:featuredmedia":[{"embeddable":true,"href":"https:\/\/jiushidao.com\/pt\/wp-json\/wp\/v2\/media\/612"}],"wp:attachment":[{"href":"https:\/\/jiushidao.com\/pt\/wp-json\/wp\/v2\/media?parent=611"}],"wp:term":[{"taxonomy":"product_brand","embeddable":true,"href":"https:\/\/jiushidao.com\/pt\/wp-json\/wp\/v2\/product_brand?post=611"},{"taxonomy":"product_cat","embeddable":true,"href":"https:\/\/jiushidao.com\/pt\/wp-json\/wp\/v2\/product_cat?post=611"},{"taxonomy":"product_tag","embeddable":true,"href":"https:\/\/jiushidao.com\/pt\/wp-json\/wp\/v2\/product_tag?post=611"}],"curies":[{"name":"wp","href":"https:\/\/api.w.org\/{rel}","templated":true}]}}