{"id":596,"date":"2025-10-29T07:49:09","date_gmt":"2025-10-29T07:49:09","guid":{"rendered":"https:\/\/jiushidao.com\/?post_type=product&#038;p=596"},"modified":"2025-10-30T23:51:36","modified_gmt":"2025-10-30T23:51:36","slug":"crispy-date-slices","status":"publish","type":"product","link":"https:\/\/jiushidao.com\/pt\/produto\/crispy-date-slices\/","title":{"rendered":"Fatias crocantes de t\u00e2maras"},"content":{"rendered":"<section class=\"ybc-p\"><strong>Fatias crocantes de t\u00e2maras vermelhas: a fus\u00e3o perfeita de croc\u00e2ncia e nutri\u00e7\u00e3o.<\/strong><\/section>\n<section class=\"ybc-p\">Feitas com t\u00e2maras vermelhas premium cuidadosamente selecionadas, estas fatias finas passam por m\u00faltiplas etapas de classifica\u00e7\u00e3o e processamento de precis\u00e3o para atingir a textura ideal. Cada fatia \u00e9 cortada uniformemente, exibindo uma cor atraente e uma croc\u00e2ncia irresist\u00edvel que proporciona uma sensa\u00e7\u00e3o deliciosa a cada mordida. Apesar de deliciosamente crocantes, elas preservam perfeitamente a do\u00e7ura natural das t\u00e2maras vermelhas e s\u00e3o ricas em vitaminas e minerais, conhecidos na medicina tradicional por sua capacidade de nutrir a vitalidade, fortalecer o sangue e promover a calma.<\/section>\n<section class=\"ybc-p\">Aprecie-as puras como um lanche delicioso, ou deixe em infus\u00e3o em \u00e1gua quente para liberar seu calor e do\u00e7ura em uma bebida reconfortante.<\/section>\n<section class=\"ybc-p\"><strong>Principais caracter\u00edsticas:<\/strong><\/section>\n<ul class=\"ybc-ul-component\">\n<li class=\"ybc-li-component ybc-li-component_ul\">\n<section class=\"ybc-p\"><strong>Sele\u00e7\u00e3o e acabamento de alta qualidade:<\/strong>Feitas com t\u00e2maras vermelhas de alta qualidade, fatiadas e processadas meticulosamente para uma espessura uniforme e croc\u00e2ncia ideal.<\/section>\n<\/li>\n<li class=\"ybc-li-component ybc-li-component_ul\">\n<section class=\"ybc-p\"><strong>Croc\u00e2ncia Satisfat\u00f3ria:<\/strong>Proporciona uma textura leve e crocante com um sabor naturalmente adocicado.<\/section>\n<\/li>\n<li class=\"ybc-li-component ybc-li-component_ul\">\n<section class=\"ybc-p\"><strong>Rico em nutrientes:<\/strong>Cont\u00e9m vitaminas, minerais e benef\u00edcios tradicionais para o bem-estar.<\/section>\n<\/li>\n<li class=\"ybc-li-component ybc-li-component_ul\">\n<section class=\"ybc-p\"><strong>Divers\u00e3o vers\u00e1til:<\/strong>Perfeito para petiscar ou para preparar uma bebida quente e arom\u00e1tica.<\/section>\n<\/li>\n<\/ul>","protected":false},"excerpt":{"rendered":"<p>Fatias Crocantes de T\u00e2maras Vermelhas: A Fus\u00e3o Perfeita de Croc\u00e2ncia e Nutri\u00e7\u00e3o. Feitas com t\u00e2maras vermelhas premium cuidadosamente selecionadas, estas fatias finas passam por m\u00faltiplas etapas de classifica\u00e7\u00e3o.<span class=\"excerpt-hellip\"> [\u2026]<\/span><\/p>","protected":false},"featured_media":597,"comment_status":"open","ping_status":"closed","template":"","meta":[],"product_brand":[52],"product_cat":[51],"product_tag":[],"class_list":{"0":"post-596","1":"product","2":"type-product","3":"status-publish","4":"has-post-thumbnail","6":"product_brand-guo_ren_shi_ke","7":"product_cat-dried_fruits_and_preserves","9":"first","10":"instock","11":"shipping-taxable","12":"product-type-simple"},"yoast_head":"<!-- This site is optimized with the Yoast SEO Premium plugin v25.8 (Yoast SEO v25.8) - https:\/\/yoast.com\/wordpress\/plugins\/seo\/ -->\n<title>Crispy Date Slices - Jiushidao - Global Food Marketplace for Business Growth and Cosumers<\/title>\n<meta name=\"robots\" content=\"index, follow, max-snippet:-1, max-image-preview:large, max-video-preview:-1\" \/>\n<link rel=\"canonical\" href=\"https:\/\/jiushidao.com\/pt\/produto\/crispy-date-slices\/\" \/>\n<meta property=\"og:locale\" content=\"pt_PT\" \/>\n<meta property=\"og:type\" content=\"article\" \/>\n<meta property=\"og:title\" content=\"Crispy Date Slices\" \/>\n<meta property=\"og:description\" content=\"Crispy Red Date Slices: The Perfect Fusion of Crunch and Nourishment Made from carefully selected premium red dates, these thin slices undergo multiple rounds of sorting [\u2026]\" \/>\n<meta property=\"og:url\" content=\"https:\/\/jiushidao.com\/pt\/produto\/crispy-date-slices\/\" \/>\n<meta property=\"og:site_name\" content=\"Jiushidao - Global Food Marketplace for Business Growth and Cosumers\" \/>\n<meta property=\"article:modified_time\" content=\"2025-10-30T23:51:36+00:00\" \/>\n<meta property=\"og:image\" content=\"https:\/\/jiushidao.com\/wp-content\/uploads\/2025\/10\/4-1200x1200.png\" \/>\n\t<meta property=\"og:image:width\" content=\"1200\" \/>\n\t<meta property=\"og:image:height\" content=\"1200\" \/>\n\t<meta property=\"og:image:type\" content=\"image\/png\" \/>\n<meta name=\"twitter:card\" content=\"summary_large_image\" \/>\n<meta name=\"twitter:label1\" content=\"Tempo estimado de leitura\" \/>\n\t<meta name=\"twitter:data1\" content=\"1 minuto\" \/>\n<script type=\"application\/ld+json\" class=\"yoast-schema-graph\">{\"@context\":\"https:\/\/schema.org\",\"@graph\":[{\"@type\":\"WebPage\",\"@id\":\"https:\/\/jiushidao.com\/product\/crispy-date-slices\/\",\"url\":\"https:\/\/jiushidao.com\/product\/crispy-date-slices\/\",\"name\":\"Crispy Date Slices - Jiushidao - Global Food Marketplace for Business Growth and Cosumers\",\"isPartOf\":{\"@id\":\"https:\/\/jiushidao.com\/#website\"},\"primaryImageOfPage\":{\"@id\":\"https:\/\/jiushidao.com\/product\/crispy-date-slices\/#primaryimage\"},\"image\":{\"@id\":\"https:\/\/jiushidao.com\/product\/crispy-date-slices\/#primaryimage\"},\"thumbnailUrl\":\"https:\/\/jiushidao.com\/wp-content\/uploads\/2025\/10\/4.png\",\"datePublished\":\"2025-10-29T07:49:09+00:00\",\"dateModified\":\"2025-10-30T23:51:36+00:00\",\"breadcrumb\":{\"@id\":\"https:\/\/jiushidao.com\/product\/crispy-date-slices\/#breadcrumb\"},\"inLanguage\":\"pt-PT\",\"potentialAction\":[{\"@type\":\"ReadAction\",\"target\":[\"https:\/\/jiushidao.com\/product\/crispy-date-slices\/\"]}]},{\"@type\":\"ImageObject\",\"inLanguage\":\"pt-PT\",\"@id\":\"https:\/\/jiushidao.com\/product\/crispy-date-slices\/#primaryimage\",\"url\":\"https:\/\/jiushidao.com\/wp-content\/uploads\/2025\/10\/4.png\",\"contentUrl\":\"https:\/\/jiushidao.com\/wp-content\/uploads\/2025\/10\/4.png\",\"width\":1600,\"height\":1600},{\"@type\":\"BreadcrumbList\",\"@id\":\"https:\/\/jiushidao.com\/product\/crispy-date-slices\/#breadcrumb\",\"itemListElement\":[{\"@type\":\"ListItem\",\"position\":1,\"name\":\"Home\",\"item\":\"https:\/\/jiushidao.com\/\"},{\"@type\":\"ListItem\",\"position\":2,\"name\":\"Store\",\"item\":\"https:\/\/jiushidao.com\/store\/\"},{\"@type\":\"ListItem\",\"position\":3,\"name\":\"Crispy Date Slices\"}]},{\"@type\":\"WebSite\",\"@id\":\"https:\/\/jiushidao.com\/#website\",\"url\":\"https:\/\/jiushidao.com\/\",\"name\":\"Jiushidao - Global Food Marketplace for Business Growth and Cosumers\",\"description\":\"Jiushidao - Global Food Marketplace for Business Growth and Cosumers\",\"potentialAction\":[{\"@type\":\"SearchAction\",\"target\":{\"@type\":\"EntryPoint\",\"urlTemplate\":\"https:\/\/jiushidao.com\/?s={search_term_string}\"},\"query-input\":{\"@type\":\"PropertyValueSpecification\",\"valueRequired\":true,\"valueName\":\"search_term_string\"}}],\"inLanguage\":\"pt-PT\"}]}<\/script>\n<!-- \/ Yoast SEO Premium plugin. -->","yoast_head_json":{"title":"Crispy Date Slices - Jiushidao - Global Food Marketplace for Business Growth and Cosumers","robots":{"index":"index","follow":"follow","max-snippet":"max-snippet:-1","max-image-preview":"max-image-preview:large","max-video-preview":"max-video-preview:-1"},"canonical":"https:\/\/jiushidao.com\/pt\/produto\/crispy-date-slices\/","og_locale":"pt_PT","og_type":"article","og_title":"Crispy Date Slices","og_description":"Crispy Red Date Slices: The Perfect Fusion of Crunch and Nourishment Made from carefully selected premium red dates, these thin slices undergo multiple rounds of sorting [\u2026]","og_url":"https:\/\/jiushidao.com\/pt\/produto\/crispy-date-slices\/","og_site_name":"Jiushidao - Global Food Marketplace for Business Growth and Cosumers","article_modified_time":"2025-10-30T23:51:36+00:00","og_image":[{"width":1200,"height":1200,"url":"https:\/\/jiushidao.com\/wp-content\/uploads\/2025\/10\/4-1200x1200.png","type":"image\/png"}],"twitter_card":"summary_large_image","twitter_misc":{"Tempo estimado de leitura":"1 minuto"},"schema":{"@context":"https:\/\/schema.org","@graph":[{"@type":"WebPage","@id":"https:\/\/jiushidao.com\/product\/crispy-date-slices\/","url":"https:\/\/jiushidao.com\/product\/crispy-date-slices\/","name":"Crispy Date Slices - Jiushidao - Global Food Marketplace for Business Growth and Cosumers","isPartOf":{"@id":"https:\/\/jiushidao.com\/#website"},"primaryImageOfPage":{"@id":"https:\/\/jiushidao.com\/product\/crispy-date-slices\/#primaryimage"},"image":{"@id":"https:\/\/jiushidao.com\/product\/crispy-date-slices\/#primaryimage"},"thumbnailUrl":"https:\/\/jiushidao.com\/wp-content\/uploads\/2025\/10\/4.png","datePublished":"2025-10-29T07:49:09+00:00","dateModified":"2025-10-30T23:51:36+00:00","breadcrumb":{"@id":"https:\/\/jiushidao.com\/product\/crispy-date-slices\/#breadcrumb"},"inLanguage":"pt-PT","potentialAction":[{"@type":"ReadAction","target":["https:\/\/jiushidao.com\/product\/crispy-date-slices\/"]}]},{"@type":"ImageObject","inLanguage":"pt-PT","@id":"https:\/\/jiushidao.com\/product\/crispy-date-slices\/#primaryimage","url":"https:\/\/jiushidao.com\/wp-content\/uploads\/2025\/10\/4.png","contentUrl":"https:\/\/jiushidao.com\/wp-content\/uploads\/2025\/10\/4.png","width":1600,"height":1600},{"@type":"BreadcrumbList","@id":"https:\/\/jiushidao.com\/product\/crispy-date-slices\/#breadcrumb","itemListElement":[{"@type":"ListItem","position":1,"name":"Home","item":"https:\/\/jiushidao.com\/"},{"@type":"ListItem","position":2,"name":"Store","item":"https:\/\/jiushidao.com\/store\/"},{"@type":"ListItem","position":3,"name":"Crispy Date Slices"}]},{"@type":"WebSite","@id":"https:\/\/jiushidao.com\/#website","url":"https:\/\/jiushidao.com\/","name":"Jiushidao - Global Food Marketplace for Business Growth and Cosumers","description":"Jiushidao - Global Food Marketplace for Business Growth and Cosumers","potentialAction":[{"@type":"SearchAction","target":{"@type":"EntryPoint","urlTemplate":"https:\/\/jiushidao.com\/?s={search_term_string}"},"query-input":{"@type":"PropertyValueSpecification","valueRequired":true,"valueName":"search_term_string"}}],"inLanguage":"pt-PT"}]}},"_links":{"self":[{"href":"https:\/\/jiushidao.com\/pt\/wp-json\/wp\/v2\/product\/596","targetHints":{"allow":["GET"]}}],"collection":[{"href":"https:\/\/jiushidao.com\/pt\/wp-json\/wp\/v2\/product"}],"about":[{"href":"https:\/\/jiushidao.com\/pt\/wp-json\/wp\/v2\/types\/product"}],"replies":[{"embeddable":true,"href":"https:\/\/jiushidao.com\/pt\/wp-json\/wp\/v2\/comments?post=596"}],"version-history":[{"count":3,"href":"https:\/\/jiushidao.com\/pt\/wp-json\/wp\/v2\/product\/596\/revisions"}],"predecessor-version":[{"id":793,"href":"https:\/\/jiushidao.com\/pt\/wp-json\/wp\/v2\/product\/596\/revisions\/793"}],"wp:featuredmedia":[{"embeddable":true,"href":"https:\/\/jiushidao.com\/pt\/wp-json\/wp\/v2\/media\/597"}],"wp:attachment":[{"href":"https:\/\/jiushidao.com\/pt\/wp-json\/wp\/v2\/media?parent=596"}],"wp:term":[{"taxonomy":"product_brand","embeddable":true,"href":"https:\/\/jiushidao.com\/pt\/wp-json\/wp\/v2\/product_brand?post=596"},{"taxonomy":"product_cat","embeddable":true,"href":"https:\/\/jiushidao.com\/pt\/wp-json\/wp\/v2\/product_cat?post=596"},{"taxonomy":"product_tag","embeddable":true,"href":"https:\/\/jiushidao.com\/pt\/wp-json\/wp\/v2\/product_tag?post=596"}],"curies":[{"name":"wp","href":"https:\/\/api.w.org\/{rel}","templated":true}]}}