{"id":593,"date":"2025-10-29T07:47:48","date_gmt":"2025-10-29T07:47:48","guid":{"rendered":"https:\/\/jiushidao.com\/?post_type=product&#038;p=593"},"modified":"2025-10-31T00:02:38","modified_gmt":"2025-10-31T00:02:38","slug":"kashi-jun-dates","status":"publish","type":"product","link":"https:\/\/jiushidao.com\/pt\/produto\/kashi-jun-dates\/","title":{"rendered":"Datas de junho de Kashi"},"content":{"rendered":"<section class=\"ybc-p\"><strong>Jujuba de Kashgar: a doce gigante da natureza, vinda de um o\u00e1sis ensolarado.<\/strong><\/section>\n<section class=\"ybc-p\">Cultivadas nos f\u00e9rteis o\u00e1sis de Kashgar, em Xinjiang, estas jujubas extragrandes prosperam sob intensa luz solar e varia\u00e7\u00f5es dr\u00e1sticas entre o calor do dia e o frio da noite. Cada fruto atinge mais de 4 cm de comprimento, com casca fina como papel, polpa espessa e densa e um pequeno caro\u00e7o, oferecendo uma do\u00e7ura rica, semelhante \u00e0 do mel, e uma textura agrad\u00e1vel ao mastigar.<\/section>\n<section class=\"ybc-p\">Ricas em vitamina C, ferro, pot\u00e1ssio e fibras alimentares, essas jujubas s\u00e3o um superlanche nutritivo \u2014 \u00f3timas para comer frescas, adicionadas a sopas e mingaus, ou usadas em receitas de bolos para um toque de do\u00e7ura natural.<\/section>\n<section class=\"ybc-p\"><strong>Principais caracter\u00edsticas:<\/strong><\/section>\n<ul class=\"ybc-ul-component\">\n<li class=\"ybc-li-component ybc-li-component_ul\">\n<section class=\"ybc-p\"><strong>Extra Grande e Carnudo:<\/strong>Cada t\u00e2mara ultrapassa os 4 cm, com um caro\u00e7o m\u00ednimo e muita polpa.<\/section>\n<\/li>\n<li class=\"ybc-li-component ybc-li-component_ul\">\n<section class=\"ybc-p\"><strong>Sabor doce e rico:<\/strong>Do\u00e7ura natural intensa com textura macia e mastig\u00e1vel.<\/section>\n<\/li>\n<li class=\"ybc-li-component ybc-li-component_ul\">\n<section class=\"ybc-p\"><strong>Rico em nutrientes:<\/strong>Rico em vitamina C, ferro e antioxidantes.<\/section>\n<\/li>\n<li class=\"ybc-li-component ybc-li-component_ul\">\n<section class=\"ybc-p\"><strong>Uso vers\u00e1til:<\/strong>Perfeito para petiscar, cozinhar, assar ou preparar ch\u00e1.<\/section>\n<\/li>\n<\/ul>","protected":false},"excerpt":{"rendered":"<p>Jujuba de Kashgar: a gigante doce da natureza, cultivada nos o\u00e1sis ensolarados de Kashgar, Xinjiang. Essas jujubas extragrandes prosperam sob intensa luz solar e<span class=\"excerpt-hellip\"> [\u2026]<\/span><\/p>","protected":false},"featured_media":594,"comment_status":"open","ping_status":"closed","template":"","meta":[],"product_brand":[],"product_cat":[51],"product_tag":[],"class_list":{"0":"post-593","1":"product","2":"type-product","3":"status-publish","4":"has-post-thumbnail","6":"product_cat-dried_fruits_and_preserves","8":"first","9":"instock","10":"shipping-taxable","11":"product-type-simple"},"yoast_head":"<!-- This site is optimized with the Yoast SEO Premium plugin v25.8 (Yoast SEO v25.8) - https:\/\/yoast.com\/wordpress\/plugins\/seo\/ -->\n<title>Kashi Jun Dates - Jiushidao - Global Food Marketplace for Business Growth and Cosumers<\/title>\n<meta name=\"robots\" content=\"index, follow, max-snippet:-1, max-image-preview:large, max-video-preview:-1\" \/>\n<link rel=\"canonical\" href=\"https:\/\/jiushidao.com\/pt\/produto\/kashi-jun-dates\/\" \/>\n<meta property=\"og:locale\" content=\"pt_PT\" \/>\n<meta property=\"og:type\" content=\"article\" \/>\n<meta property=\"og:title\" content=\"Kashi Jun Dates\" \/>\n<meta property=\"og:description\" content=\"Kashgar Jujube: Nature&#8217;s Sweet Giant from the Sun-Drenched Oasis Grown in the fertile oasis basins of Kashgar, Xinjiang, these extra-large jujubes thrive under intense sunlight and [\u2026]\" \/>\n<meta property=\"og:url\" content=\"https:\/\/jiushidao.com\/pt\/produto\/kashi-jun-dates\/\" \/>\n<meta property=\"og:site_name\" content=\"Jiushidao - Global Food Marketplace for Business Growth and Cosumers\" \/>\n<meta property=\"article:modified_time\" content=\"2025-10-31T00:02:38+00:00\" \/>\n<meta property=\"og:image\" content=\"https:\/\/jiushidao.com\/wp-content\/uploads\/2025\/10\/3.png\" \/>\n\t<meta property=\"og:image:width\" content=\"1600\" \/>\n\t<meta property=\"og:image:height\" content=\"1600\" \/>\n\t<meta property=\"og:image:type\" content=\"image\/png\" \/>\n<meta name=\"twitter:card\" content=\"summary_large_image\" \/>\n<meta name=\"twitter:label1\" content=\"Tempo estimado de leitura\" \/>\n\t<meta name=\"twitter:data1\" content=\"1 minuto\" \/>\n<script type=\"application\/ld+json\" class=\"yoast-schema-graph\">{\"@context\":\"https:\/\/schema.org\",\"@graph\":[{\"@type\":\"WebPage\",\"@id\":\"https:\/\/jiushidao.com\/product\/kashi-jun-dates\/\",\"url\":\"https:\/\/jiushidao.com\/product\/kashi-jun-dates\/\",\"name\":\"Kashi Jun Dates - Jiushidao - Global Food Marketplace for Business Growth and Cosumers\",\"isPartOf\":{\"@id\":\"https:\/\/jiushidao.com\/#website\"},\"primaryImageOfPage\":{\"@id\":\"https:\/\/jiushidao.com\/product\/kashi-jun-dates\/#primaryimage\"},\"image\":{\"@id\":\"https:\/\/jiushidao.com\/product\/kashi-jun-dates\/#primaryimage\"},\"thumbnailUrl\":\"https:\/\/jiushidao.com\/wp-content\/uploads\/2025\/10\/3.png\",\"datePublished\":\"2025-10-29T07:47:48+00:00\",\"dateModified\":\"2025-10-31T00:02:38+00:00\",\"breadcrumb\":{\"@id\":\"https:\/\/jiushidao.com\/product\/kashi-jun-dates\/#breadcrumb\"},\"inLanguage\":\"pt-PT\",\"potentialAction\":[{\"@type\":\"ReadAction\",\"target\":[\"https:\/\/jiushidao.com\/product\/kashi-jun-dates\/\"]}]},{\"@type\":\"ImageObject\",\"inLanguage\":\"pt-PT\",\"@id\":\"https:\/\/jiushidao.com\/product\/kashi-jun-dates\/#primaryimage\",\"url\":\"https:\/\/jiushidao.com\/wp-content\/uploads\/2025\/10\/3.png\",\"contentUrl\":\"https:\/\/jiushidao.com\/wp-content\/uploads\/2025\/10\/3.png\",\"width\":1600,\"height\":1600},{\"@type\":\"BreadcrumbList\",\"@id\":\"https:\/\/jiushidao.com\/product\/kashi-jun-dates\/#breadcrumb\",\"itemListElement\":[{\"@type\":\"ListItem\",\"position\":1,\"name\":\"Home\",\"item\":\"https:\/\/jiushidao.com\/\"},{\"@type\":\"ListItem\",\"position\":2,\"name\":\"Store\",\"item\":\"https:\/\/jiushidao.com\/store\/\"},{\"@type\":\"ListItem\",\"position\":3,\"name\":\"Kashi Jun Dates\"}]},{\"@type\":\"WebSite\",\"@id\":\"https:\/\/jiushidao.com\/#website\",\"url\":\"https:\/\/jiushidao.com\/\",\"name\":\"Jiushidao - Global Food Marketplace for Business Growth and Cosumers\",\"description\":\"Jiushidao - Global Food Marketplace for Business Growth and Cosumers\",\"potentialAction\":[{\"@type\":\"SearchAction\",\"target\":{\"@type\":\"EntryPoint\",\"urlTemplate\":\"https:\/\/jiushidao.com\/?s={search_term_string}\"},\"query-input\":{\"@type\":\"PropertyValueSpecification\",\"valueRequired\":true,\"valueName\":\"search_term_string\"}}],\"inLanguage\":\"pt-PT\"}]}<\/script>\n<!-- \/ Yoast SEO Premium plugin. -->","yoast_head_json":{"title":"Kashi Jun Dates - Jiushidao - Global Food Marketplace for Business Growth and Cosumers","robots":{"index":"index","follow":"follow","max-snippet":"max-snippet:-1","max-image-preview":"max-image-preview:large","max-video-preview":"max-video-preview:-1"},"canonical":"https:\/\/jiushidao.com\/pt\/produto\/kashi-jun-dates\/","og_locale":"pt_PT","og_type":"article","og_title":"Kashi Jun Dates","og_description":"Kashgar Jujube: Nature&#8217;s Sweet Giant from the Sun-Drenched Oasis Grown in the fertile oasis basins of Kashgar, Xinjiang, these extra-large jujubes thrive under intense sunlight and [\u2026]","og_url":"https:\/\/jiushidao.com\/pt\/produto\/kashi-jun-dates\/","og_site_name":"Jiushidao - Global Food Marketplace for Business Growth and Cosumers","article_modified_time":"2025-10-31T00:02:38+00:00","og_image":[{"width":1600,"height":1600,"url":"https:\/\/jiushidao.com\/wp-content\/uploads\/2025\/10\/3.png","type":"image\/png"}],"twitter_card":"summary_large_image","twitter_misc":{"Tempo estimado de leitura":"1 minuto"},"schema":{"@context":"https:\/\/schema.org","@graph":[{"@type":"WebPage","@id":"https:\/\/jiushidao.com\/product\/kashi-jun-dates\/","url":"https:\/\/jiushidao.com\/product\/kashi-jun-dates\/","name":"Kashi Jun Dates - Jiushidao - Global Food Marketplace for Business Growth and Cosumers","isPartOf":{"@id":"https:\/\/jiushidao.com\/#website"},"primaryImageOfPage":{"@id":"https:\/\/jiushidao.com\/product\/kashi-jun-dates\/#primaryimage"},"image":{"@id":"https:\/\/jiushidao.com\/product\/kashi-jun-dates\/#primaryimage"},"thumbnailUrl":"https:\/\/jiushidao.com\/wp-content\/uploads\/2025\/10\/3.png","datePublished":"2025-10-29T07:47:48+00:00","dateModified":"2025-10-31T00:02:38+00:00","breadcrumb":{"@id":"https:\/\/jiushidao.com\/product\/kashi-jun-dates\/#breadcrumb"},"inLanguage":"pt-PT","potentialAction":[{"@type":"ReadAction","target":["https:\/\/jiushidao.com\/product\/kashi-jun-dates\/"]}]},{"@type":"ImageObject","inLanguage":"pt-PT","@id":"https:\/\/jiushidao.com\/product\/kashi-jun-dates\/#primaryimage","url":"https:\/\/jiushidao.com\/wp-content\/uploads\/2025\/10\/3.png","contentUrl":"https:\/\/jiushidao.com\/wp-content\/uploads\/2025\/10\/3.png","width":1600,"height":1600},{"@type":"BreadcrumbList","@id":"https:\/\/jiushidao.com\/product\/kashi-jun-dates\/#breadcrumb","itemListElement":[{"@type":"ListItem","position":1,"name":"Home","item":"https:\/\/jiushidao.com\/"},{"@type":"ListItem","position":2,"name":"Store","item":"https:\/\/jiushidao.com\/store\/"},{"@type":"ListItem","position":3,"name":"Kashi Jun Dates"}]},{"@type":"WebSite","@id":"https:\/\/jiushidao.com\/#website","url":"https:\/\/jiushidao.com\/","name":"Jiushidao - Global Food Marketplace for Business Growth and Cosumers","description":"Jiushidao - Global Food Marketplace for Business Growth and Cosumers","potentialAction":[{"@type":"SearchAction","target":{"@type":"EntryPoint","urlTemplate":"https:\/\/jiushidao.com\/?s={search_term_string}"},"query-input":{"@type":"PropertyValueSpecification","valueRequired":true,"valueName":"search_term_string"}}],"inLanguage":"pt-PT"}]}},"_links":{"self":[{"href":"https:\/\/jiushidao.com\/pt\/wp-json\/wp\/v2\/product\/593","targetHints":{"allow":["GET"]}}],"collection":[{"href":"https:\/\/jiushidao.com\/pt\/wp-json\/wp\/v2\/product"}],"about":[{"href":"https:\/\/jiushidao.com\/pt\/wp-json\/wp\/v2\/types\/product"}],"replies":[{"embeddable":true,"href":"https:\/\/jiushidao.com\/pt\/wp-json\/wp\/v2\/comments?post=593"}],"version-history":[{"count":3,"href":"https:\/\/jiushidao.com\/pt\/wp-json\/wp\/v2\/product\/593\/revisions"}],"predecessor-version":[{"id":797,"href":"https:\/\/jiushidao.com\/pt\/wp-json\/wp\/v2\/product\/593\/revisions\/797"}],"wp:featuredmedia":[{"embeddable":true,"href":"https:\/\/jiushidao.com\/pt\/wp-json\/wp\/v2\/media\/594"}],"wp:attachment":[{"href":"https:\/\/jiushidao.com\/pt\/wp-json\/wp\/v2\/media?parent=593"}],"wp:term":[{"taxonomy":"product_brand","embeddable":true,"href":"https:\/\/jiushidao.com\/pt\/wp-json\/wp\/v2\/product_brand?post=593"},{"taxonomy":"product_cat","embeddable":true,"href":"https:\/\/jiushidao.com\/pt\/wp-json\/wp\/v2\/product_cat?post=593"},{"taxonomy":"product_tag","embeddable":true,"href":"https:\/\/jiushidao.com\/pt\/wp-json\/wp\/v2\/product_tag?post=593"}],"curies":[{"name":"wp","href":"https:\/\/api.w.org\/{rel}","templated":true}]}}