{"id":588,"date":"2025-10-29T07:44:51","date_gmt":"2025-10-29T07:44:51","guid":{"rendered":"https:\/\/jiushidao.com\/?post_type=product&#038;p=588"},"modified":"2025-10-30T23:55:12","modified_gmt":"2025-10-30T23:55:12","slug":"aksu-dried-apples","status":"publish","type":"product","link":"https:\/\/jiushidao.com\/pt\/produto\/aksu-dried-apples\/","title":{"rendered":"Ma\u00e7\u00e3s secas Aksu"},"content":{"rendered":"<section class=\"ybc-p\"><strong>Fatias de Ma\u00e7\u00e3 Desidratada Aksu: A Do\u00e7ura da Natureza Preservada ao Sol<\/strong><\/section>\n<section class=\"ybc-p\">Feitas com as renomadas ma\u00e7\u00e3s &quot;Rock Sugar Heart&quot; de Aksu, estas fatias desidratadas capturam a ess\u00eancia do clima \u00fanico de Xinjiang, onde a luz solar intensa e as dr\u00e1sticas varia\u00e7\u00f5es de temperatura entre o dia e a noite criam ma\u00e7\u00e3s excepcionalmente doces e crocantes. Delicadamente desidratadas ao sol para preservar sua pectina natural, vitaminas e minerais, cada fatia exibe uma tonalidade dourada e uma textura macia e mastig\u00e1vel, com um sabor rico e adocicado que lembra mel.<\/section>\n<section class=\"ybc-p\">Aprecie-as como um lanche saud\u00e1vel por si s\u00f3 ou adicione-as a iogurte, aveia e produtos assados para um toque de sabor natural. Sem aditivos ou conservantes, estas fatias de ma\u00e7\u00e3 oferecem nutri\u00e7\u00e3o pura e ensolarada em cada mordida.<\/section>\n<section class=\"ybc-p\"><strong>Principais caracter\u00edsticas:<\/strong><\/section>\n<ul class=\"ybc-ul-component\">\n<li class=\"ybc-li-component ybc-li-component_ul\">\n<section class=\"ybc-p\"><strong>Origem pura:<\/strong>Feita com ma\u00e7\u00e3s Aksu &quot;Rock Sugar Heart&quot; de alta qualidade, famosas por sua do\u00e7ura natural.<\/section>\n<\/li>\n<li class=\"ybc-li-component ybc-li-component_ul\">\n<section class=\"ybc-p\"><strong>Del\u00edcias secas ao sol:<\/strong>Delicadamente desidratado para preservar nutrientes como pectina e vitaminas.<\/section>\n<\/li>\n<li class=\"ybc-li-component ybc-li-component_ul\">\n<section class=\"ybc-p\"><strong>Textura macia e mastig\u00e1vel:<\/strong>Fatias douradas com uma textura macia e um sabor intenso de ma\u00e7\u00e3.<\/section>\n<\/li>\n<li class=\"ybc-li-component ybc-li-component_ul\">\n<section class=\"ybc-p\"><strong>Uso vers\u00e1til:<\/strong>Perfeito para petiscar, usar em receitas de forno ou acompanhar pratos de caf\u00e9 da manh\u00e3.<\/section>\n<\/li>\n<\/ul>","protected":false},"excerpt":{"rendered":"<p>Fatias de Ma\u00e7\u00e3 Desidratada de Aksu: A Do\u00e7ura da Natureza Preservada ao Sol. Feitas com as renomadas ma\u00e7\u00e3s &quot;Rock Sugar Heart&quot; de Aksu, estas fatias desidratadas capturam a ess\u00eancia da fruta.<span class=\"excerpt-hellip\"> [\u2026]<\/span><\/p>","protected":false},"featured_media":592,"comment_status":"open","ping_status":"closed","template":"","meta":[],"product_brand":[52],"product_cat":[51],"product_tag":[],"class_list":{"0":"post-588","1":"product","2":"type-product","3":"status-publish","4":"has-post-thumbnail","6":"product_brand-guo_ren_shi_ke","7":"product_cat-dried_fruits_and_preserves","9":"first","10":"instock","11":"shipping-taxable","12":"product-type-simple"},"yoast_head":"<!-- This site is optimized with the Yoast SEO Premium plugin v25.8 (Yoast SEO v25.8) - https:\/\/yoast.com\/wordpress\/plugins\/seo\/ -->\n<title>Aksu Dried Apples - Jiushidao - Global Food Marketplace for Business Growth and Cosumers<\/title>\n<meta name=\"robots\" content=\"index, follow, max-snippet:-1, max-image-preview:large, max-video-preview:-1\" \/>\n<link rel=\"canonical\" href=\"https:\/\/jiushidao.com\/pt\/produto\/aksu-dried-apples\/\" \/>\n<meta property=\"og:locale\" content=\"pt_PT\" \/>\n<meta property=\"og:type\" content=\"article\" \/>\n<meta property=\"og:title\" content=\"Aksu Dried Apples\" \/>\n<meta property=\"og:description\" content=\"Aksu Dried Apple Slices: Nature&#8217;s Sweetness Preserved in the Sun Crafted from the renowned &#8220;Rock Sugar Heart&#8221; apples of Aksu, these dried slices capture the essence [\u2026]\" \/>\n<meta property=\"og:url\" content=\"https:\/\/jiushidao.com\/pt\/produto\/aksu-dried-apples\/\" \/>\n<meta property=\"og:site_name\" content=\"Jiushidao - Global Food Marketplace for Business Growth and Cosumers\" \/>\n<meta property=\"article:modified_time\" content=\"2025-10-30T23:55:12+00:00\" \/>\n<meta property=\"og:image\" content=\"https:\/\/jiushidao.com\/wp-content\/uploads\/2025\/10\/WPS\u56fe\u72471.jpg\" \/>\n\t<meta property=\"og:image:width\" content=\"800\" \/>\n\t<meta property=\"og:image:height\" content=\"800\" \/>\n\t<meta property=\"og:image:type\" content=\"image\/jpeg\" \/>\n<meta name=\"twitter:card\" content=\"summary_large_image\" \/>\n<meta name=\"twitter:label1\" content=\"Tempo estimado de leitura\" \/>\n\t<meta name=\"twitter:data1\" content=\"1 minuto\" \/>\n<script type=\"application\/ld+json\" class=\"yoast-schema-graph\">{\"@context\":\"https:\/\/schema.org\",\"@graph\":[{\"@type\":\"WebPage\",\"@id\":\"https:\/\/jiushidao.com\/product\/aksu-dried-apples\/\",\"url\":\"https:\/\/jiushidao.com\/product\/aksu-dried-apples\/\",\"name\":\"Aksu Dried Apples - Jiushidao - Global Food Marketplace for Business Growth and Cosumers\",\"isPartOf\":{\"@id\":\"https:\/\/jiushidao.com\/#website\"},\"primaryImageOfPage\":{\"@id\":\"https:\/\/jiushidao.com\/product\/aksu-dried-apples\/#primaryimage\"},\"image\":{\"@id\":\"https:\/\/jiushidao.com\/product\/aksu-dried-apples\/#primaryimage\"},\"thumbnailUrl\":\"https:\/\/jiushidao.com\/wp-content\/uploads\/2025\/10\/WPS\u56fe\u72471.jpg\",\"datePublished\":\"2025-10-29T07:44:51+00:00\",\"dateModified\":\"2025-10-30T23:55:12+00:00\",\"breadcrumb\":{\"@id\":\"https:\/\/jiushidao.com\/product\/aksu-dried-apples\/#breadcrumb\"},\"inLanguage\":\"pt-PT\",\"potentialAction\":[{\"@type\":\"ReadAction\",\"target\":[\"https:\/\/jiushidao.com\/product\/aksu-dried-apples\/\"]}]},{\"@type\":\"ImageObject\",\"inLanguage\":\"pt-PT\",\"@id\":\"https:\/\/jiushidao.com\/product\/aksu-dried-apples\/#primaryimage\",\"url\":\"https:\/\/jiushidao.com\/wp-content\/uploads\/2025\/10\/WPS\u56fe\u72471.jpg\",\"contentUrl\":\"https:\/\/jiushidao.com\/wp-content\/uploads\/2025\/10\/WPS\u56fe\u72471.jpg\",\"width\":800,\"height\":800},{\"@type\":\"BreadcrumbList\",\"@id\":\"https:\/\/jiushidao.com\/product\/aksu-dried-apples\/#breadcrumb\",\"itemListElement\":[{\"@type\":\"ListItem\",\"position\":1,\"name\":\"Home\",\"item\":\"https:\/\/jiushidao.com\/\"},{\"@type\":\"ListItem\",\"position\":2,\"name\":\"Store\",\"item\":\"https:\/\/jiushidao.com\/store\/\"},{\"@type\":\"ListItem\",\"position\":3,\"name\":\"Aksu Dried Apples\"}]},{\"@type\":\"WebSite\",\"@id\":\"https:\/\/jiushidao.com\/#website\",\"url\":\"https:\/\/jiushidao.com\/\",\"name\":\"Jiushidao - Global Food Marketplace for Business Growth and Cosumers\",\"description\":\"Jiushidao - Global Food Marketplace for Business Growth and Cosumers\",\"potentialAction\":[{\"@type\":\"SearchAction\",\"target\":{\"@type\":\"EntryPoint\",\"urlTemplate\":\"https:\/\/jiushidao.com\/?s={search_term_string}\"},\"query-input\":{\"@type\":\"PropertyValueSpecification\",\"valueRequired\":true,\"valueName\":\"search_term_string\"}}],\"inLanguage\":\"pt-PT\"}]}<\/script>\n<!-- \/ Yoast SEO Premium plugin. -->","yoast_head_json":{"title":"Aksu Dried Apples - Jiushidao - Global Food Marketplace for Business Growth and Cosumers","robots":{"index":"index","follow":"follow","max-snippet":"max-snippet:-1","max-image-preview":"max-image-preview:large","max-video-preview":"max-video-preview:-1"},"canonical":"https:\/\/jiushidao.com\/pt\/produto\/aksu-dried-apples\/","og_locale":"pt_PT","og_type":"article","og_title":"Aksu Dried Apples","og_description":"Aksu Dried Apple Slices: Nature&#8217;s Sweetness Preserved in the Sun Crafted from the renowned &#8220;Rock Sugar Heart&#8221; apples of Aksu, these dried slices capture the essence [\u2026]","og_url":"https:\/\/jiushidao.com\/pt\/produto\/aksu-dried-apples\/","og_site_name":"Jiushidao - Global Food Marketplace for Business Growth and Cosumers","article_modified_time":"2025-10-30T23:55:12+00:00","og_image":[{"width":800,"height":800,"url":"https:\/\/jiushidao.com\/wp-content\/uploads\/2025\/10\/WPS\u56fe\u72471.jpg","type":"image\/jpeg"}],"twitter_card":"summary_large_image","twitter_misc":{"Tempo estimado de leitura":"1 minuto"},"schema":{"@context":"https:\/\/schema.org","@graph":[{"@type":"WebPage","@id":"https:\/\/jiushidao.com\/product\/aksu-dried-apples\/","url":"https:\/\/jiushidao.com\/product\/aksu-dried-apples\/","name":"Aksu Dried Apples - Jiushidao - Global Food Marketplace for Business Growth and Cosumers","isPartOf":{"@id":"https:\/\/jiushidao.com\/#website"},"primaryImageOfPage":{"@id":"https:\/\/jiushidao.com\/product\/aksu-dried-apples\/#primaryimage"},"image":{"@id":"https:\/\/jiushidao.com\/product\/aksu-dried-apples\/#primaryimage"},"thumbnailUrl":"https:\/\/jiushidao.com\/wp-content\/uploads\/2025\/10\/WPS\u56fe\u72471.jpg","datePublished":"2025-10-29T07:44:51+00:00","dateModified":"2025-10-30T23:55:12+00:00","breadcrumb":{"@id":"https:\/\/jiushidao.com\/product\/aksu-dried-apples\/#breadcrumb"},"inLanguage":"pt-PT","potentialAction":[{"@type":"ReadAction","target":["https:\/\/jiushidao.com\/product\/aksu-dried-apples\/"]}]},{"@type":"ImageObject","inLanguage":"pt-PT","@id":"https:\/\/jiushidao.com\/product\/aksu-dried-apples\/#primaryimage","url":"https:\/\/jiushidao.com\/wp-content\/uploads\/2025\/10\/WPS\u56fe\u72471.jpg","contentUrl":"https:\/\/jiushidao.com\/wp-content\/uploads\/2025\/10\/WPS\u56fe\u72471.jpg","width":800,"height":800},{"@type":"BreadcrumbList","@id":"https:\/\/jiushidao.com\/product\/aksu-dried-apples\/#breadcrumb","itemListElement":[{"@type":"ListItem","position":1,"name":"Home","item":"https:\/\/jiushidao.com\/"},{"@type":"ListItem","position":2,"name":"Store","item":"https:\/\/jiushidao.com\/store\/"},{"@type":"ListItem","position":3,"name":"Aksu Dried Apples"}]},{"@type":"WebSite","@id":"https:\/\/jiushidao.com\/#website","url":"https:\/\/jiushidao.com\/","name":"Jiushidao - Global Food Marketplace for Business Growth and Cosumers","description":"Jiushidao - Global Food Marketplace for Business Growth and Cosumers","potentialAction":[{"@type":"SearchAction","target":{"@type":"EntryPoint","urlTemplate":"https:\/\/jiushidao.com\/?s={search_term_string}"},"query-input":{"@type":"PropertyValueSpecification","valueRequired":true,"valueName":"search_term_string"}}],"inLanguage":"pt-PT"}]}},"_links":{"self":[{"href":"https:\/\/jiushidao.com\/pt\/wp-json\/wp\/v2\/product\/588","targetHints":{"allow":["GET"]}}],"collection":[{"href":"https:\/\/jiushidao.com\/pt\/wp-json\/wp\/v2\/product"}],"about":[{"href":"https:\/\/jiushidao.com\/pt\/wp-json\/wp\/v2\/types\/product"}],"replies":[{"embeddable":true,"href":"https:\/\/jiushidao.com\/pt\/wp-json\/wp\/v2\/comments?post=588"}],"version-history":[{"count":2,"href":"https:\/\/jiushidao.com\/pt\/wp-json\/wp\/v2\/product\/588\/revisions"}],"predecessor-version":[{"id":794,"href":"https:\/\/jiushidao.com\/pt\/wp-json\/wp\/v2\/product\/588\/revisions\/794"}],"wp:featuredmedia":[{"embeddable":true,"href":"https:\/\/jiushidao.com\/pt\/wp-json\/wp\/v2\/media\/592"}],"wp:attachment":[{"href":"https:\/\/jiushidao.com\/pt\/wp-json\/wp\/v2\/media?parent=588"}],"wp:term":[{"taxonomy":"product_brand","embeddable":true,"href":"https:\/\/jiushidao.com\/pt\/wp-json\/wp\/v2\/product_brand?post=588"},{"taxonomy":"product_cat","embeddable":true,"href":"https:\/\/jiushidao.com\/pt\/wp-json\/wp\/v2\/product_cat?post=588"},{"taxonomy":"product_tag","embeddable":true,"href":"https:\/\/jiushidao.com\/pt\/wp-json\/wp\/v2\/product_tag?post=588"}],"curies":[{"name":"wp","href":"https:\/\/api.w.org\/{rel}","templated":true}]}}