{"id":557,"date":"2025-10-28T14:43:17","date_gmt":"2025-10-28T14:43:17","guid":{"rendered":"https:\/\/jiushidao.com\/?post_type=product&#038;p=557"},"modified":"2025-10-28T14:58:17","modified_gmt":"2025-10-28T14:58:17","slug":"keton-nutritional-powder-hydrolyzed-whey-protein-type-solid-beverage","status":"publish","type":"product","link":"https:\/\/jiushidao.com\/pt\/produto\/keton-nutritional-powder-hydrolyzed-whey-protein-type-solid-beverage\/","title":{"rendered":"Bebida s\u00f3lida em p\u00f3 nutricional Keton (tipo prote\u00edna de soro de leite hidrolisada)"},"content":{"rendered":"<p>Suporte nutricional completo com prote\u00edna hidrolisada<br \/>\nF\u00f3rmula nutricional avan\u00e7ada, desenvolvida especificamente para pessoas com restri\u00e7\u00f5es alimentares e necessidades especiais de sa\u00fade. Cont\u00e9m prote\u00edna de soro de leite profundamente hidrolisada para \u00f3tima absor\u00e7\u00e3o.<br \/>\nPrincipais benef\u00edcios:<br \/>\nF\u00f3rmula sem gl\u00faten com baixo teor de al\u00e9rgenos proteicos.<br \/>\nBaixo teor de a\u00e7\u00facar? Com propor\u00e7\u00e3o cetog\u00eanica de 2:1<br \/>\nProte\u00edna profundamente hidrolisada para melhor absor\u00e7\u00e3o de nutrientes.<br \/>\nNutri\u00e7\u00e3o completa com 10 vitaminas + 4 minerais<br \/>\nEspecifica\u00e7\u00f5es:<br \/>\nFormato: P\u00f3 para bebida s\u00f3lida<br \/>\nEmbalagem: 30 sach\u00eas x 17,5g cada<br \/>\nValidade: 18 meses<br \/>\nArmazenamento: Conservar em local fresco e seco, ao abrigo da luz solar direta.<br \/>\nIngredientes:<br \/>\nP\u00f3 microencapsulado de \u00f3leo vegetal comest\u00edvel (\u00f3leo de colza com baixo teor de \u00e1cido er\u00facico, amido modificado, \u00f3leo de milho, dextrina resistente, isomaltooligossacar\u00eddeo), p\u00f3 microencapsulado de TCM, prote\u00edna de soro de leite profundamente hidrolisada em p\u00f3 (15,5%), \u00f3leo de alga DHA em p\u00f3 (1%), galactooligossacar\u00eddeos, fosfato tric\u00e1lcico, \u00f3leo de \u00e1cido araquid\u00f4nico em p\u00f3 (0,5%), fortificantes de vitaminas e minerais, aromatizante alimentar, sucralose.<\/p>","protected":false},"excerpt":{"rendered":"<p>Suporte nutricional completo com prote\u00edna hidrolisada. F\u00f3rmula nutricional avan\u00e7ada especificamente desenvolvida para indiv\u00edduos com restri\u00e7\u00f5es alimentares e necessidades especiais de sa\u00fade. Cont\u00e9m prote\u00edna de soro de leite profundamente hidrolisada para<span class=\"excerpt-hellip\"> [\u2026]<\/span><\/p>","protected":false},"featured_media":555,"comment_status":"open","ping_status":"closed","template":"","meta":[],"product_brand":[50],"product_cat":[38],"product_tag":[],"class_list":{"0":"post-557","1":"product","2":"type-product","3":"status-publish","4":"has-post-thumbnail","6":"product_brand-50","7":"product_cat-beverages-and-preparations","9":"first","10":"instock","11":"shipping-taxable","12":"product-type-simple"},"yoast_head":"<!-- This site is optimized with the Yoast SEO Premium plugin v25.8 (Yoast SEO v25.8) - https:\/\/yoast.com\/wordpress\/plugins\/seo\/ -->\n<title>Keton Nutritional Powder (Hydrolyzed Whey Protein Type) Solid Beverage - Jiushidao - Global Food Marketplace for Business Growth and Cosumers<\/title>\n<meta name=\"robots\" content=\"index, follow, max-snippet:-1, max-image-preview:large, max-video-preview:-1\" \/>\n<link rel=\"canonical\" href=\"https:\/\/jiushidao.com\/pt\/produto\/keton-nutritional-powder-hydrolyzed-whey-protein-type-solid-beverage\/\" \/>\n<meta property=\"og:locale\" content=\"pt_PT\" \/>\n<meta property=\"og:type\" content=\"article\" \/>\n<meta property=\"og:title\" content=\"Keton Nutritional Powder (Hydrolyzed Whey Protein Type) Solid Beverage\" \/>\n<meta property=\"og:description\" content=\"Complete Nutritional Support with Hydrolyzed Protein Advanced nutritional formula specifically designed for individuals with dietary restrictions and special health requirements. Features deeply hydrolyzed whey protein for [\u2026]\" \/>\n<meta property=\"og:url\" content=\"https:\/\/jiushidao.com\/pt\/produto\/keton-nutritional-powder-hydrolyzed-whey-protein-type-solid-beverage\/\" \/>\n<meta property=\"og:site_name\" content=\"Jiushidao - Global Food Marketplace for Business Growth and Cosumers\" \/>\n<meta property=\"article:modified_time\" content=\"2025-10-28T14:58:17+00:00\" \/>\n<meta property=\"og:image\" content=\"https:\/\/jiushidao.com\/wp-content\/uploads\/2025\/10\/ID549.png\" \/>\n\t<meta property=\"og:image:width\" content=\"800\" \/>\n\t<meta property=\"og:image:height\" content=\"800\" \/>\n\t<meta property=\"og:image:type\" content=\"image\/png\" \/>\n<meta name=\"twitter:card\" content=\"summary_large_image\" \/>\n<meta name=\"twitter:label1\" content=\"Tempo estimado de leitura\" \/>\n\t<meta name=\"twitter:data1\" content=\"1 minuto\" \/>\n<script type=\"application\/ld+json\" class=\"yoast-schema-graph\">{\"@context\":\"https:\/\/schema.org\",\"@graph\":[{\"@type\":\"WebPage\",\"@id\":\"https:\/\/jiushidao.com\/product\/keton-nutritional-powder-hydrolyzed-whey-protein-type-solid-beverage\/\",\"url\":\"https:\/\/jiushidao.com\/product\/keton-nutritional-powder-hydrolyzed-whey-protein-type-solid-beverage\/\",\"name\":\"Keton Nutritional Powder (Hydrolyzed Whey Protein Type) Solid Beverage - Jiushidao - Global Food Marketplace for Business Growth and Cosumers\",\"isPartOf\":{\"@id\":\"https:\/\/jiushidao.com\/#website\"},\"primaryImageOfPage\":{\"@id\":\"https:\/\/jiushidao.com\/product\/keton-nutritional-powder-hydrolyzed-whey-protein-type-solid-beverage\/#primaryimage\"},\"image\":{\"@id\":\"https:\/\/jiushidao.com\/product\/keton-nutritional-powder-hydrolyzed-whey-protein-type-solid-beverage\/#primaryimage\"},\"thumbnailUrl\":\"https:\/\/jiushidao.com\/wp-content\/uploads\/2025\/10\/ID549.png\",\"datePublished\":\"2025-10-28T14:43:17+00:00\",\"dateModified\":\"2025-10-28T14:58:17+00:00\",\"breadcrumb\":{\"@id\":\"https:\/\/jiushidao.com\/product\/keton-nutritional-powder-hydrolyzed-whey-protein-type-solid-beverage\/#breadcrumb\"},\"inLanguage\":\"pt-PT\",\"potentialAction\":[{\"@type\":\"ReadAction\",\"target\":[\"https:\/\/jiushidao.com\/product\/keton-nutritional-powder-hydrolyzed-whey-protein-type-solid-beverage\/\"]}]},{\"@type\":\"ImageObject\",\"inLanguage\":\"pt-PT\",\"@id\":\"https:\/\/jiushidao.com\/product\/keton-nutritional-powder-hydrolyzed-whey-protein-type-solid-beverage\/#primaryimage\",\"url\":\"https:\/\/jiushidao.com\/wp-content\/uploads\/2025\/10\/ID549.png\",\"contentUrl\":\"https:\/\/jiushidao.com\/wp-content\/uploads\/2025\/10\/ID549.png\",\"width\":800,\"height\":800},{\"@type\":\"BreadcrumbList\",\"@id\":\"https:\/\/jiushidao.com\/product\/keton-nutritional-powder-hydrolyzed-whey-protein-type-solid-beverage\/#breadcrumb\",\"itemListElement\":[{\"@type\":\"ListItem\",\"position\":1,\"name\":\"Home\",\"item\":\"https:\/\/jiushidao.com\/\"},{\"@type\":\"ListItem\",\"position\":2,\"name\":\"Store\",\"item\":\"https:\/\/jiushidao.com\/store\/\"},{\"@type\":\"ListItem\",\"position\":3,\"name\":\"Keton Nutritional Powder (Hydrolyzed Whey Protein Type) Solid Beverage\"}]},{\"@type\":\"WebSite\",\"@id\":\"https:\/\/jiushidao.com\/#website\",\"url\":\"https:\/\/jiushidao.com\/\",\"name\":\"Jiushidao - Global Food Marketplace for Business Growth and Cosumers\",\"description\":\"Jiushidao - Global Food Marketplace for Business Growth and Cosumers\",\"potentialAction\":[{\"@type\":\"SearchAction\",\"target\":{\"@type\":\"EntryPoint\",\"urlTemplate\":\"https:\/\/jiushidao.com\/?s={search_term_string}\"},\"query-input\":{\"@type\":\"PropertyValueSpecification\",\"valueRequired\":true,\"valueName\":\"search_term_string\"}}],\"inLanguage\":\"pt-PT\"}]}<\/script>\n<!-- \/ Yoast SEO Premium plugin. -->","yoast_head_json":{"title":"Keton Nutritional Powder (Hydrolyzed Whey Protein Type) Solid Beverage - Jiushidao - Global Food Marketplace for Business Growth and Cosumers","robots":{"index":"index","follow":"follow","max-snippet":"max-snippet:-1","max-image-preview":"max-image-preview:large","max-video-preview":"max-video-preview:-1"},"canonical":"https:\/\/jiushidao.com\/pt\/produto\/keton-nutritional-powder-hydrolyzed-whey-protein-type-solid-beverage\/","og_locale":"pt_PT","og_type":"article","og_title":"Keton Nutritional Powder (Hydrolyzed Whey Protein Type) Solid Beverage","og_description":"Complete Nutritional Support with Hydrolyzed Protein Advanced nutritional formula specifically designed for individuals with dietary restrictions and special health requirements. Features deeply hydrolyzed whey protein for [\u2026]","og_url":"https:\/\/jiushidao.com\/pt\/produto\/keton-nutritional-powder-hydrolyzed-whey-protein-type-solid-beverage\/","og_site_name":"Jiushidao - Global Food Marketplace for Business Growth and Cosumers","article_modified_time":"2025-10-28T14:58:17+00:00","og_image":[{"width":800,"height":800,"url":"https:\/\/jiushidao.com\/wp-content\/uploads\/2025\/10\/ID549.png","type":"image\/png"}],"twitter_card":"summary_large_image","twitter_misc":{"Tempo estimado de leitura":"1 minuto"},"schema":{"@context":"https:\/\/schema.org","@graph":[{"@type":"WebPage","@id":"https:\/\/jiushidao.com\/product\/keton-nutritional-powder-hydrolyzed-whey-protein-type-solid-beverage\/","url":"https:\/\/jiushidao.com\/product\/keton-nutritional-powder-hydrolyzed-whey-protein-type-solid-beverage\/","name":"Keton Nutritional Powder (Hydrolyzed Whey Protein Type) Solid Beverage - Jiushidao - Global Food Marketplace for Business Growth and Cosumers","isPartOf":{"@id":"https:\/\/jiushidao.com\/#website"},"primaryImageOfPage":{"@id":"https:\/\/jiushidao.com\/product\/keton-nutritional-powder-hydrolyzed-whey-protein-type-solid-beverage\/#primaryimage"},"image":{"@id":"https:\/\/jiushidao.com\/product\/keton-nutritional-powder-hydrolyzed-whey-protein-type-solid-beverage\/#primaryimage"},"thumbnailUrl":"https:\/\/jiushidao.com\/wp-content\/uploads\/2025\/10\/ID549.png","datePublished":"2025-10-28T14:43:17+00:00","dateModified":"2025-10-28T14:58:17+00:00","breadcrumb":{"@id":"https:\/\/jiushidao.com\/product\/keton-nutritional-powder-hydrolyzed-whey-protein-type-solid-beverage\/#breadcrumb"},"inLanguage":"pt-PT","potentialAction":[{"@type":"ReadAction","target":["https:\/\/jiushidao.com\/product\/keton-nutritional-powder-hydrolyzed-whey-protein-type-solid-beverage\/"]}]},{"@type":"ImageObject","inLanguage":"pt-PT","@id":"https:\/\/jiushidao.com\/product\/keton-nutritional-powder-hydrolyzed-whey-protein-type-solid-beverage\/#primaryimage","url":"https:\/\/jiushidao.com\/wp-content\/uploads\/2025\/10\/ID549.png","contentUrl":"https:\/\/jiushidao.com\/wp-content\/uploads\/2025\/10\/ID549.png","width":800,"height":800},{"@type":"BreadcrumbList","@id":"https:\/\/jiushidao.com\/product\/keton-nutritional-powder-hydrolyzed-whey-protein-type-solid-beverage\/#breadcrumb","itemListElement":[{"@type":"ListItem","position":1,"name":"Home","item":"https:\/\/jiushidao.com\/"},{"@type":"ListItem","position":2,"name":"Store","item":"https:\/\/jiushidao.com\/store\/"},{"@type":"ListItem","position":3,"name":"Keton Nutritional Powder (Hydrolyzed Whey Protein Type) Solid Beverage"}]},{"@type":"WebSite","@id":"https:\/\/jiushidao.com\/#website","url":"https:\/\/jiushidao.com\/","name":"Jiushidao - Global Food Marketplace for Business Growth and Cosumers","description":"Jiushidao - Global Food Marketplace for Business Growth and Cosumers","potentialAction":[{"@type":"SearchAction","target":{"@type":"EntryPoint","urlTemplate":"https:\/\/jiushidao.com\/?s={search_term_string}"},"query-input":{"@type":"PropertyValueSpecification","valueRequired":true,"valueName":"search_term_string"}}],"inLanguage":"pt-PT"}]}},"_links":{"self":[{"href":"https:\/\/jiushidao.com\/pt\/wp-json\/wp\/v2\/product\/557","targetHints":{"allow":["GET"]}}],"collection":[{"href":"https:\/\/jiushidao.com\/pt\/wp-json\/wp\/v2\/product"}],"about":[{"href":"https:\/\/jiushidao.com\/pt\/wp-json\/wp\/v2\/types\/product"}],"replies":[{"embeddable":true,"href":"https:\/\/jiushidao.com\/pt\/wp-json\/wp\/v2\/comments?post=557"}],"version-history":[{"count":2,"href":"https:\/\/jiushidao.com\/pt\/wp-json\/wp\/v2\/product\/557\/revisions"}],"predecessor-version":[{"id":562,"href":"https:\/\/jiushidao.com\/pt\/wp-json\/wp\/v2\/product\/557\/revisions\/562"}],"wp:featuredmedia":[{"embeddable":true,"href":"https:\/\/jiushidao.com\/pt\/wp-json\/wp\/v2\/media\/555"}],"wp:attachment":[{"href":"https:\/\/jiushidao.com\/pt\/wp-json\/wp\/v2\/media?parent=557"}],"wp:term":[{"taxonomy":"product_brand","embeddable":true,"href":"https:\/\/jiushidao.com\/pt\/wp-json\/wp\/v2\/product_brand?post=557"},{"taxonomy":"product_cat","embeddable":true,"href":"https:\/\/jiushidao.com\/pt\/wp-json\/wp\/v2\/product_cat?post=557"},{"taxonomy":"product_tag","embeddable":true,"href":"https:\/\/jiushidao.com\/pt\/wp-json\/wp\/v2\/product_tag?post=557"}],"curies":[{"name":"wp","href":"https:\/\/api.w.org\/{rel}","templated":true}]}}