{"id":551,"date":"2025-10-28T14:10:14","date_gmt":"2025-10-28T14:10:14","guid":{"rendered":"https:\/\/jiushidao.com\/?post_type=product&#038;p=551"},"modified":"2025-10-28T14:53:59","modified_gmt":"2025-10-28T14:53:59","slug":"keton-medium-chain-triglyceride-mct-powder-solid-beverage","status":"publish","type":"product","link":"https:\/\/jiushidao.com\/pt\/produto\/keton-medium-chain-triglyceride-mct-powder-solid-beverage\/","title":{"rendered":"Bebida s\u00f3lida em p\u00f3 de triglicer\u00eddeos de cadeia m\u00e9dia (TCM) Keton"},"content":{"rendered":"<section class=\"ybc-p\"><strong>F\u00f3rmula MCT Premium para um Estilo de Vida Cetog\u00eanico<\/strong>\u200b<\/section>\n<section class=\"ybc-p\">Descubra o p\u00f3 de TCM avan\u00e7ado da Keton, desenvolvido especificamente para apoiar sua dieta cetog\u00eanica e estilo de vida saud\u00e1vel. Nossa f\u00f3rmula microencapsulada oferece todos os benef\u00edcios dos triglicer\u00eddeos de cadeia m\u00e9dia sem a textura oleosa desagrad\u00e1vel.<\/section>\n<section class=\"ybc-p\">\u200b<strong>Principais benef\u00edcios:<\/strong>\u200b<\/section>\n<ul class=\"ybc-ul-component\">\n<li class=\"ybc-li-component ybc-li-component_ul\">\n<section class=\"ybc-p\">\u00a0\u200b<strong>F\u00f3rmula com alto teor de \u00e1cido capr\u00edlico<\/strong>F\u00f3rmula premium para suporte energ\u00e9tico ideal.<\/section>\n<\/li>\n<li class=\"ybc-li-component ybc-li-component_ul\">\n<section class=\"ybc-p\">\u00a0\u200b<strong>Garantia de produto sem gl\u00faten<\/strong>O teor de gl\u00faten do 0% reduz significativamente os riscos de alergia.<\/section>\n<\/li>\n<li class=\"ybc-li-component ybc-li-component_ul\">\n<section class=\"ybc-p\">\u00a0\u200b<strong>Tecnologia Avan\u00e7ada de Microencapsula\u00e7\u00e3o<\/strong>Processamento especial minimiza o sabor residual oleoso, proporcionando melhor mistura e experi\u00eancia de consumo.<\/section>\n<\/li>\n<li class=\"ybc-li-component ybc-li-component_ul\">\n<section class=\"ybc-p\">\u00a0\u200b<strong>Adequado para dieta cetog\u00eanica<\/strong>Ideal para dietas cetog\u00eanicas, regimes com baixo teor de carboidratos e gerenciamento de energia.<\/section>\n<\/li>\n<\/ul>\n<section class=\"ybc-p\">\u200b<strong>Especifica\u00e7\u00f5es do produto:<\/strong>\u200b<\/section>\n<ul class=\"ybc-ul-component\">\n<li class=\"ybc-li-component ybc-li-component_ul\">Formato: P\u00f3 para bebida s\u00f3lida<\/li>\n<li class=\"ybc-li-component ybc-li-component_ul\">Embalagem: Caixa contendo 20 sach\u00eas individuais.<\/li>\n<li class=\"ybc-li-component ybc-li-component_ul\">Peso l\u00edquido: 10g por sach\u00ea (200g no total)<\/li>\n<li class=\"ybc-li-component ybc-li-component_ul\">Validade: 24 meses<\/li>\n<li class=\"ybc-li-component ybc-li-component_ul\">Armazenamento: Armazene em temperatura ambiente, em local fresco e seco.<\/li>\n<\/ul>\n<section class=\"ybc-p\">\u200b<strong>Ingredientes:<\/strong>\u200b<\/section>\n<section class=\"ybc-p\">P\u00f3 de TCM microencapsulado (triglicer\u00eddeos de cadeia m\u00e9dia [triglicer\u00eddeos capr\u00edlicos], maltodextrina, case\u00edna, mono e diglicer\u00eddeos de \u00e1cidos graxos).<\/section>\n<section class=\"ybc-p\">\u200b<strong>Por que escolher o p\u00f3 de MCT Keton?<\/strong>\u200b<\/section>\n<section class=\"ybc-p\">Nossa f\u00f3rmula cientificamente desenvolvida fornece energia limpa para o seu estilo de vida ativo. O processo de microencapsula\u00e7\u00e3o garante f\u00e1cil mistura com suas bebidas favoritas, mantendo os benef\u00edcios nutricionais do TCM puro. Perfeito para atletas, pessoas em dieta cetog\u00eanica e indiv\u00edduos preocupados com a sa\u00fade que buscam suporte nutricional pr\u00e1tico.<\/section>\n<section class=\"ybc-p\">\u200b<strong>Sugest\u00f5es de uso:<\/strong>\u200b<\/section>\n<section class=\"ybc-p\">Misture um sach\u00ea com \u00e1gua, caf\u00e9 ou sua bebida preferida. Ideal para energia pr\u00e9-treino, substituto de refei\u00e7\u00e3o ou como suplemento nutricional ao longo do dia.<\/section>","protected":false},"excerpt":{"rendered":"<p>F\u00f3rmula MCT Premium para um Estilo de Vida Cetog\u00eanico. Descubra o p\u00f3 MCT avan\u00e7ado da Keton, desenvolvido especificamente para apoiar sua dieta cetog\u00eanica e um estilo de vida saud\u00e1vel. Nossa f\u00f3rmula microencapsulada oferece todos os nutrientes necess\u00e1rios.<span class=\"excerpt-hellip\"> [\u2026]<\/span><\/p>","protected":false},"featured_media":554,"comment_status":"open","ping_status":"closed","template":"","meta":[],"product_brand":[50],"product_cat":[38],"product_tag":[],"class_list":{"0":"post-551","1":"product","2":"type-product","3":"status-publish","4":"has-post-thumbnail","6":"product_brand-50","7":"product_cat-beverages-and-preparations","9":"first","10":"instock","11":"shipping-taxable","12":"product-type-simple"},"yoast_head":"<!-- This site is optimized with the Yoast SEO Premium plugin v25.8 (Yoast SEO v25.8) - https:\/\/yoast.com\/wordpress\/plugins\/seo\/ -->\n<title>Keton Medium Chain Triglyceride (MCT) Powder Solid Beverage - Jiushidao - Global Food Marketplace for Business Growth and Cosumers<\/title>\n<meta name=\"robots\" content=\"index, follow, max-snippet:-1, max-image-preview:large, max-video-preview:-1\" \/>\n<link rel=\"canonical\" href=\"https:\/\/jiushidao.com\/pt\/produto\/keton-medium-chain-triglyceride-mct-powder-solid-beverage\/\" \/>\n<meta property=\"og:locale\" content=\"pt_PT\" \/>\n<meta property=\"og:type\" content=\"article\" \/>\n<meta property=\"og:title\" content=\"Keton Medium Chain Triglyceride (MCT) Powder Solid Beverage\" \/>\n<meta property=\"og:description\" content=\"\u200bPremium MCT Formula for Ketogenic Lifestyle\u200b\u200b Discover Keton&#8217;s advanced MCT Powder, specifically designed to support your ketogenic diet and healthy lifestyle. Our microencapsulated formula delivers all [\u2026]\" \/>\n<meta property=\"og:url\" content=\"https:\/\/jiushidao.com\/pt\/produto\/keton-medium-chain-triglyceride-mct-powder-solid-beverage\/\" \/>\n<meta property=\"og:site_name\" content=\"Jiushidao - Global Food Marketplace for Business Growth and Cosumers\" \/>\n<meta property=\"article:modified_time\" content=\"2025-10-28T14:53:59+00:00\" \/>\n<meta property=\"og:image\" content=\"https:\/\/jiushidao.com\/wp-content\/uploads\/2025\/10\/ID548.png\" \/>\n\t<meta property=\"og:image:width\" content=\"800\" \/>\n\t<meta property=\"og:image:height\" content=\"800\" \/>\n\t<meta property=\"og:image:type\" content=\"image\/png\" \/>\n<meta name=\"twitter:card\" content=\"summary_large_image\" \/>\n<meta name=\"twitter:label1\" content=\"Tempo estimado de leitura\" \/>\n\t<meta name=\"twitter:data1\" content=\"2 minutos\" \/>\n<script type=\"application\/ld+json\" class=\"yoast-schema-graph\">{\"@context\":\"https:\/\/schema.org\",\"@graph\":[{\"@type\":\"WebPage\",\"@id\":\"https:\/\/jiushidao.com\/product\/keton-medium-chain-triglyceride-mct-powder-solid-beverage\/\",\"url\":\"https:\/\/jiushidao.com\/product\/keton-medium-chain-triglyceride-mct-powder-solid-beverage\/\",\"name\":\"Keton Medium Chain Triglyceride (MCT) Powder Solid Beverage - Jiushidao - Global Food Marketplace for Business Growth and Cosumers\",\"isPartOf\":{\"@id\":\"https:\/\/jiushidao.com\/#website\"},\"primaryImageOfPage\":{\"@id\":\"https:\/\/jiushidao.com\/product\/keton-medium-chain-triglyceride-mct-powder-solid-beverage\/#primaryimage\"},\"image\":{\"@id\":\"https:\/\/jiushidao.com\/product\/keton-medium-chain-triglyceride-mct-powder-solid-beverage\/#primaryimage\"},\"thumbnailUrl\":\"https:\/\/jiushidao.com\/wp-content\/uploads\/2025\/10\/ID548.png\",\"datePublished\":\"2025-10-28T14:10:14+00:00\",\"dateModified\":\"2025-10-28T14:53:59+00:00\",\"breadcrumb\":{\"@id\":\"https:\/\/jiushidao.com\/product\/keton-medium-chain-triglyceride-mct-powder-solid-beverage\/#breadcrumb\"},\"inLanguage\":\"pt-PT\",\"potentialAction\":[{\"@type\":\"ReadAction\",\"target\":[\"https:\/\/jiushidao.com\/product\/keton-medium-chain-triglyceride-mct-powder-solid-beverage\/\"]}]},{\"@type\":\"ImageObject\",\"inLanguage\":\"pt-PT\",\"@id\":\"https:\/\/jiushidao.com\/product\/keton-medium-chain-triglyceride-mct-powder-solid-beverage\/#primaryimage\",\"url\":\"https:\/\/jiushidao.com\/wp-content\/uploads\/2025\/10\/ID548.png\",\"contentUrl\":\"https:\/\/jiushidao.com\/wp-content\/uploads\/2025\/10\/ID548.png\",\"width\":800,\"height\":800},{\"@type\":\"BreadcrumbList\",\"@id\":\"https:\/\/jiushidao.com\/product\/keton-medium-chain-triglyceride-mct-powder-solid-beverage\/#breadcrumb\",\"itemListElement\":[{\"@type\":\"ListItem\",\"position\":1,\"name\":\"Home\",\"item\":\"https:\/\/jiushidao.com\/\"},{\"@type\":\"ListItem\",\"position\":2,\"name\":\"Store\",\"item\":\"https:\/\/jiushidao.com\/store\/\"},{\"@type\":\"ListItem\",\"position\":3,\"name\":\"Keton Medium Chain Triglyceride (MCT) Powder Solid Beverage\"}]},{\"@type\":\"WebSite\",\"@id\":\"https:\/\/jiushidao.com\/#website\",\"url\":\"https:\/\/jiushidao.com\/\",\"name\":\"Jiushidao - Global Food Marketplace for Business Growth and Cosumers\",\"description\":\"Jiushidao - Global Food Marketplace for Business Growth and Cosumers\",\"potentialAction\":[{\"@type\":\"SearchAction\",\"target\":{\"@type\":\"EntryPoint\",\"urlTemplate\":\"https:\/\/jiushidao.com\/?s={search_term_string}\"},\"query-input\":{\"@type\":\"PropertyValueSpecification\",\"valueRequired\":true,\"valueName\":\"search_term_string\"}}],\"inLanguage\":\"pt-PT\"}]}<\/script>\n<!-- \/ Yoast SEO Premium plugin. -->","yoast_head_json":{"title":"Keton Medium Chain Triglyceride (MCT) Powder Solid Beverage - Jiushidao - Global Food Marketplace for Business Growth and Cosumers","robots":{"index":"index","follow":"follow","max-snippet":"max-snippet:-1","max-image-preview":"max-image-preview:large","max-video-preview":"max-video-preview:-1"},"canonical":"https:\/\/jiushidao.com\/pt\/produto\/keton-medium-chain-triglyceride-mct-powder-solid-beverage\/","og_locale":"pt_PT","og_type":"article","og_title":"Keton Medium Chain Triglyceride (MCT) Powder Solid Beverage","og_description":"\u200bPremium MCT Formula for Ketogenic Lifestyle\u200b\u200b Discover Keton&#8217;s advanced MCT Powder, specifically designed to support your ketogenic diet and healthy lifestyle. Our microencapsulated formula delivers all [\u2026]","og_url":"https:\/\/jiushidao.com\/pt\/produto\/keton-medium-chain-triglyceride-mct-powder-solid-beverage\/","og_site_name":"Jiushidao - Global Food Marketplace for Business Growth and Cosumers","article_modified_time":"2025-10-28T14:53:59+00:00","og_image":[{"width":800,"height":800,"url":"https:\/\/jiushidao.com\/wp-content\/uploads\/2025\/10\/ID548.png","type":"image\/png"}],"twitter_card":"summary_large_image","twitter_misc":{"Tempo estimado de leitura":"2 minutos"},"schema":{"@context":"https:\/\/schema.org","@graph":[{"@type":"WebPage","@id":"https:\/\/jiushidao.com\/product\/keton-medium-chain-triglyceride-mct-powder-solid-beverage\/","url":"https:\/\/jiushidao.com\/product\/keton-medium-chain-triglyceride-mct-powder-solid-beverage\/","name":"Keton Medium Chain Triglyceride (MCT) Powder Solid Beverage - Jiushidao - Global Food Marketplace for Business Growth and Cosumers","isPartOf":{"@id":"https:\/\/jiushidao.com\/#website"},"primaryImageOfPage":{"@id":"https:\/\/jiushidao.com\/product\/keton-medium-chain-triglyceride-mct-powder-solid-beverage\/#primaryimage"},"image":{"@id":"https:\/\/jiushidao.com\/product\/keton-medium-chain-triglyceride-mct-powder-solid-beverage\/#primaryimage"},"thumbnailUrl":"https:\/\/jiushidao.com\/wp-content\/uploads\/2025\/10\/ID548.png","datePublished":"2025-10-28T14:10:14+00:00","dateModified":"2025-10-28T14:53:59+00:00","breadcrumb":{"@id":"https:\/\/jiushidao.com\/product\/keton-medium-chain-triglyceride-mct-powder-solid-beverage\/#breadcrumb"},"inLanguage":"pt-PT","potentialAction":[{"@type":"ReadAction","target":["https:\/\/jiushidao.com\/product\/keton-medium-chain-triglyceride-mct-powder-solid-beverage\/"]}]},{"@type":"ImageObject","inLanguage":"pt-PT","@id":"https:\/\/jiushidao.com\/product\/keton-medium-chain-triglyceride-mct-powder-solid-beverage\/#primaryimage","url":"https:\/\/jiushidao.com\/wp-content\/uploads\/2025\/10\/ID548.png","contentUrl":"https:\/\/jiushidao.com\/wp-content\/uploads\/2025\/10\/ID548.png","width":800,"height":800},{"@type":"BreadcrumbList","@id":"https:\/\/jiushidao.com\/product\/keton-medium-chain-triglyceride-mct-powder-solid-beverage\/#breadcrumb","itemListElement":[{"@type":"ListItem","position":1,"name":"Home","item":"https:\/\/jiushidao.com\/"},{"@type":"ListItem","position":2,"name":"Store","item":"https:\/\/jiushidao.com\/store\/"},{"@type":"ListItem","position":3,"name":"Keton Medium Chain Triglyceride (MCT) Powder Solid Beverage"}]},{"@type":"WebSite","@id":"https:\/\/jiushidao.com\/#website","url":"https:\/\/jiushidao.com\/","name":"Jiushidao - Global Food Marketplace for Business Growth and Cosumers","description":"Jiushidao - Global Food Marketplace for Business Growth and Cosumers","potentialAction":[{"@type":"SearchAction","target":{"@type":"EntryPoint","urlTemplate":"https:\/\/jiushidao.com\/?s={search_term_string}"},"query-input":{"@type":"PropertyValueSpecification","valueRequired":true,"valueName":"search_term_string"}}],"inLanguage":"pt-PT"}]}},"_links":{"self":[{"href":"https:\/\/jiushidao.com\/pt\/wp-json\/wp\/v2\/product\/551","targetHints":{"allow":["GET"]}}],"collection":[{"href":"https:\/\/jiushidao.com\/pt\/wp-json\/wp\/v2\/product"}],"about":[{"href":"https:\/\/jiushidao.com\/pt\/wp-json\/wp\/v2\/types\/product"}],"replies":[{"embeddable":true,"href":"https:\/\/jiushidao.com\/pt\/wp-json\/wp\/v2\/comments?post=551"}],"version-history":[{"count":3,"href":"https:\/\/jiushidao.com\/pt\/wp-json\/wp\/v2\/product\/551\/revisions"}],"predecessor-version":[{"id":560,"href":"https:\/\/jiushidao.com\/pt\/wp-json\/wp\/v2\/product\/551\/revisions\/560"}],"wp:featuredmedia":[{"embeddable":true,"href":"https:\/\/jiushidao.com\/pt\/wp-json\/wp\/v2\/media\/554"}],"wp:attachment":[{"href":"https:\/\/jiushidao.com\/pt\/wp-json\/wp\/v2\/media?parent=551"}],"wp:term":[{"taxonomy":"product_brand","embeddable":true,"href":"https:\/\/jiushidao.com\/pt\/wp-json\/wp\/v2\/product_brand?post=551"},{"taxonomy":"product_cat","embeddable":true,"href":"https:\/\/jiushidao.com\/pt\/wp-json\/wp\/v2\/product_cat?post=551"},{"taxonomy":"product_tag","embeddable":true,"href":"https:\/\/jiushidao.com\/pt\/wp-json\/wp\/v2\/product_tag?post=551"}],"curies":[{"name":"wp","href":"https:\/\/api.w.org\/{rel}","templated":true}]}}