{"id":543,"date":"2025-10-28T09:44:02","date_gmt":"2025-10-28T09:44:02","guid":{"rendered":"https:\/\/jiushidao.com\/?post_type=product&#038;p=543"},"modified":"2025-10-28T09:44:04","modified_gmt":"2025-10-28T09:44:04","slug":"guxiaoran-gluten-free-whole-grain-corn-pasta-black-pepper-beef-tomato-meat-sauce-266-2g-box","status":"publish","type":"product","link":"https:\/\/jiushidao.com\/pt\/produto\/guxiaoran-gluten-free-whole-grain-corn-pasta-black-pepper-beef-tomato-meat-sauce-266-2g-box\/","title":{"rendered":"Massa integral de milho sem gl\u00faten Guxiaoran \u2013 Carne com pimenta-do-reino e molho de tomate (266,2g\/caixa)"},"content":{"rendered":"<section class=\"ybc-p\">\u200b<\/section>\n<section class=\"ybc-p\">\u200b<strong>Massa saud\u00e1vel reinventada<\/strong>\u200b<\/section>\n<section class=\"ybc-p\">Descubra a inovadora massa sem gl\u00faten da Guxiaoran, feita com milho integral 100%. Perfeita para consumidores preocupados com a sa\u00fade e para aqueles com restri\u00e7\u00f5es alimentares, nossa massa oferece o aut\u00eantico sabor italiano sem abrir m\u00e3o da nutri\u00e7\u00e3o ou do sabor.<\/section>\n<section class=\"ybc-p\">\u200b<strong>Principais caracter\u00edsticas:<\/strong>\u200b<\/section>\n<ul class=\"ybc-ul-component\">\n<li class=\"ybc-li-component ybc-li-component_ul\">\n<section class=\"ybc-p\">\u00a0\u200b<strong>Certificado sem gl\u00faten<\/strong>Feito com trigo 0%, seguro para pessoas com sensibilidade ao gl\u00faten.<\/section>\n<\/li>\n<li class=\"ybc-li-component ybc-li-component_ul\">\n<section class=\"ybc-p\">\u00a0\u200b<strong>A bondade dos gr\u00e3os integrais<\/strong>Rico em fibras alimentares para uma melhor digest\u00e3o.<\/section>\n<\/li>\n<li class=\"ybc-li-component ybc-li-component_ul\">\n<section class=\"ybc-p\">\u00a0\u200b<strong>Ingredientes Premium<\/strong>: Apresenta tomates mel de Xinjiang combinados com tomates Roma picantes para uma acidez equilibrada.<\/section>\n<\/li>\n<li class=\"ybc-li-component ybc-li-component_ul\">\n<section class=\"ybc-p\">\u00a0\u200b<strong>Molhos com Qualidade de Restaurante<\/strong>\u200b:<\/section>\n<ul class=\"ybc-ul-component\">\n<li class=\"ybc-li-component ybc-li-component_ul\">\n<section class=\"ybc-p\">Carne com Pimenta: Pimenta levemente picante combinada com carne suculenta e macia.<\/section>\n<\/li>\n<li class=\"ybc-li-component ybc-li-component_ul\">\n<section class=\"ybc-p\">Molho de tomate com carne: a perfei\u00e7\u00e3o agridoce do tomate<\/section>\n<\/li>\n<\/ul>\n<\/li>\n<li class=\"ybc-li-component ybc-li-component_ul\">\n<section class=\"ybc-p\">\u00a0\u200b<strong>Experi\u00eancia de Textura Rica<\/strong>Molho generoso que envolve cada peda\u00e7o, deixando-o ainda mais suculento e saboroso.<\/section>\n<\/li>\n<\/ul>\n<section class=\"ybc-p\">\u200b<strong>Especifica\u00e7\u00f5es do produto:<\/strong>\u200b<\/section>\n<ul class=\"ybc-ul-component\">\n<li class=\"ybc-li-component ybc-li-component_ul\">\n<section class=\"ybc-p\">Peso: 266,2 g\/caixa<\/section>\n<\/li>\n<li class=\"ybc-li-component ybc-li-component_ul\">\n<section class=\"ybc-p\">Vida \u00fatil: 12 meses<\/section>\n<\/li>\n<li class=\"ybc-li-component ybc-li-component_ul\">Armazenamento: Temperatura ambiente<\/li>\n<li class=\"ybc-li-component ybc-li-component_ul\">\n<section class=\"ybc-p\">Embalagem: 24 caixas\/estojo<\/section>\n<\/li>\n<\/ul>\n<section class=\"ybc-p\">\u200b<strong>Ingredientes:<\/strong>\u200b<\/section>\n<section class=\"ybc-p\"><em>Vers\u00e3o com carne e pimenta-do-reino:<\/em><\/section>\n<section class=\"ybc-p\">Farinha de milho integral, \u00e1gua pot\u00e1vel, molho de carne com pimenta-do-reino, azeite de ervas, salsa picada<\/section>\n<section class=\"ybc-p\"><em>Vers\u00e3o com molho de tomate e carne:<\/em><\/section>\n<section class=\"ybc-p\">Farinha de milho integral, \u00e1gua pot\u00e1vel, molho de tomate com carne, azeite de ervas, salsa picada<\/section>\n<section class=\"ybc-p\">\u200b<strong>Por que escolher Guxiaoran?<\/strong>\u200b<\/section>\n<section class=\"ybc-p\">Nossa massa combina m\u00e9todos tradicionais da culin\u00e1ria italiana com as exig\u00eancias modernas de sa\u00fade. Cada caixa cont\u00e9m por\u00e7\u00f5es cuidadosamente selecionadas de massa e sach\u00eas de molho para um preparo r\u00e1pido e pr\u00e1tico, mantendo o sabor aut\u00eantico de restaurante. Perfeita para pessoas ocupadas que buscam refei\u00e7\u00f5es saud\u00e1veis e deliciosas sem a complica\u00e7\u00e3o de prepara\u00e7\u00f5es complexas. Pronta em minutos, para ser apreciada por horas!<\/section>","protected":false},"excerpt":{"rendered":"<p><img fetchpriority=\"high\" decoding=\"async\" class=\"aligncenter size-full wp-image-544\" src=\"https:\/\/jiushidao.com\/wp-content\/uploads\/2025\/10\/\u56fe\u72471.png\" alt=\"\" width=\"1149\" height=\"333\" srcset=\"https:\/\/jiushidao.com\/wp-content\/uploads\/2025\/10\/\u56fe\u72471.png 1149w, https:\/\/jiushidao.com\/wp-content\/uploads\/2025\/10\/\u56fe\u72471-500x145.png 500w, https:\/\/jiushidao.com\/wp-content\/uploads\/2025\/10\/\u56fe\u72471-300x87.png 300w, https:\/\/jiushidao.com\/wp-content\/uploads\/2025\/10\/\u56fe\u72471-768x223.png 768w, https:\/\/jiushidao.com\/wp-content\/uploads\/2025\/10\/\u56fe\u72471-18x5.png 18w, https:\/\/jiushidao.com\/wp-content\/uploads\/2025\/10\/\u56fe\u72471-150x43.png 150w, https:\/\/jiushidao.com\/wp-content\/uploads\/2025\/10\/\u56fe\u72471-700x203.png 700w, https:\/\/jiushidao.com\/wp-content\/uploads\/2025\/10\/\u56fe\u72471-800x232.png 800w, https:\/\/jiushidao.com\/wp-content\/uploads\/2025\/10\/\u56fe\u72471-350x100.png 350w\" sizes=\"(max-width:767px) 700px, (max-width:1149px) 100vw, 1149px\" \/><\/p>","protected":false},"featured_media":545,"comment_status":"open","ping_status":"closed","template":"","meta":[],"product_brand":[49,48],"product_cat":[41],"product_tag":[],"class_list":{"0":"post-543","1":"product","2":"type-product","3":"status-publish","4":"has-post-thumbnail","6":"product_brand-49","7":"product_brand-48","8":"product_cat-instant-food","10":"first","11":"instock","12":"shipping-taxable","13":"product-type-simple"},"yoast_head":"<!-- This site is optimized with the Yoast SEO Premium plugin v25.8 (Yoast SEO v25.8) - https:\/\/yoast.com\/wordpress\/plugins\/seo\/ -->\n<title>Guxiaoran Gluten-Free Whole Grain Corn Pasta - Black Pepper Beef &amp; Tomato Meat Sauce (266.2g\/Box) - Jiushidao - Global Food Marketplace for Business Growth and Cosumers<\/title>\n<meta name=\"robots\" content=\"index, follow, max-snippet:-1, max-image-preview:large, max-video-preview:-1\" \/>\n<link rel=\"canonical\" href=\"https:\/\/jiushidao.com\/pt\/produto\/guxiaoran-gluten-free-whole-grain-corn-pasta-black-pepper-beef-tomato-meat-sauce-266-2g-box\/\" \/>\n<meta property=\"og:locale\" content=\"pt_PT\" \/>\n<meta property=\"og:type\" content=\"article\" \/>\n<meta property=\"og:title\" content=\"Guxiaoran Gluten-Free Whole Grain Corn Pasta - Black Pepper Beef &amp; Tomato Meat Sauce (266.2g\/Box)\" \/>\n<meta property=\"og:url\" content=\"https:\/\/jiushidao.com\/pt\/produto\/guxiaoran-gluten-free-whole-grain-corn-pasta-black-pepper-beef-tomato-meat-sauce-266-2g-box\/\" \/>\n<meta property=\"og:site_name\" content=\"Jiushidao - Global Food Marketplace for Business Growth and Cosumers\" \/>\n<meta property=\"article:modified_time\" content=\"2025-10-28T09:44:04+00:00\" \/>\n<meta property=\"og:image\" content=\"https:\/\/jiushidao.com\/wp-content\/uploads\/2025\/10\/\u56fe\u72471_02-1.png\" \/>\n\t<meta property=\"og:image:width\" content=\"609\" \/>\n\t<meta property=\"og:image:height\" content=\"333\" \/>\n\t<meta property=\"og:image:type\" content=\"image\/png\" \/>\n<meta name=\"twitter:card\" content=\"summary_large_image\" \/>\n<meta name=\"twitter:label1\" content=\"Tempo estimado de leitura\" \/>\n\t<meta name=\"twitter:data1\" content=\"2 minutos\" \/>\n<script type=\"application\/ld+json\" class=\"yoast-schema-graph\">{\"@context\":\"https:\/\/schema.org\",\"@graph\":[{\"@type\":\"WebPage\",\"@id\":\"https:\/\/jiushidao.com\/product\/guxiaoran-gluten-free-whole-grain-corn-pasta-black-pepper-beef-tomato-meat-sauce-266-2g-box\/\",\"url\":\"https:\/\/jiushidao.com\/product\/guxiaoran-gluten-free-whole-grain-corn-pasta-black-pepper-beef-tomato-meat-sauce-266-2g-box\/\",\"name\":\"Guxiaoran Gluten-Free Whole Grain Corn Pasta - Black Pepper Beef & Tomato Meat Sauce (266.2g\/Box) - Jiushidao - Global Food Marketplace for Business Growth and Cosumers\",\"isPartOf\":{\"@id\":\"https:\/\/jiushidao.com\/#website\"},\"primaryImageOfPage\":{\"@id\":\"https:\/\/jiushidao.com\/product\/guxiaoran-gluten-free-whole-grain-corn-pasta-black-pepper-beef-tomato-meat-sauce-266-2g-box\/#primaryimage\"},\"image\":{\"@id\":\"https:\/\/jiushidao.com\/product\/guxiaoran-gluten-free-whole-grain-corn-pasta-black-pepper-beef-tomato-meat-sauce-266-2g-box\/#primaryimage\"},\"thumbnailUrl\":\"https:\/\/jiushidao.com\/wp-content\/uploads\/2025\/10\/\u56fe\u72471_02-1.png\",\"datePublished\":\"2025-10-28T09:44:02+00:00\",\"dateModified\":\"2025-10-28T09:44:04+00:00\",\"breadcrumb\":{\"@id\":\"https:\/\/jiushidao.com\/product\/guxiaoran-gluten-free-whole-grain-corn-pasta-black-pepper-beef-tomato-meat-sauce-266-2g-box\/#breadcrumb\"},\"inLanguage\":\"pt-PT\",\"potentialAction\":[{\"@type\":\"ReadAction\",\"target\":[\"https:\/\/jiushidao.com\/product\/guxiaoran-gluten-free-whole-grain-corn-pasta-black-pepper-beef-tomato-meat-sauce-266-2g-box\/\"]}]},{\"@type\":\"ImageObject\",\"inLanguage\":\"pt-PT\",\"@id\":\"https:\/\/jiushidao.com\/product\/guxiaoran-gluten-free-whole-grain-corn-pasta-black-pepper-beef-tomato-meat-sauce-266-2g-box\/#primaryimage\",\"url\":\"https:\/\/jiushidao.com\/wp-content\/uploads\/2025\/10\/\u56fe\u72471_02-1.png\",\"contentUrl\":\"https:\/\/jiushidao.com\/wp-content\/uploads\/2025\/10\/\u56fe\u72471_02-1.png\",\"width\":609,\"height\":333},{\"@type\":\"BreadcrumbList\",\"@id\":\"https:\/\/jiushidao.com\/product\/guxiaoran-gluten-free-whole-grain-corn-pasta-black-pepper-beef-tomato-meat-sauce-266-2g-box\/#breadcrumb\",\"itemListElement\":[{\"@type\":\"ListItem\",\"position\":1,\"name\":\"Home\",\"item\":\"https:\/\/jiushidao.com\/\"},{\"@type\":\"ListItem\",\"position\":2,\"name\":\"Store\",\"item\":\"https:\/\/jiushidao.com\/store\/\"},{\"@type\":\"ListItem\",\"position\":3,\"name\":\"Guxiaoran Gluten-Free Whole Grain Corn Pasta &#8211; Black Pepper Beef &#038; Tomato Meat Sauce (266.2g\/Box)\"}]},{\"@type\":\"WebSite\",\"@id\":\"https:\/\/jiushidao.com\/#website\",\"url\":\"https:\/\/jiushidao.com\/\",\"name\":\"Jiushidao - Global Food Marketplace for Business Growth and Cosumers\",\"description\":\"Jiushidao - Global Food Marketplace for Business Growth and Cosumers\",\"potentialAction\":[{\"@type\":\"SearchAction\",\"target\":{\"@type\":\"EntryPoint\",\"urlTemplate\":\"https:\/\/jiushidao.com\/?s={search_term_string}\"},\"query-input\":{\"@type\":\"PropertyValueSpecification\",\"valueRequired\":true,\"valueName\":\"search_term_string\"}}],\"inLanguage\":\"pt-PT\"}]}<\/script>\n<!-- \/ Yoast SEO Premium plugin. -->","yoast_head_json":{"title":"Guxiaoran Gluten-Free Whole Grain Corn Pasta - Black Pepper Beef & Tomato Meat Sauce (266.2g\/Box) - Jiushidao - Global Food Marketplace for Business Growth and Cosumers","robots":{"index":"index","follow":"follow","max-snippet":"max-snippet:-1","max-image-preview":"max-image-preview:large","max-video-preview":"max-video-preview:-1"},"canonical":"https:\/\/jiushidao.com\/pt\/produto\/guxiaoran-gluten-free-whole-grain-corn-pasta-black-pepper-beef-tomato-meat-sauce-266-2g-box\/","og_locale":"pt_PT","og_type":"article","og_title":"Guxiaoran Gluten-Free Whole Grain Corn Pasta - Black Pepper Beef & Tomato Meat Sauce (266.2g\/Box)","og_url":"https:\/\/jiushidao.com\/pt\/produto\/guxiaoran-gluten-free-whole-grain-corn-pasta-black-pepper-beef-tomato-meat-sauce-266-2g-box\/","og_site_name":"Jiushidao - Global Food Marketplace for Business Growth and Cosumers","article_modified_time":"2025-10-28T09:44:04+00:00","og_image":[{"width":609,"height":333,"url":"https:\/\/jiushidao.com\/wp-content\/uploads\/2025\/10\/\u56fe\u72471_02-1.png","type":"image\/png"}],"twitter_card":"summary_large_image","twitter_misc":{"Tempo estimado de leitura":"2 minutos"},"schema":{"@context":"https:\/\/schema.org","@graph":[{"@type":"WebPage","@id":"https:\/\/jiushidao.com\/product\/guxiaoran-gluten-free-whole-grain-corn-pasta-black-pepper-beef-tomato-meat-sauce-266-2g-box\/","url":"https:\/\/jiushidao.com\/product\/guxiaoran-gluten-free-whole-grain-corn-pasta-black-pepper-beef-tomato-meat-sauce-266-2g-box\/","name":"Guxiaoran Gluten-Free Whole Grain Corn Pasta - Black Pepper Beef & Tomato Meat Sauce (266.2g\/Box) - Jiushidao - Global Food Marketplace for Business Growth and Cosumers","isPartOf":{"@id":"https:\/\/jiushidao.com\/#website"},"primaryImageOfPage":{"@id":"https:\/\/jiushidao.com\/product\/guxiaoran-gluten-free-whole-grain-corn-pasta-black-pepper-beef-tomato-meat-sauce-266-2g-box\/#primaryimage"},"image":{"@id":"https:\/\/jiushidao.com\/product\/guxiaoran-gluten-free-whole-grain-corn-pasta-black-pepper-beef-tomato-meat-sauce-266-2g-box\/#primaryimage"},"thumbnailUrl":"https:\/\/jiushidao.com\/wp-content\/uploads\/2025\/10\/\u56fe\u72471_02-1.png","datePublished":"2025-10-28T09:44:02+00:00","dateModified":"2025-10-28T09:44:04+00:00","breadcrumb":{"@id":"https:\/\/jiushidao.com\/product\/guxiaoran-gluten-free-whole-grain-corn-pasta-black-pepper-beef-tomato-meat-sauce-266-2g-box\/#breadcrumb"},"inLanguage":"pt-PT","potentialAction":[{"@type":"ReadAction","target":["https:\/\/jiushidao.com\/product\/guxiaoran-gluten-free-whole-grain-corn-pasta-black-pepper-beef-tomato-meat-sauce-266-2g-box\/"]}]},{"@type":"ImageObject","inLanguage":"pt-PT","@id":"https:\/\/jiushidao.com\/product\/guxiaoran-gluten-free-whole-grain-corn-pasta-black-pepper-beef-tomato-meat-sauce-266-2g-box\/#primaryimage","url":"https:\/\/jiushidao.com\/wp-content\/uploads\/2025\/10\/\u56fe\u72471_02-1.png","contentUrl":"https:\/\/jiushidao.com\/wp-content\/uploads\/2025\/10\/\u56fe\u72471_02-1.png","width":609,"height":333},{"@type":"BreadcrumbList","@id":"https:\/\/jiushidao.com\/product\/guxiaoran-gluten-free-whole-grain-corn-pasta-black-pepper-beef-tomato-meat-sauce-266-2g-box\/#breadcrumb","itemListElement":[{"@type":"ListItem","position":1,"name":"Home","item":"https:\/\/jiushidao.com\/"},{"@type":"ListItem","position":2,"name":"Store","item":"https:\/\/jiushidao.com\/store\/"},{"@type":"ListItem","position":3,"name":"Guxiaoran Gluten-Free Whole Grain Corn Pasta &#8211; Black Pepper Beef &#038; Tomato Meat Sauce (266.2g\/Box)"}]},{"@type":"WebSite","@id":"https:\/\/jiushidao.com\/#website","url":"https:\/\/jiushidao.com\/","name":"Jiushidao - Global Food Marketplace for Business Growth and Cosumers","description":"Jiushidao - Global Food Marketplace for Business Growth and Cosumers","potentialAction":[{"@type":"SearchAction","target":{"@type":"EntryPoint","urlTemplate":"https:\/\/jiushidao.com\/?s={search_term_string}"},"query-input":{"@type":"PropertyValueSpecification","valueRequired":true,"valueName":"search_term_string"}}],"inLanguage":"pt-PT"}]}},"_links":{"self":[{"href":"https:\/\/jiushidao.com\/pt\/wp-json\/wp\/v2\/product\/543","targetHints":{"allow":["GET"]}}],"collection":[{"href":"https:\/\/jiushidao.com\/pt\/wp-json\/wp\/v2\/product"}],"about":[{"href":"https:\/\/jiushidao.com\/pt\/wp-json\/wp\/v2\/types\/product"}],"replies":[{"embeddable":true,"href":"https:\/\/jiushidao.com\/pt\/wp-json\/wp\/v2\/comments?post=543"}],"version-history":[{"count":2,"href":"https:\/\/jiushidao.com\/pt\/wp-json\/wp\/v2\/product\/543\/revisions"}],"predecessor-version":[{"id":565,"href":"https:\/\/jiushidao.com\/pt\/wp-json\/wp\/v2\/product\/543\/revisions\/565"}],"wp:featuredmedia":[{"embeddable":true,"href":"https:\/\/jiushidao.com\/pt\/wp-json\/wp\/v2\/media\/545"}],"wp:attachment":[{"href":"https:\/\/jiushidao.com\/pt\/wp-json\/wp\/v2\/media?parent=543"}],"wp:term":[{"taxonomy":"product_brand","embeddable":true,"href":"https:\/\/jiushidao.com\/pt\/wp-json\/wp\/v2\/product_brand?post=543"},{"taxonomy":"product_cat","embeddable":true,"href":"https:\/\/jiushidao.com\/pt\/wp-json\/wp\/v2\/product_cat?post=543"},{"taxonomy":"product_tag","embeddable":true,"href":"https:\/\/jiushidao.com\/pt\/wp-json\/wp\/v2\/product_tag?post=543"}],"curies":[{"name":"wp","href":"https:\/\/api.w.org\/{rel}","templated":true}]}}