{"id":356,"date":"2025-08-28T08:36:40","date_gmt":"2025-08-28T08:36:40","guid":{"rendered":"https:\/\/jiushidao.com\/?post_type=product&#038;p=356"},"modified":"2025-08-28T08:39:02","modified_gmt":"2025-08-28T08:39:02","slug":"cinnamon-black-jade-cinnamon-blackberry","status":"publish","type":"product","link":"https:\/\/jiushidao.com\/pt\/produto\/cinnamon-black-jade-cinnamon-blackberry\/","title":{"rendered":"Jade Preto Canela (Canela e Amora)"},"content":{"rendered":"<p><strong>Perfil de sabor<\/strong><br \/>\nO sabor quente e \u00fanico da canela combina perfeitamente com a do\u00e7ura e acidez da amora. Cada gole traz a sensa\u00e7\u00e3o de saborear uma sobremesa caseira cl\u00e1ssica, feita com uma receita antiga, numa tarde de outono aconchegante e repleta de agrad\u00e1veis surpresas.<\/p>\n<p><strong>Benef\u00edcios principais<\/strong><br \/>\nAjuda a manter os n\u00edveis de a\u00e7\u00facar no sangue est\u00e1veis, melhora o fluxo sangu\u00edneo e contribui para o funcionamento geral do organismo.<\/p>\n<p><strong>Principais caracter\u00edsticas<\/strong><br \/>\nA canela ajuda o corpo a usar a insulina de forma mais eficaz, o que mant\u00e9m os n\u00edveis de a\u00e7\u00facar no sangue sob controle.<\/p>\n<p>As amoras-pretas s\u00e3o ricas em antioxidantes e vitaminas, protegendo as c\u00e9lulas contra danos, retardando o envelhecimento e contribuindo para a sa\u00fade ocular.<\/p>\n<h4><strong>Usu\u00e1rios ideais e casos de uso<\/strong><\/h4>\n<p><strong>Para quem \u00e9 indicado?<\/strong><br \/>\nPessoas que controlam o n\u00edvel de a\u00e7\u00facar no sangue e qualquer pessoa que goste de doces.<br \/>\nPara quem busca combater o envelhecimento e aumentar os antioxidantes.<br \/>\nPessoas que ficam muito tempo sentadas e t\u00eam m\u00e1 circula\u00e7\u00e3o sangu\u00ednea<\/p>\n<p><strong>Quando usar<\/strong><br \/>\nTome ap\u00f3s comer algo doce para ajudar a manter o a\u00e7\u00facar no sangue est\u00e1vel.<br \/>\nBeba diariamente para obter benef\u00edcios antienvelhecimento e antioxidantes.<br \/>\nUse-o ap\u00f3s ficar sentado por muito tempo para ativar a circula\u00e7\u00e3o sangu\u00ednea.<\/p>\n<p><img fetchpriority=\"high\" decoding=\"async\" class=\"aligncenter size-full wp-image-343\" src=\"https:\/\/jiushidao.com\/wp-content\/uploads\/2025\/08\/chanp2.jpg\" alt=\"\" width=\"1200\" height=\"1200\" srcset=\"https:\/\/jiushidao.com\/wp-content\/uploads\/2025\/08\/chanp2.jpg 1200w, https:\/\/jiushidao.com\/wp-content\/uploads\/2025\/08\/chanp2-500x500.jpg 500w, https:\/\/jiushidao.com\/wp-content\/uploads\/2025\/08\/chanp2-300x300.jpg 300w, https:\/\/jiushidao.com\/wp-content\/uploads\/2025\/08\/chanp2-768x768.jpg 768w, https:\/\/jiushidao.com\/wp-content\/uploads\/2025\/08\/chanp2-150x150.jpg 150w, https:\/\/jiushidao.com\/wp-content\/uploads\/2025\/08\/chanp2-75x75.jpg 75w, https:\/\/jiushidao.com\/wp-content\/uploads\/2025\/08\/chanp2-700x700.jpg 700w, https:\/\/jiushidao.com\/wp-content\/uploads\/2025\/08\/chanp2-800x800.jpg 800w\" sizes=\"(max-width:767px) 700px, (max-width:1200px) 100vw, 1200px\" \/> <img decoding=\"async\" class=\"aligncenter size-full wp-image-357\" src=\"https:\/\/jiushidao.com\/wp-content\/uploads\/2025\/08\/551.jpg\" alt=\"\" width=\"1200\" height=\"1800\" srcset=\"https:\/\/jiushidao.com\/wp-content\/uploads\/2025\/08\/551.jpg 1200w, https:\/\/jiushidao.com\/wp-content\/uploads\/2025\/08\/551-333x500.jpg 333w, https:\/\/jiushidao.com\/wp-content\/uploads\/2025\/08\/551-800x1200.jpg 800w, https:\/\/jiushidao.com\/wp-content\/uploads\/2025\/08\/551-200x300.jpg 200w, https:\/\/jiushidao.com\/wp-content\/uploads\/2025\/08\/551-768x1152.jpg 768w, https:\/\/jiushidao.com\/wp-content\/uploads\/2025\/08\/551-1024x1536.jpg 1024w, https:\/\/jiushidao.com\/wp-content\/uploads\/2025\/08\/551-50x75.jpg 50w, https:\/\/jiushidao.com\/wp-content\/uploads\/2025\/08\/551-700x1050.jpg 700w\" sizes=\"(max-width:767px) 700px, (max-width:1200px) 100vw, 1200px\" \/><\/p>","protected":false},"excerpt":{"rendered":"<p>Perfil de sabor: O sabor quente e \u00fanico da canela combina perfeitamente com o toque agridoce da amora. Cada gole traz a sensa\u00e7\u00e3o de saborear uma sobremesa caseira cl\u00e1ssica, feita com uma receita antiga, em um dia de outono.<span class=\"excerpt-hellip\"> [\u2026]<\/span><\/p>","protected":false},"featured_media":343,"comment_status":"open","ping_status":"closed","template":"","meta":[],"product_brand":[],"product_cat":[36],"product_tag":[],"class_list":{"0":"post-356","1":"product","2":"type-product","3":"status-publish","4":"has-post-thumbnail","6":"product_cat-cinnamon-black-jade","8":"first","9":"instock","10":"shipping-taxable","11":"purchasable","12":"product-type-simple"},"yoast_head":"<!-- This site is optimized with the Yoast SEO Premium plugin v25.8 (Yoast SEO v25.8) - https:\/\/yoast.com\/wordpress\/plugins\/seo\/ -->\n<title>Cinnamon Black Jade (Cinnamon &amp; Blackberry) - Jiushidao - Global Food Marketplace for Business Growth and Cosumers<\/title>\n<meta name=\"robots\" content=\"index, follow, max-snippet:-1, max-image-preview:large, max-video-preview:-1\" \/>\n<link rel=\"canonical\" href=\"https:\/\/jiushidao.com\/pt\/produto\/cinnamon-black-jade-cinnamon-blackberry\/\" \/>\n<meta property=\"og:locale\" content=\"pt_PT\" \/>\n<meta property=\"og:type\" content=\"article\" \/>\n<meta property=\"og:title\" content=\"Cinnamon Black Jade (Cinnamon &amp; Blackberry)\" \/>\n<meta property=\"og:description\" content=\"Flavor Profile Warm, unique cinnamon blends perfectly with sweet-tart blackberry. Every sip feels like enjoying a classic homemade dessert from an old recipe on a fall [\u2026]\" \/>\n<meta property=\"og:url\" content=\"https:\/\/jiushidao.com\/pt\/produto\/cinnamon-black-jade-cinnamon-blackberry\/\" \/>\n<meta property=\"og:site_name\" content=\"Jiushidao - Global Food Marketplace for Business Growth and Cosumers\" \/>\n<meta property=\"article:modified_time\" content=\"2025-08-28T08:39:02+00:00\" \/>\n<meta property=\"og:image\" content=\"https:\/\/jiushidao.com\/wp-content\/uploads\/2025\/08\/chanp2.jpg\" \/>\n\t<meta property=\"og:image:width\" content=\"1200\" \/>\n\t<meta property=\"og:image:height\" content=\"1200\" \/>\n\t<meta property=\"og:image:type\" content=\"image\/jpeg\" \/>\n<meta name=\"twitter:card\" content=\"summary_large_image\" \/>\n<meta name=\"twitter:label1\" content=\"Tempo estimado de leitura\" \/>\n\t<meta name=\"twitter:data1\" content=\"2 minutos\" \/>\n<script type=\"application\/ld+json\" class=\"yoast-schema-graph\">{\"@context\":\"https:\/\/schema.org\",\"@graph\":[{\"@type\":\"WebPage\",\"@id\":\"https:\/\/jiushidao.com\/product\/cinnamon-black-jade-cinnamon-blackberry\/\",\"url\":\"https:\/\/jiushidao.com\/product\/cinnamon-black-jade-cinnamon-blackberry\/\",\"name\":\"Cinnamon Black Jade (Cinnamon & Blackberry) - Jiushidao - Global Food Marketplace for Business Growth and Cosumers\",\"isPartOf\":{\"@id\":\"https:\/\/jiushidao.com\/#website\"},\"primaryImageOfPage\":{\"@id\":\"https:\/\/jiushidao.com\/product\/cinnamon-black-jade-cinnamon-blackberry\/#primaryimage\"},\"image\":{\"@id\":\"https:\/\/jiushidao.com\/product\/cinnamon-black-jade-cinnamon-blackberry\/#primaryimage\"},\"thumbnailUrl\":\"https:\/\/jiushidao.com\/wp-content\/uploads\/2025\/08\/chanp2.jpg\",\"datePublished\":\"2025-08-28T08:36:40+00:00\",\"dateModified\":\"2025-08-28T08:39:02+00:00\",\"breadcrumb\":{\"@id\":\"https:\/\/jiushidao.com\/product\/cinnamon-black-jade-cinnamon-blackberry\/#breadcrumb\"},\"inLanguage\":\"pt-PT\",\"potentialAction\":[{\"@type\":\"ReadAction\",\"target\":[\"https:\/\/jiushidao.com\/product\/cinnamon-black-jade-cinnamon-blackberry\/\"]}]},{\"@type\":\"ImageObject\",\"inLanguage\":\"pt-PT\",\"@id\":\"https:\/\/jiushidao.com\/product\/cinnamon-black-jade-cinnamon-blackberry\/#primaryimage\",\"url\":\"https:\/\/jiushidao.com\/wp-content\/uploads\/2025\/08\/chanp2.jpg\",\"contentUrl\":\"https:\/\/jiushidao.com\/wp-content\/uploads\/2025\/08\/chanp2.jpg\",\"width\":1200,\"height\":1200},{\"@type\":\"BreadcrumbList\",\"@id\":\"https:\/\/jiushidao.com\/product\/cinnamon-black-jade-cinnamon-blackberry\/#breadcrumb\",\"itemListElement\":[{\"@type\":\"ListItem\",\"position\":1,\"name\":\"Home\",\"item\":\"https:\/\/jiushidao.com\/\"},{\"@type\":\"ListItem\",\"position\":2,\"name\":\"Store\",\"item\":\"https:\/\/jiushidao.com\/store\/\"},{\"@type\":\"ListItem\",\"position\":3,\"name\":\"Cinnamon Black Jade (Cinnamon &#038; Blackberry)\"}]},{\"@type\":\"WebSite\",\"@id\":\"https:\/\/jiushidao.com\/#website\",\"url\":\"https:\/\/jiushidao.com\/\",\"name\":\"Jiushidao - Global Food Marketplace for Business Growth and Cosumers\",\"description\":\"Jiushidao - Global Food Marketplace for Business Growth and Cosumers\",\"potentialAction\":[{\"@type\":\"SearchAction\",\"target\":{\"@type\":\"EntryPoint\",\"urlTemplate\":\"https:\/\/jiushidao.com\/?s={search_term_string}\"},\"query-input\":{\"@type\":\"PropertyValueSpecification\",\"valueRequired\":true,\"valueName\":\"search_term_string\"}}],\"inLanguage\":\"pt-PT\"}]}<\/script>\n<!-- \/ Yoast SEO Premium plugin. -->","yoast_head_json":{"title":"Cinnamon Black Jade (Cinnamon & Blackberry) - Jiushidao - Global Food Marketplace for Business Growth and Cosumers","robots":{"index":"index","follow":"follow","max-snippet":"max-snippet:-1","max-image-preview":"max-image-preview:large","max-video-preview":"max-video-preview:-1"},"canonical":"https:\/\/jiushidao.com\/pt\/produto\/cinnamon-black-jade-cinnamon-blackberry\/","og_locale":"pt_PT","og_type":"article","og_title":"Cinnamon Black Jade (Cinnamon & Blackberry)","og_description":"Flavor Profile Warm, unique cinnamon blends perfectly with sweet-tart blackberry. Every sip feels like enjoying a classic homemade dessert from an old recipe on a fall [\u2026]","og_url":"https:\/\/jiushidao.com\/pt\/produto\/cinnamon-black-jade-cinnamon-blackberry\/","og_site_name":"Jiushidao - Global Food Marketplace for Business Growth and Cosumers","article_modified_time":"2025-08-28T08:39:02+00:00","og_image":[{"width":1200,"height":1200,"url":"https:\/\/jiushidao.com\/wp-content\/uploads\/2025\/08\/chanp2.jpg","type":"image\/jpeg"}],"twitter_card":"summary_large_image","twitter_misc":{"Tempo estimado de leitura":"2 minutos"},"schema":{"@context":"https:\/\/schema.org","@graph":[{"@type":"WebPage","@id":"https:\/\/jiushidao.com\/product\/cinnamon-black-jade-cinnamon-blackberry\/","url":"https:\/\/jiushidao.com\/product\/cinnamon-black-jade-cinnamon-blackberry\/","name":"Cinnamon Black Jade (Cinnamon & Blackberry) - Jiushidao - Global Food Marketplace for Business Growth and Cosumers","isPartOf":{"@id":"https:\/\/jiushidao.com\/#website"},"primaryImageOfPage":{"@id":"https:\/\/jiushidao.com\/product\/cinnamon-black-jade-cinnamon-blackberry\/#primaryimage"},"image":{"@id":"https:\/\/jiushidao.com\/product\/cinnamon-black-jade-cinnamon-blackberry\/#primaryimage"},"thumbnailUrl":"https:\/\/jiushidao.com\/wp-content\/uploads\/2025\/08\/chanp2.jpg","datePublished":"2025-08-28T08:36:40+00:00","dateModified":"2025-08-28T08:39:02+00:00","breadcrumb":{"@id":"https:\/\/jiushidao.com\/product\/cinnamon-black-jade-cinnamon-blackberry\/#breadcrumb"},"inLanguage":"pt-PT","potentialAction":[{"@type":"ReadAction","target":["https:\/\/jiushidao.com\/product\/cinnamon-black-jade-cinnamon-blackberry\/"]}]},{"@type":"ImageObject","inLanguage":"pt-PT","@id":"https:\/\/jiushidao.com\/product\/cinnamon-black-jade-cinnamon-blackberry\/#primaryimage","url":"https:\/\/jiushidao.com\/wp-content\/uploads\/2025\/08\/chanp2.jpg","contentUrl":"https:\/\/jiushidao.com\/wp-content\/uploads\/2025\/08\/chanp2.jpg","width":1200,"height":1200},{"@type":"BreadcrumbList","@id":"https:\/\/jiushidao.com\/product\/cinnamon-black-jade-cinnamon-blackberry\/#breadcrumb","itemListElement":[{"@type":"ListItem","position":1,"name":"Home","item":"https:\/\/jiushidao.com\/"},{"@type":"ListItem","position":2,"name":"Store","item":"https:\/\/jiushidao.com\/store\/"},{"@type":"ListItem","position":3,"name":"Cinnamon Black Jade (Cinnamon &#038; Blackberry)"}]},{"@type":"WebSite","@id":"https:\/\/jiushidao.com\/#website","url":"https:\/\/jiushidao.com\/","name":"Jiushidao - Global Food Marketplace for Business Growth and Cosumers","description":"Jiushidao - Global Food Marketplace for Business Growth and Cosumers","potentialAction":[{"@type":"SearchAction","target":{"@type":"EntryPoint","urlTemplate":"https:\/\/jiushidao.com\/?s={search_term_string}"},"query-input":{"@type":"PropertyValueSpecification","valueRequired":true,"valueName":"search_term_string"}}],"inLanguage":"pt-PT"}]}},"_links":{"self":[{"href":"https:\/\/jiushidao.com\/pt\/wp-json\/wp\/v2\/product\/356","targetHints":{"allow":["GET"]}}],"collection":[{"href":"https:\/\/jiushidao.com\/pt\/wp-json\/wp\/v2\/product"}],"about":[{"href":"https:\/\/jiushidao.com\/pt\/wp-json\/wp\/v2\/types\/product"}],"replies":[{"embeddable":true,"href":"https:\/\/jiushidao.com\/pt\/wp-json\/wp\/v2\/comments?post=356"}],"version-history":[{"count":1,"href":"https:\/\/jiushidao.com\/pt\/wp-json\/wp\/v2\/product\/356\/revisions"}],"predecessor-version":[{"id":359,"href":"https:\/\/jiushidao.com\/pt\/wp-json\/wp\/v2\/product\/356\/revisions\/359"}],"wp:featuredmedia":[{"embeddable":true,"href":"https:\/\/jiushidao.com\/pt\/wp-json\/wp\/v2\/media\/343"}],"wp:attachment":[{"href":"https:\/\/jiushidao.com\/pt\/wp-json\/wp\/v2\/media?parent=356"}],"wp:term":[{"taxonomy":"product_brand","embeddable":true,"href":"https:\/\/jiushidao.com\/pt\/wp-json\/wp\/v2\/product_brand?post=356"},{"taxonomy":"product_cat","embeddable":true,"href":"https:\/\/jiushidao.com\/pt\/wp-json\/wp\/v2\/product_cat?post=356"},{"taxonomy":"product_tag","embeddable":true,"href":"https:\/\/jiushidao.com\/pt\/wp-json\/wp\/v2\/product_tag?post=356"}],"curies":[{"name":"wp","href":"https:\/\/api.w.org\/{rel}","templated":true}]}}