{"id":353,"date":"2025-08-28T08:33:22","date_gmt":"2025-08-28T08:33:22","guid":{"rendered":"https:\/\/jiushidao.com\/?post_type=product&#038;p=353"},"modified":"2025-08-28T08:36:04","modified_gmt":"2025-08-28T08:36:04","slug":"angry-matcha-matcha-ginger","status":"publish","type":"product","link":"https:\/\/jiushidao.com\/pt\/produto\/angry-matcha-matcha-ginger\/","title":{"rendered":"Matcha irritado (Matcha e gengibre)"},"content":{"rendered":"<p><strong>Perfil de sabor<\/strong><br \/>\nA riqueza e a suavidade do matcha encontram o gengibre picante e vibrante. O amargor sutil do matcha se mistura com o toque marcante do gengibre, criando um sabor \u00fanico e complexo \u2014 uma verdadeira dan\u00e7a para as suas papilas gustativas.<\/p>\n<p><strong>Benef\u00edcios principais<\/strong><br \/>\nAcelera o metabolismo, ajuda na concentra\u00e7\u00e3o e proporciona energia duradoura.<\/p>\n<p><strong>Principais caracter\u00edsticas<\/strong><br \/>\nO matcha \u00e9 rico em polifen\u00f3is do ch\u00e1 e L-teanina, que combatem os radicais livres, protegem contra a radia\u00e7\u00e3o e ajudam a aliviar o estresse e relaxar.<br \/>\nO gengibre melhora o fluxo sangu\u00edneo, alivia o desconforto estomacal e mant\u00e9m o corpo aquecido em dias frios.<\/p>\n<h4><strong>Usu\u00e1rios ideais e casos de uso<\/strong><\/h4>\n<p><strong>Para quem \u00e9 indicado?<\/strong><br \/>\nPessoas interessadas em fitness e perda de peso<br \/>\nFuncion\u00e1rios de escrit\u00f3rio sob muito estresse<br \/>\nPessoas que sentem frio facilmente ou t\u00eam est\u00f4mago sens\u00edvel.<\/p>\n<p><strong>Quando usar<\/strong><br \/>\nTome durante os treinos ou enquanto estiver em processo de emagrecimento para manter o metabolismo ativo.<br \/>\nUse-o ao trabalhar ou estudar para manter o foco.<br \/>\nTome um comprimido em dias frios ou quando sentir enjoo, para se aquecer e aliviar os sintomas.<\/p>\n<p><img fetchpriority=\"high\" decoding=\"async\" class=\"aligncenter size-full wp-image-345\" src=\"https:\/\/jiushidao.com\/wp-content\/uploads\/2025\/08\/chanp4.jpg\" alt=\"\" width=\"1200\" height=\"1200\" srcset=\"https:\/\/jiushidao.com\/wp-content\/uploads\/2025\/08\/chanp4.jpg 1200w, https:\/\/jiushidao.com\/wp-content\/uploads\/2025\/08\/chanp4-500x500.jpg 500w, https:\/\/jiushidao.com\/wp-content\/uploads\/2025\/08\/chanp4-300x300.jpg 300w, https:\/\/jiushidao.com\/wp-content\/uploads\/2025\/08\/chanp4-768x768.jpg 768w, https:\/\/jiushidao.com\/wp-content\/uploads\/2025\/08\/chanp4-150x150.jpg 150w, https:\/\/jiushidao.com\/wp-content\/uploads\/2025\/08\/chanp4-75x75.jpg 75w, https:\/\/jiushidao.com\/wp-content\/uploads\/2025\/08\/chanp4-700x700.jpg 700w, https:\/\/jiushidao.com\/wp-content\/uploads\/2025\/08\/chanp4-800x800.jpg 800w\" sizes=\"(max-width:767px) 700px, (max-width:1200px) 100vw, 1200px\" \/> <img decoding=\"async\" class=\"aligncenter size-full wp-image-354\" src=\"https:\/\/jiushidao.com\/wp-content\/uploads\/2025\/08\/8.16\u8425\u517b\u7c8900418.jpg\" alt=\"\" width=\"1200\" height=\"1800\" srcset=\"https:\/\/jiushidao.com\/wp-content\/uploads\/2025\/08\/8.16\u8425\u517b\u7c8900418.jpg 1200w, https:\/\/jiushidao.com\/wp-content\/uploads\/2025\/08\/8.16\u8425\u517b\u7c8900418-333x500.jpg 333w, https:\/\/jiushidao.com\/wp-content\/uploads\/2025\/08\/8.16\u8425\u517b\u7c8900418-800x1200.jpg 800w, https:\/\/jiushidao.com\/wp-content\/uploads\/2025\/08\/8.16\u8425\u517b\u7c8900418-200x300.jpg 200w, https:\/\/jiushidao.com\/wp-content\/uploads\/2025\/08\/8.16\u8425\u517b\u7c8900418-768x1152.jpg 768w, https:\/\/jiushidao.com\/wp-content\/uploads\/2025\/08\/8.16\u8425\u517b\u7c8900418-1024x1536.jpg 1024w, https:\/\/jiushidao.com\/wp-content\/uploads\/2025\/08\/8.16\u8425\u517b\u7c8900418-50x75.jpg 50w, https:\/\/jiushidao.com\/wp-content\/uploads\/2025\/08\/8.16\u8425\u517b\u7c8900418-700x1050.jpg 700w\" sizes=\"(max-width:767px) 700px, (max-width:1200px) 100vw, 1200px\" \/><\/p>","protected":false},"excerpt":{"rendered":"<p>Perfil de Sabor: O matcha rico e suave encontra o gengibre picante e c\u00edtrico. O amargor sutil do matcha se mistura com o toque marcante do gengibre, criando um sabor \u00fanico e complexo \u2014 uma verdadeira dan\u00e7a vibrante.<span class=\"excerpt-hellip\"> [\u2026]<\/span><\/p>","protected":false},"featured_media":345,"comment_status":"open","ping_status":"closed","template":"","meta":[],"product_brand":[],"product_cat":[14],"product_tag":[],"class_list":{"0":"post-353","1":"product","2":"type-product","3":"status-publish","4":"has-post-thumbnail","6":"product_cat-angry-matcha","8":"first","9":"instock","10":"shipping-taxable","11":"purchasable","12":"product-type-simple"},"yoast_head":"<!-- This site is optimized with the Yoast SEO Premium plugin v25.8 (Yoast SEO v25.8) - https:\/\/yoast.com\/wordpress\/plugins\/seo\/ -->\n<title>Angry Matcha (Matcha &amp; Ginger) - Jiushidao - Global Food Marketplace for Business Growth and Cosumers<\/title>\n<meta name=\"robots\" content=\"index, follow, max-snippet:-1, max-image-preview:large, max-video-preview:-1\" \/>\n<link rel=\"canonical\" href=\"https:\/\/jiushidao.com\/pt\/produto\/angry-matcha-matcha-ginger\/\" \/>\n<meta property=\"og:locale\" content=\"pt_PT\" \/>\n<meta property=\"og:type\" content=\"article\" \/>\n<meta property=\"og:title\" content=\"Angry Matcha (Matcha &amp; Ginger)\" \/>\n<meta property=\"og:description\" content=\"Flavor Profile Rich, smooth matcha meets spicy, zesty ginger. Matcha\u2019s subtle bitterness mixes with ginger\u2019s bold kick, creating a one-of-a-kind, layered taste\u2014it\u2019s like a lively dance [\u2026]\" \/>\n<meta property=\"og:url\" content=\"https:\/\/jiushidao.com\/pt\/produto\/angry-matcha-matcha-ginger\/\" \/>\n<meta property=\"og:site_name\" content=\"Jiushidao - Global Food Marketplace for Business Growth and Cosumers\" \/>\n<meta property=\"article:modified_time\" content=\"2025-08-28T08:36:04+00:00\" \/>\n<meta property=\"og:image\" content=\"https:\/\/jiushidao.com\/wp-content\/uploads\/2025\/08\/chanp4.jpg\" \/>\n\t<meta property=\"og:image:width\" content=\"1200\" \/>\n\t<meta property=\"og:image:height\" content=\"1200\" \/>\n\t<meta property=\"og:image:type\" content=\"image\/jpeg\" \/>\n<meta name=\"twitter:card\" content=\"summary_large_image\" \/>\n<meta name=\"twitter:label1\" content=\"Tempo estimado de leitura\" \/>\n\t<meta name=\"twitter:data1\" content=\"2 minutos\" \/>\n<script type=\"application\/ld+json\" class=\"yoast-schema-graph\">{\"@context\":\"https:\/\/schema.org\",\"@graph\":[{\"@type\":\"WebPage\",\"@id\":\"https:\/\/jiushidao.com\/product\/angry-matcha-matcha-ginger\/\",\"url\":\"https:\/\/jiushidao.com\/product\/angry-matcha-matcha-ginger\/\",\"name\":\"Angry Matcha (Matcha & Ginger) - Jiushidao - Global Food Marketplace for Business Growth and Cosumers\",\"isPartOf\":{\"@id\":\"https:\/\/jiushidao.com\/#website\"},\"primaryImageOfPage\":{\"@id\":\"https:\/\/jiushidao.com\/product\/angry-matcha-matcha-ginger\/#primaryimage\"},\"image\":{\"@id\":\"https:\/\/jiushidao.com\/product\/angry-matcha-matcha-ginger\/#primaryimage\"},\"thumbnailUrl\":\"https:\/\/jiushidao.com\/wp-content\/uploads\/2025\/08\/chanp4.jpg\",\"datePublished\":\"2025-08-28T08:33:22+00:00\",\"dateModified\":\"2025-08-28T08:36:04+00:00\",\"breadcrumb\":{\"@id\":\"https:\/\/jiushidao.com\/product\/angry-matcha-matcha-ginger\/#breadcrumb\"},\"inLanguage\":\"pt-PT\",\"potentialAction\":[{\"@type\":\"ReadAction\",\"target\":[\"https:\/\/jiushidao.com\/product\/angry-matcha-matcha-ginger\/\"]}]},{\"@type\":\"ImageObject\",\"inLanguage\":\"pt-PT\",\"@id\":\"https:\/\/jiushidao.com\/product\/angry-matcha-matcha-ginger\/#primaryimage\",\"url\":\"https:\/\/jiushidao.com\/wp-content\/uploads\/2025\/08\/chanp4.jpg\",\"contentUrl\":\"https:\/\/jiushidao.com\/wp-content\/uploads\/2025\/08\/chanp4.jpg\",\"width\":1200,\"height\":1200},{\"@type\":\"BreadcrumbList\",\"@id\":\"https:\/\/jiushidao.com\/product\/angry-matcha-matcha-ginger\/#breadcrumb\",\"itemListElement\":[{\"@type\":\"ListItem\",\"position\":1,\"name\":\"Home\",\"item\":\"https:\/\/jiushidao.com\/\"},{\"@type\":\"ListItem\",\"position\":2,\"name\":\"Store\",\"item\":\"https:\/\/jiushidao.com\/store\/\"},{\"@type\":\"ListItem\",\"position\":3,\"name\":\"Angry Matcha (Matcha &#038; Ginger)\"}]},{\"@type\":\"WebSite\",\"@id\":\"https:\/\/jiushidao.com\/#website\",\"url\":\"https:\/\/jiushidao.com\/\",\"name\":\"Jiushidao - Global Food Marketplace for Business Growth and Cosumers\",\"description\":\"Jiushidao - Global Food Marketplace for Business Growth and Cosumers\",\"potentialAction\":[{\"@type\":\"SearchAction\",\"target\":{\"@type\":\"EntryPoint\",\"urlTemplate\":\"https:\/\/jiushidao.com\/?s={search_term_string}\"},\"query-input\":{\"@type\":\"PropertyValueSpecification\",\"valueRequired\":true,\"valueName\":\"search_term_string\"}}],\"inLanguage\":\"pt-PT\"}]}<\/script>\n<!-- \/ Yoast SEO Premium plugin. -->","yoast_head_json":{"title":"Angry Matcha (Matcha & Ginger) - Jiushidao - Global Food Marketplace for Business Growth and Cosumers","robots":{"index":"index","follow":"follow","max-snippet":"max-snippet:-1","max-image-preview":"max-image-preview:large","max-video-preview":"max-video-preview:-1"},"canonical":"https:\/\/jiushidao.com\/pt\/produto\/angry-matcha-matcha-ginger\/","og_locale":"pt_PT","og_type":"article","og_title":"Angry Matcha (Matcha & Ginger)","og_description":"Flavor Profile Rich, smooth matcha meets spicy, zesty ginger. Matcha\u2019s subtle bitterness mixes with ginger\u2019s bold kick, creating a one-of-a-kind, layered taste\u2014it\u2019s like a lively dance [\u2026]","og_url":"https:\/\/jiushidao.com\/pt\/produto\/angry-matcha-matcha-ginger\/","og_site_name":"Jiushidao - Global Food Marketplace for Business Growth and Cosumers","article_modified_time":"2025-08-28T08:36:04+00:00","og_image":[{"width":1200,"height":1200,"url":"https:\/\/jiushidao.com\/wp-content\/uploads\/2025\/08\/chanp4.jpg","type":"image\/jpeg"}],"twitter_card":"summary_large_image","twitter_misc":{"Tempo estimado de leitura":"2 minutos"},"schema":{"@context":"https:\/\/schema.org","@graph":[{"@type":"WebPage","@id":"https:\/\/jiushidao.com\/product\/angry-matcha-matcha-ginger\/","url":"https:\/\/jiushidao.com\/product\/angry-matcha-matcha-ginger\/","name":"Angry Matcha (Matcha & Ginger) - Jiushidao - Global Food Marketplace for Business Growth and Cosumers","isPartOf":{"@id":"https:\/\/jiushidao.com\/#website"},"primaryImageOfPage":{"@id":"https:\/\/jiushidao.com\/product\/angry-matcha-matcha-ginger\/#primaryimage"},"image":{"@id":"https:\/\/jiushidao.com\/product\/angry-matcha-matcha-ginger\/#primaryimage"},"thumbnailUrl":"https:\/\/jiushidao.com\/wp-content\/uploads\/2025\/08\/chanp4.jpg","datePublished":"2025-08-28T08:33:22+00:00","dateModified":"2025-08-28T08:36:04+00:00","breadcrumb":{"@id":"https:\/\/jiushidao.com\/product\/angry-matcha-matcha-ginger\/#breadcrumb"},"inLanguage":"pt-PT","potentialAction":[{"@type":"ReadAction","target":["https:\/\/jiushidao.com\/product\/angry-matcha-matcha-ginger\/"]}]},{"@type":"ImageObject","inLanguage":"pt-PT","@id":"https:\/\/jiushidao.com\/product\/angry-matcha-matcha-ginger\/#primaryimage","url":"https:\/\/jiushidao.com\/wp-content\/uploads\/2025\/08\/chanp4.jpg","contentUrl":"https:\/\/jiushidao.com\/wp-content\/uploads\/2025\/08\/chanp4.jpg","width":1200,"height":1200},{"@type":"BreadcrumbList","@id":"https:\/\/jiushidao.com\/product\/angry-matcha-matcha-ginger\/#breadcrumb","itemListElement":[{"@type":"ListItem","position":1,"name":"Home","item":"https:\/\/jiushidao.com\/"},{"@type":"ListItem","position":2,"name":"Store","item":"https:\/\/jiushidao.com\/store\/"},{"@type":"ListItem","position":3,"name":"Angry Matcha (Matcha &#038; Ginger)"}]},{"@type":"WebSite","@id":"https:\/\/jiushidao.com\/#website","url":"https:\/\/jiushidao.com\/","name":"Jiushidao - Global Food Marketplace for Business Growth and Cosumers","description":"Jiushidao - Global Food Marketplace for Business Growth and Cosumers","potentialAction":[{"@type":"SearchAction","target":{"@type":"EntryPoint","urlTemplate":"https:\/\/jiushidao.com\/?s={search_term_string}"},"query-input":{"@type":"PropertyValueSpecification","valueRequired":true,"valueName":"search_term_string"}}],"inLanguage":"pt-PT"}]}},"_links":{"self":[{"href":"https:\/\/jiushidao.com\/pt\/wp-json\/wp\/v2\/product\/353","targetHints":{"allow":["GET"]}}],"collection":[{"href":"https:\/\/jiushidao.com\/pt\/wp-json\/wp\/v2\/product"}],"about":[{"href":"https:\/\/jiushidao.com\/pt\/wp-json\/wp\/v2\/types\/product"}],"replies":[{"embeddable":true,"href":"https:\/\/jiushidao.com\/pt\/wp-json\/wp\/v2\/comments?post=353"}],"version-history":[{"count":1,"href":"https:\/\/jiushidao.com\/pt\/wp-json\/wp\/v2\/product\/353\/revisions"}],"predecessor-version":[{"id":355,"href":"https:\/\/jiushidao.com\/pt\/wp-json\/wp\/v2\/product\/353\/revisions\/355"}],"wp:featuredmedia":[{"embeddable":true,"href":"https:\/\/jiushidao.com\/pt\/wp-json\/wp\/v2\/media\/345"}],"wp:attachment":[{"href":"https:\/\/jiushidao.com\/pt\/wp-json\/wp\/v2\/media?parent=353"}],"wp:term":[{"taxonomy":"product_brand","embeddable":true,"href":"https:\/\/jiushidao.com\/pt\/wp-json\/wp\/v2\/product_brand?post=353"},{"taxonomy":"product_cat","embeddable":true,"href":"https:\/\/jiushidao.com\/pt\/wp-json\/wp\/v2\/product_cat?post=353"},{"taxonomy":"product_tag","embeddable":true,"href":"https:\/\/jiushidao.com\/pt\/wp-json\/wp\/v2\/product_tag?post=353"}],"curies":[{"name":"wp","href":"https:\/\/api.w.org\/{rel}","templated":true}]}}