{"id":341,"date":"2025-08-28T08:28:11","date_gmt":"2025-08-28T08:28:11","guid":{"rendered":"https:\/\/jiushidao.com\/?post_type=product&#038;p=341"},"modified":"2025-08-28T08:31:33","modified_gmt":"2025-08-28T08:31:33","slug":"mint-kiwi","status":"publish","type":"product","link":"https:\/\/jiushidao.com\/pt\/produto\/mint-kiwi\/","title":{"rendered":"Kiwi com menta"},"content":{"rendered":"<p><strong>Perfil de sabor<\/strong><br \/>\nUma deliciosa mistura de hortel\u00e3 fresca e kiwi suculento, com seu sabor agridoce. No instante em que toca a l\u00edngua, a refresc\u00e2ncia da hortel\u00e3 se espalha pelo paladar, seguida por camadas da do\u00e7ura frutada do kiwi \u2014 como dar um passeio por um pomar de kiwis na Nova Zel\u00e2ndia, com uma brisa suave trazendo aquele aroma fresco de hortel\u00e3.<\/p>\n<p><strong>Benef\u00edcios principais<\/strong><br \/>\nDesperta a mente, combate a fadiga e facilita a digest\u00e3o, para que voc\u00ea se sinta revigorado e alerta mesmo nos dias mais agitados.<\/p>\n<p><strong>Principais caracter\u00edsticas<\/strong><br \/>\nA hortel\u00e3 possui propriedades antibacterianas naturais que refrescam o h\u00e1lito e mant\u00eam a boca saud\u00e1vel.<br \/>\nO kiwi \u00e9 rico em vitamina C e fibras, fortalecendo o sistema imunol\u00f3gico e estimulando o funcionamento intestinal para melhorar a digest\u00e3o.<\/p>\n<h4><strong>Usu\u00e1rios ideais e casos de uso<\/strong><\/h4>\n<p><strong>Para quem \u00e9 indicado?<\/strong><br \/>\nEstudantes e funcion\u00e1rios de escrit\u00f3rio<br \/>\nAmantes da gastronomia<br \/>\nQualquer pessoa que queira h\u00e1lito fresco para socializar.<\/p>\n<p><strong>Quando usar<\/strong><br \/>\nTome um comprimido quando estiver com sono na aula ou no trabalho para conseguir fazer mais coisas.<br \/>\nTome ap\u00f3s as refei\u00e7\u00f5es para ajudar na digest\u00e3o.<br \/>\nUse-o antes de se encontrar com outras pessoas para manter o h\u00e1lito fresco.<\/p>\n<p>&nbsp;<\/p>\n<p><img fetchpriority=\"high\" decoding=\"async\" class=\"aligncenter size-full wp-image-342\" src=\"https:\/\/jiushidao.com\/wp-content\/uploads\/2025\/08\/chanp1.jpg\" alt=\"\" width=\"1200\" height=\"1200\" srcset=\"https:\/\/jiushidao.com\/wp-content\/uploads\/2025\/08\/chanp1.jpg 1200w, https:\/\/jiushidao.com\/wp-content\/uploads\/2025\/08\/chanp1-500x500.jpg 500w, https:\/\/jiushidao.com\/wp-content\/uploads\/2025\/08\/chanp1-300x300.jpg 300w, https:\/\/jiushidao.com\/wp-content\/uploads\/2025\/08\/chanp1-768x768.jpg 768w, https:\/\/jiushidao.com\/wp-content\/uploads\/2025\/08\/chanp1-150x150.jpg 150w, https:\/\/jiushidao.com\/wp-content\/uploads\/2025\/08\/chanp1-75x75.jpg 75w, https:\/\/jiushidao.com\/wp-content\/uploads\/2025\/08\/chanp1-700x700.jpg 700w, https:\/\/jiushidao.com\/wp-content\/uploads\/2025\/08\/chanp1-800x800.jpg 800w\" sizes=\"(max-width:767px) 700px, (max-width:1200px) 100vw, 1200px\" \/> <img decoding=\"async\" class=\"aligncenter size-full wp-image-348\" src=\"https:\/\/jiushidao.com\/wp-content\/uploads\/2025\/08\/8.16\u8425\u517b\u7c8900451.jpg\" alt=\"\" width=\"1200\" height=\"1800\" srcset=\"https:\/\/jiushidao.com\/wp-content\/uploads\/2025\/08\/8.16\u8425\u517b\u7c8900451.jpg 1200w, https:\/\/jiushidao.com\/wp-content\/uploads\/2025\/08\/8.16\u8425\u517b\u7c8900451-333x500.jpg 333w, https:\/\/jiushidao.com\/wp-content\/uploads\/2025\/08\/8.16\u8425\u517b\u7c8900451-800x1200.jpg 800w, https:\/\/jiushidao.com\/wp-content\/uploads\/2025\/08\/8.16\u8425\u517b\u7c8900451-200x300.jpg 200w, https:\/\/jiushidao.com\/wp-content\/uploads\/2025\/08\/8.16\u8425\u517b\u7c8900451-768x1152.jpg 768w, https:\/\/jiushidao.com\/wp-content\/uploads\/2025\/08\/8.16\u8425\u517b\u7c8900451-1024x1536.jpg 1024w, https:\/\/jiushidao.com\/wp-content\/uploads\/2025\/08\/8.16\u8425\u517b\u7c8900451-50x75.jpg 50w, https:\/\/jiushidao.com\/wp-content\/uploads\/2025\/08\/8.16\u8425\u517b\u7c8900451-700x1050.jpg 700w\" sizes=\"(max-width:767px) 700px, (max-width:1200px) 100vw, 1200px\" \/> <img decoding=\"async\" class=\"aligncenter size-full wp-image-349\" src=\"https:\/\/jiushidao.com\/wp-content\/uploads\/2025\/08\/8.16\u8425\u517b\u7c8900409.jpg\" alt=\"\" width=\"1200\" height=\"1800\" srcset=\"https:\/\/jiushidao.com\/wp-content\/uploads\/2025\/08\/8.16\u8425\u517b\u7c8900409.jpg 1200w, https:\/\/jiushidao.com\/wp-content\/uploads\/2025\/08\/8.16\u8425\u517b\u7c8900409-333x500.jpg 333w, https:\/\/jiushidao.com\/wp-content\/uploads\/2025\/08\/8.16\u8425\u517b\u7c8900409-800x1200.jpg 800w, https:\/\/jiushidao.com\/wp-content\/uploads\/2025\/08\/8.16\u8425\u517b\u7c8900409-200x300.jpg 200w, https:\/\/jiushidao.com\/wp-content\/uploads\/2025\/08\/8.16\u8425\u517b\u7c8900409-768x1152.jpg 768w, https:\/\/jiushidao.com\/wp-content\/uploads\/2025\/08\/8.16\u8425\u517b\u7c8900409-1024x1536.jpg 1024w, https:\/\/jiushidao.com\/wp-content\/uploads\/2025\/08\/8.16\u8425\u517b\u7c8900409-50x75.jpg 50w, https:\/\/jiushidao.com\/wp-content\/uploads\/2025\/08\/8.16\u8425\u517b\u7c8900409-700x1050.jpg 700w\" sizes=\"(max-width:767px) 700px, (max-width:1200px) 100vw, 1200px\" \/> <img loading=\"lazy\" decoding=\"async\" class=\"aligncenter size-full wp-image-347\" src=\"https:\/\/jiushidao.com\/wp-content\/uploads\/2025\/08\/8.1800553.jpg\" alt=\"\" width=\"1200\" height=\"1800\" srcset=\"https:\/\/jiushidao.com\/wp-content\/uploads\/2025\/08\/8.1800553.jpg 1200w, https:\/\/jiushidao.com\/wp-content\/uploads\/2025\/08\/8.1800553-333x500.jpg 333w, https:\/\/jiushidao.com\/wp-content\/uploads\/2025\/08\/8.1800553-800x1200.jpg 800w, https:\/\/jiushidao.com\/wp-content\/uploads\/2025\/08\/8.1800553-200x300.jpg 200w, https:\/\/jiushidao.com\/wp-content\/uploads\/2025\/08\/8.1800553-768x1152.jpg 768w, https:\/\/jiushidao.com\/wp-content\/uploads\/2025\/08\/8.1800553-1024x1536.jpg 1024w, https:\/\/jiushidao.com\/wp-content\/uploads\/2025\/08\/8.1800553-50x75.jpg 50w, https:\/\/jiushidao.com\/wp-content\/uploads\/2025\/08\/8.1800553-700x1050.jpg 700w\" sizes=\"(max-width:767px) 700px, (max-width:1200px) 100vw, 1200px\" \/><\/p>","protected":false},"excerpt":{"rendered":"<p>Perfil de sabor: Uma deliciosa mistura de hortel\u00e3 fresca e kiwi suculento, doce e levemente \u00e1cido. No instante em que toca a l\u00edngua, a refresc\u00e2ncia da hortel\u00e3 se espalha pelo paladar, seguida por...<span class=\"excerpt-hellip\"> [\u2026]<\/span><\/p>","protected":false},"featured_media":342,"comment_status":"open","ping_status":"closed","template":"","meta":[],"product_brand":[],"product_cat":[18],"product_tag":[],"class_list":{"0":"post-341","1":"product","2":"type-product","3":"status-publish","4":"has-post-thumbnail","6":"product_cat-mint-kiwi","8":"first","9":"instock","10":"shipping-taxable","11":"purchasable","12":"product-type-simple"},"yoast_head":"<!-- This site is optimized with the Yoast SEO Premium plugin v25.8 (Yoast SEO v25.8) - https:\/\/yoast.com\/wordpress\/plugins\/seo\/ -->\n<title>Mint Kiwi - Jiushidao - Global Food Marketplace for Business Growth and Cosumers<\/title>\n<meta name=\"robots\" content=\"index, follow, max-snippet:-1, max-image-preview:large, max-video-preview:-1\" \/>\n<link rel=\"canonical\" href=\"https:\/\/jiushidao.com\/pt\/produto\/mint-kiwi\/\" \/>\n<meta property=\"og:locale\" content=\"pt_PT\" \/>\n<meta property=\"og:type\" content=\"article\" \/>\n<meta property=\"og:title\" content=\"Mint Kiwi\" \/>\n<meta property=\"og:description\" content=\"Flavor Profile A delicious mix of fresh mint and sweet-tart, juicy kiwi. The second it hits your tongue, mint\u2019s coolness spreads across your palate, followed by [\u2026]\" \/>\n<meta property=\"og:url\" content=\"https:\/\/jiushidao.com\/pt\/produto\/mint-kiwi\/\" \/>\n<meta property=\"og:site_name\" content=\"Jiushidao - Global Food Marketplace for Business Growth and Cosumers\" \/>\n<meta property=\"article:modified_time\" content=\"2025-08-28T08:31:33+00:00\" \/>\n<meta property=\"og:image\" content=\"https:\/\/jiushidao.com\/wp-content\/uploads\/2025\/08\/chanp1.jpg\" \/>\n\t<meta property=\"og:image:width\" content=\"1200\" \/>\n\t<meta property=\"og:image:height\" content=\"1200\" \/>\n\t<meta property=\"og:image:type\" content=\"image\/jpeg\" \/>\n<meta name=\"twitter:card\" content=\"summary_large_image\" \/>\n<meta name=\"twitter:label1\" content=\"Tempo estimado de leitura\" \/>\n\t<meta name=\"twitter:data1\" content=\"2 minutos\" \/>\n<script type=\"application\/ld+json\" class=\"yoast-schema-graph\">{\"@context\":\"https:\/\/schema.org\",\"@graph\":[{\"@type\":\"WebPage\",\"@id\":\"https:\/\/jiushidao.com\/product\/mint-kiwi\/\",\"url\":\"https:\/\/jiushidao.com\/product\/mint-kiwi\/\",\"name\":\"Mint Kiwi - Jiushidao - Global Food Marketplace for Business Growth and Cosumers\",\"isPartOf\":{\"@id\":\"https:\/\/jiushidao.com\/#website\"},\"primaryImageOfPage\":{\"@id\":\"https:\/\/jiushidao.com\/product\/mint-kiwi\/#primaryimage\"},\"image\":{\"@id\":\"https:\/\/jiushidao.com\/product\/mint-kiwi\/#primaryimage\"},\"thumbnailUrl\":\"https:\/\/jiushidao.com\/wp-content\/uploads\/2025\/08\/chanp1.jpg\",\"datePublished\":\"2025-08-28T08:28:11+00:00\",\"dateModified\":\"2025-08-28T08:31:33+00:00\",\"breadcrumb\":{\"@id\":\"https:\/\/jiushidao.com\/product\/mint-kiwi\/#breadcrumb\"},\"inLanguage\":\"pt-PT\",\"potentialAction\":[{\"@type\":\"ReadAction\",\"target\":[\"https:\/\/jiushidao.com\/product\/mint-kiwi\/\"]}]},{\"@type\":\"ImageObject\",\"inLanguage\":\"pt-PT\",\"@id\":\"https:\/\/jiushidao.com\/product\/mint-kiwi\/#primaryimage\",\"url\":\"https:\/\/jiushidao.com\/wp-content\/uploads\/2025\/08\/chanp1.jpg\",\"contentUrl\":\"https:\/\/jiushidao.com\/wp-content\/uploads\/2025\/08\/chanp1.jpg\",\"width\":1200,\"height\":1200},{\"@type\":\"BreadcrumbList\",\"@id\":\"https:\/\/jiushidao.com\/product\/mint-kiwi\/#breadcrumb\",\"itemListElement\":[{\"@type\":\"ListItem\",\"position\":1,\"name\":\"Home\",\"item\":\"https:\/\/jiushidao.com\/\"},{\"@type\":\"ListItem\",\"position\":2,\"name\":\"Store\",\"item\":\"https:\/\/jiushidao.com\/store\/\"},{\"@type\":\"ListItem\",\"position\":3,\"name\":\"Mint Kiwi\"}]},{\"@type\":\"WebSite\",\"@id\":\"https:\/\/jiushidao.com\/#website\",\"url\":\"https:\/\/jiushidao.com\/\",\"name\":\"Jiushidao - Global Food Marketplace for Business Growth and Cosumers\",\"description\":\"Jiushidao - Global Food Marketplace for Business Growth and Cosumers\",\"potentialAction\":[{\"@type\":\"SearchAction\",\"target\":{\"@type\":\"EntryPoint\",\"urlTemplate\":\"https:\/\/jiushidao.com\/?s={search_term_string}\"},\"query-input\":{\"@type\":\"PropertyValueSpecification\",\"valueRequired\":true,\"valueName\":\"search_term_string\"}}],\"inLanguage\":\"pt-PT\"}]}<\/script>\n<!-- \/ Yoast SEO Premium plugin. -->","yoast_head_json":{"title":"Mint Kiwi - Jiushidao - Global Food Marketplace for Business Growth and Cosumers","robots":{"index":"index","follow":"follow","max-snippet":"max-snippet:-1","max-image-preview":"max-image-preview:large","max-video-preview":"max-video-preview:-1"},"canonical":"https:\/\/jiushidao.com\/pt\/produto\/mint-kiwi\/","og_locale":"pt_PT","og_type":"article","og_title":"Mint Kiwi","og_description":"Flavor Profile A delicious mix of fresh mint and sweet-tart, juicy kiwi. The second it hits your tongue, mint\u2019s coolness spreads across your palate, followed by [\u2026]","og_url":"https:\/\/jiushidao.com\/pt\/produto\/mint-kiwi\/","og_site_name":"Jiushidao - Global Food Marketplace for Business Growth and Cosumers","article_modified_time":"2025-08-28T08:31:33+00:00","og_image":[{"width":1200,"height":1200,"url":"https:\/\/jiushidao.com\/wp-content\/uploads\/2025\/08\/chanp1.jpg","type":"image\/jpeg"}],"twitter_card":"summary_large_image","twitter_misc":{"Tempo estimado de leitura":"2 minutos"},"schema":{"@context":"https:\/\/schema.org","@graph":[{"@type":"WebPage","@id":"https:\/\/jiushidao.com\/product\/mint-kiwi\/","url":"https:\/\/jiushidao.com\/product\/mint-kiwi\/","name":"Mint Kiwi - Jiushidao - Global Food Marketplace for Business Growth and Cosumers","isPartOf":{"@id":"https:\/\/jiushidao.com\/#website"},"primaryImageOfPage":{"@id":"https:\/\/jiushidao.com\/product\/mint-kiwi\/#primaryimage"},"image":{"@id":"https:\/\/jiushidao.com\/product\/mint-kiwi\/#primaryimage"},"thumbnailUrl":"https:\/\/jiushidao.com\/wp-content\/uploads\/2025\/08\/chanp1.jpg","datePublished":"2025-08-28T08:28:11+00:00","dateModified":"2025-08-28T08:31:33+00:00","breadcrumb":{"@id":"https:\/\/jiushidao.com\/product\/mint-kiwi\/#breadcrumb"},"inLanguage":"pt-PT","potentialAction":[{"@type":"ReadAction","target":["https:\/\/jiushidao.com\/product\/mint-kiwi\/"]}]},{"@type":"ImageObject","inLanguage":"pt-PT","@id":"https:\/\/jiushidao.com\/product\/mint-kiwi\/#primaryimage","url":"https:\/\/jiushidao.com\/wp-content\/uploads\/2025\/08\/chanp1.jpg","contentUrl":"https:\/\/jiushidao.com\/wp-content\/uploads\/2025\/08\/chanp1.jpg","width":1200,"height":1200},{"@type":"BreadcrumbList","@id":"https:\/\/jiushidao.com\/product\/mint-kiwi\/#breadcrumb","itemListElement":[{"@type":"ListItem","position":1,"name":"Home","item":"https:\/\/jiushidao.com\/"},{"@type":"ListItem","position":2,"name":"Store","item":"https:\/\/jiushidao.com\/store\/"},{"@type":"ListItem","position":3,"name":"Mint Kiwi"}]},{"@type":"WebSite","@id":"https:\/\/jiushidao.com\/#website","url":"https:\/\/jiushidao.com\/","name":"Jiushidao - Global Food Marketplace for Business Growth and Cosumers","description":"Jiushidao - Global Food Marketplace for Business Growth and Cosumers","potentialAction":[{"@type":"SearchAction","target":{"@type":"EntryPoint","urlTemplate":"https:\/\/jiushidao.com\/?s={search_term_string}"},"query-input":{"@type":"PropertyValueSpecification","valueRequired":true,"valueName":"search_term_string"}}],"inLanguage":"pt-PT"}]}},"_links":{"self":[{"href":"https:\/\/jiushidao.com\/pt\/wp-json\/wp\/v2\/product\/341","targetHints":{"allow":["GET"]}}],"collection":[{"href":"https:\/\/jiushidao.com\/pt\/wp-json\/wp\/v2\/product"}],"about":[{"href":"https:\/\/jiushidao.com\/pt\/wp-json\/wp\/v2\/types\/product"}],"replies":[{"embeddable":true,"href":"https:\/\/jiushidao.com\/pt\/wp-json\/wp\/v2\/comments?post=341"}],"version-history":[{"count":3,"href":"https:\/\/jiushidao.com\/pt\/wp-json\/wp\/v2\/product\/341\/revisions"}],"predecessor-version":[{"id":352,"href":"https:\/\/jiushidao.com\/pt\/wp-json\/wp\/v2\/product\/341\/revisions\/352"}],"wp:featuredmedia":[{"embeddable":true,"href":"https:\/\/jiushidao.com\/pt\/wp-json\/wp\/v2\/media\/342"}],"wp:attachment":[{"href":"https:\/\/jiushidao.com\/pt\/wp-json\/wp\/v2\/media?parent=341"}],"wp:term":[{"taxonomy":"product_brand","embeddable":true,"href":"https:\/\/jiushidao.com\/pt\/wp-json\/wp\/v2\/product_brand?post=341"},{"taxonomy":"product_cat","embeddable":true,"href":"https:\/\/jiushidao.com\/pt\/wp-json\/wp\/v2\/product_cat?post=341"},{"taxonomy":"product_tag","embeddable":true,"href":"https:\/\/jiushidao.com\/pt\/wp-json\/wp\/v2\/product_tag?post=341"}],"curies":[{"name":"wp","href":"https:\/\/api.w.org\/{rel}","templated":true}]}}