{"id":997,"date":"2025-11-20T12:50:02","date_gmt":"2025-11-20T12:50:02","guid":{"rendered":"https:\/\/jiushidao.com\/?post_type=product&#038;p=997"},"modified":"2025-12-23T17:04:15","modified_gmt":"2025-12-23T17:04:15","slug":"ginseng-consolidation-and-nourishment-paste","status":"publish","type":"product","link":"https:\/\/jiushidao.com\/es\/producto\/ginseng-consolidation-and-nourishment-paste\/","title":{"rendered":"Pasta de ginseng para consolidaci\u00f3n y nutrici\u00f3n"},"content":{"rendered":"<section class=\"ybc-p\">Reabastece el Qi, promueve la producci\u00f3n de l\u00edquidos y humedece los pulmones. Dise\u00f1ado espec\u00edficamente para ayudar a las personas a recuperar fuerzas despu\u00e9s de una enfermedad, aliviando la fatiga, la debilidad y la sudoraci\u00f3n excesiva. Adem\u00e1s, calma la mente para mejorar el sue\u00f1o, consolida la salud fundamental y fomenta la vitalidad general.<\/section>\n<section class=\"ybc-p\"><strong>Beneficios clave:<\/strong>\u200b<\/section>\n<ul class=\"ybc-ul-component\">\n<li class=\"ybc-li-component ybc-li-component_ul\">\n<section class=\"ybc-p\">Repone el Qi y los fluidos corporales para restaurar la energ\u00eda.<\/section>\n<\/li>\n<li class=\"ybc-li-component ybc-li-component_ul\">\n<section class=\"ybc-p\">Reduce la fatiga y la sudoraci\u00f3n excesiva.<\/section>\n<\/li>\n<li class=\"ybc-li-component ybc-li-component_ul\">\n<section class=\"ybc-p\">Calma la mente y promueve un sue\u00f1o reparador.<\/section>\n<\/li>\n<li class=\"ybc-li-component ybc-li-component_ul\">\n<section class=\"ybc-p\">Fortalece la constituci\u00f3n fundamental del cuerpo.<\/section>\n<\/li>\n<li class=\"ybc-li-component ybc-li-component_ul\">\n<section class=\"ybc-p\">Apoya la salud y el bienestar a largo plazo<\/section>\n<\/li>\n<\/ul>","protected":false},"excerpt":{"rendered":"<p>Reabastece el Qi, promueve la producci\u00f3n de l\u00edquidos y humedece los pulmones. Dise\u00f1ado espec\u00edficamente para ayudar a las personas a recuperar fuerzas despu\u00e9s de una enfermedad, aliviando la fatiga, la debilidad y la sudoraci\u00f3n excesiva. Adem\u00e1s,<span class=\"excerpt-hellip\"> [\u2026]<\/span><\/p>","protected":false},"featured_media":1034,"comment_status":"open","ping_status":"closed","template":"","meta":[],"product_brand":[],"product_cat":[65],"product_tag":[],"class_list":{"0":"post-997","1":"product","2":"type-product","3":"status-publish","4":"has-post-thumbnail","6":"product_cat-rui_shan_tang","8":"first","9":"instock","10":"shipping-taxable","11":"product-type-external"},"yoast_head":"<!-- This site is optimized with the Yoast SEO Premium plugin v25.8 (Yoast SEO v25.8) - https:\/\/yoast.com\/wordpress\/plugins\/seo\/ -->\n<title>Ginseng Consolidation and Nourishment Paste - Jiushidao - Global Food Marketplace for Business Growth and Cosumers<\/title>\n<meta name=\"robots\" content=\"index, follow, max-snippet:-1, max-image-preview:large, max-video-preview:-1\" \/>\n<link rel=\"canonical\" href=\"https:\/\/jiushidao.com\/es\/producto\/ginseng-consolidation-and-nourishment-paste\/\" \/>\n<meta property=\"og:locale\" content=\"es_ES\" \/>\n<meta property=\"og:type\" content=\"article\" \/>\n<meta property=\"og:title\" content=\"Ginseng Consolidation and Nourishment Paste\" \/>\n<meta property=\"og:description\" content=\"Replenishes Qi, promotes fluid production, and moistens the lungs. Specifically designed to help individuals regain strength after illness, alleviating fatigue, weakness, and excessive sweating. Additionally, it [\u2026]\" \/>\n<meta property=\"og:url\" content=\"https:\/\/jiushidao.com\/es\/producto\/ginseng-consolidation-and-nourishment-paste\/\" \/>\n<meta property=\"og:site_name\" content=\"Jiushidao - Global Food Marketplace for Business Growth and Cosumers\" \/>\n<meta property=\"article:modified_time\" content=\"2025-12-23T17:04:15+00:00\" \/>\n<meta property=\"og:image\" content=\"https:\/\/jiushidao.com\/wp-content\/uploads\/2025\/11\/\u56fe\u724712.png\" \/>\n\t<meta property=\"og:image:width\" content=\"800\" \/>\n\t<meta property=\"og:image:height\" content=\"800\" \/>\n\t<meta property=\"og:image:type\" content=\"image\/png\" \/>\n<meta name=\"twitter:card\" content=\"summary_large_image\" \/>\n<meta name=\"twitter:label1\" content=\"Tiempo de lectura\" \/>\n\t<meta name=\"twitter:data1\" content=\"1 minuto\" \/>\n<script type=\"application\/ld+json\" class=\"yoast-schema-graph\">{\"@context\":\"https:\/\/schema.org\",\"@graph\":[{\"@type\":\"WebPage\",\"@id\":\"https:\/\/jiushidao.com\/product\/ginseng-consolidation-and-nourishment-paste\/\",\"url\":\"https:\/\/jiushidao.com\/product\/ginseng-consolidation-and-nourishment-paste\/\",\"name\":\"Ginseng Consolidation and Nourishment Paste - Jiushidao - Global Food Marketplace for Business Growth and Cosumers\",\"isPartOf\":{\"@id\":\"https:\/\/jiushidao.com\/#website\"},\"primaryImageOfPage\":{\"@id\":\"https:\/\/jiushidao.com\/product\/ginseng-consolidation-and-nourishment-paste\/#primaryimage\"},\"image\":{\"@id\":\"https:\/\/jiushidao.com\/product\/ginseng-consolidation-and-nourishment-paste\/#primaryimage\"},\"thumbnailUrl\":\"https:\/\/jiushidao.com\/wp-content\/uploads\/2025\/11\/\u56fe\u724712.png\",\"datePublished\":\"2025-11-20T12:50:02+00:00\",\"dateModified\":\"2025-12-23T17:04:15+00:00\",\"breadcrumb\":{\"@id\":\"https:\/\/jiushidao.com\/product\/ginseng-consolidation-and-nourishment-paste\/#breadcrumb\"},\"inLanguage\":\"es\",\"potentialAction\":[{\"@type\":\"ReadAction\",\"target\":[\"https:\/\/jiushidao.com\/product\/ginseng-consolidation-and-nourishment-paste\/\"]}]},{\"@type\":\"ImageObject\",\"inLanguage\":\"es\",\"@id\":\"https:\/\/jiushidao.com\/product\/ginseng-consolidation-and-nourishment-paste\/#primaryimage\",\"url\":\"https:\/\/jiushidao.com\/wp-content\/uploads\/2025\/11\/\u56fe\u724712.png\",\"contentUrl\":\"https:\/\/jiushidao.com\/wp-content\/uploads\/2025\/11\/\u56fe\u724712.png\",\"width\":800,\"height\":800},{\"@type\":\"BreadcrumbList\",\"@id\":\"https:\/\/jiushidao.com\/product\/ginseng-consolidation-and-nourishment-paste\/#breadcrumb\",\"itemListElement\":[{\"@type\":\"ListItem\",\"position\":1,\"name\":\"Home\",\"item\":\"https:\/\/jiushidao.com\/\"},{\"@type\":\"ListItem\",\"position\":2,\"name\":\"Store\",\"item\":\"https:\/\/jiushidao.com\/store\/\"},{\"@type\":\"ListItem\",\"position\":3,\"name\":\"Ginseng Consolidation and Nourishment Paste\"}]},{\"@type\":\"WebSite\",\"@id\":\"https:\/\/jiushidao.com\/#website\",\"url\":\"https:\/\/jiushidao.com\/\",\"name\":\"Jiushidao - Global Food Marketplace for Business Growth and Cosumers\",\"description\":\"Jiushidao - Global Food Marketplace for Business Growth and Cosumers\",\"potentialAction\":[{\"@type\":\"SearchAction\",\"target\":{\"@type\":\"EntryPoint\",\"urlTemplate\":\"https:\/\/jiushidao.com\/?s={search_term_string}\"},\"query-input\":{\"@type\":\"PropertyValueSpecification\",\"valueRequired\":true,\"valueName\":\"search_term_string\"}}],\"inLanguage\":\"es\"}]}<\/script>\n<!-- \/ Yoast SEO Premium plugin. -->","yoast_head_json":{"title":"Ginseng Consolidation and Nourishment Paste - Jiushidao - Global Food Marketplace for Business Growth and Cosumers","robots":{"index":"index","follow":"follow","max-snippet":"max-snippet:-1","max-image-preview":"max-image-preview:large","max-video-preview":"max-video-preview:-1"},"canonical":"https:\/\/jiushidao.com\/es\/producto\/ginseng-consolidation-and-nourishment-paste\/","og_locale":"es_ES","og_type":"article","og_title":"Ginseng Consolidation and Nourishment Paste","og_description":"Replenishes Qi, promotes fluid production, and moistens the lungs. Specifically designed to help individuals regain strength after illness, alleviating fatigue, weakness, and excessive sweating. Additionally, it [\u2026]","og_url":"https:\/\/jiushidao.com\/es\/producto\/ginseng-consolidation-and-nourishment-paste\/","og_site_name":"Jiushidao - Global Food Marketplace for Business Growth and Cosumers","article_modified_time":"2025-12-23T17:04:15+00:00","og_image":[{"width":800,"height":800,"url":"https:\/\/jiushidao.com\/wp-content\/uploads\/2025\/11\/\u56fe\u724712.png","type":"image\/png"}],"twitter_card":"summary_large_image","twitter_misc":{"Tiempo de lectura":"1 minuto"},"schema":{"@context":"https:\/\/schema.org","@graph":[{"@type":"WebPage","@id":"https:\/\/jiushidao.com\/product\/ginseng-consolidation-and-nourishment-paste\/","url":"https:\/\/jiushidao.com\/product\/ginseng-consolidation-and-nourishment-paste\/","name":"Ginseng Consolidation and Nourishment Paste - Jiushidao - Global Food Marketplace for Business Growth and Cosumers","isPartOf":{"@id":"https:\/\/jiushidao.com\/#website"},"primaryImageOfPage":{"@id":"https:\/\/jiushidao.com\/product\/ginseng-consolidation-and-nourishment-paste\/#primaryimage"},"image":{"@id":"https:\/\/jiushidao.com\/product\/ginseng-consolidation-and-nourishment-paste\/#primaryimage"},"thumbnailUrl":"https:\/\/jiushidao.com\/wp-content\/uploads\/2025\/11\/\u56fe\u724712.png","datePublished":"2025-11-20T12:50:02+00:00","dateModified":"2025-12-23T17:04:15+00:00","breadcrumb":{"@id":"https:\/\/jiushidao.com\/product\/ginseng-consolidation-and-nourishment-paste\/#breadcrumb"},"inLanguage":"es","potentialAction":[{"@type":"ReadAction","target":["https:\/\/jiushidao.com\/product\/ginseng-consolidation-and-nourishment-paste\/"]}]},{"@type":"ImageObject","inLanguage":"es","@id":"https:\/\/jiushidao.com\/product\/ginseng-consolidation-and-nourishment-paste\/#primaryimage","url":"https:\/\/jiushidao.com\/wp-content\/uploads\/2025\/11\/\u56fe\u724712.png","contentUrl":"https:\/\/jiushidao.com\/wp-content\/uploads\/2025\/11\/\u56fe\u724712.png","width":800,"height":800},{"@type":"BreadcrumbList","@id":"https:\/\/jiushidao.com\/product\/ginseng-consolidation-and-nourishment-paste\/#breadcrumb","itemListElement":[{"@type":"ListItem","position":1,"name":"Home","item":"https:\/\/jiushidao.com\/"},{"@type":"ListItem","position":2,"name":"Store","item":"https:\/\/jiushidao.com\/store\/"},{"@type":"ListItem","position":3,"name":"Ginseng Consolidation and Nourishment Paste"}]},{"@type":"WebSite","@id":"https:\/\/jiushidao.com\/#website","url":"https:\/\/jiushidao.com\/","name":"Jiushidao - Global Food Marketplace for Business Growth and Cosumers","description":"Jiushidao - Global Food Marketplace for Business Growth and Cosumers","potentialAction":[{"@type":"SearchAction","target":{"@type":"EntryPoint","urlTemplate":"https:\/\/jiushidao.com\/?s={search_term_string}"},"query-input":{"@type":"PropertyValueSpecification","valueRequired":true,"valueName":"search_term_string"}}],"inLanguage":"es"}]}},"_links":{"self":[{"href":"https:\/\/jiushidao.com\/es\/wp-json\/wp\/v2\/product\/997","targetHints":{"allow":["GET"]}}],"collection":[{"href":"https:\/\/jiushidao.com\/es\/wp-json\/wp\/v2\/product"}],"about":[{"href":"https:\/\/jiushidao.com\/es\/wp-json\/wp\/v2\/types\/product"}],"replies":[{"embeddable":true,"href":"https:\/\/jiushidao.com\/es\/wp-json\/wp\/v2\/comments?post=997"}],"version-history":[{"count":1,"href":"https:\/\/jiushidao.com\/es\/wp-json\/wp\/v2\/product\/997\/revisions"}],"predecessor-version":[{"id":998,"href":"https:\/\/jiushidao.com\/es\/wp-json\/wp\/v2\/product\/997\/revisions\/998"}],"wp:featuredmedia":[{"embeddable":true,"href":"https:\/\/jiushidao.com\/es\/wp-json\/wp\/v2\/media\/1034"}],"wp:attachment":[{"href":"https:\/\/jiushidao.com\/es\/wp-json\/wp\/v2\/media?parent=997"}],"wp:term":[{"taxonomy":"product_brand","embeddable":true,"href":"https:\/\/jiushidao.com\/es\/wp-json\/wp\/v2\/product_brand?post=997"},{"taxonomy":"product_cat","embeddable":true,"href":"https:\/\/jiushidao.com\/es\/wp-json\/wp\/v2\/product_cat?post=997"},{"taxonomy":"product_tag","embeddable":true,"href":"https:\/\/jiushidao.com\/es\/wp-json\/wp\/v2\/product_tag?post=997"}],"curies":[{"name":"wp","href":"https:\/\/api.w.org\/{rel}","templated":true}]}}