{"id":984,"date":"2025-11-20T12:18:34","date_gmt":"2025-11-20T12:18:34","guid":{"rendered":"https:\/\/jiushidao.com\/?post_type=product&#038;p=984"},"modified":"2025-12-23T21:52:05","modified_gmt":"2025-12-23T21:52:05","slug":"mulberry-and-wolfberry-paste","status":"publish","type":"product","link":"https:\/\/jiushidao.com\/es\/producto\/mulberry-and-wolfberry-paste\/","title":{"rendered":"Pasta de moras y bayas de goji"},"content":{"rendered":"<section class=\"ybc-p\"><strong>Pasta de moras y bayas de goji<\/strong><\/section>\n<section class=\"ybc-p\">Nutre el h\u00edgado y los ri\u00f1ones, potencia la esencia y mejora la visi\u00f3n. Esta potente f\u00f3rmula herbal est\u00e1 dise\u00f1ada espec\u00edficamente para abordar las deficiencias de Yin en el h\u00edgado y los ri\u00f1ones. Ayuda eficazmente a aliviar s\u00edntomas relacionados, como mareos, visi\u00f3n borrosa, p\u00e9rdida de visi\u00f3n, encanecimiento prematuro del cabello y dolor y debilidad en la zona lumbar y las rodillas. Al actuar desde la ra\u00edz, restaura el equilibrio y promueve la vitalidad general desde el interior.<\/section>\n<section class=\"ybc-p\"><strong>Beneficios clave:<\/strong><\/section>\n<ul class=\"ybc-ul-component\">\n<li class=\"ybc-li-component ybc-li-component_ul\">\n<section class=\"ybc-p\"><strong>Nutre el Yin del h\u00edgado y el ri\u00f1\u00f3n:<\/strong>\u200b Act\u00faa sobre la causa ra\u00edz de los s\u00edntomas de deficiencia.<\/section>\n<\/li>\n<li class=\"ybc-li-component ybc-li-component_ul\">\n<section class=\"ybc-p\"><strong>Agudiza la visi\u00f3n:<\/strong>Ayuda a mejorar la vista y reducir la visi\u00f3n borrosa.<\/section>\n<\/li>\n<li class=\"ybc-li-component ybc-li-component_ul\">\n<section class=\"ybc-p\"><strong>Reduce los mareos:<\/strong>Alivia las sensaciones de v\u00e9rtigo y mareo.<\/section>\n<\/li>\n<li class=\"ybc-li-component ybc-li-component_ul\">\n<section class=\"ybc-p\"><strong>Fortalece la espalda baja:<\/strong>Alivia el dolor y la debilidad en la espalda y las rodillas.<\/section>\n<\/li>\n<li class=\"ybc-li-component ybc-li-component_ul\">\n<section class=\"ybc-p\"><strong>Promueve un cabello saludable:<\/strong>Ayuda a combatir el encanecimiento prematuro.<\/section>\n<\/li>\n<\/ul>","protected":false},"excerpt":{"rendered":"<p>La pasta de morera y goji nutre el h\u00edgado y los ri\u00f1ones, potencia la esencia y mejora la visi\u00f3n. Esta potente f\u00f3rmula herbal est\u00e1 dise\u00f1ada espec\u00edficamente para abordar las deficiencias del Yin.<span class=\"excerpt-hellip\"> [\u2026]<\/span><\/p>","protected":false},"featured_media":1037,"comment_status":"open","ping_status":"closed","template":"","meta":[],"product_brand":[],"product_cat":[65],"product_tag":[],"class_list":{"0":"post-984","1":"product","2":"type-product","3":"status-publish","4":"has-post-thumbnail","6":"product_cat-rui_shan_tang","8":"first","9":"instock","10":"shipping-taxable","11":"product-type-external"},"yoast_head":"<!-- This site is optimized with the Yoast SEO Premium plugin v25.8 (Yoast SEO v25.8) - https:\/\/yoast.com\/wordpress\/plugins\/seo\/ -->\n<title>Mulberry and Wolfberry Paste - Jiushidao - Global Food Marketplace for Business Growth and Cosumers<\/title>\n<meta name=\"robots\" content=\"index, follow, max-snippet:-1, max-image-preview:large, max-video-preview:-1\" \/>\n<link rel=\"canonical\" href=\"https:\/\/jiushidao.com\/es\/producto\/mulberry-and-wolfberry-paste\/\" \/>\n<meta property=\"og:locale\" content=\"es_ES\" \/>\n<meta property=\"og:type\" content=\"article\" \/>\n<meta property=\"og:title\" content=\"Mulberry and Wolfberry Paste\" \/>\n<meta property=\"og:description\" content=\"Mulberry and Wolfberry Paste Nourish the Liver and Kidneys, Boost Essence and Improve Vision. This potent herbal formulation is specifically designed to address deficiencies of Yin [\u2026]\" \/>\n<meta property=\"og:url\" content=\"https:\/\/jiushidao.com\/es\/producto\/mulberry-and-wolfberry-paste\/\" \/>\n<meta property=\"og:site_name\" content=\"Jiushidao - Global Food Marketplace for Business Growth and Cosumers\" \/>\n<meta property=\"article:modified_time\" content=\"2025-12-23T21:52:05+00:00\" \/>\n<meta property=\"og:image\" content=\"https:\/\/jiushidao.com\/wp-content\/uploads\/2025\/11\/\u56fe\u72473.png\" \/>\n\t<meta property=\"og:image:width\" content=\"800\" \/>\n\t<meta property=\"og:image:height\" content=\"800\" \/>\n\t<meta property=\"og:image:type\" content=\"image\/png\" \/>\n<meta name=\"twitter:card\" content=\"summary_large_image\" \/>\n<meta name=\"twitter:label1\" content=\"Tiempo de lectura\" \/>\n\t<meta name=\"twitter:data1\" content=\"1 minuto\" \/>\n<script type=\"application\/ld+json\" class=\"yoast-schema-graph\">{\"@context\":\"https:\/\/schema.org\",\"@graph\":[{\"@type\":\"WebPage\",\"@id\":\"https:\/\/jiushidao.com\/product\/mulberry-and-wolfberry-paste\/\",\"url\":\"https:\/\/jiushidao.com\/product\/mulberry-and-wolfberry-paste\/\",\"name\":\"Mulberry and Wolfberry Paste - Jiushidao - Global Food Marketplace for Business Growth and Cosumers\",\"isPartOf\":{\"@id\":\"https:\/\/jiushidao.com\/#website\"},\"primaryImageOfPage\":{\"@id\":\"https:\/\/jiushidao.com\/product\/mulberry-and-wolfberry-paste\/#primaryimage\"},\"image\":{\"@id\":\"https:\/\/jiushidao.com\/product\/mulberry-and-wolfberry-paste\/#primaryimage\"},\"thumbnailUrl\":\"https:\/\/jiushidao.com\/wp-content\/uploads\/2025\/11\/\u56fe\u72473.png\",\"datePublished\":\"2025-11-20T12:18:34+00:00\",\"dateModified\":\"2025-12-23T21:52:05+00:00\",\"breadcrumb\":{\"@id\":\"https:\/\/jiushidao.com\/product\/mulberry-and-wolfberry-paste\/#breadcrumb\"},\"inLanguage\":\"es\",\"potentialAction\":[{\"@type\":\"ReadAction\",\"target\":[\"https:\/\/jiushidao.com\/product\/mulberry-and-wolfberry-paste\/\"]}]},{\"@type\":\"ImageObject\",\"inLanguage\":\"es\",\"@id\":\"https:\/\/jiushidao.com\/product\/mulberry-and-wolfberry-paste\/#primaryimage\",\"url\":\"https:\/\/jiushidao.com\/wp-content\/uploads\/2025\/11\/\u56fe\u72473.png\",\"contentUrl\":\"https:\/\/jiushidao.com\/wp-content\/uploads\/2025\/11\/\u56fe\u72473.png\",\"width\":800,\"height\":800},{\"@type\":\"BreadcrumbList\",\"@id\":\"https:\/\/jiushidao.com\/product\/mulberry-and-wolfberry-paste\/#breadcrumb\",\"itemListElement\":[{\"@type\":\"ListItem\",\"position\":1,\"name\":\"Home\",\"item\":\"https:\/\/jiushidao.com\/\"},{\"@type\":\"ListItem\",\"position\":2,\"name\":\"Store\",\"item\":\"https:\/\/jiushidao.com\/store\/\"},{\"@type\":\"ListItem\",\"position\":3,\"name\":\"Mulberry and Wolfberry Paste\"}]},{\"@type\":\"WebSite\",\"@id\":\"https:\/\/jiushidao.com\/#website\",\"url\":\"https:\/\/jiushidao.com\/\",\"name\":\"Jiushidao - Global Food Marketplace for Business Growth and Cosumers\",\"description\":\"Jiushidao - Global Food Marketplace for Business Growth and Cosumers\",\"potentialAction\":[{\"@type\":\"SearchAction\",\"target\":{\"@type\":\"EntryPoint\",\"urlTemplate\":\"https:\/\/jiushidao.com\/?s={search_term_string}\"},\"query-input\":{\"@type\":\"PropertyValueSpecification\",\"valueRequired\":true,\"valueName\":\"search_term_string\"}}],\"inLanguage\":\"es\"}]}<\/script>\n<!-- \/ Yoast SEO Premium plugin. -->","yoast_head_json":{"title":"Mulberry and Wolfberry Paste - Jiushidao - Global Food Marketplace for Business Growth and Cosumers","robots":{"index":"index","follow":"follow","max-snippet":"max-snippet:-1","max-image-preview":"max-image-preview:large","max-video-preview":"max-video-preview:-1"},"canonical":"https:\/\/jiushidao.com\/es\/producto\/mulberry-and-wolfberry-paste\/","og_locale":"es_ES","og_type":"article","og_title":"Mulberry and Wolfberry Paste","og_description":"Mulberry and Wolfberry Paste Nourish the Liver and Kidneys, Boost Essence and Improve Vision. This potent herbal formulation is specifically designed to address deficiencies of Yin [\u2026]","og_url":"https:\/\/jiushidao.com\/es\/producto\/mulberry-and-wolfberry-paste\/","og_site_name":"Jiushidao - Global Food Marketplace for Business Growth and Cosumers","article_modified_time":"2025-12-23T21:52:05+00:00","og_image":[{"width":800,"height":800,"url":"https:\/\/jiushidao.com\/wp-content\/uploads\/2025\/11\/\u56fe\u72473.png","type":"image\/png"}],"twitter_card":"summary_large_image","twitter_misc":{"Tiempo de lectura":"1 minuto"},"schema":{"@context":"https:\/\/schema.org","@graph":[{"@type":"WebPage","@id":"https:\/\/jiushidao.com\/product\/mulberry-and-wolfberry-paste\/","url":"https:\/\/jiushidao.com\/product\/mulberry-and-wolfberry-paste\/","name":"Mulberry and Wolfberry Paste - Jiushidao - Global Food Marketplace for Business Growth and Cosumers","isPartOf":{"@id":"https:\/\/jiushidao.com\/#website"},"primaryImageOfPage":{"@id":"https:\/\/jiushidao.com\/product\/mulberry-and-wolfberry-paste\/#primaryimage"},"image":{"@id":"https:\/\/jiushidao.com\/product\/mulberry-and-wolfberry-paste\/#primaryimage"},"thumbnailUrl":"https:\/\/jiushidao.com\/wp-content\/uploads\/2025\/11\/\u56fe\u72473.png","datePublished":"2025-11-20T12:18:34+00:00","dateModified":"2025-12-23T21:52:05+00:00","breadcrumb":{"@id":"https:\/\/jiushidao.com\/product\/mulberry-and-wolfberry-paste\/#breadcrumb"},"inLanguage":"es","potentialAction":[{"@type":"ReadAction","target":["https:\/\/jiushidao.com\/product\/mulberry-and-wolfberry-paste\/"]}]},{"@type":"ImageObject","inLanguage":"es","@id":"https:\/\/jiushidao.com\/product\/mulberry-and-wolfberry-paste\/#primaryimage","url":"https:\/\/jiushidao.com\/wp-content\/uploads\/2025\/11\/\u56fe\u72473.png","contentUrl":"https:\/\/jiushidao.com\/wp-content\/uploads\/2025\/11\/\u56fe\u72473.png","width":800,"height":800},{"@type":"BreadcrumbList","@id":"https:\/\/jiushidao.com\/product\/mulberry-and-wolfberry-paste\/#breadcrumb","itemListElement":[{"@type":"ListItem","position":1,"name":"Home","item":"https:\/\/jiushidao.com\/"},{"@type":"ListItem","position":2,"name":"Store","item":"https:\/\/jiushidao.com\/store\/"},{"@type":"ListItem","position":3,"name":"Mulberry and Wolfberry Paste"}]},{"@type":"WebSite","@id":"https:\/\/jiushidao.com\/#website","url":"https:\/\/jiushidao.com\/","name":"Jiushidao - Global Food Marketplace for Business Growth and Cosumers","description":"Jiushidao - Global Food Marketplace for Business Growth and Cosumers","potentialAction":[{"@type":"SearchAction","target":{"@type":"EntryPoint","urlTemplate":"https:\/\/jiushidao.com\/?s={search_term_string}"},"query-input":{"@type":"PropertyValueSpecification","valueRequired":true,"valueName":"search_term_string"}}],"inLanguage":"es"}]}},"_links":{"self":[{"href":"https:\/\/jiushidao.com\/es\/wp-json\/wp\/v2\/product\/984","targetHints":{"allow":["GET"]}}],"collection":[{"href":"https:\/\/jiushidao.com\/es\/wp-json\/wp\/v2\/product"}],"about":[{"href":"https:\/\/jiushidao.com\/es\/wp-json\/wp\/v2\/types\/product"}],"replies":[{"embeddable":true,"href":"https:\/\/jiushidao.com\/es\/wp-json\/wp\/v2\/comments?post=984"}],"version-history":[{"count":1,"href":"https:\/\/jiushidao.com\/es\/wp-json\/wp\/v2\/product\/984\/revisions"}],"predecessor-version":[{"id":985,"href":"https:\/\/jiushidao.com\/es\/wp-json\/wp\/v2\/product\/984\/revisions\/985"}],"wp:featuredmedia":[{"embeddable":true,"href":"https:\/\/jiushidao.com\/es\/wp-json\/wp\/v2\/media\/1037"}],"wp:attachment":[{"href":"https:\/\/jiushidao.com\/es\/wp-json\/wp\/v2\/media?parent=984"}],"wp:term":[{"taxonomy":"product_brand","embeddable":true,"href":"https:\/\/jiushidao.com\/es\/wp-json\/wp\/v2\/product_brand?post=984"},{"taxonomy":"product_cat","embeddable":true,"href":"https:\/\/jiushidao.com\/es\/wp-json\/wp\/v2\/product_cat?post=984"},{"taxonomy":"product_tag","embeddable":true,"href":"https:\/\/jiushidao.com\/es\/wp-json\/wp\/v2\/product_tag?post=984"}],"curies":[{"name":"wp","href":"https:\/\/api.w.org\/{rel}","templated":true}]}}