{"id":961,"date":"2025-10-31T18:02:00","date_gmt":"2025-10-31T18:02:00","guid":{"rendered":"https:\/\/jiushidao.com\/?post_type=product&#038;p=961"},"modified":"2025-12-23T22:23:08","modified_gmt":"2025-12-23T22:23:08","slug":"mulberry-concentrate-paste","status":"publish","type":"product","link":"https:\/\/jiushidao.com\/es\/producto\/mulberry-concentrate-paste\/","title":{"rendered":"Pasta concentrada de mora"},"content":{"rendered":"<section class=\"ybc-p\">Del\u00e9itese con el rico y aterciopelado sabor de\u00a0<strong>Pasta de morera<\/strong>Elaborado con moras maduradas al sol, cultivadas en el f\u00e9rtil oasis del condado de Shufu, Kashgar, enclavado en el extremo occidental del desierto de Taklamak\u00e1n. Aqu\u00ed, las largas horas de sol y las significativas variaciones de temperatura entre el d\u00eda y la noche permiten que las moras desarrollen una dulzura y un sabor excepcionales.<\/section>\n<section class=\"ybc-p\">Mediante un proceso suave de vac\u00edo a baja temperatura (60 \u00b0C durante 10 horas), cocinamos a fuego lento las moras frescas para preservar sus nutrientes naturales y su sabor intenso. El concentrado se filtra cuidadosamente a trav\u00e9s de un tamiz de malla 300, lo que da como resultado una pasta suave y brillante, libre de impurezas.\u00a0<strong>Sin aditivos<\/strong>Sin conservantes, espesantes, saborizantes ni colorantes artificiales, esta pasta ofrece una experiencia pura y rica en nutrientes. Cada frasco contiene la esencia de 10 kg de moras frescas, condensada en 1 kg de pasta rica y arom\u00e1tica. Envasada en un frasco de vidrio \u00e1mbar para protegerla de la luz y el ox\u00edgeno, garantiza una frescura y potencia duraderas.<\/section>\n<hr \/>\n<h3><strong>Caracter\u00edsticas principales<\/strong><\/h3>\n<ul class=\"ybc-ul-component\">\n<li class=\"ybc-li-component ybc-li-component_ul\">\n<section class=\"ybc-p\"><strong>Moras premium de Xinjiang<\/strong>:Cultivado en el oasis rico en nutrientes del condado de Shufu, Kashgar.<\/section>\n<\/li>\n<li class=\"ybc-li-component ybc-li-component_ul\">\n<section class=\"ybc-p\"><strong>Cocci\u00f3n a fuego lento al vac\u00edo a baja temperatura<\/strong>:Caf\u00e9 preparado a fuego lento a 60 \u00b0C durante 10 horas para conservar los nutrientes y el sabor.<\/section>\n<\/li>\n<li class=\"ybc-li-component ybc-li-component_ul\">\n<section class=\"ybc-p\"><strong>Cero aditivos<\/strong>: Libre de conservantes, espesantes, saborizantes y colorantes artificiales.<\/section>\n<\/li>\n<li class=\"ybc-li-component ybc-li-component_ul\">\n<section class=\"ybc-p\"><strong>Altamente concentrado<\/strong>:10 kg de moras frescas condensadas en 1 kg de pasta<\/section>\n<\/li>\n<li class=\"ybc-li-component ybc-li-component_ul\">\n<section class=\"ybc-p\"><strong>Tarro protector de vidrio \u00e1mbar<\/strong>: Bloquea la luz y el ox\u00edgeno para mantener la frescura y la potencia.<\/section>\n<\/li>\n<\/ul>","protected":false},"excerpt":{"rendered":"<p>Del\u00e9itese con el rico y aterciopelado sabor de la pasta de moras, elaborada con moras maduradas al sol cultivadas en el f\u00e9rtil oasis del condado de Shufu, Kashgar, ubicado en el borde occidental.<span class=\"excerpt-hellip\"> [\u2026]<\/span><\/p>","protected":false},"featured_media":962,"comment_status":"open","ping_status":"closed","template":"","meta":[],"product_brand":[64],"product_cat":[63],"product_tag":[],"class_list":{"0":"post-961","1":"product","2":"type-product","3":"status-publish","4":"has-post-thumbnail","6":"product_brand-64","7":"product_cat-jiang_guo_cui","9":"first","10":"instock","11":"shipping-taxable","12":"product-type-external"},"yoast_head":"<!-- This site is optimized with the Yoast SEO Premium plugin v25.8 (Yoast SEO v25.8) - https:\/\/yoast.com\/wordpress\/plugins\/seo\/ -->\n<title>Mulberry Concentrate Paste\u200b - Jiushidao - Global Food Marketplace for Business Growth and Cosumers<\/title>\n<meta name=\"robots\" content=\"index, follow, max-snippet:-1, max-image-preview:large, max-video-preview:-1\" \/>\n<link rel=\"canonical\" href=\"https:\/\/jiushidao.com\/es\/producto\/mulberry-concentrate-paste\/\" \/>\n<meta property=\"og:locale\" content=\"es_ES\" \/>\n<meta property=\"og:type\" content=\"article\" \/>\n<meta property=\"og:title\" content=\"Mulberry Concentrate Paste\u200b\" \/>\n<meta property=\"og:description\" content=\"Indulge in the rich, velvety taste of\u00a0Mulberry Paste, crafted from sun-ripened mulberries grown in the fertile oasis of Shufu County, Kashgar, nestled along the western edge [\u2026]\" \/>\n<meta property=\"og:url\" content=\"https:\/\/jiushidao.com\/es\/producto\/mulberry-concentrate-paste\/\" \/>\n<meta property=\"og:site_name\" content=\"Jiushidao - Global Food Marketplace for Business Growth and Cosumers\" \/>\n<meta property=\"article:modified_time\" content=\"2025-12-23T22:23:08+00:00\" \/>\n<meta property=\"og:image\" content=\"https:\/\/jiushidao.com\/wp-content\/uploads\/2025\/10\/\u56fe\u724719-1.png\" \/>\n\t<meta property=\"og:image:width\" content=\"68\" \/>\n\t<meta property=\"og:image:height\" content=\"84\" \/>\n\t<meta property=\"og:image:type\" content=\"image\/png\" \/>\n<meta name=\"twitter:card\" content=\"summary_large_image\" \/>\n<meta name=\"twitter:label1\" content=\"Tiempo de lectura\" \/>\n\t<meta name=\"twitter:data1\" content=\"2 minutos\" \/>\n<script type=\"application\/ld+json\" class=\"yoast-schema-graph\">{\"@context\":\"https:\/\/schema.org\",\"@graph\":[{\"@type\":\"WebPage\",\"@id\":\"https:\/\/jiushidao.com\/product\/mulberry-concentrate-paste\/\",\"url\":\"https:\/\/jiushidao.com\/product\/mulberry-concentrate-paste\/\",\"name\":\"Mulberry Concentrate Paste\u200b - Jiushidao - Global Food Marketplace for Business Growth and Cosumers\",\"isPartOf\":{\"@id\":\"https:\/\/jiushidao.com\/#website\"},\"primaryImageOfPage\":{\"@id\":\"https:\/\/jiushidao.com\/product\/mulberry-concentrate-paste\/#primaryimage\"},\"image\":{\"@id\":\"https:\/\/jiushidao.com\/product\/mulberry-concentrate-paste\/#primaryimage\"},\"thumbnailUrl\":\"https:\/\/jiushidao.com\/wp-content\/uploads\/2025\/10\/\u56fe\u724719-1.png\",\"datePublished\":\"2025-10-31T18:02:00+00:00\",\"dateModified\":\"2025-12-23T22:23:08+00:00\",\"breadcrumb\":{\"@id\":\"https:\/\/jiushidao.com\/product\/mulberry-concentrate-paste\/#breadcrumb\"},\"inLanguage\":\"es\",\"potentialAction\":[{\"@type\":\"ReadAction\",\"target\":[\"https:\/\/jiushidao.com\/product\/mulberry-concentrate-paste\/\"]}]},{\"@type\":\"ImageObject\",\"inLanguage\":\"es\",\"@id\":\"https:\/\/jiushidao.com\/product\/mulberry-concentrate-paste\/#primaryimage\",\"url\":\"https:\/\/jiushidao.com\/wp-content\/uploads\/2025\/10\/\u56fe\u724719-1.png\",\"contentUrl\":\"https:\/\/jiushidao.com\/wp-content\/uploads\/2025\/10\/\u56fe\u724719-1.png\",\"width\":68,\"height\":84},{\"@type\":\"BreadcrumbList\",\"@id\":\"https:\/\/jiushidao.com\/product\/mulberry-concentrate-paste\/#breadcrumb\",\"itemListElement\":[{\"@type\":\"ListItem\",\"position\":1,\"name\":\"Home\",\"item\":\"https:\/\/jiushidao.com\/\"},{\"@type\":\"ListItem\",\"position\":2,\"name\":\"Store\",\"item\":\"https:\/\/jiushidao.com\/store\/\"},{\"@type\":\"ListItem\",\"position\":3,\"name\":\"Mulberry Concentrate Paste\u200b\"}]},{\"@type\":\"WebSite\",\"@id\":\"https:\/\/jiushidao.com\/#website\",\"url\":\"https:\/\/jiushidao.com\/\",\"name\":\"Jiushidao - Global Food Marketplace for Business Growth and Cosumers\",\"description\":\"Jiushidao - Global Food Marketplace for Business Growth and Cosumers\",\"potentialAction\":[{\"@type\":\"SearchAction\",\"target\":{\"@type\":\"EntryPoint\",\"urlTemplate\":\"https:\/\/jiushidao.com\/?s={search_term_string}\"},\"query-input\":{\"@type\":\"PropertyValueSpecification\",\"valueRequired\":true,\"valueName\":\"search_term_string\"}}],\"inLanguage\":\"es\"}]}<\/script>\n<!-- \/ Yoast SEO Premium plugin. -->","yoast_head_json":{"title":"Mulberry Concentrate Paste\u200b - Jiushidao - Global Food Marketplace for Business Growth and Cosumers","robots":{"index":"index","follow":"follow","max-snippet":"max-snippet:-1","max-image-preview":"max-image-preview:large","max-video-preview":"max-video-preview:-1"},"canonical":"https:\/\/jiushidao.com\/es\/producto\/mulberry-concentrate-paste\/","og_locale":"es_ES","og_type":"article","og_title":"Mulberry Concentrate Paste\u200b","og_description":"Indulge in the rich, velvety taste of\u00a0Mulberry Paste, crafted from sun-ripened mulberries grown in the fertile oasis of Shufu County, Kashgar, nestled along the western edge [\u2026]","og_url":"https:\/\/jiushidao.com\/es\/producto\/mulberry-concentrate-paste\/","og_site_name":"Jiushidao - Global Food Marketplace for Business Growth and Cosumers","article_modified_time":"2025-12-23T22:23:08+00:00","og_image":[{"width":68,"height":84,"url":"https:\/\/jiushidao.com\/wp-content\/uploads\/2025\/10\/\u56fe\u724719-1.png","type":"image\/png"}],"twitter_card":"summary_large_image","twitter_misc":{"Tiempo de lectura":"2 minutos"},"schema":{"@context":"https:\/\/schema.org","@graph":[{"@type":"WebPage","@id":"https:\/\/jiushidao.com\/product\/mulberry-concentrate-paste\/","url":"https:\/\/jiushidao.com\/product\/mulberry-concentrate-paste\/","name":"Mulberry Concentrate Paste\u200b - Jiushidao - Global Food Marketplace for Business Growth and Cosumers","isPartOf":{"@id":"https:\/\/jiushidao.com\/#website"},"primaryImageOfPage":{"@id":"https:\/\/jiushidao.com\/product\/mulberry-concentrate-paste\/#primaryimage"},"image":{"@id":"https:\/\/jiushidao.com\/product\/mulberry-concentrate-paste\/#primaryimage"},"thumbnailUrl":"https:\/\/jiushidao.com\/wp-content\/uploads\/2025\/10\/\u56fe\u724719-1.png","datePublished":"2025-10-31T18:02:00+00:00","dateModified":"2025-12-23T22:23:08+00:00","breadcrumb":{"@id":"https:\/\/jiushidao.com\/product\/mulberry-concentrate-paste\/#breadcrumb"},"inLanguage":"es","potentialAction":[{"@type":"ReadAction","target":["https:\/\/jiushidao.com\/product\/mulberry-concentrate-paste\/"]}]},{"@type":"ImageObject","inLanguage":"es","@id":"https:\/\/jiushidao.com\/product\/mulberry-concentrate-paste\/#primaryimage","url":"https:\/\/jiushidao.com\/wp-content\/uploads\/2025\/10\/\u56fe\u724719-1.png","contentUrl":"https:\/\/jiushidao.com\/wp-content\/uploads\/2025\/10\/\u56fe\u724719-1.png","width":68,"height":84},{"@type":"BreadcrumbList","@id":"https:\/\/jiushidao.com\/product\/mulberry-concentrate-paste\/#breadcrumb","itemListElement":[{"@type":"ListItem","position":1,"name":"Home","item":"https:\/\/jiushidao.com\/"},{"@type":"ListItem","position":2,"name":"Store","item":"https:\/\/jiushidao.com\/store\/"},{"@type":"ListItem","position":3,"name":"Mulberry Concentrate Paste\u200b"}]},{"@type":"WebSite","@id":"https:\/\/jiushidao.com\/#website","url":"https:\/\/jiushidao.com\/","name":"Jiushidao - Global Food Marketplace for Business Growth and Cosumers","description":"Jiushidao - Global Food Marketplace for Business Growth and Cosumers","potentialAction":[{"@type":"SearchAction","target":{"@type":"EntryPoint","urlTemplate":"https:\/\/jiushidao.com\/?s={search_term_string}"},"query-input":{"@type":"PropertyValueSpecification","valueRequired":true,"valueName":"search_term_string"}}],"inLanguage":"es"}]}},"_links":{"self":[{"href":"https:\/\/jiushidao.com\/es\/wp-json\/wp\/v2\/product\/961","targetHints":{"allow":["GET"]}}],"collection":[{"href":"https:\/\/jiushidao.com\/es\/wp-json\/wp\/v2\/product"}],"about":[{"href":"https:\/\/jiushidao.com\/es\/wp-json\/wp\/v2\/types\/product"}],"replies":[{"embeddable":true,"href":"https:\/\/jiushidao.com\/es\/wp-json\/wp\/v2\/comments?post=961"}],"version-history":[{"count":1,"href":"https:\/\/jiushidao.com\/es\/wp-json\/wp\/v2\/product\/961\/revisions"}],"predecessor-version":[{"id":963,"href":"https:\/\/jiushidao.com\/es\/wp-json\/wp\/v2\/product\/961\/revisions\/963"}],"wp:featuredmedia":[{"embeddable":true,"href":"https:\/\/jiushidao.com\/es\/wp-json\/wp\/v2\/media\/962"}],"wp:attachment":[{"href":"https:\/\/jiushidao.com\/es\/wp-json\/wp\/v2\/media?parent=961"}],"wp:term":[{"taxonomy":"product_brand","embeddable":true,"href":"https:\/\/jiushidao.com\/es\/wp-json\/wp\/v2\/product_brand?post=961"},{"taxonomy":"product_cat","embeddable":true,"href":"https:\/\/jiushidao.com\/es\/wp-json\/wp\/v2\/product_cat?post=961"},{"taxonomy":"product_tag","embeddable":true,"href":"https:\/\/jiushidao.com\/es\/wp-json\/wp\/v2\/product_tag?post=961"}],"curies":[{"name":"wp","href":"https:\/\/api.w.org\/{rel}","templated":true}]}}