{"id":956,"date":"2025-10-31T10:16:52","date_gmt":"2025-10-31T10:16:52","guid":{"rendered":"https:\/\/jiushidao.com\/?post_type=product&#038;p=956"},"modified":"2025-12-23T21:54:32","modified_gmt":"2025-12-23T21:54:32","slug":"star-anise-pear-paste","status":"publish","type":"product","link":"https:\/\/jiushidao.com\/es\/producto\/star-anise-pear-paste\/","title":{"rendered":"Pasta de an\u00eds estrellado y pera"},"content":{"rendered":"<section class=\"ybc-p\">Experimente la esencia pura de las peras tradicionales de Xinjiang con\u00a0<strong>Pasta de pera tradicional Bajiao<\/strong>Elaboradas con variedades de pera ancestrales cultivadas en el oasis situado en el extremo occidental del desierto de Taklamak\u00e1n. Ba\u00f1adas por el sol y nutridas por importantes variaciones de temperatura entre el d\u00eda y la noche, estas peras aut\u00f3ctonas maduran a la perfecci\u00f3n: suaves, jugosas y naturalmente dulces.<\/section>\n<section class=\"ybc-p\">Mediante un delicado proceso de vac\u00edo a baja temperatura (60 \u00b0C durante 10 horas), cocinamos a fuego lento las peras para preservar su delicado sabor y nutrientes, y luego filtramos el concentrado a trav\u00e9s de un tamiz de 300 mallas para obtener una textura excepcionalmente suave.\u00a0<strong>Sin aditivos<\/strong>Sin conservantes, espesantes, saborizantes ni colorantes, esta pasta ofrece un sabor puro y reconfortante que suaviza la garganta y nutre el cuerpo. Envasada en un frasco de vidrio \u00e1mbar que la protege de la luz y el ox\u00edgeno, cada frasco de pasta de pera es un regalo concentrado de la naturaleza.<\/section>\n<hr \/>\n<h3><strong>Caracter\u00edsticas principales<\/strong><\/h3>\n<ul class=\"ybc-ul-component\">\n<li class=\"ybc-li-component ybc-li-component_ul\">\n<section class=\"ybc-p\">\u00a0<strong>Peras tradicionales de Xinjiang<\/strong>Cultivado en el oasis del desierto de Taklamak\u00e1n para obtener un sabor pleno y dulce<\/section>\n<\/li>\n<li class=\"ybc-li-component ybc-li-component_ul\">\n<section class=\"ybc-p\">\u00a0<strong>Cocci\u00f3n a fuego lento al vac\u00edo a baja temperatura<\/strong>La fermentaci\u00f3n a 60 \u00b0C durante 10 horas conserva los nutrientes y el sabor.<\/section>\n<\/li>\n<li class=\"ybc-li-component ybc-li-component_ul\">\n<section class=\"ybc-p\">\u00a0<strong>Cero aditivos<\/strong>Sin conservantes, espesantes, saborizantes ni colorantes artificiales.<\/section>\n<\/li>\n<li class=\"ybc-li-component ybc-li-component_ul\">\n<section class=\"ybc-p\">\u00a0<strong>Altamente concentrado<\/strong>10 kg de peras frescas condensadas en 1 kg de pasta<\/section>\n<\/li>\n<li class=\"ybc-li-component ybc-li-component_ul\">\n<section class=\"ybc-p\">\u00a0<strong>Embalaje opaco<\/strong>El frasco de vidrio \u00e1mbar garantiza la frescura y la potencia.<\/section>\n<\/li>\n<\/ul>","protected":false},"excerpt":{"rendered":"<p>Experimente la esencia pura de las peras tradicionales de Xinjiang con la pasta de pera tradicional Bajiao, elaborada con variedades de pera antiguas cultivadas en el oasis del extremo occidental de<span class=\"excerpt-hellip\"> [\u2026]<\/span><\/p>","protected":false},"featured_media":957,"comment_status":"open","ping_status":"closed","template":"","meta":[],"product_brand":[64],"product_cat":[63],"product_tag":[],"class_list":{"0":"post-956","1":"product","2":"type-product","3":"status-publish","4":"has-post-thumbnail","6":"product_brand-64","7":"product_cat-jiang_guo_cui","9":"first","10":"instock","11":"shipping-taxable","12":"product-type-external"},"yoast_head":"<!-- This site is optimized with the Yoast SEO Premium plugin v25.8 (Yoast SEO v25.8) - https:\/\/yoast.com\/wordpress\/plugins\/seo\/ -->\n<title>Star Anise &amp; Pear Paste\u200b - Jiushidao - Global Food Marketplace for Business Growth and Cosumers<\/title>\n<meta name=\"robots\" content=\"index, follow, max-snippet:-1, max-image-preview:large, max-video-preview:-1\" \/>\n<link rel=\"canonical\" href=\"https:\/\/jiushidao.com\/es\/producto\/star-anise-pear-paste\/\" \/>\n<meta property=\"og:locale\" content=\"es_ES\" \/>\n<meta property=\"og:type\" content=\"article\" \/>\n<meta property=\"og:title\" content=\"Star Anise &amp; Pear Paste\u200b\" \/>\n<meta property=\"og:description\" content=\"Experience the pure essence of Xinjiang\u2019s heritage pears with\u00a0Bajiao Traditional Pear Paste, crafted from ancient pear varieties grown in the oasis on the western edge of [\u2026]\" \/>\n<meta property=\"og:url\" content=\"https:\/\/jiushidao.com\/es\/producto\/star-anise-pear-paste\/\" \/>\n<meta property=\"og:site_name\" content=\"Jiushidao - Global Food Marketplace for Business Growth and Cosumers\" \/>\n<meta property=\"article:modified_time\" content=\"2025-12-23T21:54:32+00:00\" \/>\n<meta property=\"og:image\" content=\"https:\/\/jiushidao.com\/wp-content\/uploads\/2025\/10\/\u56fe\u724718-1.png\" \/>\n\t<meta property=\"og:image:width\" content=\"800\" \/>\n\t<meta property=\"og:image:height\" content=\"1323\" \/>\n\t<meta property=\"og:image:type\" content=\"image\/png\" \/>\n<meta name=\"twitter:card\" content=\"summary_large_image\" \/>\n<meta name=\"twitter:label1\" content=\"Tiempo de lectura\" \/>\n\t<meta name=\"twitter:data1\" content=\"2 minutos\" \/>\n<script type=\"application\/ld+json\" class=\"yoast-schema-graph\">{\"@context\":\"https:\/\/schema.org\",\"@graph\":[{\"@type\":\"WebPage\",\"@id\":\"https:\/\/jiushidao.com\/product\/star-anise-pear-paste\/\",\"url\":\"https:\/\/jiushidao.com\/product\/star-anise-pear-paste\/\",\"name\":\"Star Anise & Pear Paste\u200b - Jiushidao - Global Food Marketplace for Business Growth and Cosumers\",\"isPartOf\":{\"@id\":\"https:\/\/jiushidao.com\/#website\"},\"primaryImageOfPage\":{\"@id\":\"https:\/\/jiushidao.com\/product\/star-anise-pear-paste\/#primaryimage\"},\"image\":{\"@id\":\"https:\/\/jiushidao.com\/product\/star-anise-pear-paste\/#primaryimage\"},\"thumbnailUrl\":\"https:\/\/jiushidao.com\/wp-content\/uploads\/2025\/10\/\u56fe\u724718-1.png\",\"datePublished\":\"2025-10-31T10:16:52+00:00\",\"dateModified\":\"2025-12-23T21:54:32+00:00\",\"breadcrumb\":{\"@id\":\"https:\/\/jiushidao.com\/product\/star-anise-pear-paste\/#breadcrumb\"},\"inLanguage\":\"es\",\"potentialAction\":[{\"@type\":\"ReadAction\",\"target\":[\"https:\/\/jiushidao.com\/product\/star-anise-pear-paste\/\"]}]},{\"@type\":\"ImageObject\",\"inLanguage\":\"es\",\"@id\":\"https:\/\/jiushidao.com\/product\/star-anise-pear-paste\/#primaryimage\",\"url\":\"https:\/\/jiushidao.com\/wp-content\/uploads\/2025\/10\/\u56fe\u724718-1.png\",\"contentUrl\":\"https:\/\/jiushidao.com\/wp-content\/uploads\/2025\/10\/\u56fe\u724718-1.png\",\"width\":800,\"height\":1323},{\"@type\":\"BreadcrumbList\",\"@id\":\"https:\/\/jiushidao.com\/product\/star-anise-pear-paste\/#breadcrumb\",\"itemListElement\":[{\"@type\":\"ListItem\",\"position\":1,\"name\":\"Home\",\"item\":\"https:\/\/jiushidao.com\/\"},{\"@type\":\"ListItem\",\"position\":2,\"name\":\"Store\",\"item\":\"https:\/\/jiushidao.com\/store\/\"},{\"@type\":\"ListItem\",\"position\":3,\"name\":\"Star Anise &#038; Pear Paste\u200b\"}]},{\"@type\":\"WebSite\",\"@id\":\"https:\/\/jiushidao.com\/#website\",\"url\":\"https:\/\/jiushidao.com\/\",\"name\":\"Jiushidao - Global Food Marketplace for Business Growth and Cosumers\",\"description\":\"Jiushidao - Global Food Marketplace for Business Growth and Cosumers\",\"potentialAction\":[{\"@type\":\"SearchAction\",\"target\":{\"@type\":\"EntryPoint\",\"urlTemplate\":\"https:\/\/jiushidao.com\/?s={search_term_string}\"},\"query-input\":{\"@type\":\"PropertyValueSpecification\",\"valueRequired\":true,\"valueName\":\"search_term_string\"}}],\"inLanguage\":\"es\"}]}<\/script>\n<!-- \/ Yoast SEO Premium plugin. -->","yoast_head_json":{"title":"Star Anise & Pear Paste\u200b - Jiushidao - Global Food Marketplace for Business Growth and Cosumers","robots":{"index":"index","follow":"follow","max-snippet":"max-snippet:-1","max-image-preview":"max-image-preview:large","max-video-preview":"max-video-preview:-1"},"canonical":"https:\/\/jiushidao.com\/es\/producto\/star-anise-pear-paste\/","og_locale":"es_ES","og_type":"article","og_title":"Star Anise & Pear Paste\u200b","og_description":"Experience the pure essence of Xinjiang\u2019s heritage pears with\u00a0Bajiao Traditional Pear Paste, crafted from ancient pear varieties grown in the oasis on the western edge of [\u2026]","og_url":"https:\/\/jiushidao.com\/es\/producto\/star-anise-pear-paste\/","og_site_name":"Jiushidao - Global Food Marketplace for Business Growth and Cosumers","article_modified_time":"2025-12-23T21:54:32+00:00","og_image":[{"width":800,"height":1323,"url":"https:\/\/jiushidao.com\/wp-content\/uploads\/2025\/10\/\u56fe\u724718-1.png","type":"image\/png"}],"twitter_card":"summary_large_image","twitter_misc":{"Tiempo de lectura":"2 minutos"},"schema":{"@context":"https:\/\/schema.org","@graph":[{"@type":"WebPage","@id":"https:\/\/jiushidao.com\/product\/star-anise-pear-paste\/","url":"https:\/\/jiushidao.com\/product\/star-anise-pear-paste\/","name":"Star Anise & Pear Paste\u200b - Jiushidao - Global Food Marketplace for Business Growth and Cosumers","isPartOf":{"@id":"https:\/\/jiushidao.com\/#website"},"primaryImageOfPage":{"@id":"https:\/\/jiushidao.com\/product\/star-anise-pear-paste\/#primaryimage"},"image":{"@id":"https:\/\/jiushidao.com\/product\/star-anise-pear-paste\/#primaryimage"},"thumbnailUrl":"https:\/\/jiushidao.com\/wp-content\/uploads\/2025\/10\/\u56fe\u724718-1.png","datePublished":"2025-10-31T10:16:52+00:00","dateModified":"2025-12-23T21:54:32+00:00","breadcrumb":{"@id":"https:\/\/jiushidao.com\/product\/star-anise-pear-paste\/#breadcrumb"},"inLanguage":"es","potentialAction":[{"@type":"ReadAction","target":["https:\/\/jiushidao.com\/product\/star-anise-pear-paste\/"]}]},{"@type":"ImageObject","inLanguage":"es","@id":"https:\/\/jiushidao.com\/product\/star-anise-pear-paste\/#primaryimage","url":"https:\/\/jiushidao.com\/wp-content\/uploads\/2025\/10\/\u56fe\u724718-1.png","contentUrl":"https:\/\/jiushidao.com\/wp-content\/uploads\/2025\/10\/\u56fe\u724718-1.png","width":800,"height":1323},{"@type":"BreadcrumbList","@id":"https:\/\/jiushidao.com\/product\/star-anise-pear-paste\/#breadcrumb","itemListElement":[{"@type":"ListItem","position":1,"name":"Home","item":"https:\/\/jiushidao.com\/"},{"@type":"ListItem","position":2,"name":"Store","item":"https:\/\/jiushidao.com\/store\/"},{"@type":"ListItem","position":3,"name":"Star Anise &#038; Pear Paste\u200b"}]},{"@type":"WebSite","@id":"https:\/\/jiushidao.com\/#website","url":"https:\/\/jiushidao.com\/","name":"Jiushidao - Global Food Marketplace for Business Growth and Cosumers","description":"Jiushidao - Global Food Marketplace for Business Growth and Cosumers","potentialAction":[{"@type":"SearchAction","target":{"@type":"EntryPoint","urlTemplate":"https:\/\/jiushidao.com\/?s={search_term_string}"},"query-input":{"@type":"PropertyValueSpecification","valueRequired":true,"valueName":"search_term_string"}}],"inLanguage":"es"}]}},"_links":{"self":[{"href":"https:\/\/jiushidao.com\/es\/wp-json\/wp\/v2\/product\/956","targetHints":{"allow":["GET"]}}],"collection":[{"href":"https:\/\/jiushidao.com\/es\/wp-json\/wp\/v2\/product"}],"about":[{"href":"https:\/\/jiushidao.com\/es\/wp-json\/wp\/v2\/types\/product"}],"replies":[{"embeddable":true,"href":"https:\/\/jiushidao.com\/es\/wp-json\/wp\/v2\/comments?post=956"}],"version-history":[{"count":1,"href":"https:\/\/jiushidao.com\/es\/wp-json\/wp\/v2\/product\/956\/revisions"}],"predecessor-version":[{"id":958,"href":"https:\/\/jiushidao.com\/es\/wp-json\/wp\/v2\/product\/956\/revisions\/958"}],"wp:featuredmedia":[{"embeddable":true,"href":"https:\/\/jiushidao.com\/es\/wp-json\/wp\/v2\/media\/957"}],"wp:attachment":[{"href":"https:\/\/jiushidao.com\/es\/wp-json\/wp\/v2\/media?parent=956"}],"wp:term":[{"taxonomy":"product_brand","embeddable":true,"href":"https:\/\/jiushidao.com\/es\/wp-json\/wp\/v2\/product_brand?post=956"},{"taxonomy":"product_cat","embeddable":true,"href":"https:\/\/jiushidao.com\/es\/wp-json\/wp\/v2\/product_cat?post=956"},{"taxonomy":"product_tag","embeddable":true,"href":"https:\/\/jiushidao.com\/es\/wp-json\/wp\/v2\/product_tag?post=956"}],"curies":[{"name":"wp","href":"https:\/\/api.w.org\/{rel}","templated":true}]}}