{"id":953,"date":"2025-10-31T10:12:10","date_gmt":"2025-10-31T10:12:10","guid":{"rendered":"https:\/\/jiushidao.com\/?post_type=product&#038;p=953"},"modified":"2025-12-23T21:54:55","modified_gmt":"2025-12-23T21:54:55","slug":"chinese-date-goji-berry-paste","status":"publish","type":"product","link":"https:\/\/jiushidao.com\/es\/producto\/chinese-date-goji-berry-paste\/","title":{"rendered":"Pasta de d\u00e1tiles chinos y bayas de goji"},"content":{"rendered":"<section class=\"ybc-p\">Descubra la esencia del bienestar herbal tradicional con\u00a0<strong>Pasta Qizao<\/strong>Una mezcla meticulosamente elaborada con ingredientes de primera calidad procedentes de las regiones m\u00e1s f\u00e9rtiles de Xinjiang. Elaborado con d\u00e1tiles rojos y azufaifo silvestre del condado de Shufu, regaliz del condado de Shule y bayas de goji de Jinghe, este concentrado se elabora lentamente mediante un proceso de vac\u00edo a baja temperatura (60 \u00b0C durante 10 horas) para preservar los nutrientes y los sabores naturales.<\/section>\n<section class=\"ybc-p\">Mediante una avanzada concentraci\u00f3n a presi\u00f3n negativa y una filtraci\u00f3n fina (tamiz de malla 300), eliminamos las impurezas conservando la esencia pura y potente de los ingredientes.\u00a0<strong>Sin aditivos<\/strong>Sin conservantes, espesantes, saborizantes ni colorantes, esta pasta ofrece una f\u00f3rmula limpia y rica con ingredientes naturales. Envasada en frascos de vidrio \u00e1mbar resistentes al ox\u00edgeno y que bloquean la luz, la Pasta Qizao ofrece los aut\u00e9nticos beneficios herbales en cada cucharada.<\/section>\n<hr \/>\n<h3><strong>Caracter\u00edsticas principales<\/strong><\/h3>\n<ul class=\"ybc-ul-component\">\n<li class=\"ybc-li-component ybc-li-component_ul\">\n<section class=\"ybc-p\">\u00a0<strong>Abastecimiento premium<\/strong>: D\u00e1tiles rojos (Shufu), azufaifa (Shufu), regaliz (Shule), bayas de goji (Jinghe)<\/section>\n<\/li>\n<li class=\"ybc-li-component ybc-li-component_ul\">\n<section class=\"ybc-p\">\u00a0<strong>Elaboraci\u00f3n de caf\u00e9 al vac\u00edo a baja temperatura<\/strong>:Cocci\u00f3n lenta a 60 \u00b0C durante 10 horas para maximizar la retenci\u00f3n de nutrientes.<\/section>\n<\/li>\n<li class=\"ybc-li-component ybc-li-component_ul\">\n<section class=\"ybc-p\">\u00a0<strong>Cero aditivos<\/strong>: Libre de conservantes, espesantes, saborizantes y colorantes artificiales.<\/section>\n<\/li>\n<li class=\"ybc-li-component ybc-li-component_ul\">\n<section class=\"ybc-p\">\u00a0<strong>F\u00f3rmula concentrada<\/strong>:7 kg de bayas de goji + 2 kg de d\u00e1tiles rojos + 1 kg de regaliz = 1 kg de pasta<\/section>\n<\/li>\n<li class=\"ybc-li-component ybc-li-component_ul\">\n<section class=\"ybc-p\">\u00a0<strong>Embalaje protector<\/strong>:El frasco de vidrio \u00e1mbar bloquea la luz y el ox\u00edgeno para mantener la frescura.<\/section>\n<\/li>\n<\/ul>","protected":false},"excerpt":{"rendered":"<p>Descubra la esencia del bienestar herbal tradicional con la Pasta Qizao, una mezcla meticulosamente elaborada con ingredientes de primera calidad procedentes de las regiones m\u00e1s f\u00e9rtiles de Xinjiang. Elaborada con d\u00e1tiles rojos.<span class=\"excerpt-hellip\"> [\u2026]<\/span><\/p>","protected":false},"featured_media":954,"comment_status":"open","ping_status":"closed","template":"","meta":[],"product_brand":[64],"product_cat":[63],"product_tag":[],"class_list":{"0":"post-953","1":"product","2":"type-product","3":"status-publish","4":"has-post-thumbnail","6":"product_brand-64","7":"product_cat-jiang_guo_cui","9":"first","10":"instock","11":"shipping-taxable","12":"product-type-external"},"yoast_head":"<!-- This site is optimized with the Yoast SEO Premium plugin v25.8 (Yoast SEO v25.8) - https:\/\/yoast.com\/wordpress\/plugins\/seo\/ -->\n<title>Chinese Date &amp; Goji Berry Paste\u200b - Jiushidao - Global Food Marketplace for Business Growth and Cosumers<\/title>\n<meta name=\"robots\" content=\"index, follow, max-snippet:-1, max-image-preview:large, max-video-preview:-1\" \/>\n<link rel=\"canonical\" href=\"https:\/\/jiushidao.com\/es\/producto\/chinese-date-goji-berry-paste\/\" \/>\n<meta property=\"og:locale\" content=\"es_ES\" \/>\n<meta property=\"og:type\" content=\"article\" \/>\n<meta property=\"og:title\" content=\"Chinese Date &amp; Goji Berry Paste\u200b\" \/>\n<meta property=\"og:description\" content=\"Discover the essence of traditional herbal wellness with\u00a0Qizao Paste, a meticulously crafted blend of premium ingredients sourced from Xinjiang\u2019s most fertile regions. Made with red dates [\u2026]\" \/>\n<meta property=\"og:url\" content=\"https:\/\/jiushidao.com\/es\/producto\/chinese-date-goji-berry-paste\/\" \/>\n<meta property=\"og:site_name\" content=\"Jiushidao - Global Food Marketplace for Business Growth and Cosumers\" \/>\n<meta property=\"article:modified_time\" content=\"2025-12-23T21:54:55+00:00\" \/>\n<meta property=\"og:image\" content=\"https:\/\/jiushidao.com\/wp-content\/uploads\/2025\/10\/\u56fe\u724717-1.png\" \/>\n\t<meta property=\"og:image:width\" content=\"84\" \/>\n\t<meta property=\"og:image:height\" content=\"83\" \/>\n\t<meta property=\"og:image:type\" content=\"image\/png\" \/>\n<meta name=\"twitter:card\" content=\"summary_large_image\" \/>\n<meta name=\"twitter:label1\" content=\"Tiempo de lectura\" \/>\n\t<meta name=\"twitter:data1\" content=\"1 minuto\" \/>\n<script type=\"application\/ld+json\" class=\"yoast-schema-graph\">{\"@context\":\"https:\/\/schema.org\",\"@graph\":[{\"@type\":\"WebPage\",\"@id\":\"https:\/\/jiushidao.com\/product\/chinese-date-goji-berry-paste\/\",\"url\":\"https:\/\/jiushidao.com\/product\/chinese-date-goji-berry-paste\/\",\"name\":\"Chinese Date & Goji Berry Paste\u200b - Jiushidao - Global Food Marketplace for Business Growth and Cosumers\",\"isPartOf\":{\"@id\":\"https:\/\/jiushidao.com\/#website\"},\"primaryImageOfPage\":{\"@id\":\"https:\/\/jiushidao.com\/product\/chinese-date-goji-berry-paste\/#primaryimage\"},\"image\":{\"@id\":\"https:\/\/jiushidao.com\/product\/chinese-date-goji-berry-paste\/#primaryimage\"},\"thumbnailUrl\":\"https:\/\/jiushidao.com\/wp-content\/uploads\/2025\/10\/\u56fe\u724717-1.png\",\"datePublished\":\"2025-10-31T10:12:10+00:00\",\"dateModified\":\"2025-12-23T21:54:55+00:00\",\"breadcrumb\":{\"@id\":\"https:\/\/jiushidao.com\/product\/chinese-date-goji-berry-paste\/#breadcrumb\"},\"inLanguage\":\"es\",\"potentialAction\":[{\"@type\":\"ReadAction\",\"target\":[\"https:\/\/jiushidao.com\/product\/chinese-date-goji-berry-paste\/\"]}]},{\"@type\":\"ImageObject\",\"inLanguage\":\"es\",\"@id\":\"https:\/\/jiushidao.com\/product\/chinese-date-goji-berry-paste\/#primaryimage\",\"url\":\"https:\/\/jiushidao.com\/wp-content\/uploads\/2025\/10\/\u56fe\u724717-1.png\",\"contentUrl\":\"https:\/\/jiushidao.com\/wp-content\/uploads\/2025\/10\/\u56fe\u724717-1.png\",\"width\":84,\"height\":83},{\"@type\":\"BreadcrumbList\",\"@id\":\"https:\/\/jiushidao.com\/product\/chinese-date-goji-berry-paste\/#breadcrumb\",\"itemListElement\":[{\"@type\":\"ListItem\",\"position\":1,\"name\":\"Home\",\"item\":\"https:\/\/jiushidao.com\/\"},{\"@type\":\"ListItem\",\"position\":2,\"name\":\"Store\",\"item\":\"https:\/\/jiushidao.com\/store\/\"},{\"@type\":\"ListItem\",\"position\":3,\"name\":\"Chinese Date &#038; Goji Berry Paste\u200b\"}]},{\"@type\":\"WebSite\",\"@id\":\"https:\/\/jiushidao.com\/#website\",\"url\":\"https:\/\/jiushidao.com\/\",\"name\":\"Jiushidao - Global Food Marketplace for Business Growth and Cosumers\",\"description\":\"Jiushidao - Global Food Marketplace for Business Growth and Cosumers\",\"potentialAction\":[{\"@type\":\"SearchAction\",\"target\":{\"@type\":\"EntryPoint\",\"urlTemplate\":\"https:\/\/jiushidao.com\/?s={search_term_string}\"},\"query-input\":{\"@type\":\"PropertyValueSpecification\",\"valueRequired\":true,\"valueName\":\"search_term_string\"}}],\"inLanguage\":\"es\"}]}<\/script>\n<!-- \/ Yoast SEO Premium plugin. -->","yoast_head_json":{"title":"Chinese Date & Goji Berry Paste\u200b - Jiushidao - Global Food Marketplace for Business Growth and Cosumers","robots":{"index":"index","follow":"follow","max-snippet":"max-snippet:-1","max-image-preview":"max-image-preview:large","max-video-preview":"max-video-preview:-1"},"canonical":"https:\/\/jiushidao.com\/es\/producto\/chinese-date-goji-berry-paste\/","og_locale":"es_ES","og_type":"article","og_title":"Chinese Date & Goji Berry Paste\u200b","og_description":"Discover the essence of traditional herbal wellness with\u00a0Qizao Paste, a meticulously crafted blend of premium ingredients sourced from Xinjiang\u2019s most fertile regions. Made with red dates [\u2026]","og_url":"https:\/\/jiushidao.com\/es\/producto\/chinese-date-goji-berry-paste\/","og_site_name":"Jiushidao - Global Food Marketplace for Business Growth and Cosumers","article_modified_time":"2025-12-23T21:54:55+00:00","og_image":[{"width":84,"height":83,"url":"https:\/\/jiushidao.com\/wp-content\/uploads\/2025\/10\/\u56fe\u724717-1.png","type":"image\/png"}],"twitter_card":"summary_large_image","twitter_misc":{"Tiempo de lectura":"1 minuto"},"schema":{"@context":"https:\/\/schema.org","@graph":[{"@type":"WebPage","@id":"https:\/\/jiushidao.com\/product\/chinese-date-goji-berry-paste\/","url":"https:\/\/jiushidao.com\/product\/chinese-date-goji-berry-paste\/","name":"Chinese Date & Goji Berry Paste\u200b - Jiushidao - Global Food Marketplace for Business Growth and Cosumers","isPartOf":{"@id":"https:\/\/jiushidao.com\/#website"},"primaryImageOfPage":{"@id":"https:\/\/jiushidao.com\/product\/chinese-date-goji-berry-paste\/#primaryimage"},"image":{"@id":"https:\/\/jiushidao.com\/product\/chinese-date-goji-berry-paste\/#primaryimage"},"thumbnailUrl":"https:\/\/jiushidao.com\/wp-content\/uploads\/2025\/10\/\u56fe\u724717-1.png","datePublished":"2025-10-31T10:12:10+00:00","dateModified":"2025-12-23T21:54:55+00:00","breadcrumb":{"@id":"https:\/\/jiushidao.com\/product\/chinese-date-goji-berry-paste\/#breadcrumb"},"inLanguage":"es","potentialAction":[{"@type":"ReadAction","target":["https:\/\/jiushidao.com\/product\/chinese-date-goji-berry-paste\/"]}]},{"@type":"ImageObject","inLanguage":"es","@id":"https:\/\/jiushidao.com\/product\/chinese-date-goji-berry-paste\/#primaryimage","url":"https:\/\/jiushidao.com\/wp-content\/uploads\/2025\/10\/\u56fe\u724717-1.png","contentUrl":"https:\/\/jiushidao.com\/wp-content\/uploads\/2025\/10\/\u56fe\u724717-1.png","width":84,"height":83},{"@type":"BreadcrumbList","@id":"https:\/\/jiushidao.com\/product\/chinese-date-goji-berry-paste\/#breadcrumb","itemListElement":[{"@type":"ListItem","position":1,"name":"Home","item":"https:\/\/jiushidao.com\/"},{"@type":"ListItem","position":2,"name":"Store","item":"https:\/\/jiushidao.com\/store\/"},{"@type":"ListItem","position":3,"name":"Chinese Date &#038; Goji Berry Paste\u200b"}]},{"@type":"WebSite","@id":"https:\/\/jiushidao.com\/#website","url":"https:\/\/jiushidao.com\/","name":"Jiushidao - Global Food Marketplace for Business Growth and Cosumers","description":"Jiushidao - Global Food Marketplace for Business Growth and Cosumers","potentialAction":[{"@type":"SearchAction","target":{"@type":"EntryPoint","urlTemplate":"https:\/\/jiushidao.com\/?s={search_term_string}"},"query-input":{"@type":"PropertyValueSpecification","valueRequired":true,"valueName":"search_term_string"}}],"inLanguage":"es"}]}},"_links":{"self":[{"href":"https:\/\/jiushidao.com\/es\/wp-json\/wp\/v2\/product\/953","targetHints":{"allow":["GET"]}}],"collection":[{"href":"https:\/\/jiushidao.com\/es\/wp-json\/wp\/v2\/product"}],"about":[{"href":"https:\/\/jiushidao.com\/es\/wp-json\/wp\/v2\/types\/product"}],"replies":[{"embeddable":true,"href":"https:\/\/jiushidao.com\/es\/wp-json\/wp\/v2\/comments?post=953"}],"version-history":[{"count":1,"href":"https:\/\/jiushidao.com\/es\/wp-json\/wp\/v2\/product\/953\/revisions"}],"predecessor-version":[{"id":955,"href":"https:\/\/jiushidao.com\/es\/wp-json\/wp\/v2\/product\/953\/revisions\/955"}],"wp:featuredmedia":[{"embeddable":true,"href":"https:\/\/jiushidao.com\/es\/wp-json\/wp\/v2\/media\/954"}],"wp:attachment":[{"href":"https:\/\/jiushidao.com\/es\/wp-json\/wp\/v2\/media?parent=953"}],"wp:term":[{"taxonomy":"product_brand","embeddable":true,"href":"https:\/\/jiushidao.com\/es\/wp-json\/wp\/v2\/product_brand?post=953"},{"taxonomy":"product_cat","embeddable":true,"href":"https:\/\/jiushidao.com\/es\/wp-json\/wp\/v2\/product_cat?post=953"},{"taxonomy":"product_tag","embeddable":true,"href":"https:\/\/jiushidao.com\/es\/wp-json\/wp\/v2\/product_tag?post=953"}],"curies":[{"name":"wp","href":"https:\/\/api.w.org\/{rel}","templated":true}]}}