{"id":942,"date":"2025-10-31T08:09:35","date_gmt":"2025-10-31T08:09:35","guid":{"rendered":"https:\/\/jiushidao.com\/?post_type=product&#038;p=942"},"modified":"2025-12-23T22:19:41","modified_gmt":"2025-12-23T22:19:41","slug":"xinjiang-fruit-extract-desert-red-goji-berry-whole-fruit-puree","status":"publish","type":"product","link":"https:\/\/jiushidao.com\/es\/producto\/xinjiang-fruit-extract-desert-red-goji-berry-whole-fruit-puree\/","title":{"rendered":"Pur\u00e9 de fruta entera de bayas de goji rojas del desierto de Xinjiang"},"content":{"rendered":"<section class=\"ybc-p\">Descubre el aut\u00e9ntico sabor y los beneficios para el bienestar de las mejores bayas de goji de Xinjiang con\u00a0<strong>Pur\u00e9 de fruta entera de bayas de Goji rojas del desierto de Jiangguocui<\/strong>Procedentes del soleado oasis entre el desierto de Taklamak\u00e1n y las monta\u00f1as Kunlun Occidentales en Kashgar, nuestras bayas de goji se cultivan en suelos ricos en minerales, con agua pura, abundante sol y marcadas variaciones de temperatura entre el d\u00eda y la noche. Estas condiciones ideales dan como resultado bayas con un sabor excepcionalmente rico: naturalmente dulces con un sutil y agradable amargor y una ligera astringencia.<\/section>\n<section class=\"ybc-p\">Utilizando tecnolog\u00eda de prensado en fr\u00edo no concentrada, procesamos suavemente las bayas dentro de\u00a0<strong>24 horas de cosecha<\/strong>para preservar su perfil nutricional completo y su sabor aut\u00e9ntico. El resultado es un pur\u00e9 suave y de textura rica que es\u00a0<strong>100% bayas de goji puras<\/strong>Sin aditivos: sin agua, az\u00facar ni conservantes a\u00f1adidos. Envasado en bolsas de aluminio opacas a la luz y bajo protecci\u00f3n de gas inerte, este pur\u00e9 mantiene una frescura, integridad nutricional y estabilidad \u00f3ptimas desde la cosecha hasta su hogar.<\/section>\n<hr \/>\n<h3><strong>Caracter\u00edsticas principales<\/strong><\/h3>\n<ul class=\"ybc-ul-component\">\n<li class=\"ybc-li-component ybc-li-component_ul\">\n<section class=\"ybc-p\">\u00a0<strong>Bayas puras de Goji de Xinjiang:<\/strong>Cultivado en el entorno de oasis des\u00e9rtico rico en nutrientes de Kashgar<\/section>\n<\/li>\n<li class=\"ybc-li-component ybc-li-component_ul\">\n<section class=\"ybc-p\">\u00a0<strong>Prensado en fr\u00edo en 24 horas:<\/strong>Conserva la frescura, el sabor y los nutrientes activos.<\/section>\n<\/li>\n<li class=\"ybc-li-component ybc-li-component_ul\">\n<section class=\"ybc-p\">\u00a0<strong>Embalaje avanzado opaco:<\/strong>Bolsa con revestimiento de aluminio y escudo de gas inerte: resistente al ox\u00edgeno, a prueba de ca\u00eddas y con retenci\u00f3n de nutrientes.<\/section>\n<\/li>\n<li class=\"ybc-li-component ybc-li-component_ul\">\n<section class=\"ybc-p\">\u00a0<strong>Ingredientes limpios 100%:<\/strong>Pur\u00e9 de bayas de goji enteras \u00fanicamente, sin aditivos ni concentrados.<\/section>\n<\/li>\n<li class=\"ybc-li-component ybc-li-component_ul\">\n<section class=\"ybc-p\">\u00a0<strong>Pur\u00e9 de fruta entera:<\/strong>Conserva la piel, la pulpa y las semillas para una nutrici\u00f3n m\u00e1xima.<\/section>\n<\/li>\n<\/ul>","protected":false},"excerpt":{"rendered":"<p>Descubre el aut\u00e9ntico sabor y los beneficios para la salud de las mejores bayas de goji de Xinjiang con el pur\u00e9 de fruta entera de bayas de goji rojo del desierto de Jiangguocui. Procedentes del oasis ba\u00f1ado por el sol entre<span class=\"excerpt-hellip\"> [\u2026]<\/span><\/p>","protected":false},"featured_media":944,"comment_status":"open","ping_status":"closed","template":"","meta":[],"product_brand":[64],"product_cat":[61],"product_tag":[],"class_list":{"0":"post-942","1":"product","2":"type-product","3":"status-publish","4":"has-post-thumbnail","6":"product_brand-64","7":"product_cat-da_jiang_you_li","9":"first","10":"instock","11":"shipping-taxable","12":"product-type-external"},"yoast_head":"<!-- This site is optimized with the Yoast SEO Premium plugin v25.8 (Yoast SEO v25.8) - https:\/\/yoast.com\/wordpress\/plugins\/seo\/ -->\n<title>Xinjiang Fruit Extract Desert Red Goji Berry Whole Fruit Puree\u200b - Jiushidao - Global Food Marketplace for Business Growth and Cosumers<\/title>\n<meta name=\"robots\" content=\"index, follow, max-snippet:-1, max-image-preview:large, max-video-preview:-1\" \/>\n<link rel=\"canonical\" href=\"https:\/\/jiushidao.com\/es\/producto\/xinjiang-fruit-extract-desert-red-goji-berry-whole-fruit-puree\/\" \/>\n<meta property=\"og:locale\" content=\"es_ES\" \/>\n<meta property=\"og:type\" content=\"article\" \/>\n<meta property=\"og:title\" content=\"Xinjiang Fruit Extract Desert Red Goji Berry Whole Fruit Puree\u200b\" \/>\n<meta property=\"og:description\" content=\"Discover the authentic taste and wellness benefits of Xinjiang\u2019s finest goji berries with\u00a0Jiangguocui Desert Red Goji Berry Whole Fruit Puree. Sourced from the sun-drenched oasis between [\u2026]\" \/>\n<meta property=\"og:url\" content=\"https:\/\/jiushidao.com\/es\/producto\/xinjiang-fruit-extract-desert-red-goji-berry-whole-fruit-puree\/\" \/>\n<meta property=\"og:site_name\" content=\"Jiushidao - Global Food Marketplace for Business Growth and Cosumers\" \/>\n<meta property=\"article:modified_time\" content=\"2025-12-23T22:19:41+00:00\" \/>\n<meta property=\"og:image\" content=\"https:\/\/jiushidao.com\/wp-content\/uploads\/2025\/10\/\u56fe\u724711-2-1200x800.png\" \/>\n\t<meta property=\"og:image:width\" content=\"1200\" \/>\n\t<meta property=\"og:image:height\" content=\"800\" \/>\n\t<meta property=\"og:image:type\" content=\"image\/png\" \/>\n<meta name=\"twitter:card\" content=\"summary_large_image\" \/>\n<meta name=\"twitter:label1\" content=\"Tiempo de lectura\" \/>\n\t<meta name=\"twitter:data1\" content=\"2 minutos\" \/>\n<script type=\"application\/ld+json\" class=\"yoast-schema-graph\">{\"@context\":\"https:\/\/schema.org\",\"@graph\":[{\"@type\":\"WebPage\",\"@id\":\"https:\/\/jiushidao.com\/product\/xinjiang-fruit-extract-desert-red-goji-berry-whole-fruit-puree\/\",\"url\":\"https:\/\/jiushidao.com\/product\/xinjiang-fruit-extract-desert-red-goji-berry-whole-fruit-puree\/\",\"name\":\"Xinjiang Fruit Extract Desert Red Goji Berry Whole Fruit Puree\u200b - Jiushidao - Global Food Marketplace for Business Growth and Cosumers\",\"isPartOf\":{\"@id\":\"https:\/\/jiushidao.com\/#website\"},\"primaryImageOfPage\":{\"@id\":\"https:\/\/jiushidao.com\/product\/xinjiang-fruit-extract-desert-red-goji-berry-whole-fruit-puree\/#primaryimage\"},\"image\":{\"@id\":\"https:\/\/jiushidao.com\/product\/xinjiang-fruit-extract-desert-red-goji-berry-whole-fruit-puree\/#primaryimage\"},\"thumbnailUrl\":\"https:\/\/jiushidao.com\/wp-content\/uploads\/2025\/10\/\u56fe\u724711-2.png\",\"datePublished\":\"2025-10-31T08:09:35+00:00\",\"dateModified\":\"2025-12-23T22:19:41+00:00\",\"breadcrumb\":{\"@id\":\"https:\/\/jiushidao.com\/product\/xinjiang-fruit-extract-desert-red-goji-berry-whole-fruit-puree\/#breadcrumb\"},\"inLanguage\":\"es\",\"potentialAction\":[{\"@type\":\"ReadAction\",\"target\":[\"https:\/\/jiushidao.com\/product\/xinjiang-fruit-extract-desert-red-goji-berry-whole-fruit-puree\/\"]}]},{\"@type\":\"ImageObject\",\"inLanguage\":\"es\",\"@id\":\"https:\/\/jiushidao.com\/product\/xinjiang-fruit-extract-desert-red-goji-berry-whole-fruit-puree\/#primaryimage\",\"url\":\"https:\/\/jiushidao.com\/wp-content\/uploads\/2025\/10\/\u56fe\u724711-2.png\",\"contentUrl\":\"https:\/\/jiushidao.com\/wp-content\/uploads\/2025\/10\/\u56fe\u724711-2.png\",\"width\":2493,\"height\":1661},{\"@type\":\"BreadcrumbList\",\"@id\":\"https:\/\/jiushidao.com\/product\/xinjiang-fruit-extract-desert-red-goji-berry-whole-fruit-puree\/#breadcrumb\",\"itemListElement\":[{\"@type\":\"ListItem\",\"position\":1,\"name\":\"Home\",\"item\":\"https:\/\/jiushidao.com\/\"},{\"@type\":\"ListItem\",\"position\":2,\"name\":\"Store\",\"item\":\"https:\/\/jiushidao.com\/store\/\"},{\"@type\":\"ListItem\",\"position\":3,\"name\":\"Xinjiang Fruit Extract Desert Red Goji Berry Whole Fruit Puree\u200b\"}]},{\"@type\":\"WebSite\",\"@id\":\"https:\/\/jiushidao.com\/#website\",\"url\":\"https:\/\/jiushidao.com\/\",\"name\":\"Jiushidao - Global Food Marketplace for Business Growth and Cosumers\",\"description\":\"Jiushidao - Global Food Marketplace for Business Growth and Cosumers\",\"potentialAction\":[{\"@type\":\"SearchAction\",\"target\":{\"@type\":\"EntryPoint\",\"urlTemplate\":\"https:\/\/jiushidao.com\/?s={search_term_string}\"},\"query-input\":{\"@type\":\"PropertyValueSpecification\",\"valueRequired\":true,\"valueName\":\"search_term_string\"}}],\"inLanguage\":\"es\"}]}<\/script>\n<!-- \/ Yoast SEO Premium plugin. -->","yoast_head_json":{"title":"Xinjiang Fruit Extract Desert Red Goji Berry Whole Fruit Puree\u200b - Jiushidao - Global Food Marketplace for Business Growth and Cosumers","robots":{"index":"index","follow":"follow","max-snippet":"max-snippet:-1","max-image-preview":"max-image-preview:large","max-video-preview":"max-video-preview:-1"},"canonical":"https:\/\/jiushidao.com\/es\/producto\/xinjiang-fruit-extract-desert-red-goji-berry-whole-fruit-puree\/","og_locale":"es_ES","og_type":"article","og_title":"Xinjiang Fruit Extract Desert Red Goji Berry Whole Fruit Puree\u200b","og_description":"Discover the authentic taste and wellness benefits of Xinjiang\u2019s finest goji berries with\u00a0Jiangguocui Desert Red Goji Berry Whole Fruit Puree. Sourced from the sun-drenched oasis between [\u2026]","og_url":"https:\/\/jiushidao.com\/es\/producto\/xinjiang-fruit-extract-desert-red-goji-berry-whole-fruit-puree\/","og_site_name":"Jiushidao - Global Food Marketplace for Business Growth and Cosumers","article_modified_time":"2025-12-23T22:19:41+00:00","og_image":[{"width":1200,"height":800,"url":"https:\/\/jiushidao.com\/wp-content\/uploads\/2025\/10\/\u56fe\u724711-2-1200x800.png","type":"image\/png"}],"twitter_card":"summary_large_image","twitter_misc":{"Tiempo de lectura":"2 minutos"},"schema":{"@context":"https:\/\/schema.org","@graph":[{"@type":"WebPage","@id":"https:\/\/jiushidao.com\/product\/xinjiang-fruit-extract-desert-red-goji-berry-whole-fruit-puree\/","url":"https:\/\/jiushidao.com\/product\/xinjiang-fruit-extract-desert-red-goji-berry-whole-fruit-puree\/","name":"Xinjiang Fruit Extract Desert Red Goji Berry Whole Fruit Puree\u200b - Jiushidao - Global Food Marketplace for Business Growth and Cosumers","isPartOf":{"@id":"https:\/\/jiushidao.com\/#website"},"primaryImageOfPage":{"@id":"https:\/\/jiushidao.com\/product\/xinjiang-fruit-extract-desert-red-goji-berry-whole-fruit-puree\/#primaryimage"},"image":{"@id":"https:\/\/jiushidao.com\/product\/xinjiang-fruit-extract-desert-red-goji-berry-whole-fruit-puree\/#primaryimage"},"thumbnailUrl":"https:\/\/jiushidao.com\/wp-content\/uploads\/2025\/10\/\u56fe\u724711-2.png","datePublished":"2025-10-31T08:09:35+00:00","dateModified":"2025-12-23T22:19:41+00:00","breadcrumb":{"@id":"https:\/\/jiushidao.com\/product\/xinjiang-fruit-extract-desert-red-goji-berry-whole-fruit-puree\/#breadcrumb"},"inLanguage":"es","potentialAction":[{"@type":"ReadAction","target":["https:\/\/jiushidao.com\/product\/xinjiang-fruit-extract-desert-red-goji-berry-whole-fruit-puree\/"]}]},{"@type":"ImageObject","inLanguage":"es","@id":"https:\/\/jiushidao.com\/product\/xinjiang-fruit-extract-desert-red-goji-berry-whole-fruit-puree\/#primaryimage","url":"https:\/\/jiushidao.com\/wp-content\/uploads\/2025\/10\/\u56fe\u724711-2.png","contentUrl":"https:\/\/jiushidao.com\/wp-content\/uploads\/2025\/10\/\u56fe\u724711-2.png","width":2493,"height":1661},{"@type":"BreadcrumbList","@id":"https:\/\/jiushidao.com\/product\/xinjiang-fruit-extract-desert-red-goji-berry-whole-fruit-puree\/#breadcrumb","itemListElement":[{"@type":"ListItem","position":1,"name":"Home","item":"https:\/\/jiushidao.com\/"},{"@type":"ListItem","position":2,"name":"Store","item":"https:\/\/jiushidao.com\/store\/"},{"@type":"ListItem","position":3,"name":"Xinjiang Fruit Extract Desert Red Goji Berry Whole Fruit Puree\u200b"}]},{"@type":"WebSite","@id":"https:\/\/jiushidao.com\/#website","url":"https:\/\/jiushidao.com\/","name":"Jiushidao - Global Food Marketplace for Business Growth and Cosumers","description":"Jiushidao - Global Food Marketplace for Business Growth and Cosumers","potentialAction":[{"@type":"SearchAction","target":{"@type":"EntryPoint","urlTemplate":"https:\/\/jiushidao.com\/?s={search_term_string}"},"query-input":{"@type":"PropertyValueSpecification","valueRequired":true,"valueName":"search_term_string"}}],"inLanguage":"es"}]}},"_links":{"self":[{"href":"https:\/\/jiushidao.com\/es\/wp-json\/wp\/v2\/product\/942","targetHints":{"allow":["GET"]}}],"collection":[{"href":"https:\/\/jiushidao.com\/es\/wp-json\/wp\/v2\/product"}],"about":[{"href":"https:\/\/jiushidao.com\/es\/wp-json\/wp\/v2\/types\/product"}],"replies":[{"embeddable":true,"href":"https:\/\/jiushidao.com\/es\/wp-json\/wp\/v2\/comments?post=942"}],"version-history":[{"count":1,"href":"https:\/\/jiushidao.com\/es\/wp-json\/wp\/v2\/product\/942\/revisions"}],"predecessor-version":[{"id":945,"href":"https:\/\/jiushidao.com\/es\/wp-json\/wp\/v2\/product\/942\/revisions\/945"}],"wp:featuredmedia":[{"embeddable":true,"href":"https:\/\/jiushidao.com\/es\/wp-json\/wp\/v2\/media\/944"}],"wp:attachment":[{"href":"https:\/\/jiushidao.com\/es\/wp-json\/wp\/v2\/media?parent=942"}],"wp:term":[{"taxonomy":"product_brand","embeddable":true,"href":"https:\/\/jiushidao.com\/es\/wp-json\/wp\/v2\/product_brand?post=942"},{"taxonomy":"product_cat","embeddable":true,"href":"https:\/\/jiushidao.com\/es\/wp-json\/wp\/v2\/product_cat?post=942"},{"taxonomy":"product_tag","embeddable":true,"href":"https:\/\/jiushidao.com\/es\/wp-json\/wp\/v2\/product_tag?post=942"}],"curies":[{"name":"wp","href":"https:\/\/api.w.org\/{rel}","templated":true}]}}