{"id":939,"date":"2025-10-31T08:00:28","date_gmt":"2025-10-31T08:00:28","guid":{"rendered":"https:\/\/jiushidao.com\/?post_type=product&#038;p=939"},"modified":"2025-12-23T22:37:50","modified_gmt":"2025-12-23T22:37:50","slug":"xinjiang-fruit-extract-nfc-pomegranate-juice","status":"publish","type":"product","link":"https:\/\/jiushidao.com\/es\/producto\/xinjiang-fruit-extract-nfc-pomegranate-juice\/","title":{"rendered":"Extracto de fruta de Xinjiang NFC Jugo de granada"},"content":{"rendered":"<section class=\"ybc-p\">Saboree la riqueza de las mejores granadas de Xinjiang con\u00a0<strong>Jugo de granada Jiangguocui NFC<\/strong>Cultivadas en Kashgar, conocida como la &quot;Ciudad de las Granadas&quot;, nuestras frutas prosperan en el oasis \u00fanico entre el desierto de Taklamak\u00e1n y las monta\u00f1as occidentales de Kunlun, donde el suelo rico en minerales, la abundante luz solar, el agua limpia y las significativas variaciones de temperatura entre el d\u00eda y la noche producen granadas de color profundo, aroma intenso y granos jugosos y agridulces.<\/section>\n<section class=\"ybc-p\">Uso avanzado\u00a0<strong>tecnolog\u00eda de prensado en fr\u00edo no concentrada<\/strong>Lavamos cuidadosamente las granadas a 10\u00b0C, las esterilizamos f\u00edsicamente y luego prensamos en fr\u00edo las semillas enteras.<strong>sin a\u00f1adir una gota de agua<\/strong>\u2014todo dentro\u00a0<strong>24 horas de cosecha<\/strong>. Cada bolsa contiene el equivalente a\u00a0<strong>aprox. 2,5\u20133 granadas Piyman<\/strong>, que ofrece un sabor aut\u00e9ntico y vibrante y un valor nutricional notable, incluido un alto contenido total de flavonoides.\u00a0<strong>1707,3 mg\/kg<\/strong>Envasado en bolsas revestidas de aluminio bajo protecci\u00f3n de gas inerte, este jugo conserva su frescura y perfil nutricional desde el huerto hasta la mesa.<\/section>\n<hr \/>\n<h3><strong>Caracter\u00edsticas principales<\/strong><\/h3>\n<ul class=\"ybc-ul-component\">\n<li class=\"ybc-li-component ybc-li-component_ul\">\n<section class=\"ybc-p\">\u00a0<strong>Granadas Piyman de Xinjiang:<\/strong>Cultivado en el entorno oasis \u00fanico de Kashgar<\/section>\n<\/li>\n<li class=\"ybc-li-component ybc-li-component_ul\">\n<section class=\"ybc-p\">\u00a0<strong>Prensado en fr\u00edo de semillas enteras:<\/strong>Procesamiento a baja temperatura (10\u00b0C), sin agua a\u00f1adida.<\/section>\n<\/li>\n<li class=\"ybc-li-component ybc-li-component_ul\">\n<section class=\"ybc-p\">\u00a0<strong>Alto contenido de flavonoides:<\/strong>1707,3 mg\/kg para obtener mejores beneficios antioxidantes<\/section>\n<\/li>\n<li class=\"ybc-li-component ybc-li-component_ul\">\n<section class=\"ybc-p\">\u00a0<strong>Embalaje de frescura avanzada:<\/strong>Bolsa forrada de aluminio con protecci\u00f3n de gas inerte.<\/section>\n<\/li>\n<li class=\"ybc-li-component ybc-li-component_ul\">\n<section class=\"ybc-p\">\u00a0<strong>100% Jugo Puro:<\/strong>Sin aditivos, concentrados ni edulcorantes.<\/section>\n<\/li>\n<\/ul>","protected":false},"excerpt":{"rendered":"<p>Disfrute de la exquisita exquisitez de las mejores granadas de Xinjiang con el jugo de granada Jiangguocui NFC. Cultivadas en Kashgar, conocida como la &quot;Ciudad de las Granadas&quot;, nuestras frutas prosperan en...<span class=\"excerpt-hellip\"> [\u2026]<\/span><\/p>","protected":false},"featured_media":940,"comment_status":"open","ping_status":"closed","template":"","meta":[],"product_brand":[64],"product_cat":[63],"product_tag":[],"class_list":{"0":"post-939","1":"product","2":"type-product","3":"status-publish","4":"has-post-thumbnail","6":"product_brand-64","7":"product_cat-jiang_guo_cui","9":"first","10":"instock","11":"shipping-taxable","12":"product-type-external"},"yoast_head":"<!-- This site is optimized with the Yoast SEO Premium plugin v25.8 (Yoast SEO v25.8) - https:\/\/yoast.com\/wordpress\/plugins\/seo\/ -->\n<title>Xinjiang Fruit Extract NFC Pomegranate Juice\u200b - Jiushidao - Global Food Marketplace for Business Growth and Cosumers<\/title>\n<meta name=\"robots\" content=\"index, follow, max-snippet:-1, max-image-preview:large, max-video-preview:-1\" \/>\n<link rel=\"canonical\" href=\"https:\/\/jiushidao.com\/es\/producto\/xinjiang-fruit-extract-nfc-pomegranate-juice\/\" \/>\n<meta property=\"og:locale\" content=\"es_ES\" \/>\n<meta property=\"og:type\" content=\"article\" \/>\n<meta property=\"og:title\" content=\"Xinjiang Fruit Extract NFC Pomegranate Juice\u200b\" \/>\n<meta property=\"og:description\" content=\"Savor the jewel-like richness of Xinjiang\u2019s finest pomegranates with\u00a0Jiangguocui NFC Pomegranate Juice. Grown in Kashgar, renowned as the \u201cHometown of Pomegranates,\u201d our fruits thrive in the [\u2026]\" \/>\n<meta property=\"og:url\" content=\"https:\/\/jiushidao.com\/es\/producto\/xinjiang-fruit-extract-nfc-pomegranate-juice\/\" \/>\n<meta property=\"og:site_name\" content=\"Jiushidao - Global Food Marketplace for Business Growth and Cosumers\" \/>\n<meta property=\"article:modified_time\" content=\"2025-12-23T22:37:50+00:00\" \/>\n<meta property=\"og:image\" content=\"https:\/\/jiushidao.com\/wp-content\/uploads\/2025\/10\/\u56fe\u724710-2.png\" \/>\n\t<meta property=\"og:image:width\" content=\"411\" \/>\n\t<meta property=\"og:image:height\" content=\"235\" \/>\n\t<meta property=\"og:image:type\" content=\"image\/png\" \/>\n<meta name=\"twitter:card\" content=\"summary_large_image\" \/>\n<meta name=\"twitter:label1\" content=\"Tiempo de lectura\" \/>\n\t<meta name=\"twitter:data1\" content=\"2 minutos\" \/>\n<script type=\"application\/ld+json\" class=\"yoast-schema-graph\">{\"@context\":\"https:\/\/schema.org\",\"@graph\":[{\"@type\":\"WebPage\",\"@id\":\"https:\/\/jiushidao.com\/product\/xinjiang-fruit-extract-nfc-pomegranate-juice\/\",\"url\":\"https:\/\/jiushidao.com\/product\/xinjiang-fruit-extract-nfc-pomegranate-juice\/\",\"name\":\"Xinjiang Fruit Extract NFC Pomegranate Juice\u200b - Jiushidao - Global Food Marketplace for Business Growth and Cosumers\",\"isPartOf\":{\"@id\":\"https:\/\/jiushidao.com\/#website\"},\"primaryImageOfPage\":{\"@id\":\"https:\/\/jiushidao.com\/product\/xinjiang-fruit-extract-nfc-pomegranate-juice\/#primaryimage\"},\"image\":{\"@id\":\"https:\/\/jiushidao.com\/product\/xinjiang-fruit-extract-nfc-pomegranate-juice\/#primaryimage\"},\"thumbnailUrl\":\"https:\/\/jiushidao.com\/wp-content\/uploads\/2025\/10\/\u56fe\u724710-2.png\",\"datePublished\":\"2025-10-31T08:00:28+00:00\",\"dateModified\":\"2025-12-23T22:37:50+00:00\",\"breadcrumb\":{\"@id\":\"https:\/\/jiushidao.com\/product\/xinjiang-fruit-extract-nfc-pomegranate-juice\/#breadcrumb\"},\"inLanguage\":\"es\",\"potentialAction\":[{\"@type\":\"ReadAction\",\"target\":[\"https:\/\/jiushidao.com\/product\/xinjiang-fruit-extract-nfc-pomegranate-juice\/\"]}]},{\"@type\":\"ImageObject\",\"inLanguage\":\"es\",\"@id\":\"https:\/\/jiushidao.com\/product\/xinjiang-fruit-extract-nfc-pomegranate-juice\/#primaryimage\",\"url\":\"https:\/\/jiushidao.com\/wp-content\/uploads\/2025\/10\/\u56fe\u724710-2.png\",\"contentUrl\":\"https:\/\/jiushidao.com\/wp-content\/uploads\/2025\/10\/\u56fe\u724710-2.png\",\"width\":411,\"height\":235},{\"@type\":\"BreadcrumbList\",\"@id\":\"https:\/\/jiushidao.com\/product\/xinjiang-fruit-extract-nfc-pomegranate-juice\/#breadcrumb\",\"itemListElement\":[{\"@type\":\"ListItem\",\"position\":1,\"name\":\"Home\",\"item\":\"https:\/\/jiushidao.com\/\"},{\"@type\":\"ListItem\",\"position\":2,\"name\":\"Store\",\"item\":\"https:\/\/jiushidao.com\/store\/\"},{\"@type\":\"ListItem\",\"position\":3,\"name\":\"Xinjiang Fruit Extract NFC Pomegranate Juice\u200b\"}]},{\"@type\":\"WebSite\",\"@id\":\"https:\/\/jiushidao.com\/#website\",\"url\":\"https:\/\/jiushidao.com\/\",\"name\":\"Jiushidao - Global Food Marketplace for Business Growth and Cosumers\",\"description\":\"Jiushidao - Global Food Marketplace for Business Growth and Cosumers\",\"potentialAction\":[{\"@type\":\"SearchAction\",\"target\":{\"@type\":\"EntryPoint\",\"urlTemplate\":\"https:\/\/jiushidao.com\/?s={search_term_string}\"},\"query-input\":{\"@type\":\"PropertyValueSpecification\",\"valueRequired\":true,\"valueName\":\"search_term_string\"}}],\"inLanguage\":\"es\"}]}<\/script>\n<!-- \/ Yoast SEO Premium plugin. -->","yoast_head_json":{"title":"Xinjiang Fruit Extract NFC Pomegranate Juice\u200b - Jiushidao - Global Food Marketplace for Business Growth and Cosumers","robots":{"index":"index","follow":"follow","max-snippet":"max-snippet:-1","max-image-preview":"max-image-preview:large","max-video-preview":"max-video-preview:-1"},"canonical":"https:\/\/jiushidao.com\/es\/producto\/xinjiang-fruit-extract-nfc-pomegranate-juice\/","og_locale":"es_ES","og_type":"article","og_title":"Xinjiang Fruit Extract NFC Pomegranate Juice\u200b","og_description":"Savor the jewel-like richness of Xinjiang\u2019s finest pomegranates with\u00a0Jiangguocui NFC Pomegranate Juice. Grown in Kashgar, renowned as the \u201cHometown of Pomegranates,\u201d our fruits thrive in the [\u2026]","og_url":"https:\/\/jiushidao.com\/es\/producto\/xinjiang-fruit-extract-nfc-pomegranate-juice\/","og_site_name":"Jiushidao - Global Food Marketplace for Business Growth and Cosumers","article_modified_time":"2025-12-23T22:37:50+00:00","og_image":[{"width":411,"height":235,"url":"https:\/\/jiushidao.com\/wp-content\/uploads\/2025\/10\/\u56fe\u724710-2.png","type":"image\/png"}],"twitter_card":"summary_large_image","twitter_misc":{"Tiempo de lectura":"2 minutos"},"schema":{"@context":"https:\/\/schema.org","@graph":[{"@type":"WebPage","@id":"https:\/\/jiushidao.com\/product\/xinjiang-fruit-extract-nfc-pomegranate-juice\/","url":"https:\/\/jiushidao.com\/product\/xinjiang-fruit-extract-nfc-pomegranate-juice\/","name":"Xinjiang Fruit Extract NFC Pomegranate Juice\u200b - Jiushidao - Global Food Marketplace for Business Growth and Cosumers","isPartOf":{"@id":"https:\/\/jiushidao.com\/#website"},"primaryImageOfPage":{"@id":"https:\/\/jiushidao.com\/product\/xinjiang-fruit-extract-nfc-pomegranate-juice\/#primaryimage"},"image":{"@id":"https:\/\/jiushidao.com\/product\/xinjiang-fruit-extract-nfc-pomegranate-juice\/#primaryimage"},"thumbnailUrl":"https:\/\/jiushidao.com\/wp-content\/uploads\/2025\/10\/\u56fe\u724710-2.png","datePublished":"2025-10-31T08:00:28+00:00","dateModified":"2025-12-23T22:37:50+00:00","breadcrumb":{"@id":"https:\/\/jiushidao.com\/product\/xinjiang-fruit-extract-nfc-pomegranate-juice\/#breadcrumb"},"inLanguage":"es","potentialAction":[{"@type":"ReadAction","target":["https:\/\/jiushidao.com\/product\/xinjiang-fruit-extract-nfc-pomegranate-juice\/"]}]},{"@type":"ImageObject","inLanguage":"es","@id":"https:\/\/jiushidao.com\/product\/xinjiang-fruit-extract-nfc-pomegranate-juice\/#primaryimage","url":"https:\/\/jiushidao.com\/wp-content\/uploads\/2025\/10\/\u56fe\u724710-2.png","contentUrl":"https:\/\/jiushidao.com\/wp-content\/uploads\/2025\/10\/\u56fe\u724710-2.png","width":411,"height":235},{"@type":"BreadcrumbList","@id":"https:\/\/jiushidao.com\/product\/xinjiang-fruit-extract-nfc-pomegranate-juice\/#breadcrumb","itemListElement":[{"@type":"ListItem","position":1,"name":"Home","item":"https:\/\/jiushidao.com\/"},{"@type":"ListItem","position":2,"name":"Store","item":"https:\/\/jiushidao.com\/store\/"},{"@type":"ListItem","position":3,"name":"Xinjiang Fruit Extract NFC Pomegranate Juice\u200b"}]},{"@type":"WebSite","@id":"https:\/\/jiushidao.com\/#website","url":"https:\/\/jiushidao.com\/","name":"Jiushidao - Global Food Marketplace for Business Growth and Cosumers","description":"Jiushidao - Global Food Marketplace for Business Growth and Cosumers","potentialAction":[{"@type":"SearchAction","target":{"@type":"EntryPoint","urlTemplate":"https:\/\/jiushidao.com\/?s={search_term_string}"},"query-input":{"@type":"PropertyValueSpecification","valueRequired":true,"valueName":"search_term_string"}}],"inLanguage":"es"}]}},"_links":{"self":[{"href":"https:\/\/jiushidao.com\/es\/wp-json\/wp\/v2\/product\/939","targetHints":{"allow":["GET"]}}],"collection":[{"href":"https:\/\/jiushidao.com\/es\/wp-json\/wp\/v2\/product"}],"about":[{"href":"https:\/\/jiushidao.com\/es\/wp-json\/wp\/v2\/types\/product"}],"replies":[{"embeddable":true,"href":"https:\/\/jiushidao.com\/es\/wp-json\/wp\/v2\/comments?post=939"}],"version-history":[{"count":1,"href":"https:\/\/jiushidao.com\/es\/wp-json\/wp\/v2\/product\/939\/revisions"}],"predecessor-version":[{"id":941,"href":"https:\/\/jiushidao.com\/es\/wp-json\/wp\/v2\/product\/939\/revisions\/941"}],"wp:featuredmedia":[{"embeddable":true,"href":"https:\/\/jiushidao.com\/es\/wp-json\/wp\/v2\/media\/940"}],"wp:attachment":[{"href":"https:\/\/jiushidao.com\/es\/wp-json\/wp\/v2\/media?parent=939"}],"wp:term":[{"taxonomy":"product_brand","embeddable":true,"href":"https:\/\/jiushidao.com\/es\/wp-json\/wp\/v2\/product_brand?post=939"},{"taxonomy":"product_cat","embeddable":true,"href":"https:\/\/jiushidao.com\/es\/wp-json\/wp\/v2\/product_cat?post=939"},{"taxonomy":"product_tag","embeddable":true,"href":"https:\/\/jiushidao.com\/es\/wp-json\/wp\/v2\/product_tag?post=939"}],"curies":[{"name":"wp","href":"https:\/\/api.w.org\/{rel}","templated":true}]}}