{"id":936,"date":"2025-10-31T07:57:10","date_gmt":"2025-10-31T07:57:10","guid":{"rendered":"https:\/\/jiushidao.com\/?post_type=product&#038;p=936"},"modified":"2025-12-23T22:42:09","modified_gmt":"2025-12-23T22:42:09","slug":"xinjiang-fruit-extract-nfc-sea-buckthorn-puree","status":"publish","type":"product","link":"https:\/\/jiushidao.com\/es\/producto\/xinjiang-fruit-extract-nfc-sea-buckthorn-puree\/","title":{"rendered":"Pur\u00e9 de espino amarillo NFC con extracto de fruta de Xinjiang"},"content":{"rendered":"<section class=\"ybc-p\">Experimenta la riqueza ind\u00f3mita de la naturaleza salvaje de Xinjiang con\u00a0<strong>Pur\u00e9 de espino amarillo Jiangguogui NFC<\/strong>Procedente de las soleadas laderas de la meseta del Pamir en Kashgar, donde el suelo rico en minerales, el agua pura, la abundante luz solar y los dr\u00e1sticos cambios de temperatura cultivan algunas de las mejores bayas de espino amarillo de Asia Central del mundo, este pur\u00e9 captura toda la vitalidad de la fruta, desde la cosecha hasta el embotellado.<\/section>\n<section class=\"ybc-p\">Usando\u00a0<strong>tecnolog\u00eda de prensado en fr\u00edo no concentrada<\/strong>, extraemos suavemente el jugo dentro\u00a0<strong>24 horas de recolecci\u00f3n<\/strong>Conservando el sabor vibrante, las notas arom\u00e1ticas y el preciado aceite de semilla de espino amarillo de la baya, se obtiene un sabor perfectamente equilibrado: ligeramente \u00e1cido y a la vez naturalmente dulce, sin aditivos, agua ni az\u00facar a\u00f1adidos. Envasado en bolsas opacas con revestimiento de aluminio y protecci\u00f3n de gas inerte, este pur\u00e9 se mantiene fresco, rico en nutrientes y estable desde el campo hasta su mesa.<\/section>\n<hr \/>\n<h3><strong>Caracter\u00edsticas principales<\/strong><\/h3>\n<ul class=\"ybc-ul-component\">\n<li class=\"ybc-li-component ybc-li-component_ul\">\n<section class=\"ybc-p\">\u00a0<strong>Espino amarillo marino puro de Xinjiang:<\/strong>Cultivado en la meseta del Pamir, a gran altitud, en condiciones naturales ideales.<\/section>\n<\/li>\n<li class=\"ybc-li-component ybc-li-component_ul\">\n<section class=\"ybc-p\">\u00a0<strong>Prensado en fr\u00edo en 24 horas:<\/strong>Conserva la frescura, el sabor y los nutrientes activos.<\/section>\n<\/li>\n<li class=\"ybc-li-component ybc-li-component_ul\">\n<section class=\"ybc-p\">\u00a0<strong>Embalaje avanzado opaco:<\/strong>Bolsa con revestimiento de aluminio y escudo de gas inerte: resistente al ox\u00edgeno, a prueba de ca\u00eddas y con retenci\u00f3n de nutrientes.<\/section>\n<\/li>\n<li class=\"ybc-li-component ybc-li-component_ul\">\n<section class=\"ybc-p\">\u00a0<strong>Ingredientes limpios 100%:<\/strong>Solo zumo de espino amarillo: sin aditivos ni concentrados.<\/section>\n<\/li>\n<li class=\"ybc-li-component ybc-li-component_ul\">\n<section class=\"ybc-p\">\u00a0<strong>Rico en aceite de semilla de espino amarillo:<\/strong>Conserva los aceites naturales para un mayor valor nutricional.<\/section>\n<\/li>\n<\/ul>","protected":false},"excerpt":{"rendered":"<p>Experimenta la riqueza ind\u00f3mita de la naturaleza de Xinjiang con el pur\u00e9 de espino amarillo Jiangguocui NFC. Procedente de las soleadas laderas de la meseta del Pamir en Kashgar, donde el suelo rico en minerales y la pureza del agua son excepcionales.<span class=\"excerpt-hellip\"> [\u2026]<\/span><\/p>","protected":false},"featured_media":937,"comment_status":"open","ping_status":"closed","template":"","meta":[],"product_brand":[64],"product_cat":[63],"product_tag":[],"class_list":{"0":"post-936","1":"product","2":"type-product","3":"status-publish","4":"has-post-thumbnail","6":"product_brand-64","7":"product_cat-jiang_guo_cui","9":"first","10":"instock","11":"shipping-taxable","12":"product-type-external"},"yoast_head":"<!-- This site is optimized with the Yoast SEO Premium plugin v25.8 (Yoast SEO v25.8) - https:\/\/yoast.com\/wordpress\/plugins\/seo\/ -->\n<title>Xinjiang Fruit Extract NFC Sea Buckthorn Puree\u200b - Jiushidao - Global Food Marketplace for Business Growth and Cosumers<\/title>\n<meta name=\"robots\" content=\"index, follow, max-snippet:-1, max-image-preview:large, max-video-preview:-1\" \/>\n<link rel=\"canonical\" href=\"https:\/\/jiushidao.com\/es\/producto\/xinjiang-fruit-extract-nfc-sea-buckthorn-puree\/\" \/>\n<meta property=\"og:locale\" content=\"es_ES\" \/>\n<meta property=\"og:type\" content=\"article\" \/>\n<meta property=\"og:title\" content=\"Xinjiang Fruit Extract NFC Sea Buckthorn Puree\u200b\" \/>\n<meta property=\"og:description\" content=\"Experience the untamed richness of Xinjiang\u2019s wilderness with\u00a0Jiangguocui NFC Sea Buckthorn Puree. Sourced from the sun-drenched slopes of the Pamir Plateau in Kashgar\u2014where mineral-rich soil, pure [\u2026]\" \/>\n<meta property=\"og:url\" content=\"https:\/\/jiushidao.com\/es\/producto\/xinjiang-fruit-extract-nfc-sea-buckthorn-puree\/\" \/>\n<meta property=\"og:site_name\" content=\"Jiushidao - Global Food Marketplace for Business Growth and Cosumers\" \/>\n<meta property=\"article:modified_time\" content=\"2025-12-23T22:42:09+00:00\" \/>\n<meta property=\"og:image\" content=\"https:\/\/jiushidao.com\/wp-content\/uploads\/2025\/10\/\u56fe\u72479-1.png\" \/>\n\t<meta property=\"og:image:width\" content=\"411\" \/>\n\t<meta property=\"og:image:height\" content=\"336\" \/>\n\t<meta property=\"og:image:type\" content=\"image\/png\" \/>\n<meta name=\"twitter:card\" content=\"summary_large_image\" \/>\n<meta name=\"twitter:label1\" content=\"Tiempo de lectura\" \/>\n\t<meta name=\"twitter:data1\" content=\"2 minutos\" \/>\n<script type=\"application\/ld+json\" class=\"yoast-schema-graph\">{\"@context\":\"https:\/\/schema.org\",\"@graph\":[{\"@type\":\"WebPage\",\"@id\":\"https:\/\/jiushidao.com\/product\/xinjiang-fruit-extract-nfc-sea-buckthorn-puree\/\",\"url\":\"https:\/\/jiushidao.com\/product\/xinjiang-fruit-extract-nfc-sea-buckthorn-puree\/\",\"name\":\"Xinjiang Fruit Extract NFC Sea Buckthorn Puree\u200b - Jiushidao - Global Food Marketplace for Business Growth and Cosumers\",\"isPartOf\":{\"@id\":\"https:\/\/jiushidao.com\/#website\"},\"primaryImageOfPage\":{\"@id\":\"https:\/\/jiushidao.com\/product\/xinjiang-fruit-extract-nfc-sea-buckthorn-puree\/#primaryimage\"},\"image\":{\"@id\":\"https:\/\/jiushidao.com\/product\/xinjiang-fruit-extract-nfc-sea-buckthorn-puree\/#primaryimage\"},\"thumbnailUrl\":\"https:\/\/jiushidao.com\/wp-content\/uploads\/2025\/10\/\u56fe\u72479-1.png\",\"datePublished\":\"2025-10-31T07:57:10+00:00\",\"dateModified\":\"2025-12-23T22:42:09+00:00\",\"breadcrumb\":{\"@id\":\"https:\/\/jiushidao.com\/product\/xinjiang-fruit-extract-nfc-sea-buckthorn-puree\/#breadcrumb\"},\"inLanguage\":\"es\",\"potentialAction\":[{\"@type\":\"ReadAction\",\"target\":[\"https:\/\/jiushidao.com\/product\/xinjiang-fruit-extract-nfc-sea-buckthorn-puree\/\"]}]},{\"@type\":\"ImageObject\",\"inLanguage\":\"es\",\"@id\":\"https:\/\/jiushidao.com\/product\/xinjiang-fruit-extract-nfc-sea-buckthorn-puree\/#primaryimage\",\"url\":\"https:\/\/jiushidao.com\/wp-content\/uploads\/2025\/10\/\u56fe\u72479-1.png\",\"contentUrl\":\"https:\/\/jiushidao.com\/wp-content\/uploads\/2025\/10\/\u56fe\u72479-1.png\",\"width\":411,\"height\":336},{\"@type\":\"BreadcrumbList\",\"@id\":\"https:\/\/jiushidao.com\/product\/xinjiang-fruit-extract-nfc-sea-buckthorn-puree\/#breadcrumb\",\"itemListElement\":[{\"@type\":\"ListItem\",\"position\":1,\"name\":\"Home\",\"item\":\"https:\/\/jiushidao.com\/\"},{\"@type\":\"ListItem\",\"position\":2,\"name\":\"Store\",\"item\":\"https:\/\/jiushidao.com\/store\/\"},{\"@type\":\"ListItem\",\"position\":3,\"name\":\"Xinjiang Fruit Extract NFC Sea Buckthorn Puree\u200b\"}]},{\"@type\":\"WebSite\",\"@id\":\"https:\/\/jiushidao.com\/#website\",\"url\":\"https:\/\/jiushidao.com\/\",\"name\":\"Jiushidao - Global Food Marketplace for Business Growth and Cosumers\",\"description\":\"Jiushidao - Global Food Marketplace for Business Growth and Cosumers\",\"potentialAction\":[{\"@type\":\"SearchAction\",\"target\":{\"@type\":\"EntryPoint\",\"urlTemplate\":\"https:\/\/jiushidao.com\/?s={search_term_string}\"},\"query-input\":{\"@type\":\"PropertyValueSpecification\",\"valueRequired\":true,\"valueName\":\"search_term_string\"}}],\"inLanguage\":\"es\"}]}<\/script>\n<!-- \/ Yoast SEO Premium plugin. -->","yoast_head_json":{"title":"Xinjiang Fruit Extract NFC Sea Buckthorn Puree\u200b - Jiushidao - Global Food Marketplace for Business Growth and Cosumers","robots":{"index":"index","follow":"follow","max-snippet":"max-snippet:-1","max-image-preview":"max-image-preview:large","max-video-preview":"max-video-preview:-1"},"canonical":"https:\/\/jiushidao.com\/es\/producto\/xinjiang-fruit-extract-nfc-sea-buckthorn-puree\/","og_locale":"es_ES","og_type":"article","og_title":"Xinjiang Fruit Extract NFC Sea Buckthorn Puree\u200b","og_description":"Experience the untamed richness of Xinjiang\u2019s wilderness with\u00a0Jiangguocui NFC Sea Buckthorn Puree. Sourced from the sun-drenched slopes of the Pamir Plateau in Kashgar\u2014where mineral-rich soil, pure [\u2026]","og_url":"https:\/\/jiushidao.com\/es\/producto\/xinjiang-fruit-extract-nfc-sea-buckthorn-puree\/","og_site_name":"Jiushidao - Global Food Marketplace for Business Growth and Cosumers","article_modified_time":"2025-12-23T22:42:09+00:00","og_image":[{"width":411,"height":336,"url":"https:\/\/jiushidao.com\/wp-content\/uploads\/2025\/10\/\u56fe\u72479-1.png","type":"image\/png"}],"twitter_card":"summary_large_image","twitter_misc":{"Tiempo de lectura":"2 minutos"},"schema":{"@context":"https:\/\/schema.org","@graph":[{"@type":"WebPage","@id":"https:\/\/jiushidao.com\/product\/xinjiang-fruit-extract-nfc-sea-buckthorn-puree\/","url":"https:\/\/jiushidao.com\/product\/xinjiang-fruit-extract-nfc-sea-buckthorn-puree\/","name":"Xinjiang Fruit Extract NFC Sea Buckthorn Puree\u200b - Jiushidao - Global Food Marketplace for Business Growth and Cosumers","isPartOf":{"@id":"https:\/\/jiushidao.com\/#website"},"primaryImageOfPage":{"@id":"https:\/\/jiushidao.com\/product\/xinjiang-fruit-extract-nfc-sea-buckthorn-puree\/#primaryimage"},"image":{"@id":"https:\/\/jiushidao.com\/product\/xinjiang-fruit-extract-nfc-sea-buckthorn-puree\/#primaryimage"},"thumbnailUrl":"https:\/\/jiushidao.com\/wp-content\/uploads\/2025\/10\/\u56fe\u72479-1.png","datePublished":"2025-10-31T07:57:10+00:00","dateModified":"2025-12-23T22:42:09+00:00","breadcrumb":{"@id":"https:\/\/jiushidao.com\/product\/xinjiang-fruit-extract-nfc-sea-buckthorn-puree\/#breadcrumb"},"inLanguage":"es","potentialAction":[{"@type":"ReadAction","target":["https:\/\/jiushidao.com\/product\/xinjiang-fruit-extract-nfc-sea-buckthorn-puree\/"]}]},{"@type":"ImageObject","inLanguage":"es","@id":"https:\/\/jiushidao.com\/product\/xinjiang-fruit-extract-nfc-sea-buckthorn-puree\/#primaryimage","url":"https:\/\/jiushidao.com\/wp-content\/uploads\/2025\/10\/\u56fe\u72479-1.png","contentUrl":"https:\/\/jiushidao.com\/wp-content\/uploads\/2025\/10\/\u56fe\u72479-1.png","width":411,"height":336},{"@type":"BreadcrumbList","@id":"https:\/\/jiushidao.com\/product\/xinjiang-fruit-extract-nfc-sea-buckthorn-puree\/#breadcrumb","itemListElement":[{"@type":"ListItem","position":1,"name":"Home","item":"https:\/\/jiushidao.com\/"},{"@type":"ListItem","position":2,"name":"Store","item":"https:\/\/jiushidao.com\/store\/"},{"@type":"ListItem","position":3,"name":"Xinjiang Fruit Extract NFC Sea Buckthorn Puree\u200b"}]},{"@type":"WebSite","@id":"https:\/\/jiushidao.com\/#website","url":"https:\/\/jiushidao.com\/","name":"Jiushidao - Global Food Marketplace for Business Growth and Cosumers","description":"Jiushidao - Global Food Marketplace for Business Growth and Cosumers","potentialAction":[{"@type":"SearchAction","target":{"@type":"EntryPoint","urlTemplate":"https:\/\/jiushidao.com\/?s={search_term_string}"},"query-input":{"@type":"PropertyValueSpecification","valueRequired":true,"valueName":"search_term_string"}}],"inLanguage":"es"}]}},"_links":{"self":[{"href":"https:\/\/jiushidao.com\/es\/wp-json\/wp\/v2\/product\/936","targetHints":{"allow":["GET"]}}],"collection":[{"href":"https:\/\/jiushidao.com\/es\/wp-json\/wp\/v2\/product"}],"about":[{"href":"https:\/\/jiushidao.com\/es\/wp-json\/wp\/v2\/types\/product"}],"replies":[{"embeddable":true,"href":"https:\/\/jiushidao.com\/es\/wp-json\/wp\/v2\/comments?post=936"}],"version-history":[{"count":1,"href":"https:\/\/jiushidao.com\/es\/wp-json\/wp\/v2\/product\/936\/revisions"}],"predecessor-version":[{"id":938,"href":"https:\/\/jiushidao.com\/es\/wp-json\/wp\/v2\/product\/936\/revisions\/938"}],"wp:featuredmedia":[{"embeddable":true,"href":"https:\/\/jiushidao.com\/es\/wp-json\/wp\/v2\/media\/937"}],"wp:attachment":[{"href":"https:\/\/jiushidao.com\/es\/wp-json\/wp\/v2\/media?parent=936"}],"wp:term":[{"taxonomy":"product_brand","embeddable":true,"href":"https:\/\/jiushidao.com\/es\/wp-json\/wp\/v2\/product_brand?post=936"},{"taxonomy":"product_cat","embeddable":true,"href":"https:\/\/jiushidao.com\/es\/wp-json\/wp\/v2\/product_cat?post=936"},{"taxonomy":"product_tag","embeddable":true,"href":"https:\/\/jiushidao.com\/es\/wp-json\/wp\/v2\/product_tag?post=936"}],"curies":[{"name":"wp","href":"https:\/\/api.w.org\/{rel}","templated":true}]}}