{"id":926,"date":"2025-10-31T05:25:51","date_gmt":"2025-10-31T05:25:51","guid":{"rendered":"https:\/\/jiushidao.com\/?post_type=product&#038;p=926"},"modified":"2025-10-31T05:25:52","modified_gmt":"2025-10-31T05:25:52","slug":"xinjiang-fruit-extract-nfc-black-mulberry-puree","status":"publish","type":"product","link":"https:\/\/jiushidao.com\/es\/producto\/xinjiang-fruit-extract-nfc-black-mulberry-puree\/","title":{"rendered":"Extracto de fruta de Xinjiang NFC Pur\u00e9 de mora negra"},"content":{"rendered":"<section class=\"ybc-p\">Descubre el rico y aterciopelado sabor de las mejores moras de Xinjiang con\u00a0<strong>Pur\u00e9 de mora negra Jiangguocui NFC<\/strong>Procedentes de Kashgar, conocida como la \u00abCuna de las Moras\u00bb, nuestras moras negras crecen en el singular oasis entre el desierto de Taklamak\u00e1n y las monta\u00f1as del oeste de Kunlun. Gracias a un suelo rico en minerales, abundante sol, agua pura y marcadas variaciones de temperatura entre el d\u00eda y la noche, estas moras desarrollan un color intenso, una textura jugosa y un distintivo sabor agridulce.<\/section>\n<section class=\"ybc-p\">Utilizando la tecnolog\u00eda NFC (Not From Concentrate), prensamos en fr\u00edo las moras dentro de\u00a0<strong>24 horas de cosecha<\/strong>para preservar sus nutrientes naturales y su rico sabor. Cada bolsa contiene el equivalente a\u00a0<strong>aproximadamente 55 moras frescas de Kashgar<\/strong>Sin aditivos: sin conservantes, agua ni az\u00facar a\u00f1adidos. Envasado en bolsas de aluminio con protecci\u00f3n de gas inerte, este pur\u00e9 le ofrece el aut\u00e9ntico sabor y los beneficios para la salud de las moras reci\u00e9n cosechadas.<\/section>\n<hr \/>\n<h3><strong>Caracter\u00edsticas principales<\/strong><\/h3>\n<ul class=\"ybc-ul-component\">\n<li class=\"ybc-li-component ybc-li-component_ul\">\n<section class=\"ybc-p\">\u00a0<strong>Moras negras puras<\/strong>Cultivado en el entorno ideal de Kashgar, un oasis que le confiere un sabor intenso.<\/section>\n<\/li>\n<li class=\"ybc-li-component ybc-li-component_ul\">\n<section class=\"ybc-p\">\u00a0<strong>Prensado en fr\u00edo en 24 horas<\/strong>Conserva la frescura, los nutrientes y el dulzor natural.<\/section>\n<\/li>\n<li class=\"ybc-li-component ybc-li-component_ul\">\n<section class=\"ybc-p\">\u00a0<strong>Sin aditivos<\/strong>: Solo zumo de mora 100%: puro y sin diluir<\/section>\n<\/li>\n<li class=\"ybc-li-component ybc-li-component_ul\">\n<section class=\"ybc-p\">\u00a0<strong>Embalaje avanzado<\/strong>Bolsa con revestimiento de aluminio y protecci\u00f3n de gas inerte para la retenci\u00f3n de nutrientes<\/section>\n<\/li>\n<li class=\"ybc-li-component ybc-li-component_ul\">\n<section class=\"ybc-p\">\u00a0<strong>Tecnolog\u00eda NFC<\/strong>No procede de concentrado; conserva todo su sabor y aroma.<\/section>\n<\/li>\n<\/ul>","protected":false},"excerpt":{"rendered":"<p>Descubre el sabor rico y aterciopelado de las mejores moras de Xinjiang con el pur\u00e9 de moras negras Jiangguocui NFC. Procedentes de Kashgar, conocida como la &quot;Cuna de las Moras&quot;, nuestras moras negras crecen en<span class=\"excerpt-hellip\"> [\u2026]<\/span><\/p>","protected":false},"featured_media":927,"comment_status":"open","ping_status":"closed","template":"","meta":[],"product_brand":[64],"product_cat":[63],"product_tag":[],"class_list":{"0":"post-926","1":"product","2":"type-product","3":"status-publish","4":"has-post-thumbnail","6":"product_brand-64","7":"product_cat-jiang_guo_cui","9":"first","10":"instock","11":"shipping-taxable","12":"product-type-simple"},"yoast_head":"<!-- This site is optimized with the Yoast SEO Premium plugin v25.8 (Yoast SEO v25.8) - https:\/\/yoast.com\/wordpress\/plugins\/seo\/ -->\n<title>Xinjiang Fruit Extract NFC Black Mulberry Puree - Jiushidao - Global Food Marketplace for Business Growth and Cosumers<\/title>\n<meta name=\"robots\" content=\"index, follow, max-snippet:-1, max-image-preview:large, max-video-preview:-1\" \/>\n<link rel=\"canonical\" href=\"https:\/\/jiushidao.com\/es\/producto\/xinjiang-fruit-extract-nfc-black-mulberry-puree\/\" \/>\n<meta property=\"og:locale\" content=\"es_ES\" \/>\n<meta property=\"og:type\" content=\"article\" \/>\n<meta property=\"og:title\" content=\"Xinjiang Fruit Extract NFC Black Mulberry Puree\" \/>\n<meta property=\"og:description\" content=\"Discover the rich, velvety taste of Xinjiang&#8217;s finest mulberries with\u00a0Jiangguocui NFC Black Mulberry Puree. Sourced from Kashgar\u2014renowned as the &#8220;Hometown of Mulberries&#8221;\u2014our black mulberries grow in [\u2026]\" \/>\n<meta property=\"og:url\" content=\"https:\/\/jiushidao.com\/es\/producto\/xinjiang-fruit-extract-nfc-black-mulberry-puree\/\" \/>\n<meta property=\"og:site_name\" content=\"Jiushidao - Global Food Marketplace for Business Growth and Cosumers\" \/>\n<meta property=\"article:modified_time\" content=\"2025-10-31T05:25:52+00:00\" \/>\n<meta property=\"og:image\" content=\"https:\/\/jiushidao.com\/wp-content\/uploads\/2025\/10\/\u56fe\u72476-3.png\" \/>\n\t<meta property=\"og:image:width\" content=\"400\" \/>\n\t<meta property=\"og:image:height\" content=\"400\" \/>\n\t<meta property=\"og:image:type\" content=\"image\/png\" \/>\n<meta name=\"twitter:card\" content=\"summary_large_image\" \/>\n<meta name=\"twitter:label1\" content=\"Tiempo de lectura\" \/>\n\t<meta name=\"twitter:data1\" content=\"2 minutos\" \/>\n<script type=\"application\/ld+json\" class=\"yoast-schema-graph\">{\"@context\":\"https:\/\/schema.org\",\"@graph\":[{\"@type\":\"WebPage\",\"@id\":\"https:\/\/jiushidao.com\/product\/xinjiang-fruit-extract-nfc-black-mulberry-puree\/\",\"url\":\"https:\/\/jiushidao.com\/product\/xinjiang-fruit-extract-nfc-black-mulberry-puree\/\",\"name\":\"Xinjiang Fruit Extract NFC Black Mulberry Puree - Jiushidao - Global Food Marketplace for Business Growth and Cosumers\",\"isPartOf\":{\"@id\":\"https:\/\/jiushidao.com\/#website\"},\"primaryImageOfPage\":{\"@id\":\"https:\/\/jiushidao.com\/product\/xinjiang-fruit-extract-nfc-black-mulberry-puree\/#primaryimage\"},\"image\":{\"@id\":\"https:\/\/jiushidao.com\/product\/xinjiang-fruit-extract-nfc-black-mulberry-puree\/#primaryimage\"},\"thumbnailUrl\":\"https:\/\/jiushidao.com\/wp-content\/uploads\/2025\/10\/\u56fe\u72476-3.png\",\"datePublished\":\"2025-10-31T05:25:51+00:00\",\"dateModified\":\"2025-10-31T05:25:52+00:00\",\"breadcrumb\":{\"@id\":\"https:\/\/jiushidao.com\/product\/xinjiang-fruit-extract-nfc-black-mulberry-puree\/#breadcrumb\"},\"inLanguage\":\"es\",\"potentialAction\":[{\"@type\":\"ReadAction\",\"target\":[\"https:\/\/jiushidao.com\/product\/xinjiang-fruit-extract-nfc-black-mulberry-puree\/\"]}]},{\"@type\":\"ImageObject\",\"inLanguage\":\"es\",\"@id\":\"https:\/\/jiushidao.com\/product\/xinjiang-fruit-extract-nfc-black-mulberry-puree\/#primaryimage\",\"url\":\"https:\/\/jiushidao.com\/wp-content\/uploads\/2025\/10\/\u56fe\u72476-3.png\",\"contentUrl\":\"https:\/\/jiushidao.com\/wp-content\/uploads\/2025\/10\/\u56fe\u72476-3.png\",\"width\":400,\"height\":400},{\"@type\":\"BreadcrumbList\",\"@id\":\"https:\/\/jiushidao.com\/product\/xinjiang-fruit-extract-nfc-black-mulberry-puree\/#breadcrumb\",\"itemListElement\":[{\"@type\":\"ListItem\",\"position\":1,\"name\":\"Home\",\"item\":\"https:\/\/jiushidao.com\/\"},{\"@type\":\"ListItem\",\"position\":2,\"name\":\"Store\",\"item\":\"https:\/\/jiushidao.com\/store\/\"},{\"@type\":\"ListItem\",\"position\":3,\"name\":\"Xinjiang Fruit Extract NFC Black Mulberry Puree\"}]},{\"@type\":\"WebSite\",\"@id\":\"https:\/\/jiushidao.com\/#website\",\"url\":\"https:\/\/jiushidao.com\/\",\"name\":\"Jiushidao - Global Food Marketplace for Business Growth and Cosumers\",\"description\":\"Jiushidao - Global Food Marketplace for Business Growth and Cosumers\",\"potentialAction\":[{\"@type\":\"SearchAction\",\"target\":{\"@type\":\"EntryPoint\",\"urlTemplate\":\"https:\/\/jiushidao.com\/?s={search_term_string}\"},\"query-input\":{\"@type\":\"PropertyValueSpecification\",\"valueRequired\":true,\"valueName\":\"search_term_string\"}}],\"inLanguage\":\"es\"}]}<\/script>\n<!-- \/ Yoast SEO Premium plugin. -->","yoast_head_json":{"title":"Xinjiang Fruit Extract NFC Black Mulberry Puree - Jiushidao - Global Food Marketplace for Business Growth and Cosumers","robots":{"index":"index","follow":"follow","max-snippet":"max-snippet:-1","max-image-preview":"max-image-preview:large","max-video-preview":"max-video-preview:-1"},"canonical":"https:\/\/jiushidao.com\/es\/producto\/xinjiang-fruit-extract-nfc-black-mulberry-puree\/","og_locale":"es_ES","og_type":"article","og_title":"Xinjiang Fruit Extract NFC Black Mulberry Puree","og_description":"Discover the rich, velvety taste of Xinjiang&#8217;s finest mulberries with\u00a0Jiangguocui NFC Black Mulberry Puree. Sourced from Kashgar\u2014renowned as the &#8220;Hometown of Mulberries&#8221;\u2014our black mulberries grow in [\u2026]","og_url":"https:\/\/jiushidao.com\/es\/producto\/xinjiang-fruit-extract-nfc-black-mulberry-puree\/","og_site_name":"Jiushidao - Global Food Marketplace for Business Growth and Cosumers","article_modified_time":"2025-10-31T05:25:52+00:00","og_image":[{"width":400,"height":400,"url":"https:\/\/jiushidao.com\/wp-content\/uploads\/2025\/10\/\u56fe\u72476-3.png","type":"image\/png"}],"twitter_card":"summary_large_image","twitter_misc":{"Tiempo de lectura":"2 minutos"},"schema":{"@context":"https:\/\/schema.org","@graph":[{"@type":"WebPage","@id":"https:\/\/jiushidao.com\/product\/xinjiang-fruit-extract-nfc-black-mulberry-puree\/","url":"https:\/\/jiushidao.com\/product\/xinjiang-fruit-extract-nfc-black-mulberry-puree\/","name":"Xinjiang Fruit Extract NFC Black Mulberry Puree - Jiushidao - Global Food Marketplace for Business Growth and Cosumers","isPartOf":{"@id":"https:\/\/jiushidao.com\/#website"},"primaryImageOfPage":{"@id":"https:\/\/jiushidao.com\/product\/xinjiang-fruit-extract-nfc-black-mulberry-puree\/#primaryimage"},"image":{"@id":"https:\/\/jiushidao.com\/product\/xinjiang-fruit-extract-nfc-black-mulberry-puree\/#primaryimage"},"thumbnailUrl":"https:\/\/jiushidao.com\/wp-content\/uploads\/2025\/10\/\u56fe\u72476-3.png","datePublished":"2025-10-31T05:25:51+00:00","dateModified":"2025-10-31T05:25:52+00:00","breadcrumb":{"@id":"https:\/\/jiushidao.com\/product\/xinjiang-fruit-extract-nfc-black-mulberry-puree\/#breadcrumb"},"inLanguage":"es","potentialAction":[{"@type":"ReadAction","target":["https:\/\/jiushidao.com\/product\/xinjiang-fruit-extract-nfc-black-mulberry-puree\/"]}]},{"@type":"ImageObject","inLanguage":"es","@id":"https:\/\/jiushidao.com\/product\/xinjiang-fruit-extract-nfc-black-mulberry-puree\/#primaryimage","url":"https:\/\/jiushidao.com\/wp-content\/uploads\/2025\/10\/\u56fe\u72476-3.png","contentUrl":"https:\/\/jiushidao.com\/wp-content\/uploads\/2025\/10\/\u56fe\u72476-3.png","width":400,"height":400},{"@type":"BreadcrumbList","@id":"https:\/\/jiushidao.com\/product\/xinjiang-fruit-extract-nfc-black-mulberry-puree\/#breadcrumb","itemListElement":[{"@type":"ListItem","position":1,"name":"Home","item":"https:\/\/jiushidao.com\/"},{"@type":"ListItem","position":2,"name":"Store","item":"https:\/\/jiushidao.com\/store\/"},{"@type":"ListItem","position":3,"name":"Xinjiang Fruit Extract NFC Black Mulberry Puree"}]},{"@type":"WebSite","@id":"https:\/\/jiushidao.com\/#website","url":"https:\/\/jiushidao.com\/","name":"Jiushidao - Global Food Marketplace for Business Growth and Cosumers","description":"Jiushidao - Global Food Marketplace for Business Growth and Cosumers","potentialAction":[{"@type":"SearchAction","target":{"@type":"EntryPoint","urlTemplate":"https:\/\/jiushidao.com\/?s={search_term_string}"},"query-input":{"@type":"PropertyValueSpecification","valueRequired":true,"valueName":"search_term_string"}}],"inLanguage":"es"}]}},"_links":{"self":[{"href":"https:\/\/jiushidao.com\/es\/wp-json\/wp\/v2\/product\/926","targetHints":{"allow":["GET"]}}],"collection":[{"href":"https:\/\/jiushidao.com\/es\/wp-json\/wp\/v2\/product"}],"about":[{"href":"https:\/\/jiushidao.com\/es\/wp-json\/wp\/v2\/types\/product"}],"replies":[{"embeddable":true,"href":"https:\/\/jiushidao.com\/es\/wp-json\/wp\/v2\/comments?post=926"}],"version-history":[{"count":1,"href":"https:\/\/jiushidao.com\/es\/wp-json\/wp\/v2\/product\/926\/revisions"}],"predecessor-version":[{"id":928,"href":"https:\/\/jiushidao.com\/es\/wp-json\/wp\/v2\/product\/926\/revisions\/928"}],"wp:featuredmedia":[{"embeddable":true,"href":"https:\/\/jiushidao.com\/es\/wp-json\/wp\/v2\/media\/927"}],"wp:attachment":[{"href":"https:\/\/jiushidao.com\/es\/wp-json\/wp\/v2\/media?parent=926"}],"wp:term":[{"taxonomy":"product_brand","embeddable":true,"href":"https:\/\/jiushidao.com\/es\/wp-json\/wp\/v2\/product_brand?post=926"},{"taxonomy":"product_cat","embeddable":true,"href":"https:\/\/jiushidao.com\/es\/wp-json\/wp\/v2\/product_cat?post=926"},{"taxonomy":"product_tag","embeddable":true,"href":"https:\/\/jiushidao.com\/es\/wp-json\/wp\/v2\/product_tag?post=926"}],"curies":[{"name":"wp","href":"https:\/\/api.w.org\/{rel}","templated":true}]}}