{"id":923,"date":"2025-10-31T05:06:43","date_gmt":"2025-10-31T05:06:43","guid":{"rendered":"https:\/\/jiushidao.com\/?post_type=product&#038;p=923"},"modified":"2025-10-31T05:06:44","modified_gmt":"2025-10-31T05:06:44","slug":"xinjiang-fruit-extract-nfc-muyage-apricot-juice-not-from-concentrate","status":"publish","type":"product","link":"https:\/\/jiushidao.com\/es\/producto\/xinjiang-fruit-extract-nfc-muyage-apricot-juice-not-from-concentrate\/","title":{"rendered":"Extracto de fruta de Xinjiang NFC Zumo de albaricoque Muyage (no procedente de concentrado)"},"content":{"rendered":"<section class=\"ybc-p\">Del\u00e9itese con el sabor puro y madurado al sol de Xinjiang con\u00a0<strong>Jugo de albaricoque Jiangguocui NFC Muyage<\/strong>Procedentes de Kashgar, conocida como la \u00abCuna de los Albaricoques\u00bb, nuestros albaricoques Muyage prosperan en el singular oasis entre el desierto de Taklamak\u00e1n y las monta\u00f1as del oeste de Kunlun. Gracias a un suelo rico en minerales, abundante sol, agua pura y marcadas variaciones de temperatura entre el d\u00eda y la noche, estos albaricoques desarrollan un aroma excepcional, una textura jugosa y un sabor vibrante.<\/section>\n<section class=\"ybc-p\">Utilizando la tecnolog\u00eda NFC (Not From Concentrate), prensamos en fr\u00edo los albaricoques dentro de\u00a0<strong>24 horas de cosecha<\/strong>Para preservar su dulzura natural y su riqueza nutricional, el resultado es un zumo puro de albaricoque 100% sin aditivos: sin conservantes, agua ni az\u00facar a\u00f1adidos. Envasado en bolsas de aluminio con protecci\u00f3n de gas inerte, este zumo le ofrece el aut\u00e9ntico sabor y los nutrientes de los albaricoques reci\u00e9n cosechados.<\/section>\n<hr \/>\n<h3><strong>Caracter\u00edsticas principales<\/strong><\/h3>\n<ul class=\"ybc-ul-component\">\n<li class=\"ybc-li-component ybc-li-component_ul\">\n<section class=\"ybc-p\">\u00a0<strong>Albaricoques puros de Muyage<\/strong>Cultivado en el entorno ideal de Kashgar, un oasis que le confiere un sabor intenso.<\/section>\n<\/li>\n<li class=\"ybc-li-component ybc-li-component_ul\">\n<section class=\"ybc-p\">\u00a0<strong>Prensado en fr\u00edo en 24 horas<\/strong>Conserva la frescura, los nutrientes y el dulzor natural.<\/section>\n<\/li>\n<li class=\"ybc-li-component ybc-li-component_ul\">\n<section class=\"ybc-p\">\u00a0<strong>Sin aditivos<\/strong>Solo zumo de albaricoque 100%: limpio, puro y sin diluir.<\/section>\n<\/li>\n<li class=\"ybc-li-component ybc-li-component_ul\">\n<section class=\"ybc-p\">\u00a0<strong>Embalaje avanzado<\/strong>Bolsa con revestimiento de aluminio y protecci\u00f3n de gas inerte para una m\u00e1xima retenci\u00f3n de nutrientes<\/section>\n<\/li>\n<li class=\"ybc-li-component ybc-li-component_ul\">\n<section class=\"ybc-p\">\u00a0<strong>Tecnolog\u00eda NFC<\/strong>No procede de concentrado; conserva todo su sabor y aroma.<\/section>\n<\/li>\n<\/ul>","protected":false},"excerpt":{"rendered":"<p>Del\u00e9itese con el sabor puro y madurado al sol de Xinjiang con el jugo de albaricoque Muyage de Jiangguocui NFC. Procedentes de Kashgar, conocida como la &quot;Cuna de los Albaricoques&quot;, nuestros albaricoques Muyage prosperan en el clima de Xinjiang.<span class=\"excerpt-hellip\"> [\u2026]<\/span><\/p>","protected":false},"featured_media":924,"comment_status":"open","ping_status":"closed","template":"","meta":[],"product_brand":[64],"product_cat":[63],"product_tag":[],"class_list":{"0":"post-923","1":"product","2":"type-product","3":"status-publish","4":"has-post-thumbnail","6":"product_brand-64","7":"product_cat-jiang_guo_cui","9":"first","10":"instock","11":"shipping-taxable","12":"product-type-simple"},"yoast_head":"<!-- This site is optimized with the Yoast SEO Premium plugin v25.8 (Yoast SEO v25.8) - https:\/\/yoast.com\/wordpress\/plugins\/seo\/ -->\n<title>Xinjiang Fruit Extract NFC Muyage Apricot Juice (Not From Concentrate) - Jiushidao - Global Food Marketplace for Business Growth and Cosumers<\/title>\n<meta name=\"robots\" content=\"index, follow, max-snippet:-1, max-image-preview:large, max-video-preview:-1\" \/>\n<link rel=\"canonical\" href=\"https:\/\/jiushidao.com\/es\/producto\/xinjiang-fruit-extract-nfc-muyage-apricot-juice-not-from-concentrate\/\" \/>\n<meta property=\"og:locale\" content=\"es_ES\" \/>\n<meta property=\"og:type\" content=\"article\" \/>\n<meta property=\"og:title\" content=\"Xinjiang Fruit Extract NFC Muyage Apricot Juice (Not From Concentrate)\" \/>\n<meta property=\"og:description\" content=\"Indulge in the pure, sun-ripened taste of Xinjiang with\u00a0Jiangguocui NFC Muyage Apricot Juice. Sourced from Kashgar\u2014known as the &#8220;Hometown of Apricots&#8221;\u2014our Muyage apricots thrive in the [\u2026]\" \/>\n<meta property=\"og:url\" content=\"https:\/\/jiushidao.com\/es\/producto\/xinjiang-fruit-extract-nfc-muyage-apricot-juice-not-from-concentrate\/\" \/>\n<meta property=\"og:site_name\" content=\"Jiushidao - Global Food Marketplace for Business Growth and Cosumers\" \/>\n<meta property=\"article:modified_time\" content=\"2025-10-31T05:06:44+00:00\" \/>\n<meta property=\"og:image\" content=\"https:\/\/jiushidao.com\/wp-content\/uploads\/2025\/10\/\u56fe\u72475-4.png\" \/>\n\t<meta property=\"og:image:width\" content=\"305\" \/>\n\t<meta property=\"og:image:height\" content=\"305\" \/>\n\t<meta property=\"og:image:type\" content=\"image\/png\" \/>\n<meta name=\"twitter:card\" content=\"summary_large_image\" \/>\n<meta name=\"twitter:label1\" content=\"Tiempo de lectura\" \/>\n\t<meta name=\"twitter:data1\" content=\"2 minutos\" \/>\n<script type=\"application\/ld+json\" class=\"yoast-schema-graph\">{\"@context\":\"https:\/\/schema.org\",\"@graph\":[{\"@type\":\"WebPage\",\"@id\":\"https:\/\/jiushidao.com\/product\/xinjiang-fruit-extract-nfc-muyage-apricot-juice-not-from-concentrate\/\",\"url\":\"https:\/\/jiushidao.com\/product\/xinjiang-fruit-extract-nfc-muyage-apricot-juice-not-from-concentrate\/\",\"name\":\"Xinjiang Fruit Extract NFC Muyage Apricot Juice (Not From Concentrate) - Jiushidao - Global Food Marketplace for Business Growth and Cosumers\",\"isPartOf\":{\"@id\":\"https:\/\/jiushidao.com\/#website\"},\"primaryImageOfPage\":{\"@id\":\"https:\/\/jiushidao.com\/product\/xinjiang-fruit-extract-nfc-muyage-apricot-juice-not-from-concentrate\/#primaryimage\"},\"image\":{\"@id\":\"https:\/\/jiushidao.com\/product\/xinjiang-fruit-extract-nfc-muyage-apricot-juice-not-from-concentrate\/#primaryimage\"},\"thumbnailUrl\":\"https:\/\/jiushidao.com\/wp-content\/uploads\/2025\/10\/\u56fe\u72475-4.png\",\"datePublished\":\"2025-10-31T05:06:43+00:00\",\"dateModified\":\"2025-10-31T05:06:44+00:00\",\"breadcrumb\":{\"@id\":\"https:\/\/jiushidao.com\/product\/xinjiang-fruit-extract-nfc-muyage-apricot-juice-not-from-concentrate\/#breadcrumb\"},\"inLanguage\":\"es\",\"potentialAction\":[{\"@type\":\"ReadAction\",\"target\":[\"https:\/\/jiushidao.com\/product\/xinjiang-fruit-extract-nfc-muyage-apricot-juice-not-from-concentrate\/\"]}]},{\"@type\":\"ImageObject\",\"inLanguage\":\"es\",\"@id\":\"https:\/\/jiushidao.com\/product\/xinjiang-fruit-extract-nfc-muyage-apricot-juice-not-from-concentrate\/#primaryimage\",\"url\":\"https:\/\/jiushidao.com\/wp-content\/uploads\/2025\/10\/\u56fe\u72475-4.png\",\"contentUrl\":\"https:\/\/jiushidao.com\/wp-content\/uploads\/2025\/10\/\u56fe\u72475-4.png\",\"width\":305,\"height\":305},{\"@type\":\"BreadcrumbList\",\"@id\":\"https:\/\/jiushidao.com\/product\/xinjiang-fruit-extract-nfc-muyage-apricot-juice-not-from-concentrate\/#breadcrumb\",\"itemListElement\":[{\"@type\":\"ListItem\",\"position\":1,\"name\":\"Home\",\"item\":\"https:\/\/jiushidao.com\/\"},{\"@type\":\"ListItem\",\"position\":2,\"name\":\"Store\",\"item\":\"https:\/\/jiushidao.com\/store\/\"},{\"@type\":\"ListItem\",\"position\":3,\"name\":\"Xinjiang Fruit Extract NFC Muyage Apricot Juice (Not From Concentrate)\"}]},{\"@type\":\"WebSite\",\"@id\":\"https:\/\/jiushidao.com\/#website\",\"url\":\"https:\/\/jiushidao.com\/\",\"name\":\"Jiushidao - Global Food Marketplace for Business Growth and Cosumers\",\"description\":\"Jiushidao - Global Food Marketplace for Business Growth and Cosumers\",\"potentialAction\":[{\"@type\":\"SearchAction\",\"target\":{\"@type\":\"EntryPoint\",\"urlTemplate\":\"https:\/\/jiushidao.com\/?s={search_term_string}\"},\"query-input\":{\"@type\":\"PropertyValueSpecification\",\"valueRequired\":true,\"valueName\":\"search_term_string\"}}],\"inLanguage\":\"es\"}]}<\/script>\n<!-- \/ Yoast SEO Premium plugin. -->","yoast_head_json":{"title":"Xinjiang Fruit Extract NFC Muyage Apricot Juice (Not From Concentrate) - Jiushidao - Global Food Marketplace for Business Growth and Cosumers","robots":{"index":"index","follow":"follow","max-snippet":"max-snippet:-1","max-image-preview":"max-image-preview:large","max-video-preview":"max-video-preview:-1"},"canonical":"https:\/\/jiushidao.com\/es\/producto\/xinjiang-fruit-extract-nfc-muyage-apricot-juice-not-from-concentrate\/","og_locale":"es_ES","og_type":"article","og_title":"Xinjiang Fruit Extract NFC Muyage Apricot Juice (Not From Concentrate)","og_description":"Indulge in the pure, sun-ripened taste of Xinjiang with\u00a0Jiangguocui NFC Muyage Apricot Juice. Sourced from Kashgar\u2014known as the &#8220;Hometown of Apricots&#8221;\u2014our Muyage apricots thrive in the [\u2026]","og_url":"https:\/\/jiushidao.com\/es\/producto\/xinjiang-fruit-extract-nfc-muyage-apricot-juice-not-from-concentrate\/","og_site_name":"Jiushidao - Global Food Marketplace for Business Growth and Cosumers","article_modified_time":"2025-10-31T05:06:44+00:00","og_image":[{"width":305,"height":305,"url":"https:\/\/jiushidao.com\/wp-content\/uploads\/2025\/10\/\u56fe\u72475-4.png","type":"image\/png"}],"twitter_card":"summary_large_image","twitter_misc":{"Tiempo de lectura":"2 minutos"},"schema":{"@context":"https:\/\/schema.org","@graph":[{"@type":"WebPage","@id":"https:\/\/jiushidao.com\/product\/xinjiang-fruit-extract-nfc-muyage-apricot-juice-not-from-concentrate\/","url":"https:\/\/jiushidao.com\/product\/xinjiang-fruit-extract-nfc-muyage-apricot-juice-not-from-concentrate\/","name":"Xinjiang Fruit Extract NFC Muyage Apricot Juice (Not From Concentrate) - Jiushidao - Global Food Marketplace for Business Growth and Cosumers","isPartOf":{"@id":"https:\/\/jiushidao.com\/#website"},"primaryImageOfPage":{"@id":"https:\/\/jiushidao.com\/product\/xinjiang-fruit-extract-nfc-muyage-apricot-juice-not-from-concentrate\/#primaryimage"},"image":{"@id":"https:\/\/jiushidao.com\/product\/xinjiang-fruit-extract-nfc-muyage-apricot-juice-not-from-concentrate\/#primaryimage"},"thumbnailUrl":"https:\/\/jiushidao.com\/wp-content\/uploads\/2025\/10\/\u56fe\u72475-4.png","datePublished":"2025-10-31T05:06:43+00:00","dateModified":"2025-10-31T05:06:44+00:00","breadcrumb":{"@id":"https:\/\/jiushidao.com\/product\/xinjiang-fruit-extract-nfc-muyage-apricot-juice-not-from-concentrate\/#breadcrumb"},"inLanguage":"es","potentialAction":[{"@type":"ReadAction","target":["https:\/\/jiushidao.com\/product\/xinjiang-fruit-extract-nfc-muyage-apricot-juice-not-from-concentrate\/"]}]},{"@type":"ImageObject","inLanguage":"es","@id":"https:\/\/jiushidao.com\/product\/xinjiang-fruit-extract-nfc-muyage-apricot-juice-not-from-concentrate\/#primaryimage","url":"https:\/\/jiushidao.com\/wp-content\/uploads\/2025\/10\/\u56fe\u72475-4.png","contentUrl":"https:\/\/jiushidao.com\/wp-content\/uploads\/2025\/10\/\u56fe\u72475-4.png","width":305,"height":305},{"@type":"BreadcrumbList","@id":"https:\/\/jiushidao.com\/product\/xinjiang-fruit-extract-nfc-muyage-apricot-juice-not-from-concentrate\/#breadcrumb","itemListElement":[{"@type":"ListItem","position":1,"name":"Home","item":"https:\/\/jiushidao.com\/"},{"@type":"ListItem","position":2,"name":"Store","item":"https:\/\/jiushidao.com\/store\/"},{"@type":"ListItem","position":3,"name":"Xinjiang Fruit Extract NFC Muyage Apricot Juice (Not From Concentrate)"}]},{"@type":"WebSite","@id":"https:\/\/jiushidao.com\/#website","url":"https:\/\/jiushidao.com\/","name":"Jiushidao - Global Food Marketplace for Business Growth and Cosumers","description":"Jiushidao - Global Food Marketplace for Business Growth and Cosumers","potentialAction":[{"@type":"SearchAction","target":{"@type":"EntryPoint","urlTemplate":"https:\/\/jiushidao.com\/?s={search_term_string}"},"query-input":{"@type":"PropertyValueSpecification","valueRequired":true,"valueName":"search_term_string"}}],"inLanguage":"es"}]}},"_links":{"self":[{"href":"https:\/\/jiushidao.com\/es\/wp-json\/wp\/v2\/product\/923","targetHints":{"allow":["GET"]}}],"collection":[{"href":"https:\/\/jiushidao.com\/es\/wp-json\/wp\/v2\/product"}],"about":[{"href":"https:\/\/jiushidao.com\/es\/wp-json\/wp\/v2\/types\/product"}],"replies":[{"embeddable":true,"href":"https:\/\/jiushidao.com\/es\/wp-json\/wp\/v2\/comments?post=923"}],"version-history":[{"count":1,"href":"https:\/\/jiushidao.com\/es\/wp-json\/wp\/v2\/product\/923\/revisions"}],"predecessor-version":[{"id":925,"href":"https:\/\/jiushidao.com\/es\/wp-json\/wp\/v2\/product\/923\/revisions\/925"}],"wp:featuredmedia":[{"embeddable":true,"href":"https:\/\/jiushidao.com\/es\/wp-json\/wp\/v2\/media\/924"}],"wp:attachment":[{"href":"https:\/\/jiushidao.com\/es\/wp-json\/wp\/v2\/media?parent=923"}],"wp:term":[{"taxonomy":"product_brand","embeddable":true,"href":"https:\/\/jiushidao.com\/es\/wp-json\/wp\/v2\/product_brand?post=923"},{"taxonomy":"product_cat","embeddable":true,"href":"https:\/\/jiushidao.com\/es\/wp-json\/wp\/v2\/product_cat?post=923"},{"taxonomy":"product_tag","embeddable":true,"href":"https:\/\/jiushidao.com\/es\/wp-json\/wp\/v2\/product_tag?post=923"}],"curies":[{"name":"wp","href":"https:\/\/api.w.org\/{rel}","templated":true}]}}