{"id":907,"date":"2025-10-31T04:32:35","date_gmt":"2025-10-31T04:32:35","guid":{"rendered":"https:\/\/jiushidao.com\/?post_type=product&#038;p=907"},"modified":"2025-10-31T04:32:36","modified_gmt":"2025-10-31T04:32:36","slug":"kashi-nanda-maifdun-xinjiang-prune-milk-naan-800g","status":"publish","type":"product","link":"https:\/\/jiushidao.com\/es\/producto\/kashi-nanda-maifdun-xinjiang-prune-milk-naan-800g\/","title":{"rendered":"Kashi Nanda Maifdun Xinjiang Leche de Ciruela Naan 800g"},"content":{"rendered":"<section class=\"ybc-p\">Del\u00e9itate con la fusi\u00f3n \u00fanica de dulce y salado del Kashgar Nanda Maifudun Xinjiang Prune Milk Naan. Cada caja de 800 g contiene panes planos horneados a alta temperatura, de un dorado perfecto, elaborados con\u00a0<strong>harina de trigo de invierno de primera calidad<\/strong>y enriquecido con\u00a0<strong>Leche pura de los pastos glaciares de Nanda<\/strong>Relleno con abundante relleno de\u00a0<strong>Las mejores ciruelas pasas secadas al sol de Xinjiang<\/strong>Estos naan ofrecen un equilibrio perfecto entre textura crujiente, cremosidad y dulzura natural.<\/section>\n<section class=\"ybc-p\">Ideales como tentempi\u00e9 nutritivo o como un delicioso postre, estos naan envueltos individualmente llevan a tu mesa el aut\u00e9ntico sabor de la tradici\u00f3n culinaria de Kashgar, listos para disfrutar en minutos.<\/section>\n<hr \/>\n<h3><strong>Caracter\u00edsticas principales<\/strong><\/h3>\n<ul class=\"ybc-ul-component\">\n<li class=\"ybc-li-component ybc-li-component_ul\">\n<section class=\"ybc-p\">\u00a0<strong>Relleno de ciruelas pasas de Xinjiang<\/strong>Ciruelas pasas secadas al sol de forma natural para un sabor dulce y \u00e1cido<\/section>\n<\/li>\n<li class=\"ybc-li-component ybc-li-component_ul\">\n<section class=\"ybc-p\">\u00a0<strong>Masa de leche fresca<\/strong>Mezclado con leche de pasto del glaciar Nanda para mayor suavidad.<\/section>\n<\/li>\n<li class=\"ybc-li-component ybc-li-component_ul\">\n<section class=\"ybc-p\">\u00a0<strong>Horneado a alta temperatura<\/strong>Superficie dorada con una textura crujiente y en capas.<\/section>\n<\/li>\n<li class=\"ybc-li-component ybc-li-component_ul\">\n<section class=\"ybc-p\">\u00a0<strong>Trigo de invierno de primera calidad<\/strong>Seleccionado por su \u00f3ptima textura y sabor.<\/section>\n<\/li>\n<li class=\"ybc-li-component ybc-li-component_ul\">\n<section class=\"ybc-p\">\u00a0<strong>Caja lista para regalo de 800 g<\/strong>Contiene varios naans envueltos individualmente.<\/section>\n<\/li>\n<\/ul>","protected":false},"excerpt":{"rendered":"<p>Del\u00e9itate con la fusi\u00f3n \u00fanica de dulce y salado del Kashgar Nanda Maifudun Xinjiang Prune Milk Naan. Cada caja de 800 g contiene panes planos horneados a alta temperatura, de un dorado perfecto.<span class=\"excerpt-hellip\"> [\u2026]<\/span><\/p>","protected":false},"featured_media":-1,"comment_status":"open","ping_status":"closed","template":"","meta":[],"product_brand":[62],"product_cat":[61],"product_tag":[],"class_list":{"0":"post-907","1":"product","2":"type-product","3":"status-publish","4":"has-post-thumbnail","6":"product_brand-62","7":"product_cat-da_jiang_you_li","9":"first","10":"instock","11":"shipping-taxable","12":"product-type-simple"},"yoast_head":"<!-- This site is optimized with the Yoast SEO Premium plugin v25.8 (Yoast SEO v25.8) - https:\/\/yoast.com\/wordpress\/plugins\/seo\/ -->\n<title>Kashi Nanda Maifdun Xinjiang Prune Milk Naan 800g - Jiushidao - Global Food Marketplace for Business Growth and Cosumers<\/title>\n<meta name=\"robots\" content=\"index, follow, max-snippet:-1, max-image-preview:large, max-video-preview:-1\" \/>\n<link rel=\"canonical\" href=\"https:\/\/jiushidao.com\/es\/producto\/kashi-nanda-maifdun-xinjiang-prune-milk-naan-800g\/\" \/>\n<meta property=\"og:locale\" content=\"es_ES\" \/>\n<meta property=\"og:type\" content=\"article\" \/>\n<meta property=\"og:title\" content=\"Kashi Nanda Maifdun Xinjiang Prune Milk Naan 800g\" \/>\n<meta property=\"og:description\" content=\"Indulge in the unique fusion of sweet and savory with Kashgar Nanda Maifudun Xinjiang Prune Milk Naan. Each 800g box features golden-brown, high-temperature baked flatbreads made [\u2026]\" \/>\n<meta property=\"og:url\" content=\"https:\/\/jiushidao.com\/es\/producto\/kashi-nanda-maifdun-xinjiang-prune-milk-naan-800g\/\" \/>\n<meta property=\"og:site_name\" content=\"Jiushidao - Global Food Marketplace for Business Growth and Cosumers\" \/>\n<meta property=\"article:modified_time\" content=\"2025-10-31T04:32:36+00:00\" \/>\n<meta name=\"twitter:card\" content=\"summary_large_image\" \/>\n<meta name=\"twitter:label1\" content=\"Tiempo de lectura\" \/>\n\t<meta name=\"twitter:data1\" content=\"1 minuto\" \/>\n<script type=\"application\/ld+json\" class=\"yoast-schema-graph\">{\"@context\":\"https:\/\/schema.org\",\"@graph\":[{\"@type\":\"WebPage\",\"@id\":\"https:\/\/jiushidao.com\/product\/kashi-nanda-maifdun-xinjiang-prune-milk-naan-800g\/\",\"url\":\"https:\/\/jiushidao.com\/product\/kashi-nanda-maifdun-xinjiang-prune-milk-naan-800g\/\",\"name\":\"Kashi Nanda Maifdun Xinjiang Prune Milk Naan 800g - Jiushidao - Global Food Marketplace for Business Growth and Cosumers\",\"isPartOf\":{\"@id\":\"https:\/\/jiushidao.com\/#website\"},\"datePublished\":\"2025-10-31T04:32:35+00:00\",\"dateModified\":\"2025-10-31T04:32:36+00:00\",\"breadcrumb\":{\"@id\":\"https:\/\/jiushidao.com\/product\/kashi-nanda-maifdun-xinjiang-prune-milk-naan-800g\/#breadcrumb\"},\"inLanguage\":\"es\",\"potentialAction\":[{\"@type\":\"ReadAction\",\"target\":[\"https:\/\/jiushidao.com\/product\/kashi-nanda-maifdun-xinjiang-prune-milk-naan-800g\/\"]}]},{\"@type\":\"BreadcrumbList\",\"@id\":\"https:\/\/jiushidao.com\/product\/kashi-nanda-maifdun-xinjiang-prune-milk-naan-800g\/#breadcrumb\",\"itemListElement\":[{\"@type\":\"ListItem\",\"position\":1,\"name\":\"Home\",\"item\":\"https:\/\/jiushidao.com\/\"},{\"@type\":\"ListItem\",\"position\":2,\"name\":\"Store\",\"item\":\"https:\/\/jiushidao.com\/store\/\"},{\"@type\":\"ListItem\",\"position\":3,\"name\":\"Kashi Nanda Maifdun Xinjiang Prune Milk Naan 800g\"}]},{\"@type\":\"WebSite\",\"@id\":\"https:\/\/jiushidao.com\/#website\",\"url\":\"https:\/\/jiushidao.com\/\",\"name\":\"Jiushidao - Global Food Marketplace for Business Growth and Cosumers\",\"description\":\"Jiushidao - Global Food Marketplace for Business Growth and Cosumers\",\"potentialAction\":[{\"@type\":\"SearchAction\",\"target\":{\"@type\":\"EntryPoint\",\"urlTemplate\":\"https:\/\/jiushidao.com\/?s={search_term_string}\"},\"query-input\":{\"@type\":\"PropertyValueSpecification\",\"valueRequired\":true,\"valueName\":\"search_term_string\"}}],\"inLanguage\":\"es\"}]}<\/script>\n<!-- \/ Yoast SEO Premium plugin. -->","yoast_head_json":{"title":"Kashi Nanda Maifdun Xinjiang Prune Milk Naan 800g - Jiushidao - Global Food Marketplace for Business Growth and Cosumers","robots":{"index":"index","follow":"follow","max-snippet":"max-snippet:-1","max-image-preview":"max-image-preview:large","max-video-preview":"max-video-preview:-1"},"canonical":"https:\/\/jiushidao.com\/es\/producto\/kashi-nanda-maifdun-xinjiang-prune-milk-naan-800g\/","og_locale":"es_ES","og_type":"article","og_title":"Kashi Nanda Maifdun Xinjiang Prune Milk Naan 800g","og_description":"Indulge in the unique fusion of sweet and savory with Kashgar Nanda Maifudun Xinjiang Prune Milk Naan. Each 800g box features golden-brown, high-temperature baked flatbreads made [\u2026]","og_url":"https:\/\/jiushidao.com\/es\/producto\/kashi-nanda-maifdun-xinjiang-prune-milk-naan-800g\/","og_site_name":"Jiushidao - Global Food Marketplace for Business Growth and Cosumers","article_modified_time":"2025-10-31T04:32:36+00:00","twitter_card":"summary_large_image","twitter_misc":{"Tiempo de lectura":"1 minuto"},"schema":{"@context":"https:\/\/schema.org","@graph":[{"@type":"WebPage","@id":"https:\/\/jiushidao.com\/product\/kashi-nanda-maifdun-xinjiang-prune-milk-naan-800g\/","url":"https:\/\/jiushidao.com\/product\/kashi-nanda-maifdun-xinjiang-prune-milk-naan-800g\/","name":"Kashi Nanda Maifdun Xinjiang Prune Milk Naan 800g - Jiushidao - Global Food Marketplace for Business Growth and Cosumers","isPartOf":{"@id":"https:\/\/jiushidao.com\/#website"},"datePublished":"2025-10-31T04:32:35+00:00","dateModified":"2025-10-31T04:32:36+00:00","breadcrumb":{"@id":"https:\/\/jiushidao.com\/product\/kashi-nanda-maifdun-xinjiang-prune-milk-naan-800g\/#breadcrumb"},"inLanguage":"es","potentialAction":[{"@type":"ReadAction","target":["https:\/\/jiushidao.com\/product\/kashi-nanda-maifdun-xinjiang-prune-milk-naan-800g\/"]}]},{"@type":"BreadcrumbList","@id":"https:\/\/jiushidao.com\/product\/kashi-nanda-maifdun-xinjiang-prune-milk-naan-800g\/#breadcrumb","itemListElement":[{"@type":"ListItem","position":1,"name":"Home","item":"https:\/\/jiushidao.com\/"},{"@type":"ListItem","position":2,"name":"Store","item":"https:\/\/jiushidao.com\/store\/"},{"@type":"ListItem","position":3,"name":"Kashi Nanda Maifdun Xinjiang Prune Milk Naan 800g"}]},{"@type":"WebSite","@id":"https:\/\/jiushidao.com\/#website","url":"https:\/\/jiushidao.com\/","name":"Jiushidao - Global Food Marketplace for Business Growth and Cosumers","description":"Jiushidao - Global Food Marketplace for Business Growth and Cosumers","potentialAction":[{"@type":"SearchAction","target":{"@type":"EntryPoint","urlTemplate":"https:\/\/jiushidao.com\/?s={search_term_string}"},"query-input":{"@type":"PropertyValueSpecification","valueRequired":true,"valueName":"search_term_string"}}],"inLanguage":"es"}]}},"_links":{"self":[{"href":"https:\/\/jiushidao.com\/es\/wp-json\/wp\/v2\/product\/907","targetHints":{"allow":["GET"]}}],"collection":[{"href":"https:\/\/jiushidao.com\/es\/wp-json\/wp\/v2\/product"}],"about":[{"href":"https:\/\/jiushidao.com\/es\/wp-json\/wp\/v2\/types\/product"}],"replies":[{"embeddable":true,"href":"https:\/\/jiushidao.com\/es\/wp-json\/wp\/v2\/comments?post=907"}],"version-history":[{"count":1,"href":"https:\/\/jiushidao.com\/es\/wp-json\/wp\/v2\/product\/907\/revisions"}],"predecessor-version":[{"id":908,"href":"https:\/\/jiushidao.com\/es\/wp-json\/wp\/v2\/product\/907\/revisions\/908"}],"wp:featuredmedia":[{"embeddable":true,"href":"https:\/\/jiushidao.com\/es\/wp-json\/"}],"wp:attachment":[{"href":"https:\/\/jiushidao.com\/es\/wp-json\/wp\/v2\/media?parent=907"}],"wp:term":[{"taxonomy":"product_brand","embeddable":true,"href":"https:\/\/jiushidao.com\/es\/wp-json\/wp\/v2\/product_brand?post=907"},{"taxonomy":"product_cat","embeddable":true,"href":"https:\/\/jiushidao.com\/es\/wp-json\/wp\/v2\/product_cat?post=907"},{"taxonomy":"product_tag","embeddable":true,"href":"https:\/\/jiushidao.com\/es\/wp-json\/wp\/v2\/product_tag?post=907"}],"curies":[{"name":"wp","href":"https:\/\/api.w.org\/{rel}","templated":true}]}}