{"id":895,"date":"2025-10-31T04:19:26","date_gmt":"2025-10-31T04:19:26","guid":{"rendered":"https:\/\/jiushidao.com\/?post_type=product&#038;p=895"},"modified":"2025-10-31T04:19:27","modified_gmt":"2025-10-31T04:19:27","slug":"kashi-handmade-yogurt-bread-1kg","status":"publish","type":"product","link":"https:\/\/jiushidao.com\/es\/producto\/kashi-handmade-yogurt-bread-1kg\/","title":{"rendered":"Pan de yogur artesanal Kashi 1 kg"},"content":{"rendered":"<section class=\"ybc-p\">Experimenta el aut\u00e9ntico sabor de Kashgar con el pan de yogur artesanal de Nanda: un pan integral, elaborado a mano con m\u00e9todos tradicionales. Cada pan suave y esponjoso est\u00e1 impregnado de\u00a0<strong>yogur natural<\/strong>y elaborado con materiales de primera calidad\u00a0<strong>trigo de invierno de Kashgar<\/strong>y harina de trigo de verano refinada, que le confiere un sutil toque \u00e1cido y una textura h\u00fameda.<\/section>\n<section class=\"ybc-p\">Envasado al vac\u00edo para conservar su frescura, el envase de 1 kg contiene porciones individuales, ideales para compartir en familia o disfrutar como un tentempi\u00e9 nutritivo. Ya sea acompa\u00f1ado de t\u00e9 en el desayuno o como un delicioso capricho, este pan de yogur refleja la esencia del patrimonio culinario de Xinjiang.<\/section>\n<hr \/>\n<h3><strong>Caracter\u00edsticas principales<\/strong><\/h3>\n<ul class=\"ybc-ul-component\">\n<li class=\"ybc-li-component ybc-li-component_ul\">\n<section class=\"ybc-p\">\u00a0<strong>Infusi\u00f3n de yogur natural<\/strong>Elaborado con aut\u00e9ntico yogur de Xinjiang para un sabor suave y ligeramente \u00e1cido<\/section>\n<\/li>\n<li class=\"ybc-li-component ybc-li-component_ul\">\n<section class=\"ybc-p\">\u00a0<strong>Granos de primera calidad<\/strong>Mezcla de trigo de invierno de Kashgar y harina de verano refinada<\/section>\n<\/li>\n<li class=\"ybc-li-component ybc-li-component_ul\">\n<section class=\"ybc-p\">\u00a0<strong>100% Hecho a mano<\/strong>Las t\u00e9cnicas de panader\u00eda artesanal garantizan la calidad tradicional.<\/section>\n<\/li>\n<li class=\"ybc-li-component ybc-li-component_ul\">\n<section class=\"ybc-p\">\u00a0<strong>Frescura sellada<\/strong>Porciones envueltas individualmente en una caja de regalo de 1 kg<\/section>\n<\/li>\n<li class=\"ybc-li-component ybc-li-component_ul\">\n<section class=\"ybc-p\">\u00a0<strong>Sin aditivos artificiales<\/strong>Ingredientes puros, sencillos y saludables<\/section>\n<\/li>\n<\/ul>","protected":false},"excerpt":{"rendered":"<p>Experimenta el aut\u00e9ntico sabor de Kashgar con el pan de yogur artesanal de Nanda: un pan integral, elaborado a mano con m\u00e9todos tradicionales. Cada pan, suave y esponjoso, est\u00e1 impregnado de yogur natural y<span class=\"excerpt-hellip\"> [\u2026]<\/span><\/p>","protected":false},"featured_media":896,"comment_status":"open","ping_status":"closed","template":"","meta":[],"product_brand":[62],"product_cat":[61],"product_tag":[],"class_list":{"0":"post-895","1":"product","2":"type-product","3":"status-publish","4":"has-post-thumbnail","6":"product_brand-62","7":"product_cat-da_jiang_you_li","9":"first","10":"instock","11":"shipping-taxable","12":"product-type-simple"},"yoast_head":"<!-- This site is optimized with the Yoast SEO Premium plugin v25.8 (Yoast SEO v25.8) - https:\/\/yoast.com\/wordpress\/plugins\/seo\/ -->\n<title>Kashi Handmade Yogurt Bread 1kg - Jiushidao - Global Food Marketplace for Business Growth and Cosumers<\/title>\n<meta name=\"robots\" content=\"index, follow, max-snippet:-1, max-image-preview:large, max-video-preview:-1\" \/>\n<link rel=\"canonical\" href=\"https:\/\/jiushidao.com\/es\/producto\/kashi-handmade-yogurt-bread-1kg\/\" \/>\n<meta property=\"og:locale\" content=\"es_ES\" \/>\n<meta property=\"og:type\" content=\"article\" \/>\n<meta property=\"og:title\" content=\"Kashi Handmade Yogurt Bread 1kg\" \/>\n<meta property=\"og:description\" content=\"Experience the authentic taste of Kashgar with Nanda\u2019s Artisan Yogurt Bread\u2014a wholesome, handcrafted pastry made using time-honored methods. Each soft, fluffy loaf is infused with\u00a0natural yogurtand [\u2026]\" \/>\n<meta property=\"og:url\" content=\"https:\/\/jiushidao.com\/es\/producto\/kashi-handmade-yogurt-bread-1kg\/\" \/>\n<meta property=\"og:site_name\" content=\"Jiushidao - Global Food Marketplace for Business Growth and Cosumers\" \/>\n<meta property=\"article:modified_time\" content=\"2025-10-31T04:19:27+00:00\" \/>\n<meta property=\"og:image\" content=\"https:\/\/jiushidao.com\/wp-content\/uploads\/2025\/10\/\u56fe\u724712-1.png\" \/>\n\t<meta property=\"og:image:width\" content=\"800\" \/>\n\t<meta property=\"og:image:height\" content=\"800\" \/>\n\t<meta property=\"og:image:type\" content=\"image\/png\" \/>\n<meta name=\"twitter:card\" content=\"summary_large_image\" \/>\n<meta name=\"twitter:label1\" content=\"Tiempo de lectura\" \/>\n\t<meta name=\"twitter:data1\" content=\"1 minuto\" \/>\n<script type=\"application\/ld+json\" class=\"yoast-schema-graph\">{\"@context\":\"https:\/\/schema.org\",\"@graph\":[{\"@type\":\"WebPage\",\"@id\":\"https:\/\/jiushidao.com\/product\/kashi-handmade-yogurt-bread-1kg\/\",\"url\":\"https:\/\/jiushidao.com\/product\/kashi-handmade-yogurt-bread-1kg\/\",\"name\":\"Kashi Handmade Yogurt Bread 1kg - Jiushidao - Global Food Marketplace for Business Growth and Cosumers\",\"isPartOf\":{\"@id\":\"https:\/\/jiushidao.com\/#website\"},\"primaryImageOfPage\":{\"@id\":\"https:\/\/jiushidao.com\/product\/kashi-handmade-yogurt-bread-1kg\/#primaryimage\"},\"image\":{\"@id\":\"https:\/\/jiushidao.com\/product\/kashi-handmade-yogurt-bread-1kg\/#primaryimage\"},\"thumbnailUrl\":\"https:\/\/jiushidao.com\/wp-content\/uploads\/2025\/10\/\u56fe\u724712-1.png\",\"datePublished\":\"2025-10-31T04:19:26+00:00\",\"dateModified\":\"2025-10-31T04:19:27+00:00\",\"breadcrumb\":{\"@id\":\"https:\/\/jiushidao.com\/product\/kashi-handmade-yogurt-bread-1kg\/#breadcrumb\"},\"inLanguage\":\"es\",\"potentialAction\":[{\"@type\":\"ReadAction\",\"target\":[\"https:\/\/jiushidao.com\/product\/kashi-handmade-yogurt-bread-1kg\/\"]}]},{\"@type\":\"ImageObject\",\"inLanguage\":\"es\",\"@id\":\"https:\/\/jiushidao.com\/product\/kashi-handmade-yogurt-bread-1kg\/#primaryimage\",\"url\":\"https:\/\/jiushidao.com\/wp-content\/uploads\/2025\/10\/\u56fe\u724712-1.png\",\"contentUrl\":\"https:\/\/jiushidao.com\/wp-content\/uploads\/2025\/10\/\u56fe\u724712-1.png\",\"width\":800,\"height\":800},{\"@type\":\"BreadcrumbList\",\"@id\":\"https:\/\/jiushidao.com\/product\/kashi-handmade-yogurt-bread-1kg\/#breadcrumb\",\"itemListElement\":[{\"@type\":\"ListItem\",\"position\":1,\"name\":\"Home\",\"item\":\"https:\/\/jiushidao.com\/\"},{\"@type\":\"ListItem\",\"position\":2,\"name\":\"Store\",\"item\":\"https:\/\/jiushidao.com\/store\/\"},{\"@type\":\"ListItem\",\"position\":3,\"name\":\"Kashi Handmade Yogurt Bread 1kg\"}]},{\"@type\":\"WebSite\",\"@id\":\"https:\/\/jiushidao.com\/#website\",\"url\":\"https:\/\/jiushidao.com\/\",\"name\":\"Jiushidao - Global Food Marketplace for Business Growth and Cosumers\",\"description\":\"Jiushidao - Global Food Marketplace for Business Growth and Cosumers\",\"potentialAction\":[{\"@type\":\"SearchAction\",\"target\":{\"@type\":\"EntryPoint\",\"urlTemplate\":\"https:\/\/jiushidao.com\/?s={search_term_string}\"},\"query-input\":{\"@type\":\"PropertyValueSpecification\",\"valueRequired\":true,\"valueName\":\"search_term_string\"}}],\"inLanguage\":\"es\"}]}<\/script>\n<!-- \/ Yoast SEO Premium plugin. -->","yoast_head_json":{"title":"Kashi Handmade Yogurt Bread 1kg - Jiushidao - Global Food Marketplace for Business Growth and Cosumers","robots":{"index":"index","follow":"follow","max-snippet":"max-snippet:-1","max-image-preview":"max-image-preview:large","max-video-preview":"max-video-preview:-1"},"canonical":"https:\/\/jiushidao.com\/es\/producto\/kashi-handmade-yogurt-bread-1kg\/","og_locale":"es_ES","og_type":"article","og_title":"Kashi Handmade Yogurt Bread 1kg","og_description":"Experience the authentic taste of Kashgar with Nanda\u2019s Artisan Yogurt Bread\u2014a wholesome, handcrafted pastry made using time-honored methods. Each soft, fluffy loaf is infused with\u00a0natural yogurtand [\u2026]","og_url":"https:\/\/jiushidao.com\/es\/producto\/kashi-handmade-yogurt-bread-1kg\/","og_site_name":"Jiushidao - Global Food Marketplace for Business Growth and Cosumers","article_modified_time":"2025-10-31T04:19:27+00:00","og_image":[{"width":800,"height":800,"url":"https:\/\/jiushidao.com\/wp-content\/uploads\/2025\/10\/\u56fe\u724712-1.png","type":"image\/png"}],"twitter_card":"summary_large_image","twitter_misc":{"Tiempo de lectura":"1 minuto"},"schema":{"@context":"https:\/\/schema.org","@graph":[{"@type":"WebPage","@id":"https:\/\/jiushidao.com\/product\/kashi-handmade-yogurt-bread-1kg\/","url":"https:\/\/jiushidao.com\/product\/kashi-handmade-yogurt-bread-1kg\/","name":"Kashi Handmade Yogurt Bread 1kg - Jiushidao - Global Food Marketplace for Business Growth and Cosumers","isPartOf":{"@id":"https:\/\/jiushidao.com\/#website"},"primaryImageOfPage":{"@id":"https:\/\/jiushidao.com\/product\/kashi-handmade-yogurt-bread-1kg\/#primaryimage"},"image":{"@id":"https:\/\/jiushidao.com\/product\/kashi-handmade-yogurt-bread-1kg\/#primaryimage"},"thumbnailUrl":"https:\/\/jiushidao.com\/wp-content\/uploads\/2025\/10\/\u56fe\u724712-1.png","datePublished":"2025-10-31T04:19:26+00:00","dateModified":"2025-10-31T04:19:27+00:00","breadcrumb":{"@id":"https:\/\/jiushidao.com\/product\/kashi-handmade-yogurt-bread-1kg\/#breadcrumb"},"inLanguage":"es","potentialAction":[{"@type":"ReadAction","target":["https:\/\/jiushidao.com\/product\/kashi-handmade-yogurt-bread-1kg\/"]}]},{"@type":"ImageObject","inLanguage":"es","@id":"https:\/\/jiushidao.com\/product\/kashi-handmade-yogurt-bread-1kg\/#primaryimage","url":"https:\/\/jiushidao.com\/wp-content\/uploads\/2025\/10\/\u56fe\u724712-1.png","contentUrl":"https:\/\/jiushidao.com\/wp-content\/uploads\/2025\/10\/\u56fe\u724712-1.png","width":800,"height":800},{"@type":"BreadcrumbList","@id":"https:\/\/jiushidao.com\/product\/kashi-handmade-yogurt-bread-1kg\/#breadcrumb","itemListElement":[{"@type":"ListItem","position":1,"name":"Home","item":"https:\/\/jiushidao.com\/"},{"@type":"ListItem","position":2,"name":"Store","item":"https:\/\/jiushidao.com\/store\/"},{"@type":"ListItem","position":3,"name":"Kashi Handmade Yogurt Bread 1kg"}]},{"@type":"WebSite","@id":"https:\/\/jiushidao.com\/#website","url":"https:\/\/jiushidao.com\/","name":"Jiushidao - Global Food Marketplace for Business Growth and Cosumers","description":"Jiushidao - Global Food Marketplace for Business Growth and Cosumers","potentialAction":[{"@type":"SearchAction","target":{"@type":"EntryPoint","urlTemplate":"https:\/\/jiushidao.com\/?s={search_term_string}"},"query-input":{"@type":"PropertyValueSpecification","valueRequired":true,"valueName":"search_term_string"}}],"inLanguage":"es"}]}},"_links":{"self":[{"href":"https:\/\/jiushidao.com\/es\/wp-json\/wp\/v2\/product\/895","targetHints":{"allow":["GET"]}}],"collection":[{"href":"https:\/\/jiushidao.com\/es\/wp-json\/wp\/v2\/product"}],"about":[{"href":"https:\/\/jiushidao.com\/es\/wp-json\/wp\/v2\/types\/product"}],"replies":[{"embeddable":true,"href":"https:\/\/jiushidao.com\/es\/wp-json\/wp\/v2\/comments?post=895"}],"version-history":[{"count":1,"href":"https:\/\/jiushidao.com\/es\/wp-json\/wp\/v2\/product\/895\/revisions"}],"predecessor-version":[{"id":897,"href":"https:\/\/jiushidao.com\/es\/wp-json\/wp\/v2\/product\/895\/revisions\/897"}],"wp:featuredmedia":[{"embeddable":true,"href":"https:\/\/jiushidao.com\/es\/wp-json\/wp\/v2\/media\/896"}],"wp:attachment":[{"href":"https:\/\/jiushidao.com\/es\/wp-json\/wp\/v2\/media?parent=895"}],"wp:term":[{"taxonomy":"product_brand","embeddable":true,"href":"https:\/\/jiushidao.com\/es\/wp-json\/wp\/v2\/product_brand?post=895"},{"taxonomy":"product_cat","embeddable":true,"href":"https:\/\/jiushidao.com\/es\/wp-json\/wp\/v2\/product_cat?post=895"},{"taxonomy":"product_tag","embeddable":true,"href":"https:\/\/jiushidao.com\/es\/wp-json\/wp\/v2\/product_tag?post=895"}],"curies":[{"name":"wp","href":"https:\/\/api.w.org\/{rel}","templated":true}]}}