{"id":886,"date":"2025-10-31T04:08:57","date_gmt":"2025-10-31T04:08:57","guid":{"rendered":"https:\/\/jiushidao.com\/?post_type=product&#038;p=886"},"modified":"2025-10-31T04:08:58","modified_gmt":"2025-10-31T04:08:58","slug":"kashi-milk-naan-bread-1kg","status":"publish","type":"product","link":"https:\/\/jiushidao.com\/es\/producto\/kashi-milk-naan-bread-1kg\/","title":{"rendered":"Pan naan de leche Kashi 1 kg"},"content":{"rendered":"<section class=\"ybc-p\">Experimente el aut\u00e9ntico sabor de Xinjiang con el Nandu Milk Naan, un pan plano tradicional elaborado con generaciones de artesan\u00eda. Cada pieza est\u00e1 hecha de\u00a0<strong>trigo de invierno de Kashgar<\/strong>Madurado durante nueve meses bajo el sol de gran altitud para desarrollar un aroma distintivo y saludable. Mezclamos este trigo premium con\u00a0<strong>100% leche pura<\/strong>de los pr\u00edstinos pastos glaciares de Nandu, creando un naan suave y fragante que transmite el sabor genuino de la bondad de la tierra natal.<\/section>\n<section class=\"ybc-p\">Envasado en una caja de 1 kg con porciones individuales, este naan de leche es perfecto para el desayuno, la merienda o como un acompa\u00f1amiento saludable para las comidas. Ya sea solo o acompa\u00f1ado de t\u00e9, sopa o salsas, lleva un trocito de la rica tradici\u00f3n culinaria de Xinjiang a su mesa.<\/section>\n<hr \/>\n<section class=\"ybc-p\"><strong>Caracter\u00edsticas principales<\/strong><\/section>\n<ul class=\"ybc-ul-component\">\n<li class=\"ybc-li-component ybc-li-component_ul\">\n<section class=\"ybc-p\">\u00a0<strong>Trigo de invierno de Kashgar<\/strong>Madurado lentamente durante 9 meses para lograr una fragancia y textura \u00fanicas.<\/section>\n<\/li>\n<li class=\"ybc-li-component ybc-li-component_ul\">\n<section class=\"ybc-p\">\u00a0<strong>100% Leche Glacial<\/strong>:Procedente de pastos de gran altitud libres de contaminaci\u00f3n de Nandu.<\/section>\n<\/li>\n<li class=\"ybc-li-component ybc-li-component_ul\">\n<section class=\"ybc-p\">\u00a0<strong>Receta tradicional<\/strong>:Naan suave y arom\u00e1tico con una dulzura lechosa natural.<\/section>\n<\/li>\n<li class=\"ybc-li-component ybc-li-component_ul\">\n<section class=\"ybc-p\">\u00a0<strong>Pr\u00e1ctico paquete de 1 kg<\/strong>:Envuelto individualmente para mayor frescura y f\u00e1cil de compartir.<\/section>\n<\/li>\n<li class=\"ybc-li-component ybc-li-component_ul\">\n<section class=\"ybc-p\">\u00a0<strong>Aut\u00e9ntico origen de Xinjiang<\/strong>:Elaborado en Kashgar, con ingredientes de origen local.<\/section>\n<\/li>\n<\/ul>","protected":false},"excerpt":{"rendered":"<p>Experimente el aut\u00e9ntico sabor de Xinjiang con el Nandu Milk Naan, un pan plano tradicional elaborado con generaciones de artesan\u00eda. Cada pieza est\u00e1 hecha de trigo de invierno de Kashgar, madurado durante...<span class=\"excerpt-hellip\"> [\u2026]<\/span><\/p>","protected":false},"featured_media":887,"comment_status":"open","ping_status":"closed","template":"","meta":[],"product_brand":[62],"product_cat":[61],"product_tag":[],"class_list":{"0":"post-886","1":"product","2":"type-product","3":"status-publish","4":"has-post-thumbnail","6":"product_brand-62","7":"product_cat-da_jiang_you_li","9":"first","10":"instock","11":"shipping-taxable","12":"product-type-simple"},"yoast_head":"<!-- This site is optimized with the Yoast SEO Premium plugin v25.8 (Yoast SEO v25.8) - https:\/\/yoast.com\/wordpress\/plugins\/seo\/ -->\n<title>Kashi Milk Naan Bread 1kg - Jiushidao - Global Food Marketplace for Business Growth and Cosumers<\/title>\n<meta name=\"robots\" content=\"index, follow, max-snippet:-1, max-image-preview:large, max-video-preview:-1\" \/>\n<link rel=\"canonical\" href=\"https:\/\/jiushidao.com\/es\/producto\/kashi-milk-naan-bread-1kg\/\" \/>\n<meta property=\"og:locale\" content=\"es_ES\" \/>\n<meta property=\"og:type\" content=\"article\" \/>\n<meta property=\"og:title\" content=\"Kashi Milk Naan Bread 1kg\" \/>\n<meta property=\"og:description\" content=\"Experience the authentic flavor of Xinjiang with Nandu Milk Naan\u2014a traditional flatbread baked with generations of craftsmanship. Each piece is made from\u00a0Kashgar winter wheat, matured over [\u2026]\" \/>\n<meta property=\"og:url\" content=\"https:\/\/jiushidao.com\/es\/producto\/kashi-milk-naan-bread-1kg\/\" \/>\n<meta property=\"og:site_name\" content=\"Jiushidao - Global Food Marketplace for Business Growth and Cosumers\" \/>\n<meta property=\"article:modified_time\" content=\"2025-10-31T04:08:58+00:00\" \/>\n<meta property=\"og:image\" content=\"https:\/\/jiushidao.com\/wp-content\/uploads\/2025\/10\/\u56fe\u72479.png\" \/>\n\t<meta property=\"og:image:width\" content=\"800\" \/>\n\t<meta property=\"og:image:height\" content=\"800\" \/>\n\t<meta property=\"og:image:type\" content=\"image\/png\" \/>\n<meta name=\"twitter:card\" content=\"summary_large_image\" \/>\n<meta name=\"twitter:label1\" content=\"Tiempo de lectura\" \/>\n\t<meta name=\"twitter:data1\" content=\"1 minuto\" \/>\n<script type=\"application\/ld+json\" class=\"yoast-schema-graph\">{\"@context\":\"https:\/\/schema.org\",\"@graph\":[{\"@type\":\"WebPage\",\"@id\":\"https:\/\/jiushidao.com\/product\/kashi-milk-naan-bread-1kg\/\",\"url\":\"https:\/\/jiushidao.com\/product\/kashi-milk-naan-bread-1kg\/\",\"name\":\"Kashi Milk Naan Bread 1kg - Jiushidao - Global Food Marketplace for Business Growth and Cosumers\",\"isPartOf\":{\"@id\":\"https:\/\/jiushidao.com\/#website\"},\"primaryImageOfPage\":{\"@id\":\"https:\/\/jiushidao.com\/product\/kashi-milk-naan-bread-1kg\/#primaryimage\"},\"image\":{\"@id\":\"https:\/\/jiushidao.com\/product\/kashi-milk-naan-bread-1kg\/#primaryimage\"},\"thumbnailUrl\":\"https:\/\/jiushidao.com\/wp-content\/uploads\/2025\/10\/\u56fe\u72479.png\",\"datePublished\":\"2025-10-31T04:08:57+00:00\",\"dateModified\":\"2025-10-31T04:08:58+00:00\",\"breadcrumb\":{\"@id\":\"https:\/\/jiushidao.com\/product\/kashi-milk-naan-bread-1kg\/#breadcrumb\"},\"inLanguage\":\"es\",\"potentialAction\":[{\"@type\":\"ReadAction\",\"target\":[\"https:\/\/jiushidao.com\/product\/kashi-milk-naan-bread-1kg\/\"]}]},{\"@type\":\"ImageObject\",\"inLanguage\":\"es\",\"@id\":\"https:\/\/jiushidao.com\/product\/kashi-milk-naan-bread-1kg\/#primaryimage\",\"url\":\"https:\/\/jiushidao.com\/wp-content\/uploads\/2025\/10\/\u56fe\u72479.png\",\"contentUrl\":\"https:\/\/jiushidao.com\/wp-content\/uploads\/2025\/10\/\u56fe\u72479.png\",\"width\":800,\"height\":800},{\"@type\":\"BreadcrumbList\",\"@id\":\"https:\/\/jiushidao.com\/product\/kashi-milk-naan-bread-1kg\/#breadcrumb\",\"itemListElement\":[{\"@type\":\"ListItem\",\"position\":1,\"name\":\"Home\",\"item\":\"https:\/\/jiushidao.com\/\"},{\"@type\":\"ListItem\",\"position\":2,\"name\":\"Store\",\"item\":\"https:\/\/jiushidao.com\/store\/\"},{\"@type\":\"ListItem\",\"position\":3,\"name\":\"Kashi Milk Naan Bread 1kg\"}]},{\"@type\":\"WebSite\",\"@id\":\"https:\/\/jiushidao.com\/#website\",\"url\":\"https:\/\/jiushidao.com\/\",\"name\":\"Jiushidao - Global Food Marketplace for Business Growth and Cosumers\",\"description\":\"Jiushidao - Global Food Marketplace for Business Growth and Cosumers\",\"potentialAction\":[{\"@type\":\"SearchAction\",\"target\":{\"@type\":\"EntryPoint\",\"urlTemplate\":\"https:\/\/jiushidao.com\/?s={search_term_string}\"},\"query-input\":{\"@type\":\"PropertyValueSpecification\",\"valueRequired\":true,\"valueName\":\"search_term_string\"}}],\"inLanguage\":\"es\"}]}<\/script>\n<!-- \/ Yoast SEO Premium plugin. -->","yoast_head_json":{"title":"Kashi Milk Naan Bread 1kg - Jiushidao - Global Food Marketplace for Business Growth and Cosumers","robots":{"index":"index","follow":"follow","max-snippet":"max-snippet:-1","max-image-preview":"max-image-preview:large","max-video-preview":"max-video-preview:-1"},"canonical":"https:\/\/jiushidao.com\/es\/producto\/kashi-milk-naan-bread-1kg\/","og_locale":"es_ES","og_type":"article","og_title":"Kashi Milk Naan Bread 1kg","og_description":"Experience the authentic flavor of Xinjiang with Nandu Milk Naan\u2014a traditional flatbread baked with generations of craftsmanship. Each piece is made from\u00a0Kashgar winter wheat, matured over [\u2026]","og_url":"https:\/\/jiushidao.com\/es\/producto\/kashi-milk-naan-bread-1kg\/","og_site_name":"Jiushidao - Global Food Marketplace for Business Growth and Cosumers","article_modified_time":"2025-10-31T04:08:58+00:00","og_image":[{"width":800,"height":800,"url":"https:\/\/jiushidao.com\/wp-content\/uploads\/2025\/10\/\u56fe\u72479.png","type":"image\/png"}],"twitter_card":"summary_large_image","twitter_misc":{"Tiempo de lectura":"1 minuto"},"schema":{"@context":"https:\/\/schema.org","@graph":[{"@type":"WebPage","@id":"https:\/\/jiushidao.com\/product\/kashi-milk-naan-bread-1kg\/","url":"https:\/\/jiushidao.com\/product\/kashi-milk-naan-bread-1kg\/","name":"Kashi Milk Naan Bread 1kg - Jiushidao - Global Food Marketplace for Business Growth and Cosumers","isPartOf":{"@id":"https:\/\/jiushidao.com\/#website"},"primaryImageOfPage":{"@id":"https:\/\/jiushidao.com\/product\/kashi-milk-naan-bread-1kg\/#primaryimage"},"image":{"@id":"https:\/\/jiushidao.com\/product\/kashi-milk-naan-bread-1kg\/#primaryimage"},"thumbnailUrl":"https:\/\/jiushidao.com\/wp-content\/uploads\/2025\/10\/\u56fe\u72479.png","datePublished":"2025-10-31T04:08:57+00:00","dateModified":"2025-10-31T04:08:58+00:00","breadcrumb":{"@id":"https:\/\/jiushidao.com\/product\/kashi-milk-naan-bread-1kg\/#breadcrumb"},"inLanguage":"es","potentialAction":[{"@type":"ReadAction","target":["https:\/\/jiushidao.com\/product\/kashi-milk-naan-bread-1kg\/"]}]},{"@type":"ImageObject","inLanguage":"es","@id":"https:\/\/jiushidao.com\/product\/kashi-milk-naan-bread-1kg\/#primaryimage","url":"https:\/\/jiushidao.com\/wp-content\/uploads\/2025\/10\/\u56fe\u72479.png","contentUrl":"https:\/\/jiushidao.com\/wp-content\/uploads\/2025\/10\/\u56fe\u72479.png","width":800,"height":800},{"@type":"BreadcrumbList","@id":"https:\/\/jiushidao.com\/product\/kashi-milk-naan-bread-1kg\/#breadcrumb","itemListElement":[{"@type":"ListItem","position":1,"name":"Home","item":"https:\/\/jiushidao.com\/"},{"@type":"ListItem","position":2,"name":"Store","item":"https:\/\/jiushidao.com\/store\/"},{"@type":"ListItem","position":3,"name":"Kashi Milk Naan Bread 1kg"}]},{"@type":"WebSite","@id":"https:\/\/jiushidao.com\/#website","url":"https:\/\/jiushidao.com\/","name":"Jiushidao - Global Food Marketplace for Business Growth and Cosumers","description":"Jiushidao - Global Food Marketplace for Business Growth and Cosumers","potentialAction":[{"@type":"SearchAction","target":{"@type":"EntryPoint","urlTemplate":"https:\/\/jiushidao.com\/?s={search_term_string}"},"query-input":{"@type":"PropertyValueSpecification","valueRequired":true,"valueName":"search_term_string"}}],"inLanguage":"es"}]}},"_links":{"self":[{"href":"https:\/\/jiushidao.com\/es\/wp-json\/wp\/v2\/product\/886","targetHints":{"allow":["GET"]}}],"collection":[{"href":"https:\/\/jiushidao.com\/es\/wp-json\/wp\/v2\/product"}],"about":[{"href":"https:\/\/jiushidao.com\/es\/wp-json\/wp\/v2\/types\/product"}],"replies":[{"embeddable":true,"href":"https:\/\/jiushidao.com\/es\/wp-json\/wp\/v2\/comments?post=886"}],"version-history":[{"count":1,"href":"https:\/\/jiushidao.com\/es\/wp-json\/wp\/v2\/product\/886\/revisions"}],"predecessor-version":[{"id":888,"href":"https:\/\/jiushidao.com\/es\/wp-json\/wp\/v2\/product\/886\/revisions\/888"}],"wp:featuredmedia":[{"embeddable":true,"href":"https:\/\/jiushidao.com\/es\/wp-json\/wp\/v2\/media\/887"}],"wp:attachment":[{"href":"https:\/\/jiushidao.com\/es\/wp-json\/wp\/v2\/media?parent=886"}],"wp:term":[{"taxonomy":"product_brand","embeddable":true,"href":"https:\/\/jiushidao.com\/es\/wp-json\/wp\/v2\/product_brand?post=886"},{"taxonomy":"product_cat","embeddable":true,"href":"https:\/\/jiushidao.com\/es\/wp-json\/wp\/v2\/product_cat?post=886"},{"taxonomy":"product_tag","embeddable":true,"href":"https:\/\/jiushidao.com\/es\/wp-json\/wp\/v2\/product_tag?post=886"}],"curies":[{"name":"wp","href":"https:\/\/api.w.org\/{rel}","templated":true}]}}