{"id":883,"date":"2025-10-31T04:05:41","date_gmt":"2025-10-31T04:05:41","guid":{"rendered":"https:\/\/jiushidao.com\/?post_type=product&#038;p=883"},"modified":"2025-10-31T04:05:42","modified_gmt":"2025-10-31T04:05:42","slug":"kashi-tomato-juice-1l-6-boxes-per-case","status":"publish","type":"product","link":"https:\/\/jiushidao.com\/es\/producto\/kashi-tomato-juice-1l-6-boxes-per-case\/","title":{"rendered":"Jugo de tomate Kashi 1L (6 cajas por estuche)"},"content":{"rendered":"<section class=\"ybc-p\">Descubra el sabor puro de los tomates ba\u00f1ados por el sol de Xinjiang con el jugo de tomate fermentado con probi\u00f3ticos de Nanda Orchard. Elaborado con tomates de primera calidad cultivados bajo 16 horas de luz solar diaria en Kashgar, Xinjiang, cada litro de jugo se fermenta naturalmente con probi\u00f3ticos para obtener un sabor rico y \u00e1cido.<strong>Sin az\u00facar a\u00f1adido, edulcorantes artificiales ni reguladores de acidez.<\/strong>.<\/section>\n<section class=\"ybc-p\">Esterilizada en fr\u00edo y envasada con tecnolog\u00eda as\u00e9ptica para preservar la frescura y los nutrientes, esta bebida ofrece una mezcla nutritiva de los beneficios naturales del tomate y probi\u00f3ticos beneficiosos para el intestino. Ideal para consumidores que cuidan su salud y buscan una bebida refrescante y baja en calor\u00edas que favorezca la digesti\u00f3n y el bienestar.<\/section>\n<hr \/>\n<h3><strong>Caracter\u00edsticas principales<\/strong><\/h3>\n<ul class=\"ybc-ul-component\">\n<li class=\"ybc-li-component ybc-li-component_ul\">\n<section class=\"ybc-p\">\u00a0<strong>0% Az\u00facar a\u00f1adido<\/strong>:Sin sacarosa, az\u00facares bajos en grasa ni edulcorantes artificiales.<\/section>\n<\/li>\n<li class=\"ybc-li-component ybc-li-component_ul\">\n<section class=\"ybc-p\">\u00a0<strong>Fermentaci\u00f3n probi\u00f3tica natural<\/strong>: Mejora el sabor y favorece la salud intestinal.<\/section>\n<\/li>\n<li class=\"ybc-li-component ybc-li-component_ul\">\n<section class=\"ybc-p\">\u00a0<strong>Tomates premium de Xinjiang<\/strong>: Procedente de Kashgar, con 16 horas de luz solar diaria.<\/section>\n<\/li>\n<li class=\"ybc-li-component ybc-li-component_ul\">\n<section class=\"ybc-p\">\u00a0<strong>Llenado as\u00e9ptico en fr\u00edo<\/strong>: Conserva la frescura sin conservantes.<\/section>\n<\/li>\n<li class=\"ybc-li-component ybc-li-component_ul\">\n<section class=\"ybc-p\">\u00a0<strong>Paquete familiar a granel<\/strong>:6 cajas de 1 L cada una, perfectas para uso diario o para compartir<\/section>\n<\/li>\n<\/ul>","protected":false},"excerpt":{"rendered":"<p>Descubra el sabor puro de los tomates ba\u00f1ados por el sol de Xinjiang con el jugo de tomate fermentado con probi\u00f3ticos de Nanda Orchard. Elaborado con tomates de primera calidad cultivados bajo 16 horas de luz solar diaria en...<span class=\"excerpt-hellip\"> [\u2026]<\/span><\/p>","protected":false},"featured_media":884,"comment_status":"open","ping_status":"closed","template":"","meta":[],"product_brand":[62],"product_cat":[61],"product_tag":[],"class_list":{"0":"post-883","1":"product","2":"type-product","3":"status-publish","4":"has-post-thumbnail","6":"product_brand-62","7":"product_cat-da_jiang_you_li","9":"first","10":"instock","11":"shipping-taxable","12":"product-type-simple"},"yoast_head":"<!-- This site is optimized with the Yoast SEO Premium plugin v25.8 (Yoast SEO v25.8) - https:\/\/yoast.com\/wordpress\/plugins\/seo\/ -->\n<title>Kashi Tomato Juice 1L (6 Boxes per Case) - Jiushidao - Global Food Marketplace for Business Growth and Cosumers<\/title>\n<meta name=\"robots\" content=\"index, follow, max-snippet:-1, max-image-preview:large, max-video-preview:-1\" \/>\n<link rel=\"canonical\" href=\"https:\/\/jiushidao.com\/es\/producto\/kashi-tomato-juice-1l-6-boxes-per-case\/\" \/>\n<meta property=\"og:locale\" content=\"es_ES\" \/>\n<meta property=\"og:type\" content=\"article\" \/>\n<meta property=\"og:title\" content=\"Kashi Tomato Juice 1L (6 Boxes per Case)\" \/>\n<meta property=\"og:description\" content=\"Discover the pure taste of Xinjiang\u2019s sun-kissed tomatoes with Nanda Orchard\u2019s probiotic-fermented tomato juice. Made from premium tomatoes grown under 16 hours of daily sunlight in [\u2026]\" \/>\n<meta property=\"og:url\" content=\"https:\/\/jiushidao.com\/es\/producto\/kashi-tomato-juice-1l-6-boxes-per-case\/\" \/>\n<meta property=\"og:site_name\" content=\"Jiushidao - Global Food Marketplace for Business Growth and Cosumers\" \/>\n<meta property=\"article:modified_time\" content=\"2025-10-31T04:05:42+00:00\" \/>\n<meta property=\"og:image\" content=\"https:\/\/jiushidao.com\/wp-content\/uploads\/2025\/10\/\u56fe\u72478-1.png\" \/>\n\t<meta property=\"og:image:width\" content=\"800\" \/>\n\t<meta property=\"og:image:height\" content=\"800\" \/>\n\t<meta property=\"og:image:type\" content=\"image\/png\" \/>\n<meta name=\"twitter:card\" content=\"summary_large_image\" \/>\n<meta name=\"twitter:label1\" content=\"Tiempo de lectura\" \/>\n\t<meta name=\"twitter:data1\" content=\"1 minuto\" \/>\n<script type=\"application\/ld+json\" class=\"yoast-schema-graph\">{\"@context\":\"https:\/\/schema.org\",\"@graph\":[{\"@type\":\"WebPage\",\"@id\":\"https:\/\/jiushidao.com\/product\/kashi-tomato-juice-1l-6-boxes-per-case\/\",\"url\":\"https:\/\/jiushidao.com\/product\/kashi-tomato-juice-1l-6-boxes-per-case\/\",\"name\":\"Kashi Tomato Juice 1L (6 Boxes per Case) - Jiushidao - Global Food Marketplace for Business Growth and Cosumers\",\"isPartOf\":{\"@id\":\"https:\/\/jiushidao.com\/#website\"},\"primaryImageOfPage\":{\"@id\":\"https:\/\/jiushidao.com\/product\/kashi-tomato-juice-1l-6-boxes-per-case\/#primaryimage\"},\"image\":{\"@id\":\"https:\/\/jiushidao.com\/product\/kashi-tomato-juice-1l-6-boxes-per-case\/#primaryimage\"},\"thumbnailUrl\":\"https:\/\/jiushidao.com\/wp-content\/uploads\/2025\/10\/\u56fe\u72478-1.png\",\"datePublished\":\"2025-10-31T04:05:41+00:00\",\"dateModified\":\"2025-10-31T04:05:42+00:00\",\"breadcrumb\":{\"@id\":\"https:\/\/jiushidao.com\/product\/kashi-tomato-juice-1l-6-boxes-per-case\/#breadcrumb\"},\"inLanguage\":\"es\",\"potentialAction\":[{\"@type\":\"ReadAction\",\"target\":[\"https:\/\/jiushidao.com\/product\/kashi-tomato-juice-1l-6-boxes-per-case\/\"]}]},{\"@type\":\"ImageObject\",\"inLanguage\":\"es\",\"@id\":\"https:\/\/jiushidao.com\/product\/kashi-tomato-juice-1l-6-boxes-per-case\/#primaryimage\",\"url\":\"https:\/\/jiushidao.com\/wp-content\/uploads\/2025\/10\/\u56fe\u72478-1.png\",\"contentUrl\":\"https:\/\/jiushidao.com\/wp-content\/uploads\/2025\/10\/\u56fe\u72478-1.png\",\"width\":800,\"height\":800},{\"@type\":\"BreadcrumbList\",\"@id\":\"https:\/\/jiushidao.com\/product\/kashi-tomato-juice-1l-6-boxes-per-case\/#breadcrumb\",\"itemListElement\":[{\"@type\":\"ListItem\",\"position\":1,\"name\":\"Home\",\"item\":\"https:\/\/jiushidao.com\/\"},{\"@type\":\"ListItem\",\"position\":2,\"name\":\"Store\",\"item\":\"https:\/\/jiushidao.com\/store\/\"},{\"@type\":\"ListItem\",\"position\":3,\"name\":\"Kashi Tomato Juice 1L (6 Boxes per Case)\"}]},{\"@type\":\"WebSite\",\"@id\":\"https:\/\/jiushidao.com\/#website\",\"url\":\"https:\/\/jiushidao.com\/\",\"name\":\"Jiushidao - Global Food Marketplace for Business Growth and Cosumers\",\"description\":\"Jiushidao - Global Food Marketplace for Business Growth and Cosumers\",\"potentialAction\":[{\"@type\":\"SearchAction\",\"target\":{\"@type\":\"EntryPoint\",\"urlTemplate\":\"https:\/\/jiushidao.com\/?s={search_term_string}\"},\"query-input\":{\"@type\":\"PropertyValueSpecification\",\"valueRequired\":true,\"valueName\":\"search_term_string\"}}],\"inLanguage\":\"es\"}]}<\/script>\n<!-- \/ Yoast SEO Premium plugin. -->","yoast_head_json":{"title":"Kashi Tomato Juice 1L (6 Boxes per Case) - Jiushidao - Global Food Marketplace for Business Growth and Cosumers","robots":{"index":"index","follow":"follow","max-snippet":"max-snippet:-1","max-image-preview":"max-image-preview:large","max-video-preview":"max-video-preview:-1"},"canonical":"https:\/\/jiushidao.com\/es\/producto\/kashi-tomato-juice-1l-6-boxes-per-case\/","og_locale":"es_ES","og_type":"article","og_title":"Kashi Tomato Juice 1L (6 Boxes per Case)","og_description":"Discover the pure taste of Xinjiang\u2019s sun-kissed tomatoes with Nanda Orchard\u2019s probiotic-fermented tomato juice. Made from premium tomatoes grown under 16 hours of daily sunlight in [\u2026]","og_url":"https:\/\/jiushidao.com\/es\/producto\/kashi-tomato-juice-1l-6-boxes-per-case\/","og_site_name":"Jiushidao - Global Food Marketplace for Business Growth and Cosumers","article_modified_time":"2025-10-31T04:05:42+00:00","og_image":[{"width":800,"height":800,"url":"https:\/\/jiushidao.com\/wp-content\/uploads\/2025\/10\/\u56fe\u72478-1.png","type":"image\/png"}],"twitter_card":"summary_large_image","twitter_misc":{"Tiempo de lectura":"1 minuto"},"schema":{"@context":"https:\/\/schema.org","@graph":[{"@type":"WebPage","@id":"https:\/\/jiushidao.com\/product\/kashi-tomato-juice-1l-6-boxes-per-case\/","url":"https:\/\/jiushidao.com\/product\/kashi-tomato-juice-1l-6-boxes-per-case\/","name":"Kashi Tomato Juice 1L (6 Boxes per Case) - Jiushidao - Global Food Marketplace for Business Growth and Cosumers","isPartOf":{"@id":"https:\/\/jiushidao.com\/#website"},"primaryImageOfPage":{"@id":"https:\/\/jiushidao.com\/product\/kashi-tomato-juice-1l-6-boxes-per-case\/#primaryimage"},"image":{"@id":"https:\/\/jiushidao.com\/product\/kashi-tomato-juice-1l-6-boxes-per-case\/#primaryimage"},"thumbnailUrl":"https:\/\/jiushidao.com\/wp-content\/uploads\/2025\/10\/\u56fe\u72478-1.png","datePublished":"2025-10-31T04:05:41+00:00","dateModified":"2025-10-31T04:05:42+00:00","breadcrumb":{"@id":"https:\/\/jiushidao.com\/product\/kashi-tomato-juice-1l-6-boxes-per-case\/#breadcrumb"},"inLanguage":"es","potentialAction":[{"@type":"ReadAction","target":["https:\/\/jiushidao.com\/product\/kashi-tomato-juice-1l-6-boxes-per-case\/"]}]},{"@type":"ImageObject","inLanguage":"es","@id":"https:\/\/jiushidao.com\/product\/kashi-tomato-juice-1l-6-boxes-per-case\/#primaryimage","url":"https:\/\/jiushidao.com\/wp-content\/uploads\/2025\/10\/\u56fe\u72478-1.png","contentUrl":"https:\/\/jiushidao.com\/wp-content\/uploads\/2025\/10\/\u56fe\u72478-1.png","width":800,"height":800},{"@type":"BreadcrumbList","@id":"https:\/\/jiushidao.com\/product\/kashi-tomato-juice-1l-6-boxes-per-case\/#breadcrumb","itemListElement":[{"@type":"ListItem","position":1,"name":"Home","item":"https:\/\/jiushidao.com\/"},{"@type":"ListItem","position":2,"name":"Store","item":"https:\/\/jiushidao.com\/store\/"},{"@type":"ListItem","position":3,"name":"Kashi Tomato Juice 1L (6 Boxes per Case)"}]},{"@type":"WebSite","@id":"https:\/\/jiushidao.com\/#website","url":"https:\/\/jiushidao.com\/","name":"Jiushidao - Global Food Marketplace for Business Growth and Cosumers","description":"Jiushidao - Global Food Marketplace for Business Growth and Cosumers","potentialAction":[{"@type":"SearchAction","target":{"@type":"EntryPoint","urlTemplate":"https:\/\/jiushidao.com\/?s={search_term_string}"},"query-input":{"@type":"PropertyValueSpecification","valueRequired":true,"valueName":"search_term_string"}}],"inLanguage":"es"}]}},"_links":{"self":[{"href":"https:\/\/jiushidao.com\/es\/wp-json\/wp\/v2\/product\/883","targetHints":{"allow":["GET"]}}],"collection":[{"href":"https:\/\/jiushidao.com\/es\/wp-json\/wp\/v2\/product"}],"about":[{"href":"https:\/\/jiushidao.com\/es\/wp-json\/wp\/v2\/types\/product"}],"replies":[{"embeddable":true,"href":"https:\/\/jiushidao.com\/es\/wp-json\/wp\/v2\/comments?post=883"}],"version-history":[{"count":1,"href":"https:\/\/jiushidao.com\/es\/wp-json\/wp\/v2\/product\/883\/revisions"}],"predecessor-version":[{"id":885,"href":"https:\/\/jiushidao.com\/es\/wp-json\/wp\/v2\/product\/883\/revisions\/885"}],"wp:featuredmedia":[{"embeddable":true,"href":"https:\/\/jiushidao.com\/es\/wp-json\/wp\/v2\/media\/884"}],"wp:attachment":[{"href":"https:\/\/jiushidao.com\/es\/wp-json\/wp\/v2\/media?parent=883"}],"wp:term":[{"taxonomy":"product_brand","embeddable":true,"href":"https:\/\/jiushidao.com\/es\/wp-json\/wp\/v2\/product_brand?post=883"},{"taxonomy":"product_cat","embeddable":true,"href":"https:\/\/jiushidao.com\/es\/wp-json\/wp\/v2\/product_cat?post=883"},{"taxonomy":"product_tag","embeddable":true,"href":"https:\/\/jiushidao.com\/es\/wp-json\/wp\/v2\/product_tag?post=883"}],"curies":[{"name":"wp","href":"https:\/\/api.w.org\/{rel}","templated":true}]}}