{"id":838,"date":"2025-10-31T01:45:02","date_gmt":"2025-10-31T01:45:02","guid":{"rendered":"https:\/\/jiushidao.com\/?post_type=product&#038;p=838"},"modified":"2025-10-31T01:45:03","modified_gmt":"2025-10-31T01:45:03","slug":"rhizoma-polygonati-lily-bulb-tea","status":"publish","type":"product","link":"https:\/\/jiushidao.com\/es\/producto\/rhizoma-polygonati-lily-bulb-tea\/","title":{"rendered":"T\u00e9 de rizoma de Polygonati y bulbo de lirio"},"content":{"rendered":"<section class=\"ybc-p\">Disfruta de frescura y comodidad en cada porci\u00f3n. Nuestro producto viene en sobres individuales dise\u00f1ados para conservar el sabor, evitar la transferencia de olores y ofrecer una f\u00e1cil portabilidad, ideal para un estilo de vida activo, viajes o uso diario. Cada sobre est\u00e1 elaborado con una mezcla cient\u00edficamente desarrollada de ingredientes aut\u00e9nticos y de alta calidad para brindar resultados consistentes y una calidad superior en cada uso.<\/section>\n<section class=\"ybc-p\"><strong>Caracter\u00edsticas principales:<\/strong><\/section>\n<ul class=\"ybc-ul-component\">\n<li class=\"ybc-li-component ybc-li-component_ul\">\n<section class=\"ybc-p\"><strong>Envueltos individualmente:<\/strong>Conserva la frescura y evita la contaminaci\u00f3n cruzada de sabores.<\/section>\n<\/li>\n<li class=\"ybc-li-component ybc-li-component_ul\">\n<section class=\"ybc-p\"><strong>Port\u00e1til y ligero:<\/strong>F\u00e1cil de llevar a cualquier lugar y en cualquier momento.<\/section>\n<\/li>\n<li class=\"ybc-li-component ybc-li-component_ul\">\n<section class=\"ybc-p\"><strong>Relaci\u00f3n cient\u00edficamente optimizada:<\/strong>Formulado con precisi\u00f3n para obtener resultados eficaces y fiables.<\/section>\n<\/li>\n<li class=\"ybc-li-component ybc-li-component_ul\">\n<section class=\"ybc-p\"><strong>Ingredientes aut\u00e9nticos de primera calidad:<\/strong>Procedente de fuentes confiables que garantizan su pureza y potencia.<\/section>\n<\/li>\n<\/ul>","protected":false},"excerpt":{"rendered":"<p>Disfruta de la frescura y la comodidad en cada porci\u00f3n. Nuestro producto viene en paquetes individuales dise\u00f1ados para conservar el sabor, evitar la transferencia de olores y ofrecer una portabilidad sin esfuerzo, ideal para...<span class=\"excerpt-hellip\"> [\u2026]<\/span><\/p>","protected":false},"featured_media":839,"comment_status":"open","ping_status":"closed","template":"","meta":[],"product_brand":[60],"product_cat":[59],"product_tag":[],"class_list":{"0":"post-838","1":"product","2":"type-product","3":"status-publish","4":"has-post-thumbnail","6":"product_brand-60","7":"product_cat-he_shun_tang","9":"first","10":"instock","11":"shipping-taxable","12":"product-type-simple"},"yoast_head":"<!-- This site is optimized with the Yoast SEO Premium plugin v25.8 (Yoast SEO v25.8) - https:\/\/yoast.com\/wordpress\/plugins\/seo\/ -->\n<title>Rhizoma Polygonati &amp; Lily Bulb Tea - Jiushidao - Global Food Marketplace for Business Growth and Cosumers<\/title>\n<meta name=\"robots\" content=\"index, follow, max-snippet:-1, max-image-preview:large, max-video-preview:-1\" \/>\n<link rel=\"canonical\" href=\"https:\/\/jiushidao.com\/es\/producto\/rhizoma-polygonati-lily-bulb-tea\/\" \/>\n<meta property=\"og:locale\" content=\"es_ES\" \/>\n<meta property=\"og:type\" content=\"article\" \/>\n<meta property=\"og:title\" content=\"Rhizoma Polygonati &amp; Lily Bulb Tea\" \/>\n<meta property=\"og:description\" content=\"Experience freshness and convenience in every serving. Our product comes in individual packets designed to lock in flavor, prevent odor transfer, and offer effortless portability\u2014ideal for [\u2026]\" \/>\n<meta property=\"og:url\" content=\"https:\/\/jiushidao.com\/es\/producto\/rhizoma-polygonati-lily-bulb-tea\/\" \/>\n<meta property=\"og:site_name\" content=\"Jiushidao - Global Food Marketplace for Business Growth and Cosumers\" \/>\n<meta property=\"article:modified_time\" content=\"2025-10-31T01:45:03+00:00\" \/>\n<meta property=\"og:image\" content=\"https:\/\/jiushidao.com\/wp-content\/uploads\/2025\/10\/\u56fe\u724712.png\" \/>\n\t<meta property=\"og:image:width\" content=\"751\" \/>\n\t<meta property=\"og:image:height\" content=\"751\" \/>\n\t<meta property=\"og:image:type\" content=\"image\/png\" \/>\n<meta name=\"twitter:card\" content=\"summary_large_image\" \/>\n<meta name=\"twitter:label1\" content=\"Tiempo de lectura\" \/>\n\t<meta name=\"twitter:data1\" content=\"1 minuto\" \/>\n<script type=\"application\/ld+json\" class=\"yoast-schema-graph\">{\"@context\":\"https:\/\/schema.org\",\"@graph\":[{\"@type\":\"WebPage\",\"@id\":\"https:\/\/jiushidao.com\/product\/rhizoma-polygonati-lily-bulb-tea\/\",\"url\":\"https:\/\/jiushidao.com\/product\/rhizoma-polygonati-lily-bulb-tea\/\",\"name\":\"Rhizoma Polygonati & Lily Bulb Tea - Jiushidao - Global Food Marketplace for Business Growth and Cosumers\",\"isPartOf\":{\"@id\":\"https:\/\/jiushidao.com\/#website\"},\"primaryImageOfPage\":{\"@id\":\"https:\/\/jiushidao.com\/product\/rhizoma-polygonati-lily-bulb-tea\/#primaryimage\"},\"image\":{\"@id\":\"https:\/\/jiushidao.com\/product\/rhizoma-polygonati-lily-bulb-tea\/#primaryimage\"},\"thumbnailUrl\":\"https:\/\/jiushidao.com\/wp-content\/uploads\/2025\/10\/\u56fe\u724712.png\",\"datePublished\":\"2025-10-31T01:45:02+00:00\",\"dateModified\":\"2025-10-31T01:45:03+00:00\",\"breadcrumb\":{\"@id\":\"https:\/\/jiushidao.com\/product\/rhizoma-polygonati-lily-bulb-tea\/#breadcrumb\"},\"inLanguage\":\"es\",\"potentialAction\":[{\"@type\":\"ReadAction\",\"target\":[\"https:\/\/jiushidao.com\/product\/rhizoma-polygonati-lily-bulb-tea\/\"]}]},{\"@type\":\"ImageObject\",\"inLanguage\":\"es\",\"@id\":\"https:\/\/jiushidao.com\/product\/rhizoma-polygonati-lily-bulb-tea\/#primaryimage\",\"url\":\"https:\/\/jiushidao.com\/wp-content\/uploads\/2025\/10\/\u56fe\u724712.png\",\"contentUrl\":\"https:\/\/jiushidao.com\/wp-content\/uploads\/2025\/10\/\u56fe\u724712.png\",\"width\":751,\"height\":751},{\"@type\":\"BreadcrumbList\",\"@id\":\"https:\/\/jiushidao.com\/product\/rhizoma-polygonati-lily-bulb-tea\/#breadcrumb\",\"itemListElement\":[{\"@type\":\"ListItem\",\"position\":1,\"name\":\"Home\",\"item\":\"https:\/\/jiushidao.com\/\"},{\"@type\":\"ListItem\",\"position\":2,\"name\":\"Store\",\"item\":\"https:\/\/jiushidao.com\/store\/\"},{\"@type\":\"ListItem\",\"position\":3,\"name\":\"Rhizoma Polygonati &#038; Lily Bulb Tea\"}]},{\"@type\":\"WebSite\",\"@id\":\"https:\/\/jiushidao.com\/#website\",\"url\":\"https:\/\/jiushidao.com\/\",\"name\":\"Jiushidao - Global Food Marketplace for Business Growth and Cosumers\",\"description\":\"Jiushidao - Global Food Marketplace for Business Growth and Cosumers\",\"potentialAction\":[{\"@type\":\"SearchAction\",\"target\":{\"@type\":\"EntryPoint\",\"urlTemplate\":\"https:\/\/jiushidao.com\/?s={search_term_string}\"},\"query-input\":{\"@type\":\"PropertyValueSpecification\",\"valueRequired\":true,\"valueName\":\"search_term_string\"}}],\"inLanguage\":\"es\"}]}<\/script>\n<!-- \/ Yoast SEO Premium plugin. -->","yoast_head_json":{"title":"Rhizoma Polygonati & Lily Bulb Tea - Jiushidao - Global Food Marketplace for Business Growth and Cosumers","robots":{"index":"index","follow":"follow","max-snippet":"max-snippet:-1","max-image-preview":"max-image-preview:large","max-video-preview":"max-video-preview:-1"},"canonical":"https:\/\/jiushidao.com\/es\/producto\/rhizoma-polygonati-lily-bulb-tea\/","og_locale":"es_ES","og_type":"article","og_title":"Rhizoma Polygonati & Lily Bulb Tea","og_description":"Experience freshness and convenience in every serving. Our product comes in individual packets designed to lock in flavor, prevent odor transfer, and offer effortless portability\u2014ideal for [\u2026]","og_url":"https:\/\/jiushidao.com\/es\/producto\/rhizoma-polygonati-lily-bulb-tea\/","og_site_name":"Jiushidao - Global Food Marketplace for Business Growth and Cosumers","article_modified_time":"2025-10-31T01:45:03+00:00","og_image":[{"width":751,"height":751,"url":"https:\/\/jiushidao.com\/wp-content\/uploads\/2025\/10\/\u56fe\u724712.png","type":"image\/png"}],"twitter_card":"summary_large_image","twitter_misc":{"Tiempo de lectura":"1 minuto"},"schema":{"@context":"https:\/\/schema.org","@graph":[{"@type":"WebPage","@id":"https:\/\/jiushidao.com\/product\/rhizoma-polygonati-lily-bulb-tea\/","url":"https:\/\/jiushidao.com\/product\/rhizoma-polygonati-lily-bulb-tea\/","name":"Rhizoma Polygonati & Lily Bulb Tea - Jiushidao - Global Food Marketplace for Business Growth and Cosumers","isPartOf":{"@id":"https:\/\/jiushidao.com\/#website"},"primaryImageOfPage":{"@id":"https:\/\/jiushidao.com\/product\/rhizoma-polygonati-lily-bulb-tea\/#primaryimage"},"image":{"@id":"https:\/\/jiushidao.com\/product\/rhizoma-polygonati-lily-bulb-tea\/#primaryimage"},"thumbnailUrl":"https:\/\/jiushidao.com\/wp-content\/uploads\/2025\/10\/\u56fe\u724712.png","datePublished":"2025-10-31T01:45:02+00:00","dateModified":"2025-10-31T01:45:03+00:00","breadcrumb":{"@id":"https:\/\/jiushidao.com\/product\/rhizoma-polygonati-lily-bulb-tea\/#breadcrumb"},"inLanguage":"es","potentialAction":[{"@type":"ReadAction","target":["https:\/\/jiushidao.com\/product\/rhizoma-polygonati-lily-bulb-tea\/"]}]},{"@type":"ImageObject","inLanguage":"es","@id":"https:\/\/jiushidao.com\/product\/rhizoma-polygonati-lily-bulb-tea\/#primaryimage","url":"https:\/\/jiushidao.com\/wp-content\/uploads\/2025\/10\/\u56fe\u724712.png","contentUrl":"https:\/\/jiushidao.com\/wp-content\/uploads\/2025\/10\/\u56fe\u724712.png","width":751,"height":751},{"@type":"BreadcrumbList","@id":"https:\/\/jiushidao.com\/product\/rhizoma-polygonati-lily-bulb-tea\/#breadcrumb","itemListElement":[{"@type":"ListItem","position":1,"name":"Home","item":"https:\/\/jiushidao.com\/"},{"@type":"ListItem","position":2,"name":"Store","item":"https:\/\/jiushidao.com\/store\/"},{"@type":"ListItem","position":3,"name":"Rhizoma Polygonati &#038; Lily Bulb Tea"}]},{"@type":"WebSite","@id":"https:\/\/jiushidao.com\/#website","url":"https:\/\/jiushidao.com\/","name":"Jiushidao - Global Food Marketplace for Business Growth and Cosumers","description":"Jiushidao - Global Food Marketplace for Business Growth and Cosumers","potentialAction":[{"@type":"SearchAction","target":{"@type":"EntryPoint","urlTemplate":"https:\/\/jiushidao.com\/?s={search_term_string}"},"query-input":{"@type":"PropertyValueSpecification","valueRequired":true,"valueName":"search_term_string"}}],"inLanguage":"es"}]}},"_links":{"self":[{"href":"https:\/\/jiushidao.com\/es\/wp-json\/wp\/v2\/product\/838","targetHints":{"allow":["GET"]}}],"collection":[{"href":"https:\/\/jiushidao.com\/es\/wp-json\/wp\/v2\/product"}],"about":[{"href":"https:\/\/jiushidao.com\/es\/wp-json\/wp\/v2\/types\/product"}],"replies":[{"embeddable":true,"href":"https:\/\/jiushidao.com\/es\/wp-json\/wp\/v2\/comments?post=838"}],"version-history":[{"count":1,"href":"https:\/\/jiushidao.com\/es\/wp-json\/wp\/v2\/product\/838\/revisions"}],"predecessor-version":[{"id":840,"href":"https:\/\/jiushidao.com\/es\/wp-json\/wp\/v2\/product\/838\/revisions\/840"}],"wp:featuredmedia":[{"embeddable":true,"href":"https:\/\/jiushidao.com\/es\/wp-json\/wp\/v2\/media\/839"}],"wp:attachment":[{"href":"https:\/\/jiushidao.com\/es\/wp-json\/wp\/v2\/media?parent=838"}],"wp:term":[{"taxonomy":"product_brand","embeddable":true,"href":"https:\/\/jiushidao.com\/es\/wp-json\/wp\/v2\/product_brand?post=838"},{"taxonomy":"product_cat","embeddable":true,"href":"https:\/\/jiushidao.com\/es\/wp-json\/wp\/v2\/product_cat?post=838"},{"taxonomy":"product_tag","embeddable":true,"href":"https:\/\/jiushidao.com\/es\/wp-json\/wp\/v2\/product_tag?post=838"}],"curies":[{"name":"wp","href":"https:\/\/api.w.org\/{rel}","templated":true}]}}