{"id":823,"date":"2025-10-31T01:22:01","date_gmt":"2025-10-31T01:22:01","guid":{"rendered":"https:\/\/jiushidao.com\/?post_type=product&#038;p=823"},"modified":"2025-10-31T01:22:02","modified_gmt":"2025-10-31T01:22:02","slug":"smoked-plum-and-licorice-root-tea","status":"publish","type":"product","link":"https:\/\/jiushidao.com\/es\/producto\/smoked-plum-and-licorice-root-tea\/","title":{"rendered":"T\u00e9 de ciruela ahumada y ra\u00edz de regaliz"},"content":{"rendered":"<section class=\"ybc-p\">Disfruta de la m\u00e1xima comodidad y la calidad superior con nuestro producto envasado individualmente. Cada porci\u00f3n viene en una bolsita individual dise\u00f1ada para mantener la frescura, evitar que se mezclen los sabores y garantizar una portabilidad perfecta para tu ritmo de vida ajetreado.<\/section>\n<section class=\"ybc-p\">Creado mediante m\u00e9todos de formulaci\u00f3n cient\u00edfica, este producto combina ingredientes superiores de origen aut\u00e9ntico en proporciones precisas para ofrecer una excelencia constante en cada uso.<\/section>\n<section class=\"ybc-p\"><strong>Ventajas clave:<\/strong><\/section>\n<ul class=\"ybc-ul-component\">\n<li class=\"ybc-li-component ybc-li-component_ul\">\n<section class=\"ybc-p\">El envasado individual conserva la frescura y evita la contaminaci\u00f3n cruzada de sabores.<\/section>\n<\/li>\n<li class=\"ybc-li-component ybc-li-component_ul\">\n<section class=\"ybc-p\">Dise\u00f1o compacto y ligero, ideal para viajes y para llevar a diario.<\/section>\n<\/li>\n<li class=\"ybc-li-component ybc-li-component_ul\">\n<section class=\"ybc-p\">F\u00f3rmula desarrollada cient\u00edficamente para obtener resultados \u00f3ptimos<\/section>\n<\/li>\n<li class=\"ybc-li-component ybc-li-component_ul\">\n<section class=\"ybc-p\">Elaborado con ingredientes genuinos y de alta calidad procedentes de fuentes selectas.<\/section>\n<\/li>\n<\/ul>\n<section class=\"ybc-p\"><strong>Perfecto para:<\/strong><\/section>\n<ul class=\"ybc-ul-component\">\n<li class=\"ybc-li-component ybc-li-component_ul\">\n<section class=\"ybc-p\">Para usar sobre la marcha durante viajes o actividades al aire libre<\/section>\n<\/li>\n<li class=\"ybc-li-component ybc-li-component_ul\">\n<section class=\"ybc-p\">Manteniendo porciones precisas y frescura<\/section>\n<\/li>\n<li class=\"ybc-li-component ybc-li-component_ul\">\n<section class=\"ybc-p\">Para quienes buscan la m\u00e1xima calidad con un pr\u00e1ctico embalaje.<\/section>\n<\/li>\n<\/ul>","protected":false},"excerpt":{"rendered":"<p>Disfrute de la m\u00e1xima comodidad y la calidad superior con nuestro producto envasado individualmente. Cada porci\u00f3n viene en una bolsa separada dise\u00f1ada para mantener la frescura, evitar la mezcla de sabores y<span class=\"excerpt-hellip\"> [\u2026]<\/span><\/p>","protected":false},"featured_media":825,"comment_status":"open","ping_status":"closed","template":"","meta":[],"product_brand":[60],"product_cat":[59],"product_tag":[],"class_list":{"0":"post-823","1":"product","2":"type-product","3":"status-publish","4":"has-post-thumbnail","6":"product_brand-60","7":"product_cat-he_shun_tang","9":"first","10":"instock","11":"shipping-taxable","12":"product-type-simple"},"yoast_head":"<!-- This site is optimized with the Yoast SEO Premium plugin v25.8 (Yoast SEO v25.8) - https:\/\/yoast.com\/wordpress\/plugins\/seo\/ -->\n<title>Smoked Plum and Licorice Root Tea - Jiushidao - Global Food Marketplace for Business Growth and Cosumers<\/title>\n<meta name=\"robots\" content=\"index, follow, max-snippet:-1, max-image-preview:large, max-video-preview:-1\" \/>\n<link rel=\"canonical\" href=\"https:\/\/jiushidao.com\/es\/producto\/smoked-plum-and-licorice-root-tea\/\" \/>\n<meta property=\"og:locale\" content=\"es_ES\" \/>\n<meta property=\"og:type\" content=\"article\" \/>\n<meta property=\"og:title\" content=\"Smoked Plum and Licorice Root Tea\" \/>\n<meta property=\"og:description\" content=\"Experience ultimate convenience and premium quality with our individually packaged product. Each serving comes in a separate pouch designed to maintain freshness, prevent flavor mixing, and [\u2026]\" \/>\n<meta property=\"og:url\" content=\"https:\/\/jiushidao.com\/es\/producto\/smoked-plum-and-licorice-root-tea\/\" \/>\n<meta property=\"og:site_name\" content=\"Jiushidao - Global Food Marketplace for Business Growth and Cosumers\" \/>\n<meta property=\"article:modified_time\" content=\"2025-10-31T01:22:02+00:00\" \/>\n<meta property=\"og:image\" content=\"https:\/\/jiushidao.com\/wp-content\/uploads\/2025\/10\/\u56fe\u72477-1.png\" \/>\n\t<meta property=\"og:image:width\" content=\"751\" \/>\n\t<meta property=\"og:image:height\" content=\"751\" \/>\n\t<meta property=\"og:image:type\" content=\"image\/png\" \/>\n<meta name=\"twitter:card\" content=\"summary_large_image\" \/>\n<meta name=\"twitter:label1\" content=\"Tiempo de lectura\" \/>\n\t<meta name=\"twitter:data1\" content=\"1 minuto\" \/>\n<script type=\"application\/ld+json\" class=\"yoast-schema-graph\">{\"@context\":\"https:\/\/schema.org\",\"@graph\":[{\"@type\":\"WebPage\",\"@id\":\"https:\/\/jiushidao.com\/product\/smoked-plum-and-licorice-root-tea\/\",\"url\":\"https:\/\/jiushidao.com\/product\/smoked-plum-and-licorice-root-tea\/\",\"name\":\"Smoked Plum and Licorice Root Tea - Jiushidao - Global Food Marketplace for Business Growth and Cosumers\",\"isPartOf\":{\"@id\":\"https:\/\/jiushidao.com\/#website\"},\"primaryImageOfPage\":{\"@id\":\"https:\/\/jiushidao.com\/product\/smoked-plum-and-licorice-root-tea\/#primaryimage\"},\"image\":{\"@id\":\"https:\/\/jiushidao.com\/product\/smoked-plum-and-licorice-root-tea\/#primaryimage\"},\"thumbnailUrl\":\"https:\/\/jiushidao.com\/wp-content\/uploads\/2025\/10\/\u56fe\u72477-1.png\",\"datePublished\":\"2025-10-31T01:22:01+00:00\",\"dateModified\":\"2025-10-31T01:22:02+00:00\",\"breadcrumb\":{\"@id\":\"https:\/\/jiushidao.com\/product\/smoked-plum-and-licorice-root-tea\/#breadcrumb\"},\"inLanguage\":\"es\",\"potentialAction\":[{\"@type\":\"ReadAction\",\"target\":[\"https:\/\/jiushidao.com\/product\/smoked-plum-and-licorice-root-tea\/\"]}]},{\"@type\":\"ImageObject\",\"inLanguage\":\"es\",\"@id\":\"https:\/\/jiushidao.com\/product\/smoked-plum-and-licorice-root-tea\/#primaryimage\",\"url\":\"https:\/\/jiushidao.com\/wp-content\/uploads\/2025\/10\/\u56fe\u72477-1.png\",\"contentUrl\":\"https:\/\/jiushidao.com\/wp-content\/uploads\/2025\/10\/\u56fe\u72477-1.png\",\"width\":751,\"height\":751},{\"@type\":\"BreadcrumbList\",\"@id\":\"https:\/\/jiushidao.com\/product\/smoked-plum-and-licorice-root-tea\/#breadcrumb\",\"itemListElement\":[{\"@type\":\"ListItem\",\"position\":1,\"name\":\"Home\",\"item\":\"https:\/\/jiushidao.com\/\"},{\"@type\":\"ListItem\",\"position\":2,\"name\":\"Store\",\"item\":\"https:\/\/jiushidao.com\/store\/\"},{\"@type\":\"ListItem\",\"position\":3,\"name\":\"Smoked Plum and Licorice Root Tea\"}]},{\"@type\":\"WebSite\",\"@id\":\"https:\/\/jiushidao.com\/#website\",\"url\":\"https:\/\/jiushidao.com\/\",\"name\":\"Jiushidao - Global Food Marketplace for Business Growth and Cosumers\",\"description\":\"Jiushidao - Global Food Marketplace for Business Growth and Cosumers\",\"potentialAction\":[{\"@type\":\"SearchAction\",\"target\":{\"@type\":\"EntryPoint\",\"urlTemplate\":\"https:\/\/jiushidao.com\/?s={search_term_string}\"},\"query-input\":{\"@type\":\"PropertyValueSpecification\",\"valueRequired\":true,\"valueName\":\"search_term_string\"}}],\"inLanguage\":\"es\"}]}<\/script>\n<!-- \/ Yoast SEO Premium plugin. -->","yoast_head_json":{"title":"Smoked Plum and Licorice Root Tea - Jiushidao - Global Food Marketplace for Business Growth and Cosumers","robots":{"index":"index","follow":"follow","max-snippet":"max-snippet:-1","max-image-preview":"max-image-preview:large","max-video-preview":"max-video-preview:-1"},"canonical":"https:\/\/jiushidao.com\/es\/producto\/smoked-plum-and-licorice-root-tea\/","og_locale":"es_ES","og_type":"article","og_title":"Smoked Plum and Licorice Root Tea","og_description":"Experience ultimate convenience and premium quality with our individually packaged product. Each serving comes in a separate pouch designed to maintain freshness, prevent flavor mixing, and [\u2026]","og_url":"https:\/\/jiushidao.com\/es\/producto\/smoked-plum-and-licorice-root-tea\/","og_site_name":"Jiushidao - Global Food Marketplace for Business Growth and Cosumers","article_modified_time":"2025-10-31T01:22:02+00:00","og_image":[{"width":751,"height":751,"url":"https:\/\/jiushidao.com\/wp-content\/uploads\/2025\/10\/\u56fe\u72477-1.png","type":"image\/png"}],"twitter_card":"summary_large_image","twitter_misc":{"Tiempo de lectura":"1 minuto"},"schema":{"@context":"https:\/\/schema.org","@graph":[{"@type":"WebPage","@id":"https:\/\/jiushidao.com\/product\/smoked-plum-and-licorice-root-tea\/","url":"https:\/\/jiushidao.com\/product\/smoked-plum-and-licorice-root-tea\/","name":"Smoked Plum and Licorice Root Tea - Jiushidao - Global Food Marketplace for Business Growth and Cosumers","isPartOf":{"@id":"https:\/\/jiushidao.com\/#website"},"primaryImageOfPage":{"@id":"https:\/\/jiushidao.com\/product\/smoked-plum-and-licorice-root-tea\/#primaryimage"},"image":{"@id":"https:\/\/jiushidao.com\/product\/smoked-plum-and-licorice-root-tea\/#primaryimage"},"thumbnailUrl":"https:\/\/jiushidao.com\/wp-content\/uploads\/2025\/10\/\u56fe\u72477-1.png","datePublished":"2025-10-31T01:22:01+00:00","dateModified":"2025-10-31T01:22:02+00:00","breadcrumb":{"@id":"https:\/\/jiushidao.com\/product\/smoked-plum-and-licorice-root-tea\/#breadcrumb"},"inLanguage":"es","potentialAction":[{"@type":"ReadAction","target":["https:\/\/jiushidao.com\/product\/smoked-plum-and-licorice-root-tea\/"]}]},{"@type":"ImageObject","inLanguage":"es","@id":"https:\/\/jiushidao.com\/product\/smoked-plum-and-licorice-root-tea\/#primaryimage","url":"https:\/\/jiushidao.com\/wp-content\/uploads\/2025\/10\/\u56fe\u72477-1.png","contentUrl":"https:\/\/jiushidao.com\/wp-content\/uploads\/2025\/10\/\u56fe\u72477-1.png","width":751,"height":751},{"@type":"BreadcrumbList","@id":"https:\/\/jiushidao.com\/product\/smoked-plum-and-licorice-root-tea\/#breadcrumb","itemListElement":[{"@type":"ListItem","position":1,"name":"Home","item":"https:\/\/jiushidao.com\/"},{"@type":"ListItem","position":2,"name":"Store","item":"https:\/\/jiushidao.com\/store\/"},{"@type":"ListItem","position":3,"name":"Smoked Plum and Licorice Root Tea"}]},{"@type":"WebSite","@id":"https:\/\/jiushidao.com\/#website","url":"https:\/\/jiushidao.com\/","name":"Jiushidao - Global Food Marketplace for Business Growth and Cosumers","description":"Jiushidao - Global Food Marketplace for Business Growth and Cosumers","potentialAction":[{"@type":"SearchAction","target":{"@type":"EntryPoint","urlTemplate":"https:\/\/jiushidao.com\/?s={search_term_string}"},"query-input":{"@type":"PropertyValueSpecification","valueRequired":true,"valueName":"search_term_string"}}],"inLanguage":"es"}]}},"_links":{"self":[{"href":"https:\/\/jiushidao.com\/es\/wp-json\/wp\/v2\/product\/823","targetHints":{"allow":["GET"]}}],"collection":[{"href":"https:\/\/jiushidao.com\/es\/wp-json\/wp\/v2\/product"}],"about":[{"href":"https:\/\/jiushidao.com\/es\/wp-json\/wp\/v2\/types\/product"}],"replies":[{"embeddable":true,"href":"https:\/\/jiushidao.com\/es\/wp-json\/wp\/v2\/comments?post=823"}],"version-history":[{"count":1,"href":"https:\/\/jiushidao.com\/es\/wp-json\/wp\/v2\/product\/823\/revisions"}],"predecessor-version":[{"id":826,"href":"https:\/\/jiushidao.com\/es\/wp-json\/wp\/v2\/product\/823\/revisions\/826"}],"wp:featuredmedia":[{"embeddable":true,"href":"https:\/\/jiushidao.com\/es\/wp-json\/wp\/v2\/media\/825"}],"wp:attachment":[{"href":"https:\/\/jiushidao.com\/es\/wp-json\/wp\/v2\/media?parent=823"}],"wp:term":[{"taxonomy":"product_brand","embeddable":true,"href":"https:\/\/jiushidao.com\/es\/wp-json\/wp\/v2\/product_brand?post=823"},{"taxonomy":"product_cat","embeddable":true,"href":"https:\/\/jiushidao.com\/es\/wp-json\/wp\/v2\/product_cat?post=823"},{"taxonomy":"product_tag","embeddable":true,"href":"https:\/\/jiushidao.com\/es\/wp-json\/wp\/v2\/product_tag?post=823"}],"curies":[{"name":"wp","href":"https:\/\/api.w.org\/{rel}","templated":true}]}}