{"id":814,"date":"2025-10-31T01:00:10","date_gmt":"2025-10-31T01:00:10","guid":{"rendered":"https:\/\/jiushidao.com\/?post_type=product&#038;p=814"},"modified":"2025-10-31T01:00:11","modified_gmt":"2025-10-31T01:00:11","slug":"licorice-platycodon-herbal-tea","status":"publish","type":"product","link":"https:\/\/jiushidao.com\/es\/producto\/licorice-platycodon-herbal-tea\/","title":{"rendered":"T\u00e9 de hierbas de regaliz y platycodon"},"content":{"rendered":"<section class=\"ybc-p\">Disfruta de la combinaci\u00f3n perfecta de comodidad y calidad con nuestras porciones individuales. Cada paquete est\u00e1 dise\u00f1ado para preservar la frescura, evitar que los sabores se mezclen y garantizar su f\u00e1cil transporte, ideal para viajes, el trabajo o el uso diario. Elaborado con una proporci\u00f3n cient\u00edficamente optimizada de ingredientes aut\u00e9nticos y de alta calidad, este producto ofrece una excelencia constante en cada porci\u00f3n.<\/section>\n<section class=\"ybc-p\"><strong>Caracter\u00edsticas principales:<\/strong><\/section>\n<ul class=\"ybc-ul-component\">\n<li class=\"ybc-li-component ybc-li-component_ul\">\n<section class=\"ybc-p\"><strong>Envueltos individualmente:<\/strong>Mantiene la frescura y evita la contaminaci\u00f3n cruzada de sabores.<\/section>\n<\/li>\n<li class=\"ybc-li-component ybc-li-component_ul\">\n<section class=\"ybc-p\"><strong>Dise\u00f1o port\u00e1til:<\/strong>Compacto y ligero para mayor comodidad en cualquier lugar.<\/section>\n<\/li>\n<li class=\"ybc-li-component ybc-li-component_ul\">\n<section class=\"ybc-p\"><strong>Cient\u00edficamente equilibrado:<\/strong>Formulado por expertos para una eficacia y un sabor \u00f3ptimos.<\/section>\n<\/li>\n<li class=\"ybc-li-component ybc-li-component_ul\">\n<section class=\"ybc-p\"><strong>Ingredientes de primera calidad:<\/strong>Procedentes de or\u00edgenes selectos para garantizar su autenticidad y calidad.<\/section>\n<\/li>\n<\/ul>","protected":false},"excerpt":{"rendered":"<p>Disfruta de la combinaci\u00f3n perfecta de comodidad y calidad con nuestras porciones envueltas individualmente. Cada paquete est\u00e1 dise\u00f1ado para preservar la frescura, evitar la mezcla de sabores y garantizar una f\u00e1cil preparaci\u00f3n.<span class=\"excerpt-hellip\"> [\u2026]<\/span><\/p>","protected":false},"featured_media":815,"comment_status":"open","ping_status":"closed","template":"","meta":[],"product_brand":[60],"product_cat":[59],"product_tag":[],"class_list":{"0":"post-814","1":"product","2":"type-product","3":"status-publish","4":"has-post-thumbnail","6":"product_brand-60","7":"product_cat-he_shun_tang","9":"first","10":"instock","11":"shipping-taxable","12":"product-type-simple"},"yoast_head":"<!-- This site is optimized with the Yoast SEO Premium plugin v25.8 (Yoast SEO v25.8) - https:\/\/yoast.com\/wordpress\/plugins\/seo\/ -->\n<title>Licorice &amp; Platycodon Herbal Tea - Jiushidao - Global Food Marketplace for Business Growth and Cosumers<\/title>\n<meta name=\"robots\" content=\"index, follow, max-snippet:-1, max-image-preview:large, max-video-preview:-1\" \/>\n<link rel=\"canonical\" href=\"https:\/\/jiushidao.com\/es\/producto\/licorice-platycodon-herbal-tea\/\" \/>\n<meta property=\"og:locale\" content=\"es_ES\" \/>\n<meta property=\"og:type\" content=\"article\" \/>\n<meta property=\"og:title\" content=\"Licorice &amp; Platycodon Herbal Tea\" \/>\n<meta property=\"og:description\" content=\"Experience the perfect blend of convenience and quality with our individually wrapped portions. Each packet is designed to preserve freshness, prevent flavor mixing, and ensure easy [\u2026]\" \/>\n<meta property=\"og:url\" content=\"https:\/\/jiushidao.com\/es\/producto\/licorice-platycodon-herbal-tea\/\" \/>\n<meta property=\"og:site_name\" content=\"Jiushidao - Global Food Marketplace for Business Growth and Cosumers\" \/>\n<meta property=\"article:modified_time\" content=\"2025-10-31T01:00:11+00:00\" \/>\n<meta property=\"og:image\" content=\"https:\/\/jiushidao.com\/wp-content\/uploads\/2025\/10\/\u56fe\u72474-2.png\" \/>\n\t<meta property=\"og:image:width\" content=\"749\" \/>\n\t<meta property=\"og:image:height\" content=\"750\" \/>\n\t<meta property=\"og:image:type\" content=\"image\/png\" \/>\n<meta name=\"twitter:card\" content=\"summary_large_image\" \/>\n<meta name=\"twitter:label1\" content=\"Tiempo de lectura\" \/>\n\t<meta name=\"twitter:data1\" content=\"1 minuto\" \/>\n<script type=\"application\/ld+json\" class=\"yoast-schema-graph\">{\"@context\":\"https:\/\/schema.org\",\"@graph\":[{\"@type\":\"WebPage\",\"@id\":\"https:\/\/jiushidao.com\/product\/licorice-platycodon-herbal-tea\/\",\"url\":\"https:\/\/jiushidao.com\/product\/licorice-platycodon-herbal-tea\/\",\"name\":\"Licorice & Platycodon Herbal Tea - Jiushidao - Global Food Marketplace for Business Growth and Cosumers\",\"isPartOf\":{\"@id\":\"https:\/\/jiushidao.com\/#website\"},\"primaryImageOfPage\":{\"@id\":\"https:\/\/jiushidao.com\/product\/licorice-platycodon-herbal-tea\/#primaryimage\"},\"image\":{\"@id\":\"https:\/\/jiushidao.com\/product\/licorice-platycodon-herbal-tea\/#primaryimage\"},\"thumbnailUrl\":\"https:\/\/jiushidao.com\/wp-content\/uploads\/2025\/10\/\u56fe\u72474-2.png\",\"datePublished\":\"2025-10-31T01:00:10+00:00\",\"dateModified\":\"2025-10-31T01:00:11+00:00\",\"breadcrumb\":{\"@id\":\"https:\/\/jiushidao.com\/product\/licorice-platycodon-herbal-tea\/#breadcrumb\"},\"inLanguage\":\"es\",\"potentialAction\":[{\"@type\":\"ReadAction\",\"target\":[\"https:\/\/jiushidao.com\/product\/licorice-platycodon-herbal-tea\/\"]}]},{\"@type\":\"ImageObject\",\"inLanguage\":\"es\",\"@id\":\"https:\/\/jiushidao.com\/product\/licorice-platycodon-herbal-tea\/#primaryimage\",\"url\":\"https:\/\/jiushidao.com\/wp-content\/uploads\/2025\/10\/\u56fe\u72474-2.png\",\"contentUrl\":\"https:\/\/jiushidao.com\/wp-content\/uploads\/2025\/10\/\u56fe\u72474-2.png\",\"width\":749,\"height\":750},{\"@type\":\"BreadcrumbList\",\"@id\":\"https:\/\/jiushidao.com\/product\/licorice-platycodon-herbal-tea\/#breadcrumb\",\"itemListElement\":[{\"@type\":\"ListItem\",\"position\":1,\"name\":\"Home\",\"item\":\"https:\/\/jiushidao.com\/\"},{\"@type\":\"ListItem\",\"position\":2,\"name\":\"Store\",\"item\":\"https:\/\/jiushidao.com\/store\/\"},{\"@type\":\"ListItem\",\"position\":3,\"name\":\"Licorice &#038; Platycodon Herbal Tea\"}]},{\"@type\":\"WebSite\",\"@id\":\"https:\/\/jiushidao.com\/#website\",\"url\":\"https:\/\/jiushidao.com\/\",\"name\":\"Jiushidao - Global Food Marketplace for Business Growth and Cosumers\",\"description\":\"Jiushidao - Global Food Marketplace for Business Growth and Cosumers\",\"potentialAction\":[{\"@type\":\"SearchAction\",\"target\":{\"@type\":\"EntryPoint\",\"urlTemplate\":\"https:\/\/jiushidao.com\/?s={search_term_string}\"},\"query-input\":{\"@type\":\"PropertyValueSpecification\",\"valueRequired\":true,\"valueName\":\"search_term_string\"}}],\"inLanguage\":\"es\"}]}<\/script>\n<!-- \/ Yoast SEO Premium plugin. -->","yoast_head_json":{"title":"Licorice & Platycodon Herbal Tea - Jiushidao - Global Food Marketplace for Business Growth and Cosumers","robots":{"index":"index","follow":"follow","max-snippet":"max-snippet:-1","max-image-preview":"max-image-preview:large","max-video-preview":"max-video-preview:-1"},"canonical":"https:\/\/jiushidao.com\/es\/producto\/licorice-platycodon-herbal-tea\/","og_locale":"es_ES","og_type":"article","og_title":"Licorice & Platycodon Herbal Tea","og_description":"Experience the perfect blend of convenience and quality with our individually wrapped portions. Each packet is designed to preserve freshness, prevent flavor mixing, and ensure easy [\u2026]","og_url":"https:\/\/jiushidao.com\/es\/producto\/licorice-platycodon-herbal-tea\/","og_site_name":"Jiushidao - Global Food Marketplace for Business Growth and Cosumers","article_modified_time":"2025-10-31T01:00:11+00:00","og_image":[{"width":749,"height":750,"url":"https:\/\/jiushidao.com\/wp-content\/uploads\/2025\/10\/\u56fe\u72474-2.png","type":"image\/png"}],"twitter_card":"summary_large_image","twitter_misc":{"Tiempo de lectura":"1 minuto"},"schema":{"@context":"https:\/\/schema.org","@graph":[{"@type":"WebPage","@id":"https:\/\/jiushidao.com\/product\/licorice-platycodon-herbal-tea\/","url":"https:\/\/jiushidao.com\/product\/licorice-platycodon-herbal-tea\/","name":"Licorice & Platycodon Herbal Tea - Jiushidao - Global Food Marketplace for Business Growth and Cosumers","isPartOf":{"@id":"https:\/\/jiushidao.com\/#website"},"primaryImageOfPage":{"@id":"https:\/\/jiushidao.com\/product\/licorice-platycodon-herbal-tea\/#primaryimage"},"image":{"@id":"https:\/\/jiushidao.com\/product\/licorice-platycodon-herbal-tea\/#primaryimage"},"thumbnailUrl":"https:\/\/jiushidao.com\/wp-content\/uploads\/2025\/10\/\u56fe\u72474-2.png","datePublished":"2025-10-31T01:00:10+00:00","dateModified":"2025-10-31T01:00:11+00:00","breadcrumb":{"@id":"https:\/\/jiushidao.com\/product\/licorice-platycodon-herbal-tea\/#breadcrumb"},"inLanguage":"es","potentialAction":[{"@type":"ReadAction","target":["https:\/\/jiushidao.com\/product\/licorice-platycodon-herbal-tea\/"]}]},{"@type":"ImageObject","inLanguage":"es","@id":"https:\/\/jiushidao.com\/product\/licorice-platycodon-herbal-tea\/#primaryimage","url":"https:\/\/jiushidao.com\/wp-content\/uploads\/2025\/10\/\u56fe\u72474-2.png","contentUrl":"https:\/\/jiushidao.com\/wp-content\/uploads\/2025\/10\/\u56fe\u72474-2.png","width":749,"height":750},{"@type":"BreadcrumbList","@id":"https:\/\/jiushidao.com\/product\/licorice-platycodon-herbal-tea\/#breadcrumb","itemListElement":[{"@type":"ListItem","position":1,"name":"Home","item":"https:\/\/jiushidao.com\/"},{"@type":"ListItem","position":2,"name":"Store","item":"https:\/\/jiushidao.com\/store\/"},{"@type":"ListItem","position":3,"name":"Licorice &#038; Platycodon Herbal Tea"}]},{"@type":"WebSite","@id":"https:\/\/jiushidao.com\/#website","url":"https:\/\/jiushidao.com\/","name":"Jiushidao - Global Food Marketplace for Business Growth and Cosumers","description":"Jiushidao - Global Food Marketplace for Business Growth and Cosumers","potentialAction":[{"@type":"SearchAction","target":{"@type":"EntryPoint","urlTemplate":"https:\/\/jiushidao.com\/?s={search_term_string}"},"query-input":{"@type":"PropertyValueSpecification","valueRequired":true,"valueName":"search_term_string"}}],"inLanguage":"es"}]}},"_links":{"self":[{"href":"https:\/\/jiushidao.com\/es\/wp-json\/wp\/v2\/product\/814","targetHints":{"allow":["GET"]}}],"collection":[{"href":"https:\/\/jiushidao.com\/es\/wp-json\/wp\/v2\/product"}],"about":[{"href":"https:\/\/jiushidao.com\/es\/wp-json\/wp\/v2\/types\/product"}],"replies":[{"embeddable":true,"href":"https:\/\/jiushidao.com\/es\/wp-json\/wp\/v2\/comments?post=814"}],"version-history":[{"count":1,"href":"https:\/\/jiushidao.com\/es\/wp-json\/wp\/v2\/product\/814\/revisions"}],"predecessor-version":[{"id":816,"href":"https:\/\/jiushidao.com\/es\/wp-json\/wp\/v2\/product\/814\/revisions\/816"}],"wp:featuredmedia":[{"embeddable":true,"href":"https:\/\/jiushidao.com\/es\/wp-json\/wp\/v2\/media\/815"}],"wp:attachment":[{"href":"https:\/\/jiushidao.com\/es\/wp-json\/wp\/v2\/media?parent=814"}],"wp:term":[{"taxonomy":"product_brand","embeddable":true,"href":"https:\/\/jiushidao.com\/es\/wp-json\/wp\/v2\/product_brand?post=814"},{"taxonomy":"product_cat","embeddable":true,"href":"https:\/\/jiushidao.com\/es\/wp-json\/wp\/v2\/product_cat?post=814"},{"taxonomy":"product_tag","embeddable":true,"href":"https:\/\/jiushidao.com\/es\/wp-json\/wp\/v2\/product_tag?post=814"}],"curies":[{"name":"wp","href":"https:\/\/api.w.org\/{rel}","templated":true}]}}