{"id":718,"date":"2025-10-29T09:44:18","date_gmt":"2025-10-29T09:44:18","guid":{"rendered":"https:\/\/jiushidao.com\/?post_type=product&#038;p=718"},"modified":"2025-10-31T00:30:50","modified_gmt":"2025-10-31T00:30:50","slug":"wuyuan-royal-chrysanthemum-hydrangea-king-grade-gift-box","status":"publish","type":"product","link":"https:\/\/jiushidao.com\/es\/producto\/wuyuan-royal-chrysanthemum-hydrangea-king-grade-gift-box\/","title":{"rendered":"Caja de regalo de crisantemo real Wuyuan \u2013 Hortensia de grado imperial"},"content":{"rendered":"<section class=\"ybc-p\"><strong>T\u00e9 de crisantemo imperial Wuyuan \u2013 Caja de regalo pr\u00e9mium<\/strong>\u200b<\/section>\n<section class=\"ybc-p\">El regalo definitivo de elegancia y bienestar. Este crisantemo de primera calidad, conocido como la \u00abHortensia Noble\u00bb por su forma perfectamente redonda, experimenta una espectacular transformaci\u00f3n en agua caliente, convirti\u00e9ndose en una obra maestra dorada. Cultivado con esmero en las profundidades de las monta\u00f1as de Wuyuan y presentado en una elegante caja de regalo roja, es la expresi\u00f3n perfecta de cuidado y prestigio.<\/section>\n<section class=\"ybc-p\">\u200b<strong>\u00bfPor qu\u00e9 elegir este regalo?<\/strong>\u200b<\/section>\n<ul class=\"ybc-ul-component\">\n<li class=\"ybc-li-component ybc-li-component_ul\">\n<section class=\"ybc-p\">\u200b<strong>Caja de regalo roja de lujo:<\/strong>Hace una declaraci\u00f3n poderosa y culturalmente auspiciosa.<\/section>\n<\/li>\n<li class=\"ybc-li-component ybc-li-component_ul\">\n<section class=\"ybc-p\">\u200b<strong>Espectacular floraci\u00f3n visual:<\/strong>Experimente el factor \u201c\u00a1guau!\u201d a medida que cada flor revive en una exhibici\u00f3n similar a la de las hortensias.<\/section>\n<\/li>\n<li class=\"ybc-li-component ybc-li-component_ul\">\n<section class=\"ybc-p\">\u200b<strong>Calidad de grado supremo:<\/strong>Presenta las flores m\u00e1s finas y carnosas de las monta\u00f1as Wuyuan.<\/section>\n<\/li>\n<li class=\"ybc-li-component ybc-li-component_ul\">\n<section class=\"ybc-p\">\u200b<strong>S\u00edmbolo de buena salud:<\/strong>Un regalo elegante y distinguido para cualquier ocasi\u00f3n.<\/section>\n<\/li>\n<\/ul>","protected":false},"excerpt":{"rendered":"<p>T\u00e9 de crisantemo imperial Wuyuan \u2013 Caja de regalo pr\u00e9mium. El regalo definitivo de elegancia y bienestar. Este crisantemo pr\u00e9mium, conocido como la \u201cHortensia Noble\u201d por su perfecta floraci\u00f3n,<span class=\"excerpt-hellip\"> [\u2026]<\/span><\/p>","protected":false},"featured_media":719,"comment_status":"open","ping_status":"closed","template":"","meta":[],"product_brand":[],"product_cat":[38],"product_tag":[],"class_list":{"0":"post-718","1":"product","2":"type-product","3":"status-publish","4":"has-post-thumbnail","6":"product_cat-beverages-and-preparations","8":"first","9":"instock","10":"shipping-taxable","11":"product-type-simple"},"yoast_head":"<!-- This site is optimized with the Yoast SEO Premium plugin v25.8 (Yoast SEO v25.8) - https:\/\/yoast.com\/wordpress\/plugins\/seo\/ -->\n<title>Wuyuan Royal Chrysanthemum Gift Box - Imperial Hydrangea Grade - Jiushidao - Global Food Marketplace for Business Growth and Cosumers<\/title>\n<meta name=\"robots\" content=\"index, follow, max-snippet:-1, max-image-preview:large, max-video-preview:-1\" \/>\n<link rel=\"canonical\" href=\"https:\/\/jiushidao.com\/es\/producto\/wuyuan-royal-chrysanthemum-hydrangea-king-grade-gift-box\/\" \/>\n<meta property=\"og:locale\" content=\"es_ES\" \/>\n<meta property=\"og:type\" content=\"article\" \/>\n<meta property=\"og:title\" content=\"Wuyuan Royal Chrysanthemum Gift Box - Imperial Hydrangea Grade\" \/>\n<meta property=\"og:description\" content=\"Wuyuan Imperial Chrysanthemum Tea &#8211; Premium Gift Box\u200b\u200b The ultimate gift of elegance and well-being. This premium chrysanthemum, known as the &#8220;Noble Hydrangea&#8221; for its perfect, [\u2026]\" \/>\n<meta property=\"og:url\" content=\"https:\/\/jiushidao.com\/es\/producto\/wuyuan-royal-chrysanthemum-hydrangea-king-grade-gift-box\/\" \/>\n<meta property=\"og:site_name\" content=\"Jiushidao - Global Food Marketplace for Business Growth and Cosumers\" \/>\n<meta property=\"article:modified_time\" content=\"2025-10-31T00:30:50+00:00\" \/>\n<meta property=\"og:image\" content=\"https:\/\/jiushidao.com\/wp-content\/uploads\/2025\/10\/\u56fe\u72477.png\" \/>\n\t<meta property=\"og:image:width\" content=\"269\" \/>\n\t<meta property=\"og:image:height\" content=\"290\" \/>\n\t<meta property=\"og:image:type\" content=\"image\/png\" \/>\n<meta name=\"twitter:card\" content=\"summary_large_image\" \/>\n<meta name=\"twitter:label1\" content=\"Tiempo de lectura\" \/>\n\t<meta name=\"twitter:data1\" content=\"1 minuto\" \/>\n<script type=\"application\/ld+json\" class=\"yoast-schema-graph\">{\"@context\":\"https:\/\/schema.org\",\"@graph\":[{\"@type\":\"WebPage\",\"@id\":\"https:\/\/jiushidao.com\/product\/wuyuan-royal-chrysanthemum-hydrangea-king-grade-gift-box\/\",\"url\":\"https:\/\/jiushidao.com\/product\/wuyuan-royal-chrysanthemum-hydrangea-king-grade-gift-box\/\",\"name\":\"Wuyuan Royal Chrysanthemum Gift Box - Imperial Hydrangea Grade - Jiushidao - Global Food Marketplace for Business Growth and Cosumers\",\"isPartOf\":{\"@id\":\"https:\/\/jiushidao.com\/#website\"},\"primaryImageOfPage\":{\"@id\":\"https:\/\/jiushidao.com\/product\/wuyuan-royal-chrysanthemum-hydrangea-king-grade-gift-box\/#primaryimage\"},\"image\":{\"@id\":\"https:\/\/jiushidao.com\/product\/wuyuan-royal-chrysanthemum-hydrangea-king-grade-gift-box\/#primaryimage\"},\"thumbnailUrl\":\"https:\/\/jiushidao.com\/wp-content\/uploads\/2025\/10\/\u56fe\u72477.png\",\"datePublished\":\"2025-10-29T09:44:18+00:00\",\"dateModified\":\"2025-10-31T00:30:50+00:00\",\"breadcrumb\":{\"@id\":\"https:\/\/jiushidao.com\/product\/wuyuan-royal-chrysanthemum-hydrangea-king-grade-gift-box\/#breadcrumb\"},\"inLanguage\":\"es\",\"potentialAction\":[{\"@type\":\"ReadAction\",\"target\":[\"https:\/\/jiushidao.com\/product\/wuyuan-royal-chrysanthemum-hydrangea-king-grade-gift-box\/\"]}]},{\"@type\":\"ImageObject\",\"inLanguage\":\"es\",\"@id\":\"https:\/\/jiushidao.com\/product\/wuyuan-royal-chrysanthemum-hydrangea-king-grade-gift-box\/#primaryimage\",\"url\":\"https:\/\/jiushidao.com\/wp-content\/uploads\/2025\/10\/\u56fe\u72477.png\",\"contentUrl\":\"https:\/\/jiushidao.com\/wp-content\/uploads\/2025\/10\/\u56fe\u72477.png\",\"width\":269,\"height\":290},{\"@type\":\"BreadcrumbList\",\"@id\":\"https:\/\/jiushidao.com\/product\/wuyuan-royal-chrysanthemum-hydrangea-king-grade-gift-box\/#breadcrumb\",\"itemListElement\":[{\"@type\":\"ListItem\",\"position\":1,\"name\":\"Home\",\"item\":\"https:\/\/jiushidao.com\/\"},{\"@type\":\"ListItem\",\"position\":2,\"name\":\"Store\",\"item\":\"https:\/\/jiushidao.com\/store\/\"},{\"@type\":\"ListItem\",\"position\":3,\"name\":\"Wuyuan Royal Chrysanthemum Gift Box &#8211; Imperial Hydrangea Grade\"}]},{\"@type\":\"WebSite\",\"@id\":\"https:\/\/jiushidao.com\/#website\",\"url\":\"https:\/\/jiushidao.com\/\",\"name\":\"Jiushidao - Global Food Marketplace for Business Growth and Cosumers\",\"description\":\"Jiushidao - Global Food Marketplace for Business Growth and Cosumers\",\"potentialAction\":[{\"@type\":\"SearchAction\",\"target\":{\"@type\":\"EntryPoint\",\"urlTemplate\":\"https:\/\/jiushidao.com\/?s={search_term_string}\"},\"query-input\":{\"@type\":\"PropertyValueSpecification\",\"valueRequired\":true,\"valueName\":\"search_term_string\"}}],\"inLanguage\":\"es\"}]}<\/script>\n<!-- \/ Yoast SEO Premium plugin. -->","yoast_head_json":{"title":"Wuyuan Royal Chrysanthemum Gift Box - Imperial Hydrangea Grade - Jiushidao - Global Food Marketplace for Business Growth and Cosumers","robots":{"index":"index","follow":"follow","max-snippet":"max-snippet:-1","max-image-preview":"max-image-preview:large","max-video-preview":"max-video-preview:-1"},"canonical":"https:\/\/jiushidao.com\/es\/producto\/wuyuan-royal-chrysanthemum-hydrangea-king-grade-gift-box\/","og_locale":"es_ES","og_type":"article","og_title":"Wuyuan Royal Chrysanthemum Gift Box - Imperial Hydrangea Grade","og_description":"Wuyuan Imperial Chrysanthemum Tea &#8211; Premium Gift Box\u200b\u200b The ultimate gift of elegance and well-being. This premium chrysanthemum, known as the &#8220;Noble Hydrangea&#8221; for its perfect, [\u2026]","og_url":"https:\/\/jiushidao.com\/es\/producto\/wuyuan-royal-chrysanthemum-hydrangea-king-grade-gift-box\/","og_site_name":"Jiushidao - Global Food Marketplace for Business Growth and Cosumers","article_modified_time":"2025-10-31T00:30:50+00:00","og_image":[{"width":269,"height":290,"url":"https:\/\/jiushidao.com\/wp-content\/uploads\/2025\/10\/\u56fe\u72477.png","type":"image\/png"}],"twitter_card":"summary_large_image","twitter_misc":{"Tiempo de lectura":"1 minuto"},"schema":{"@context":"https:\/\/schema.org","@graph":[{"@type":"WebPage","@id":"https:\/\/jiushidao.com\/product\/wuyuan-royal-chrysanthemum-hydrangea-king-grade-gift-box\/","url":"https:\/\/jiushidao.com\/product\/wuyuan-royal-chrysanthemum-hydrangea-king-grade-gift-box\/","name":"Wuyuan Royal Chrysanthemum Gift Box - Imperial Hydrangea Grade - Jiushidao - Global Food Marketplace for Business Growth and Cosumers","isPartOf":{"@id":"https:\/\/jiushidao.com\/#website"},"primaryImageOfPage":{"@id":"https:\/\/jiushidao.com\/product\/wuyuan-royal-chrysanthemum-hydrangea-king-grade-gift-box\/#primaryimage"},"image":{"@id":"https:\/\/jiushidao.com\/product\/wuyuan-royal-chrysanthemum-hydrangea-king-grade-gift-box\/#primaryimage"},"thumbnailUrl":"https:\/\/jiushidao.com\/wp-content\/uploads\/2025\/10\/\u56fe\u72477.png","datePublished":"2025-10-29T09:44:18+00:00","dateModified":"2025-10-31T00:30:50+00:00","breadcrumb":{"@id":"https:\/\/jiushidao.com\/product\/wuyuan-royal-chrysanthemum-hydrangea-king-grade-gift-box\/#breadcrumb"},"inLanguage":"es","potentialAction":[{"@type":"ReadAction","target":["https:\/\/jiushidao.com\/product\/wuyuan-royal-chrysanthemum-hydrangea-king-grade-gift-box\/"]}]},{"@type":"ImageObject","inLanguage":"es","@id":"https:\/\/jiushidao.com\/product\/wuyuan-royal-chrysanthemum-hydrangea-king-grade-gift-box\/#primaryimage","url":"https:\/\/jiushidao.com\/wp-content\/uploads\/2025\/10\/\u56fe\u72477.png","contentUrl":"https:\/\/jiushidao.com\/wp-content\/uploads\/2025\/10\/\u56fe\u72477.png","width":269,"height":290},{"@type":"BreadcrumbList","@id":"https:\/\/jiushidao.com\/product\/wuyuan-royal-chrysanthemum-hydrangea-king-grade-gift-box\/#breadcrumb","itemListElement":[{"@type":"ListItem","position":1,"name":"Home","item":"https:\/\/jiushidao.com\/"},{"@type":"ListItem","position":2,"name":"Store","item":"https:\/\/jiushidao.com\/store\/"},{"@type":"ListItem","position":3,"name":"Wuyuan Royal Chrysanthemum Gift Box &#8211; Imperial Hydrangea Grade"}]},{"@type":"WebSite","@id":"https:\/\/jiushidao.com\/#website","url":"https:\/\/jiushidao.com\/","name":"Jiushidao - Global Food Marketplace for Business Growth and Cosumers","description":"Jiushidao - Global Food Marketplace for Business Growth and Cosumers","potentialAction":[{"@type":"SearchAction","target":{"@type":"EntryPoint","urlTemplate":"https:\/\/jiushidao.com\/?s={search_term_string}"},"query-input":{"@type":"PropertyValueSpecification","valueRequired":true,"valueName":"search_term_string"}}],"inLanguage":"es"}]}},"_links":{"self":[{"href":"https:\/\/jiushidao.com\/es\/wp-json\/wp\/v2\/product\/718","targetHints":{"allow":["GET"]}}],"collection":[{"href":"https:\/\/jiushidao.com\/es\/wp-json\/wp\/v2\/product"}],"about":[{"href":"https:\/\/jiushidao.com\/es\/wp-json\/wp\/v2\/types\/product"}],"replies":[{"embeddable":true,"href":"https:\/\/jiushidao.com\/es\/wp-json\/wp\/v2\/comments?post=718"}],"version-history":[{"count":3,"href":"https:\/\/jiushidao.com\/es\/wp-json\/wp\/v2\/product\/718\/revisions"}],"predecessor-version":[{"id":802,"href":"https:\/\/jiushidao.com\/es\/wp-json\/wp\/v2\/product\/718\/revisions\/802"}],"wp:featuredmedia":[{"embeddable":true,"href":"https:\/\/jiushidao.com\/es\/wp-json\/wp\/v2\/media\/719"}],"wp:attachment":[{"href":"https:\/\/jiushidao.com\/es\/wp-json\/wp\/v2\/media?parent=718"}],"wp:term":[{"taxonomy":"product_brand","embeddable":true,"href":"https:\/\/jiushidao.com\/es\/wp-json\/wp\/v2\/product_brand?post=718"},{"taxonomy":"product_cat","embeddable":true,"href":"https:\/\/jiushidao.com\/es\/wp-json\/wp\/v2\/product_cat?post=718"},{"taxonomy":"product_tag","embeddable":true,"href":"https:\/\/jiushidao.com\/es\/wp-json\/wp\/v2\/product_tag?post=718"}],"curies":[{"name":"wp","href":"https:\/\/api.w.org\/{rel}","templated":true}]}}