{"id":709,"date":"2025-10-29T09:38:48","date_gmt":"2025-10-29T09:38:48","guid":{"rendered":"https:\/\/jiushidao.com\/?post_type=product&#038;p=709"},"modified":"2025-10-30T08:36:59","modified_gmt":"2025-10-30T08:36:59","slug":"wuyuan-royal-chrysanthemum-flower-king-grade-2-in-1-gift-box","status":"publish","type":"product","link":"https:\/\/jiushidao.com\/es\/producto\/wuyuan-royal-chrysanthemum-flower-king-grade-2-in-1-gift-box\/","title":{"rendered":"Caja de regalo 2 en 1 con crisantemo real Wuyuan (grado Rey de las Flores)"},"content":{"rendered":"<section class=\"ybc-p\"><strong>El set del monarca: T\u00e9 de crisantemo imperial Wuyuan con vaso personalizado<\/strong>\u200b<\/section>\n<section class=\"ybc-p\">Coronado como el &quot;Monarca de las Flores&quot;, nuestro Crisantemo Imperial de Wuyuan es una experiencia digna de la realeza. Cultivado en las pr\u00edstinas monta\u00f1as de Wuyuan, cada flor se selecciona a mano por su radiante tono dorado y su excepcional volumen. Deja en infusi\u00f3n una sola flor y observa c\u00f3mo reina en tu taza, liberando un delicado sabor naturalmente rico en oligoelementos: un sereno ritual de bienestar para todas las estaciones.<\/section>\n<section class=\"ybc-p\">Este prestigioso producto se presenta en una llamativa caja de regalo de color amarillo imperial, un color tradicionalmente reservado para los emperadores, que destaca su inigualable calidad. La experiencia se enriquece a\u00fan m\u00e1s con nuestra taza de t\u00e9 de vidrio de doble pared, dise\u00f1ada a medida. Dise\u00f1ada para mantener las manos frescas y realzar a la perfecci\u00f3n la majestuosa floraci\u00f3n del crisantemo, convierte el t\u00e9 en un elegante espect\u00e1culo visual.<\/section>\n<section class=\"ybc-p\">\u200b<strong>El regalo definitivo de la sofisticaci\u00f3n:<\/strong>\u200b<\/section>\n<ul class=\"ybc-ul-component\">\n<li class=\"ybc-li-component ybc-li-component_ul\">\n<section class=\"ybc-p\">\u200b<strong>La Flor de la Monarca:<\/strong>\u200bUna magn\u00edfica flor prepara la taza perfecta, despleg\u00e1ndose hermosamente en el agua.<\/section>\n<\/li>\n<li class=\"ybc-li-component ybc-li-component_ul\">\n<section class=\"ybc-p\">\u200b<strong>Presentaci\u00f3n Imperial:<\/strong>Alojado en una majestuosa caja amarilla que dice mucho incluso antes de abrirse.<\/section>\n<\/li>\n<li class=\"ybc-li-component ybc-li-component_ul\">\n<section class=\"ybc-p\">\u200b<strong>La combinaci\u00f3n perfecta:<\/strong>Incluye un vidrio de doble pared personalizado para un manejo c\u00f3modo y una visualizaci\u00f3n \u00f3ptima.<\/section>\n<\/li>\n<li class=\"ybc-li-component ybc-li-component_ul\">\n<section class=\"ybc-p\">\u200b<strong>Pureza en cada sorbo:<\/strong>Cultivado ecol\u00f3gicamente en las profundas monta\u00f1as de Wuyuan para un sabor limpio y matizado.<\/section>\n<\/li>\n<\/ul>","protected":false},"excerpt":{"rendered":"<p>El juego del monarca: t\u00e9 de crisantemo imperial de Wuyuan con vaso personalizado. Coronado como el &quot;Monarca de las flores&quot;, nuestro crisantemo imperial de Wuyuan es una experiencia digna de la realeza.<span class=\"excerpt-hellip\"> [\u2026]<\/span><\/p>","protected":false},"featured_media":710,"comment_status":"open","ping_status":"closed","template":"","meta":[],"product_brand":[],"product_cat":[38],"product_tag":[],"class_list":{"0":"post-709","1":"product","2":"type-product","3":"status-publish","4":"has-post-thumbnail","6":"product_cat-beverages-and-preparations","8":"first","9":"instock","10":"shipping-taxable","11":"product-type-simple"},"yoast_head":"<!-- This site is optimized with the Yoast SEO Premium plugin v25.8 (Yoast SEO v25.8) - https:\/\/yoast.com\/wordpress\/plugins\/seo\/ -->\n<title>Wuyuan Royal Chrysanthemum (Flower King Grade) 2-in-1 Gift Box - Jiushidao - Global Food Marketplace for Business Growth and Cosumers<\/title>\n<meta name=\"robots\" content=\"index, follow, max-snippet:-1, max-image-preview:large, max-video-preview:-1\" \/>\n<link rel=\"canonical\" href=\"https:\/\/jiushidao.com\/es\/producto\/wuyuan-royal-chrysanthemum-flower-king-grade-2-in-1-gift-box\/\" \/>\n<meta property=\"og:locale\" content=\"es_ES\" \/>\n<meta property=\"og:type\" content=\"article\" \/>\n<meta property=\"og:title\" content=\"Wuyuan Royal Chrysanthemum (Flower King Grade) 2-in-1 Gift Box\" \/>\n<meta property=\"og:description\" content=\"The Monarch&#8217;s Set: Wuyuan Imperial Chrysanthemum Tea with Custom Glass\u200b\u200b Crowned as the &#8220;Monarch of Blooms,&#8221; our Wuyuan Imperial Chrysanthemum is an experience fit for royalty. [\u2026]\" \/>\n<meta property=\"og:url\" content=\"https:\/\/jiushidao.com\/es\/producto\/wuyuan-royal-chrysanthemum-flower-king-grade-2-in-1-gift-box\/\" \/>\n<meta property=\"og:site_name\" content=\"Jiushidao - Global Food Marketplace for Business Growth and Cosumers\" \/>\n<meta property=\"article:modified_time\" content=\"2025-10-30T08:36:59+00:00\" \/>\n<meta property=\"og:image\" content=\"https:\/\/jiushidao.com\/wp-content\/uploads\/2025\/10\/\u56fe\u72474-1.png\" \/>\n\t<meta property=\"og:image:width\" content=\"568\" \/>\n\t<meta property=\"og:image:height\" content=\"653\" \/>\n\t<meta property=\"og:image:type\" content=\"image\/png\" \/>\n<meta name=\"twitter:card\" content=\"summary_large_image\" \/>\n<meta name=\"twitter:label1\" content=\"Tiempo de lectura\" \/>\n\t<meta name=\"twitter:data1\" content=\"1 minuto\" \/>\n<script type=\"application\/ld+json\" class=\"yoast-schema-graph\">{\"@context\":\"https:\/\/schema.org\",\"@graph\":[{\"@type\":\"WebPage\",\"@id\":\"https:\/\/jiushidao.com\/product\/wuyuan-royal-chrysanthemum-flower-king-grade-2-in-1-gift-box\/\",\"url\":\"https:\/\/jiushidao.com\/product\/wuyuan-royal-chrysanthemum-flower-king-grade-2-in-1-gift-box\/\",\"name\":\"Wuyuan Royal Chrysanthemum (Flower King Grade) 2-in-1 Gift Box - Jiushidao - Global Food Marketplace for Business Growth and Cosumers\",\"isPartOf\":{\"@id\":\"https:\/\/jiushidao.com\/#website\"},\"primaryImageOfPage\":{\"@id\":\"https:\/\/jiushidao.com\/product\/wuyuan-royal-chrysanthemum-flower-king-grade-2-in-1-gift-box\/#primaryimage\"},\"image\":{\"@id\":\"https:\/\/jiushidao.com\/product\/wuyuan-royal-chrysanthemum-flower-king-grade-2-in-1-gift-box\/#primaryimage\"},\"thumbnailUrl\":\"https:\/\/jiushidao.com\/wp-content\/uploads\/2025\/10\/\u56fe\u72474-1.png\",\"datePublished\":\"2025-10-29T09:38:48+00:00\",\"dateModified\":\"2025-10-30T08:36:59+00:00\",\"breadcrumb\":{\"@id\":\"https:\/\/jiushidao.com\/product\/wuyuan-royal-chrysanthemum-flower-king-grade-2-in-1-gift-box\/#breadcrumb\"},\"inLanguage\":\"es\",\"potentialAction\":[{\"@type\":\"ReadAction\",\"target\":[\"https:\/\/jiushidao.com\/product\/wuyuan-royal-chrysanthemum-flower-king-grade-2-in-1-gift-box\/\"]}]},{\"@type\":\"ImageObject\",\"inLanguage\":\"es\",\"@id\":\"https:\/\/jiushidao.com\/product\/wuyuan-royal-chrysanthemum-flower-king-grade-2-in-1-gift-box\/#primaryimage\",\"url\":\"https:\/\/jiushidao.com\/wp-content\/uploads\/2025\/10\/\u56fe\u72474-1.png\",\"contentUrl\":\"https:\/\/jiushidao.com\/wp-content\/uploads\/2025\/10\/\u56fe\u72474-1.png\",\"width\":568,\"height\":653},{\"@type\":\"BreadcrumbList\",\"@id\":\"https:\/\/jiushidao.com\/product\/wuyuan-royal-chrysanthemum-flower-king-grade-2-in-1-gift-box\/#breadcrumb\",\"itemListElement\":[{\"@type\":\"ListItem\",\"position\":1,\"name\":\"Home\",\"item\":\"https:\/\/jiushidao.com\/\"},{\"@type\":\"ListItem\",\"position\":2,\"name\":\"Store\",\"item\":\"https:\/\/jiushidao.com\/store\/\"},{\"@type\":\"ListItem\",\"position\":3,\"name\":\"Wuyuan Royal Chrysanthemum (Flower King Grade) 2-in-1 Gift Box\"}]},{\"@type\":\"WebSite\",\"@id\":\"https:\/\/jiushidao.com\/#website\",\"url\":\"https:\/\/jiushidao.com\/\",\"name\":\"Jiushidao - Global Food Marketplace for Business Growth and Cosumers\",\"description\":\"Jiushidao - Global Food Marketplace for Business Growth and Cosumers\",\"potentialAction\":[{\"@type\":\"SearchAction\",\"target\":{\"@type\":\"EntryPoint\",\"urlTemplate\":\"https:\/\/jiushidao.com\/?s={search_term_string}\"},\"query-input\":{\"@type\":\"PropertyValueSpecification\",\"valueRequired\":true,\"valueName\":\"search_term_string\"}}],\"inLanguage\":\"es\"}]}<\/script>\n<!-- \/ Yoast SEO Premium plugin. -->","yoast_head_json":{"title":"Wuyuan Royal Chrysanthemum (Flower King Grade) 2-in-1 Gift Box - Jiushidao - Global Food Marketplace for Business Growth and Cosumers","robots":{"index":"index","follow":"follow","max-snippet":"max-snippet:-1","max-image-preview":"max-image-preview:large","max-video-preview":"max-video-preview:-1"},"canonical":"https:\/\/jiushidao.com\/es\/producto\/wuyuan-royal-chrysanthemum-flower-king-grade-2-in-1-gift-box\/","og_locale":"es_ES","og_type":"article","og_title":"Wuyuan Royal Chrysanthemum (Flower King Grade) 2-in-1 Gift Box","og_description":"The Monarch&#8217;s Set: Wuyuan Imperial Chrysanthemum Tea with Custom Glass\u200b\u200b Crowned as the &#8220;Monarch of Blooms,&#8221; our Wuyuan Imperial Chrysanthemum is an experience fit for royalty. [\u2026]","og_url":"https:\/\/jiushidao.com\/es\/producto\/wuyuan-royal-chrysanthemum-flower-king-grade-2-in-1-gift-box\/","og_site_name":"Jiushidao - Global Food Marketplace for Business Growth and Cosumers","article_modified_time":"2025-10-30T08:36:59+00:00","og_image":[{"width":568,"height":653,"url":"https:\/\/jiushidao.com\/wp-content\/uploads\/2025\/10\/\u56fe\u72474-1.png","type":"image\/png"}],"twitter_card":"summary_large_image","twitter_misc":{"Tiempo de lectura":"1 minuto"},"schema":{"@context":"https:\/\/schema.org","@graph":[{"@type":"WebPage","@id":"https:\/\/jiushidao.com\/product\/wuyuan-royal-chrysanthemum-flower-king-grade-2-in-1-gift-box\/","url":"https:\/\/jiushidao.com\/product\/wuyuan-royal-chrysanthemum-flower-king-grade-2-in-1-gift-box\/","name":"Wuyuan Royal Chrysanthemum (Flower King Grade) 2-in-1 Gift Box - Jiushidao - Global Food Marketplace for Business Growth and Cosumers","isPartOf":{"@id":"https:\/\/jiushidao.com\/#website"},"primaryImageOfPage":{"@id":"https:\/\/jiushidao.com\/product\/wuyuan-royal-chrysanthemum-flower-king-grade-2-in-1-gift-box\/#primaryimage"},"image":{"@id":"https:\/\/jiushidao.com\/product\/wuyuan-royal-chrysanthemum-flower-king-grade-2-in-1-gift-box\/#primaryimage"},"thumbnailUrl":"https:\/\/jiushidao.com\/wp-content\/uploads\/2025\/10\/\u56fe\u72474-1.png","datePublished":"2025-10-29T09:38:48+00:00","dateModified":"2025-10-30T08:36:59+00:00","breadcrumb":{"@id":"https:\/\/jiushidao.com\/product\/wuyuan-royal-chrysanthemum-flower-king-grade-2-in-1-gift-box\/#breadcrumb"},"inLanguage":"es","potentialAction":[{"@type":"ReadAction","target":["https:\/\/jiushidao.com\/product\/wuyuan-royal-chrysanthemum-flower-king-grade-2-in-1-gift-box\/"]}]},{"@type":"ImageObject","inLanguage":"es","@id":"https:\/\/jiushidao.com\/product\/wuyuan-royal-chrysanthemum-flower-king-grade-2-in-1-gift-box\/#primaryimage","url":"https:\/\/jiushidao.com\/wp-content\/uploads\/2025\/10\/\u56fe\u72474-1.png","contentUrl":"https:\/\/jiushidao.com\/wp-content\/uploads\/2025\/10\/\u56fe\u72474-1.png","width":568,"height":653},{"@type":"BreadcrumbList","@id":"https:\/\/jiushidao.com\/product\/wuyuan-royal-chrysanthemum-flower-king-grade-2-in-1-gift-box\/#breadcrumb","itemListElement":[{"@type":"ListItem","position":1,"name":"Home","item":"https:\/\/jiushidao.com\/"},{"@type":"ListItem","position":2,"name":"Store","item":"https:\/\/jiushidao.com\/store\/"},{"@type":"ListItem","position":3,"name":"Wuyuan Royal Chrysanthemum (Flower King Grade) 2-in-1 Gift Box"}]},{"@type":"WebSite","@id":"https:\/\/jiushidao.com\/#website","url":"https:\/\/jiushidao.com\/","name":"Jiushidao - Global Food Marketplace for Business Growth and Cosumers","description":"Jiushidao - Global Food Marketplace for Business Growth and Cosumers","potentialAction":[{"@type":"SearchAction","target":{"@type":"EntryPoint","urlTemplate":"https:\/\/jiushidao.com\/?s={search_term_string}"},"query-input":{"@type":"PropertyValueSpecification","valueRequired":true,"valueName":"search_term_string"}}],"inLanguage":"es"}]}},"_links":{"self":[{"href":"https:\/\/jiushidao.com\/es\/wp-json\/wp\/v2\/product\/709","targetHints":{"allow":["GET"]}}],"collection":[{"href":"https:\/\/jiushidao.com\/es\/wp-json\/wp\/v2\/product"}],"about":[{"href":"https:\/\/jiushidao.com\/es\/wp-json\/wp\/v2\/types\/product"}],"replies":[{"embeddable":true,"href":"https:\/\/jiushidao.com\/es\/wp-json\/wp\/v2\/comments?post=709"}],"version-history":[{"count":3,"href":"https:\/\/jiushidao.com\/es\/wp-json\/wp\/v2\/product\/709\/revisions"}],"predecessor-version":[{"id":727,"href":"https:\/\/jiushidao.com\/es\/wp-json\/wp\/v2\/product\/709\/revisions\/727"}],"wp:featuredmedia":[{"embeddable":true,"href":"https:\/\/jiushidao.com\/es\/wp-json\/wp\/v2\/media\/710"}],"wp:attachment":[{"href":"https:\/\/jiushidao.com\/es\/wp-json\/wp\/v2\/media?parent=709"}],"wp:term":[{"taxonomy":"product_brand","embeddable":true,"href":"https:\/\/jiushidao.com\/es\/wp-json\/wp\/v2\/product_brand?post=709"},{"taxonomy":"product_cat","embeddable":true,"href":"https:\/\/jiushidao.com\/es\/wp-json\/wp\/v2\/product_cat?post=709"},{"taxonomy":"product_tag","embeddable":true,"href":"https:\/\/jiushidao.com\/es\/wp-json\/wp\/v2\/product_tag?post=709"}],"curies":[{"name":"wp","href":"https:\/\/api.w.org\/{rel}","templated":true}]}}