{"id":689,"date":"2025-10-29T09:13:26","date_gmt":"2025-10-29T09:13:26","guid":{"rendered":"https:\/\/jiushidao.com\/?post_type=product&#038;p=689"},"modified":"2025-10-30T09:47:35","modified_gmt":"2025-10-30T09:47:35","slug":"coconut-water-400ml-x-12","status":"publish","type":"product","link":"https:\/\/jiushidao.com\/es\/producto\/coconut-water-400ml-x-12\/","title":{"rendered":"Agua de coco 400 ml x 12"},"content":{"rendered":"<section class=\"ybc-p\">\u200b<strong>Agua de coco Pure Supply \u2013 Procedente del sudeste asi\u00e1tico<\/strong>\u200b<\/section>\n<section class=\"ybc-p\">\u2022 Origen: Cocos de primera calidad del sudeste asi\u00e1tico<\/section>\n<section class=\"ybc-p\">\u2022 Proceso: Tecnolog\u00eda de llenado en fr\u00edo as\u00e9ptico, sin aditivos<\/section>\n<section class=\"ybc-p\">\u2022 Est\u00e1ndar: Cumple con los requisitos de suministro de alta calidad<\/section>\n<section class=\"ybc-p\">\u2022 Sabor: Puro y natural sabor a coco, refrescante y que calma la sed.<\/section>","protected":false},"excerpt":{"rendered":"<p>Agua de Coco Pure Supply \u2013 Procedente del Sudeste Asi\u00e1tico \u2022 Origen: Cocos de primera calidad del Sudeste Asi\u00e1tico \u2022 Proceso: Envasado as\u00e9ptico en fr\u00edo, sin aditivos \u2022 Est\u00e1ndar: Cumple con los m\u00e1s altos est\u00e1ndares de calidad<span class=\"excerpt-hellip\"> [\u2026]<\/span><\/p>","protected":false},"featured_media":690,"comment_status":"open","ping_status":"closed","template":"","meta":[],"product_brand":[55],"product_cat":[56],"product_tag":[],"class_list":{"0":"post-689","1":"product","2":"type-product","3":"status-publish","4":"has-post-thumbnail","6":"product_brand-55","7":"product_cat-ma_xiao_tai","9":"first","10":"instock","11":"shipping-taxable","12":"product-type-simple"},"yoast_head":"<!-- This site is optimized with the Yoast SEO Premium plugin v25.8 (Yoast SEO v25.8) - https:\/\/yoast.com\/wordpress\/plugins\/seo\/ -->\n<title>Coconut Water 400mL x 12 - Jiushidao - Global Food Marketplace for Business Growth and Cosumers<\/title>\n<meta name=\"robots\" content=\"index, follow, max-snippet:-1, max-image-preview:large, max-video-preview:-1\" \/>\n<link rel=\"canonical\" href=\"https:\/\/jiushidao.com\/es\/producto\/coconut-water-400ml-x-12\/\" \/>\n<meta property=\"og:locale\" content=\"es_ES\" \/>\n<meta property=\"og:type\" content=\"article\" \/>\n<meta property=\"og:title\" content=\"Coconut Water 400mL x 12\" \/>\n<meta property=\"og:description\" content=\"\u200b\u200bPure Supply Coconut Water &#8211; Southeast Asia Sourced\u200b\u200b \u2022 Source: Premium coconuts from Southeast Asia \u2022 Process: Aseptic cold-filling technology, no additives \u2022 Standard: Meets high-quality [\u2026]\" \/>\n<meta property=\"og:url\" content=\"https:\/\/jiushidao.com\/es\/producto\/coconut-water-400ml-x-12\/\" \/>\n<meta property=\"og:site_name\" content=\"Jiushidao - Global Food Marketplace for Business Growth and Cosumers\" \/>\n<meta property=\"article:modified_time\" content=\"2025-10-30T09:47:35+00:00\" \/>\n<meta property=\"og:image\" content=\"https:\/\/jiushidao.com\/wp-content\/uploads\/2025\/10\/\u56fe\u72473.png\" \/>\n\t<meta property=\"og:image:width\" content=\"660\" \/>\n\t<meta property=\"og:image:height\" content=\"384\" \/>\n\t<meta property=\"og:image:type\" content=\"image\/png\" \/>\n<meta name=\"twitter:card\" content=\"summary_large_image\" \/>\n<meta name=\"twitter:label1\" content=\"Tiempo de lectura\" \/>\n\t<meta name=\"twitter:data1\" content=\"1 minuto\" \/>\n<script type=\"application\/ld+json\" class=\"yoast-schema-graph\">{\"@context\":\"https:\/\/schema.org\",\"@graph\":[{\"@type\":\"WebPage\",\"@id\":\"https:\/\/jiushidao.com\/product\/coconut-water-400ml-x-12\/\",\"url\":\"https:\/\/jiushidao.com\/product\/coconut-water-400ml-x-12\/\",\"name\":\"Coconut Water 400mL x 12 - Jiushidao - Global Food Marketplace for Business Growth and Cosumers\",\"isPartOf\":{\"@id\":\"https:\/\/jiushidao.com\/#website\"},\"primaryImageOfPage\":{\"@id\":\"https:\/\/jiushidao.com\/product\/coconut-water-400ml-x-12\/#primaryimage\"},\"image\":{\"@id\":\"https:\/\/jiushidao.com\/product\/coconut-water-400ml-x-12\/#primaryimage\"},\"thumbnailUrl\":\"https:\/\/jiushidao.com\/wp-content\/uploads\/2025\/10\/\u56fe\u72473.png\",\"datePublished\":\"2025-10-29T09:13:26+00:00\",\"dateModified\":\"2025-10-30T09:47:35+00:00\",\"breadcrumb\":{\"@id\":\"https:\/\/jiushidao.com\/product\/coconut-water-400ml-x-12\/#breadcrumb\"},\"inLanguage\":\"es\",\"potentialAction\":[{\"@type\":\"ReadAction\",\"target\":[\"https:\/\/jiushidao.com\/product\/coconut-water-400ml-x-12\/\"]}]},{\"@type\":\"ImageObject\",\"inLanguage\":\"es\",\"@id\":\"https:\/\/jiushidao.com\/product\/coconut-water-400ml-x-12\/#primaryimage\",\"url\":\"https:\/\/jiushidao.com\/wp-content\/uploads\/2025\/10\/\u56fe\u72473.png\",\"contentUrl\":\"https:\/\/jiushidao.com\/wp-content\/uploads\/2025\/10\/\u56fe\u72473.png\",\"width\":660,\"height\":384},{\"@type\":\"BreadcrumbList\",\"@id\":\"https:\/\/jiushidao.com\/product\/coconut-water-400ml-x-12\/#breadcrumb\",\"itemListElement\":[{\"@type\":\"ListItem\",\"position\":1,\"name\":\"Home\",\"item\":\"https:\/\/jiushidao.com\/\"},{\"@type\":\"ListItem\",\"position\":2,\"name\":\"Store\",\"item\":\"https:\/\/jiushidao.com\/store\/\"},{\"@type\":\"ListItem\",\"position\":3,\"name\":\"Coconut Water 400mL x 12\"}]},{\"@type\":\"WebSite\",\"@id\":\"https:\/\/jiushidao.com\/#website\",\"url\":\"https:\/\/jiushidao.com\/\",\"name\":\"Jiushidao - Global Food Marketplace for Business Growth and Cosumers\",\"description\":\"Jiushidao - Global Food Marketplace for Business Growth and Cosumers\",\"potentialAction\":[{\"@type\":\"SearchAction\",\"target\":{\"@type\":\"EntryPoint\",\"urlTemplate\":\"https:\/\/jiushidao.com\/?s={search_term_string}\"},\"query-input\":{\"@type\":\"PropertyValueSpecification\",\"valueRequired\":true,\"valueName\":\"search_term_string\"}}],\"inLanguage\":\"es\"}]}<\/script>\n<!-- \/ Yoast SEO Premium plugin. -->","yoast_head_json":{"title":"Coconut Water 400mL x 12 - Jiushidao - Global Food Marketplace for Business Growth and Cosumers","robots":{"index":"index","follow":"follow","max-snippet":"max-snippet:-1","max-image-preview":"max-image-preview:large","max-video-preview":"max-video-preview:-1"},"canonical":"https:\/\/jiushidao.com\/es\/producto\/coconut-water-400ml-x-12\/","og_locale":"es_ES","og_type":"article","og_title":"Coconut Water 400mL x 12","og_description":"\u200b\u200bPure Supply Coconut Water &#8211; Southeast Asia Sourced\u200b\u200b \u2022 Source: Premium coconuts from Southeast Asia \u2022 Process: Aseptic cold-filling technology, no additives \u2022 Standard: Meets high-quality [\u2026]","og_url":"https:\/\/jiushidao.com\/es\/producto\/coconut-water-400ml-x-12\/","og_site_name":"Jiushidao - Global Food Marketplace for Business Growth and Cosumers","article_modified_time":"2025-10-30T09:47:35+00:00","og_image":[{"width":660,"height":384,"url":"https:\/\/jiushidao.com\/wp-content\/uploads\/2025\/10\/\u56fe\u72473.png","type":"image\/png"}],"twitter_card":"summary_large_image","twitter_misc":{"Tiempo de lectura":"1 minuto"},"schema":{"@context":"https:\/\/schema.org","@graph":[{"@type":"WebPage","@id":"https:\/\/jiushidao.com\/product\/coconut-water-400ml-x-12\/","url":"https:\/\/jiushidao.com\/product\/coconut-water-400ml-x-12\/","name":"Coconut Water 400mL x 12 - Jiushidao - Global Food Marketplace for Business Growth and Cosumers","isPartOf":{"@id":"https:\/\/jiushidao.com\/#website"},"primaryImageOfPage":{"@id":"https:\/\/jiushidao.com\/product\/coconut-water-400ml-x-12\/#primaryimage"},"image":{"@id":"https:\/\/jiushidao.com\/product\/coconut-water-400ml-x-12\/#primaryimage"},"thumbnailUrl":"https:\/\/jiushidao.com\/wp-content\/uploads\/2025\/10\/\u56fe\u72473.png","datePublished":"2025-10-29T09:13:26+00:00","dateModified":"2025-10-30T09:47:35+00:00","breadcrumb":{"@id":"https:\/\/jiushidao.com\/product\/coconut-water-400ml-x-12\/#breadcrumb"},"inLanguage":"es","potentialAction":[{"@type":"ReadAction","target":["https:\/\/jiushidao.com\/product\/coconut-water-400ml-x-12\/"]}]},{"@type":"ImageObject","inLanguage":"es","@id":"https:\/\/jiushidao.com\/product\/coconut-water-400ml-x-12\/#primaryimage","url":"https:\/\/jiushidao.com\/wp-content\/uploads\/2025\/10\/\u56fe\u72473.png","contentUrl":"https:\/\/jiushidao.com\/wp-content\/uploads\/2025\/10\/\u56fe\u72473.png","width":660,"height":384},{"@type":"BreadcrumbList","@id":"https:\/\/jiushidao.com\/product\/coconut-water-400ml-x-12\/#breadcrumb","itemListElement":[{"@type":"ListItem","position":1,"name":"Home","item":"https:\/\/jiushidao.com\/"},{"@type":"ListItem","position":2,"name":"Store","item":"https:\/\/jiushidao.com\/store\/"},{"@type":"ListItem","position":3,"name":"Coconut Water 400mL x 12"}]},{"@type":"WebSite","@id":"https:\/\/jiushidao.com\/#website","url":"https:\/\/jiushidao.com\/","name":"Jiushidao - Global Food Marketplace for Business Growth and Cosumers","description":"Jiushidao - Global Food Marketplace for Business Growth and Cosumers","potentialAction":[{"@type":"SearchAction","target":{"@type":"EntryPoint","urlTemplate":"https:\/\/jiushidao.com\/?s={search_term_string}"},"query-input":{"@type":"PropertyValueSpecification","valueRequired":true,"valueName":"search_term_string"}}],"inLanguage":"es"}]}},"_links":{"self":[{"href":"https:\/\/jiushidao.com\/es\/wp-json\/wp\/v2\/product\/689","targetHints":{"allow":["GET"]}}],"collection":[{"href":"https:\/\/jiushidao.com\/es\/wp-json\/wp\/v2\/product"}],"about":[{"href":"https:\/\/jiushidao.com\/es\/wp-json\/wp\/v2\/types\/product"}],"replies":[{"embeddable":true,"href":"https:\/\/jiushidao.com\/es\/wp-json\/wp\/v2\/comments?post=689"}],"version-history":[{"count":2,"href":"https:\/\/jiushidao.com\/es\/wp-json\/wp\/v2\/product\/689\/revisions"}],"predecessor-version":[{"id":741,"href":"https:\/\/jiushidao.com\/es\/wp-json\/wp\/v2\/product\/689\/revisions\/741"}],"wp:featuredmedia":[{"embeddable":true,"href":"https:\/\/jiushidao.com\/es\/wp-json\/wp\/v2\/media\/690"}],"wp:attachment":[{"href":"https:\/\/jiushidao.com\/es\/wp-json\/wp\/v2\/media?parent=689"}],"wp:term":[{"taxonomy":"product_brand","embeddable":true,"href":"https:\/\/jiushidao.com\/es\/wp-json\/wp\/v2\/product_brand?post=689"},{"taxonomy":"product_cat","embeddable":true,"href":"https:\/\/jiushidao.com\/es\/wp-json\/wp\/v2\/product_cat?post=689"},{"taxonomy":"product_tag","embeddable":true,"href":"https:\/\/jiushidao.com\/es\/wp-json\/wp\/v2\/product_tag?post=689"}],"curies":[{"name":"wp","href":"https:\/\/api.w.org\/{rel}","templated":true}]}}