{"id":679,"date":"2025-10-29T08:58:29","date_gmt":"2025-10-29T08:58:29","guid":{"rendered":"https:\/\/jiushidao.com\/?post_type=product&#038;p=679"},"modified":"2025-10-30T10:17:14","modified_gmt":"2025-10-30T10:17:14","slug":"selected-nut-gift-box","status":"publish","type":"product","link":"https:\/\/jiushidao.com\/es\/producto\/selected-nut-gift-box\/","title":{"rendered":"Caja de regalo de frutos secos seleccionados"},"content":{"rendered":"<section class=\"ybc-p\"><strong>Selecci\u00f3n de frutos secos premium<\/strong>\u200b<\/section>\n<section class=\"ybc-p\">Elaborada con una mezcla gourmet de cuatro frutos secos premium (pistachos, anacardos, macadamias y pecanas), esta mezcla, cuidadosamente equilibrada, ofrece un sabor excepcional y una excelente nutrici\u00f3n. Cada fruto seco se selecciona cuidadosamente por su textura y sabor \u00fanicos, creando una experiencia rica y crujiente que deja una impresi\u00f3n duradera.<\/section>\n<section class=\"ybc-p\">Repleta de oligoelementos esenciales, vitaminas y grasas saludables, esta mezcla ofrece un refrigerio saludable para recargar energ\u00edas. Ya sea sola, con yogur o como un elegante complemento para tablas de embutidos, es una opci\u00f3n deliciosa y sofisticada para cualquier ocasi\u00f3n.<\/section>\n<section class=\"ybc-p\">\u200b<strong>Caracter\u00edsticas principales:<\/strong>\u200b<\/section>\n<ul class=\"ybc-ul-component\">\n<li class=\"ybc-li-component ybc-li-component_ul\">\n<section class=\"ybc-p\">\u200b<strong>Variedad Gourmet:<\/strong>Una combinaci\u00f3n cuidadosamente seleccionada de pistachos, anacardos, macadamias y nueces pecanas.<\/section>\n<\/li>\n<li class=\"ybc-li-component ybc-li-component_ul\">\n<section class=\"ybc-p\">\u200b<strong>Crujiente y sabor:<\/strong>Perfectamente tostados para realzar su riqueza natural y textura crujiente.<\/section>\n<\/li>\n<li class=\"ybc-li-component ybc-li-component_ul\">\n<section class=\"ybc-p\">\u200b<strong>Alto contenido en nutrientes:<\/strong>Rico en antioxidantes, magnesio, zinc y prote\u00ednas de origen vegetal.<\/section>\n<\/li>\n<li class=\"ybc-li-component ybc-li-component_ul\">\n<section class=\"ybc-p\">\u200b<strong>Disfrute vers\u00e1til:<\/strong>Ideal como snack, regalo o para realzar recetas con ingredientes premium.<\/section>\n<\/li>\n<\/ul>","protected":false},"excerpt":{"rendered":"<p>Selecci\u00f3n Premium de Frutos Secos Mixtos Elaborada con una mezcla gourmet de cuatro frutos secos premium (pistachos, anacardos, macadamias y nueces pecanas), esta mezcla expertamente equilibrada ofrece un sabor excepcional y un valor nutricional excepcional.<span class=\"excerpt-hellip\"> [\u2026]<\/span><\/p>","protected":false},"featured_media":680,"comment_status":"open","ping_status":"closed","template":"","meta":[],"product_brand":[53],"product_cat":[51],"product_tag":[],"class_list":{"0":"post-679","1":"product","2":"type-product","3":"status-publish","4":"has-post-thumbnail","6":"product_brand-instant_mix_category","7":"product_cat-dried_fruits_and_preserves","9":"first","10":"instock","11":"shipping-taxable","12":"product-type-simple"},"yoast_head":"<!-- This site is optimized with the Yoast SEO Premium plugin v25.8 (Yoast SEO v25.8) - https:\/\/yoast.com\/wordpress\/plugins\/seo\/ -->\n<title>Selected Nut Gift Box - Jiushidao - Global Food Marketplace for Business Growth and Cosumers<\/title>\n<meta name=\"robots\" content=\"index, follow, max-snippet:-1, max-image-preview:large, max-video-preview:-1\" \/>\n<link rel=\"canonical\" href=\"https:\/\/jiushidao.com\/es\/producto\/selected-nut-gift-box\/\" \/>\n<meta property=\"og:locale\" content=\"es_ES\" \/>\n<meta property=\"og:type\" content=\"article\" \/>\n<meta property=\"og:title\" content=\"Selected Nut Gift Box\" \/>\n<meta property=\"og:description\" content=\"Premium Mixed Nuts Selection\u200b\u200b Crafted with a gourmet blend of four premium nuts\u2014pistachios, cashews, macadamias, and pecans\u2014this expertly balanced mix delivers both exceptional taste and nutritional [\u2026]\" \/>\n<meta property=\"og:url\" content=\"https:\/\/jiushidao.com\/es\/producto\/selected-nut-gift-box\/\" \/>\n<meta property=\"og:site_name\" content=\"Jiushidao - Global Food Marketplace for Business Growth and Cosumers\" \/>\n<meta property=\"article:modified_time\" content=\"2025-10-30T10:17:14+00:00\" \/>\n<meta property=\"og:image\" content=\"https:\/\/jiushidao.com\/wp-content\/uploads\/2025\/10\/30.png\" \/>\n\t<meta property=\"og:image:width\" content=\"1280\" \/>\n\t<meta property=\"og:image:height\" content=\"1280\" \/>\n\t<meta property=\"og:image:type\" content=\"image\/png\" \/>\n<meta name=\"twitter:card\" content=\"summary_large_image\" \/>\n<meta name=\"twitter:label1\" content=\"Tiempo de lectura\" \/>\n\t<meta name=\"twitter:data1\" content=\"1 minuto\" \/>\n<script type=\"application\/ld+json\" class=\"yoast-schema-graph\">{\"@context\":\"https:\/\/schema.org\",\"@graph\":[{\"@type\":\"WebPage\",\"@id\":\"https:\/\/jiushidao.com\/product\/selected-nut-gift-box\/\",\"url\":\"https:\/\/jiushidao.com\/product\/selected-nut-gift-box\/\",\"name\":\"Selected Nut Gift Box - Jiushidao - Global Food Marketplace for Business Growth and Cosumers\",\"isPartOf\":{\"@id\":\"https:\/\/jiushidao.com\/#website\"},\"primaryImageOfPage\":{\"@id\":\"https:\/\/jiushidao.com\/product\/selected-nut-gift-box\/#primaryimage\"},\"image\":{\"@id\":\"https:\/\/jiushidao.com\/product\/selected-nut-gift-box\/#primaryimage\"},\"thumbnailUrl\":\"https:\/\/jiushidao.com\/wp-content\/uploads\/2025\/10\/30.png\",\"datePublished\":\"2025-10-29T08:58:29+00:00\",\"dateModified\":\"2025-10-30T10:17:14+00:00\",\"breadcrumb\":{\"@id\":\"https:\/\/jiushidao.com\/product\/selected-nut-gift-box\/#breadcrumb\"},\"inLanguage\":\"es\",\"potentialAction\":[{\"@type\":\"ReadAction\",\"target\":[\"https:\/\/jiushidao.com\/product\/selected-nut-gift-box\/\"]}]},{\"@type\":\"ImageObject\",\"inLanguage\":\"es\",\"@id\":\"https:\/\/jiushidao.com\/product\/selected-nut-gift-box\/#primaryimage\",\"url\":\"https:\/\/jiushidao.com\/wp-content\/uploads\/2025\/10\/30.png\",\"contentUrl\":\"https:\/\/jiushidao.com\/wp-content\/uploads\/2025\/10\/30.png\",\"width\":1280,\"height\":1280},{\"@type\":\"BreadcrumbList\",\"@id\":\"https:\/\/jiushidao.com\/product\/selected-nut-gift-box\/#breadcrumb\",\"itemListElement\":[{\"@type\":\"ListItem\",\"position\":1,\"name\":\"Home\",\"item\":\"https:\/\/jiushidao.com\/\"},{\"@type\":\"ListItem\",\"position\":2,\"name\":\"Store\",\"item\":\"https:\/\/jiushidao.com\/store\/\"},{\"@type\":\"ListItem\",\"position\":3,\"name\":\"Selected Nut Gift Box\"}]},{\"@type\":\"WebSite\",\"@id\":\"https:\/\/jiushidao.com\/#website\",\"url\":\"https:\/\/jiushidao.com\/\",\"name\":\"Jiushidao - Global Food Marketplace for Business Growth and Cosumers\",\"description\":\"Jiushidao - Global Food Marketplace for Business Growth and Cosumers\",\"potentialAction\":[{\"@type\":\"SearchAction\",\"target\":{\"@type\":\"EntryPoint\",\"urlTemplate\":\"https:\/\/jiushidao.com\/?s={search_term_string}\"},\"query-input\":{\"@type\":\"PropertyValueSpecification\",\"valueRequired\":true,\"valueName\":\"search_term_string\"}}],\"inLanguage\":\"es\"}]}<\/script>\n<!-- \/ Yoast SEO Premium plugin. -->","yoast_head_json":{"title":"Selected Nut Gift Box - Jiushidao - Global Food Marketplace for Business Growth and Cosumers","robots":{"index":"index","follow":"follow","max-snippet":"max-snippet:-1","max-image-preview":"max-image-preview:large","max-video-preview":"max-video-preview:-1"},"canonical":"https:\/\/jiushidao.com\/es\/producto\/selected-nut-gift-box\/","og_locale":"es_ES","og_type":"article","og_title":"Selected Nut Gift Box","og_description":"Premium Mixed Nuts Selection\u200b\u200b Crafted with a gourmet blend of four premium nuts\u2014pistachios, cashews, macadamias, and pecans\u2014this expertly balanced mix delivers both exceptional taste and nutritional [\u2026]","og_url":"https:\/\/jiushidao.com\/es\/producto\/selected-nut-gift-box\/","og_site_name":"Jiushidao - Global Food Marketplace for Business Growth and Cosumers","article_modified_time":"2025-10-30T10:17:14+00:00","og_image":[{"width":1280,"height":1280,"url":"https:\/\/jiushidao.com\/wp-content\/uploads\/2025\/10\/30.png","type":"image\/png"}],"twitter_card":"summary_large_image","twitter_misc":{"Tiempo de lectura":"1 minuto"},"schema":{"@context":"https:\/\/schema.org","@graph":[{"@type":"WebPage","@id":"https:\/\/jiushidao.com\/product\/selected-nut-gift-box\/","url":"https:\/\/jiushidao.com\/product\/selected-nut-gift-box\/","name":"Selected Nut Gift Box - Jiushidao - Global Food Marketplace for Business Growth and Cosumers","isPartOf":{"@id":"https:\/\/jiushidao.com\/#website"},"primaryImageOfPage":{"@id":"https:\/\/jiushidao.com\/product\/selected-nut-gift-box\/#primaryimage"},"image":{"@id":"https:\/\/jiushidao.com\/product\/selected-nut-gift-box\/#primaryimage"},"thumbnailUrl":"https:\/\/jiushidao.com\/wp-content\/uploads\/2025\/10\/30.png","datePublished":"2025-10-29T08:58:29+00:00","dateModified":"2025-10-30T10:17:14+00:00","breadcrumb":{"@id":"https:\/\/jiushidao.com\/product\/selected-nut-gift-box\/#breadcrumb"},"inLanguage":"es","potentialAction":[{"@type":"ReadAction","target":["https:\/\/jiushidao.com\/product\/selected-nut-gift-box\/"]}]},{"@type":"ImageObject","inLanguage":"es","@id":"https:\/\/jiushidao.com\/product\/selected-nut-gift-box\/#primaryimage","url":"https:\/\/jiushidao.com\/wp-content\/uploads\/2025\/10\/30.png","contentUrl":"https:\/\/jiushidao.com\/wp-content\/uploads\/2025\/10\/30.png","width":1280,"height":1280},{"@type":"BreadcrumbList","@id":"https:\/\/jiushidao.com\/product\/selected-nut-gift-box\/#breadcrumb","itemListElement":[{"@type":"ListItem","position":1,"name":"Home","item":"https:\/\/jiushidao.com\/"},{"@type":"ListItem","position":2,"name":"Store","item":"https:\/\/jiushidao.com\/store\/"},{"@type":"ListItem","position":3,"name":"Selected Nut Gift Box"}]},{"@type":"WebSite","@id":"https:\/\/jiushidao.com\/#website","url":"https:\/\/jiushidao.com\/","name":"Jiushidao - Global Food Marketplace for Business Growth and Cosumers","description":"Jiushidao - Global Food Marketplace for Business Growth and Cosumers","potentialAction":[{"@type":"SearchAction","target":{"@type":"EntryPoint","urlTemplate":"https:\/\/jiushidao.com\/?s={search_term_string}"},"query-input":{"@type":"PropertyValueSpecification","valueRequired":true,"valueName":"search_term_string"}}],"inLanguage":"es"}]}},"_links":{"self":[{"href":"https:\/\/jiushidao.com\/es\/wp-json\/wp\/v2\/product\/679","targetHints":{"allow":["GET"]}}],"collection":[{"href":"https:\/\/jiushidao.com\/es\/wp-json\/wp\/v2\/product"}],"about":[{"href":"https:\/\/jiushidao.com\/es\/wp-json\/wp\/v2\/types\/product"}],"replies":[{"embeddable":true,"href":"https:\/\/jiushidao.com\/es\/wp-json\/wp\/v2\/comments?post=679"}],"version-history":[{"count":2,"href":"https:\/\/jiushidao.com\/es\/wp-json\/wp\/v2\/product\/679\/revisions"}],"predecessor-version":[{"id":746,"href":"https:\/\/jiushidao.com\/es\/wp-json\/wp\/v2\/product\/679\/revisions\/746"}],"wp:featuredmedia":[{"embeddable":true,"href":"https:\/\/jiushidao.com\/es\/wp-json\/wp\/v2\/media\/680"}],"wp:attachment":[{"href":"https:\/\/jiushidao.com\/es\/wp-json\/wp\/v2\/media?parent=679"}],"wp:term":[{"taxonomy":"product_brand","embeddable":true,"href":"https:\/\/jiushidao.com\/es\/wp-json\/wp\/v2\/product_brand?post=679"},{"taxonomy":"product_cat","embeddable":true,"href":"https:\/\/jiushidao.com\/es\/wp-json\/wp\/v2\/product_cat?post=679"},{"taxonomy":"product_tag","embeddable":true,"href":"https:\/\/jiushidao.com\/es\/wp-json\/wp\/v2\/product_tag?post=679"}],"curies":[{"name":"wp","href":"https:\/\/api.w.org\/{rel}","templated":true}]}}