{"id":671,"date":"2025-10-29T08:50:29","date_gmt":"2025-10-29T08:50:29","guid":{"rendered":"https:\/\/jiushidao.com\/?post_type=product&#038;p=671"},"modified":"2025-10-30T10:48:58","modified_gmt":"2025-10-30T10:48:58","slug":"moisturizing-nourishing-tea","status":"publish","type":"product","link":"https:\/\/jiushidao.com\/es\/producto\/moisturizing-nourishing-tea\/","title":{"rendered":"T\u00e9 refrescante y nutritivo"},"content":{"rendered":"<section class=\"ybc-p\">\n<section class=\"ybc-p\"><strong>Bayas de Goji rojas de Xinjiang: El rub\u00ed de la vitalidad de la naturaleza<\/strong>\u200b<\/section>\n<section class=\"ybc-p\">Cultivadas en los paisajes pr\u00edstinos de Xinjiang, nuestras bayas de goji rojas premium se nutren del agua pura del deshielo de Tianshan y crecen en suelos arenosos ricos en minerales. Con m\u00e1s de 3000 horas de sol al a\u00f1o y marcadas variaciones de temperatura entre el d\u00eda y la noche, estas bayas desarrollan una dulzura y una densidad nutricional excepcionales. Cada baya es carnosa, de piel fina y de un rojo intenso, ofreciendo una textura tierna y un sabor exquisito.<\/section>\n<section class=\"ybc-p\">Repleto de polisac\u00e1ridos de goji, vitaminas y minerales esenciales, este superalimento ayuda a reforzar el sistema inmunitario, favorecer la salud hep\u00e1tica, mejorar la visi\u00f3n y combatir el estr\u00e9s oxidativo. Disfr\u00fatalo solo como tentempi\u00e9, prep\u00e1ralo en infusi\u00f3n o a\u00f1\u00e1delo a sopas y guisos para un aporte nutricional natural.<\/section>\n<section class=\"ybc-p\">\u200b<strong>Aspectos destacados:<\/strong>\u200b<\/section>\n<ul class=\"ybc-ul-component\">\n<li class=\"ybc-li-component ybc-li-component_ul\">\n<section class=\"ybc-p\">\u200b<strong>Condiciones ideales de cultivo:<\/strong>Alimentadas por el deshielo de Tianshan, cultivadas en suelo arenoso y ba\u00f1adas por abundante luz solar.<\/section>\n<\/li>\n<li class=\"ybc-li-component ybc-li-component_ul\">\n<section class=\"ybc-p\">\u200b<strong>Calidad superior:<\/strong>Bayas grandes y carnosas, de color vivo y piel delicada.<\/section>\n<\/li>\n<li class=\"ybc-li-component ybc-li-component_ul\">\n<section class=\"ybc-p\">\u200b<strong>Rico en nutrientes:<\/strong>Rico en polisac\u00e1ridos, vitaminas y antioxidantes.<\/section>\n<\/li>\n<li class=\"ybc-li-component ybc-li-component_ul\">\n<section class=\"ybc-p\">\u200b<strong>Uso vers\u00e1til:<\/strong>Perfecto para picar, preparar cerveza o cocinar.<\/section>\n<\/li>\n<li class=\"ybc-li-component ybc-li-component_ul\">\n<section class=\"ybc-p\">\u200b<strong>Beneficios para el bienestar:<\/strong>Tradicionalmente se utiliza para mejorar la inmunidad, proteger el h\u00edgado y promover la salud ocular.<\/section>\n<\/li>\n<\/ul>\n<\/section>","protected":false},"excerpt":{"rendered":"<p>Bayas de Goji Rojas de Xinjiang: El Rub\u00ed de la Vitalidad de la Naturaleza. Cultivadas en los paisajes pr\u00edstinos de Xinjiang, nuestras bayas de goji rojas premium se nutren del agua pura del deshielo de Tianshan.<span class=\"excerpt-hellip\"> [\u2026]<\/span><\/p>","protected":false},"featured_media":674,"comment_status":"open","ping_status":"closed","template":"","meta":[],"product_brand":[53],"product_cat":[51],"product_tag":[],"class_list":{"0":"post-671","1":"product","2":"type-product","3":"status-publish","4":"has-post-thumbnail","6":"product_brand-instant_mix_category","7":"product_cat-dried_fruits_and_preserves","9":"first","10":"instock","11":"shipping-taxable","12":"product-type-simple"},"yoast_head":"<!-- This site is optimized with the Yoast SEO Premium plugin v25.8 (Yoast SEO v25.8) - https:\/\/yoast.com\/wordpress\/plugins\/seo\/ -->\n<title>Refreshing and Nourishing Tea - Jiushidao - Global Food Marketplace for Business Growth and Cosumers<\/title>\n<meta name=\"robots\" content=\"index, follow, max-snippet:-1, max-image-preview:large, max-video-preview:-1\" \/>\n<link rel=\"canonical\" href=\"https:\/\/jiushidao.com\/es\/producto\/moisturizing-nourishing-tea\/\" \/>\n<meta property=\"og:locale\" content=\"es_ES\" \/>\n<meta property=\"og:type\" content=\"article\" \/>\n<meta property=\"og:title\" content=\"Refreshing and Nourishing Tea\" \/>\n<meta property=\"og:description\" content=\"\u200bXinjiang Red Goji Berries: Nature&#8217;s Ruby of Vitality\u200b\u200b Grown in the pristine landscapes of Xinjiang, our premium red goji berries are nurtured by pure Tianshan snowmelt [\u2026]\" \/>\n<meta property=\"og:url\" content=\"https:\/\/jiushidao.com\/es\/producto\/moisturizing-nourishing-tea\/\" \/>\n<meta property=\"og:site_name\" content=\"Jiushidao - Global Food Marketplace for Business Growth and Cosumers\" \/>\n<meta property=\"article:modified_time\" content=\"2025-10-30T10:48:58+00:00\" \/>\n<meta property=\"og:image\" content=\"https:\/\/jiushidao.com\/wp-content\/uploads\/2025\/10\/WPS\u56fe\u72471-1.jpg\" \/>\n\t<meta property=\"og:image:width\" content=\"750\" \/>\n\t<meta property=\"og:image:height\" content=\"750\" \/>\n\t<meta property=\"og:image:type\" content=\"image\/jpeg\" \/>\n<meta name=\"twitter:card\" content=\"summary_large_image\" \/>\n<meta name=\"twitter:label1\" content=\"Tiempo de lectura\" \/>\n\t<meta name=\"twitter:data1\" content=\"1 minuto\" \/>\n<script type=\"application\/ld+json\" class=\"yoast-schema-graph\">{\"@context\":\"https:\/\/schema.org\",\"@graph\":[{\"@type\":\"WebPage\",\"@id\":\"https:\/\/jiushidao.com\/product\/moisturizing-nourishing-tea\/\",\"url\":\"https:\/\/jiushidao.com\/product\/moisturizing-nourishing-tea\/\",\"name\":\"Refreshing and Nourishing Tea - Jiushidao - Global Food Marketplace for Business Growth and Cosumers\",\"isPartOf\":{\"@id\":\"https:\/\/jiushidao.com\/#website\"},\"primaryImageOfPage\":{\"@id\":\"https:\/\/jiushidao.com\/product\/moisturizing-nourishing-tea\/#primaryimage\"},\"image\":{\"@id\":\"https:\/\/jiushidao.com\/product\/moisturizing-nourishing-tea\/#primaryimage\"},\"thumbnailUrl\":\"https:\/\/jiushidao.com\/wp-content\/uploads\/2025\/10\/WPS\u56fe\u72471-1.jpg\",\"datePublished\":\"2025-10-29T08:50:29+00:00\",\"dateModified\":\"2025-10-30T10:48:58+00:00\",\"breadcrumb\":{\"@id\":\"https:\/\/jiushidao.com\/product\/moisturizing-nourishing-tea\/#breadcrumb\"},\"inLanguage\":\"es\",\"potentialAction\":[{\"@type\":\"ReadAction\",\"target\":[\"https:\/\/jiushidao.com\/product\/moisturizing-nourishing-tea\/\"]}]},{\"@type\":\"ImageObject\",\"inLanguage\":\"es\",\"@id\":\"https:\/\/jiushidao.com\/product\/moisturizing-nourishing-tea\/#primaryimage\",\"url\":\"https:\/\/jiushidao.com\/wp-content\/uploads\/2025\/10\/WPS\u56fe\u72471-1.jpg\",\"contentUrl\":\"https:\/\/jiushidao.com\/wp-content\/uploads\/2025\/10\/WPS\u56fe\u72471-1.jpg\",\"width\":750,\"height\":750},{\"@type\":\"BreadcrumbList\",\"@id\":\"https:\/\/jiushidao.com\/product\/moisturizing-nourishing-tea\/#breadcrumb\",\"itemListElement\":[{\"@type\":\"ListItem\",\"position\":1,\"name\":\"Home\",\"item\":\"https:\/\/jiushidao.com\/\"},{\"@type\":\"ListItem\",\"position\":2,\"name\":\"Store\",\"item\":\"https:\/\/jiushidao.com\/store\/\"},{\"@type\":\"ListItem\",\"position\":3,\"name\":\"Refreshing and Nourishing Tea\"}]},{\"@type\":\"WebSite\",\"@id\":\"https:\/\/jiushidao.com\/#website\",\"url\":\"https:\/\/jiushidao.com\/\",\"name\":\"Jiushidao - Global Food Marketplace for Business Growth and Cosumers\",\"description\":\"Jiushidao - Global Food Marketplace for Business Growth and Cosumers\",\"potentialAction\":[{\"@type\":\"SearchAction\",\"target\":{\"@type\":\"EntryPoint\",\"urlTemplate\":\"https:\/\/jiushidao.com\/?s={search_term_string}\"},\"query-input\":{\"@type\":\"PropertyValueSpecification\",\"valueRequired\":true,\"valueName\":\"search_term_string\"}}],\"inLanguage\":\"es\"}]}<\/script>\n<!-- \/ Yoast SEO Premium plugin. -->","yoast_head_json":{"title":"Refreshing and Nourishing Tea - Jiushidao - Global Food Marketplace for Business Growth and Cosumers","robots":{"index":"index","follow":"follow","max-snippet":"max-snippet:-1","max-image-preview":"max-image-preview:large","max-video-preview":"max-video-preview:-1"},"canonical":"https:\/\/jiushidao.com\/es\/producto\/moisturizing-nourishing-tea\/","og_locale":"es_ES","og_type":"article","og_title":"Refreshing and Nourishing Tea","og_description":"\u200bXinjiang Red Goji Berries: Nature&#8217;s Ruby of Vitality\u200b\u200b Grown in the pristine landscapes of Xinjiang, our premium red goji berries are nurtured by pure Tianshan snowmelt [\u2026]","og_url":"https:\/\/jiushidao.com\/es\/producto\/moisturizing-nourishing-tea\/","og_site_name":"Jiushidao - Global Food Marketplace for Business Growth and Cosumers","article_modified_time":"2025-10-30T10:48:58+00:00","og_image":[{"width":750,"height":750,"url":"https:\/\/jiushidao.com\/wp-content\/uploads\/2025\/10\/WPS\u56fe\u72471-1.jpg","type":"image\/jpeg"}],"twitter_card":"summary_large_image","twitter_misc":{"Tiempo de lectura":"1 minuto"},"schema":{"@context":"https:\/\/schema.org","@graph":[{"@type":"WebPage","@id":"https:\/\/jiushidao.com\/product\/moisturizing-nourishing-tea\/","url":"https:\/\/jiushidao.com\/product\/moisturizing-nourishing-tea\/","name":"Refreshing and Nourishing Tea - Jiushidao - Global Food Marketplace for Business Growth and Cosumers","isPartOf":{"@id":"https:\/\/jiushidao.com\/#website"},"primaryImageOfPage":{"@id":"https:\/\/jiushidao.com\/product\/moisturizing-nourishing-tea\/#primaryimage"},"image":{"@id":"https:\/\/jiushidao.com\/product\/moisturizing-nourishing-tea\/#primaryimage"},"thumbnailUrl":"https:\/\/jiushidao.com\/wp-content\/uploads\/2025\/10\/WPS\u56fe\u72471-1.jpg","datePublished":"2025-10-29T08:50:29+00:00","dateModified":"2025-10-30T10:48:58+00:00","breadcrumb":{"@id":"https:\/\/jiushidao.com\/product\/moisturizing-nourishing-tea\/#breadcrumb"},"inLanguage":"es","potentialAction":[{"@type":"ReadAction","target":["https:\/\/jiushidao.com\/product\/moisturizing-nourishing-tea\/"]}]},{"@type":"ImageObject","inLanguage":"es","@id":"https:\/\/jiushidao.com\/product\/moisturizing-nourishing-tea\/#primaryimage","url":"https:\/\/jiushidao.com\/wp-content\/uploads\/2025\/10\/WPS\u56fe\u72471-1.jpg","contentUrl":"https:\/\/jiushidao.com\/wp-content\/uploads\/2025\/10\/WPS\u56fe\u72471-1.jpg","width":750,"height":750},{"@type":"BreadcrumbList","@id":"https:\/\/jiushidao.com\/product\/moisturizing-nourishing-tea\/#breadcrumb","itemListElement":[{"@type":"ListItem","position":1,"name":"Home","item":"https:\/\/jiushidao.com\/"},{"@type":"ListItem","position":2,"name":"Store","item":"https:\/\/jiushidao.com\/store\/"},{"@type":"ListItem","position":3,"name":"Refreshing and Nourishing Tea"}]},{"@type":"WebSite","@id":"https:\/\/jiushidao.com\/#website","url":"https:\/\/jiushidao.com\/","name":"Jiushidao - Global Food Marketplace for Business Growth and Cosumers","description":"Jiushidao - Global Food Marketplace for Business Growth and Cosumers","potentialAction":[{"@type":"SearchAction","target":{"@type":"EntryPoint","urlTemplate":"https:\/\/jiushidao.com\/?s={search_term_string}"},"query-input":{"@type":"PropertyValueSpecification","valueRequired":true,"valueName":"search_term_string"}}],"inLanguage":"es"}]}},"_links":{"self":[{"href":"https:\/\/jiushidao.com\/es\/wp-json\/wp\/v2\/product\/671","targetHints":{"allow":["GET"]}}],"collection":[{"href":"https:\/\/jiushidao.com\/es\/wp-json\/wp\/v2\/product"}],"about":[{"href":"https:\/\/jiushidao.com\/es\/wp-json\/wp\/v2\/types\/product"}],"replies":[{"embeddable":true,"href":"https:\/\/jiushidao.com\/es\/wp-json\/wp\/v2\/comments?post=671"}],"version-history":[{"count":5,"href":"https:\/\/jiushidao.com\/es\/wp-json\/wp\/v2\/product\/671\/revisions"}],"predecessor-version":[{"id":753,"href":"https:\/\/jiushidao.com\/es\/wp-json\/wp\/v2\/product\/671\/revisions\/753"}],"wp:featuredmedia":[{"embeddable":true,"href":"https:\/\/jiushidao.com\/es\/wp-json\/wp\/v2\/media\/674"}],"wp:attachment":[{"href":"https:\/\/jiushidao.com\/es\/wp-json\/wp\/v2\/media?parent=671"}],"wp:term":[{"taxonomy":"product_brand","embeddable":true,"href":"https:\/\/jiushidao.com\/es\/wp-json\/wp\/v2\/product_brand?post=671"},{"taxonomy":"product_cat","embeddable":true,"href":"https:\/\/jiushidao.com\/es\/wp-json\/wp\/v2\/product_cat?post=671"},{"taxonomy":"product_tag","embeddable":true,"href":"https:\/\/jiushidao.com\/es\/wp-json\/wp\/v2\/product_tag?post=671"}],"curies":[{"name":"wp","href":"https:\/\/api.w.org\/{rel}","templated":true}]}}