{"id":668,"date":"2025-10-29T08:47:58","date_gmt":"2025-10-29T08:47:58","guid":{"rendered":"https:\/\/jiushidao.com\/?post_type=product&#038;p=668"},"modified":"2025-10-29T08:48:46","modified_gmt":"2025-10-29T08:48:46","slug":"red-goji-berry","status":"publish","type":"product","link":"https:\/\/jiushidao.com\/es\/producto\/red-goji-berry\/","title":{"rendered":"Baya de Goji roja"},"content":{"rendered":"<h1 class=\"header-iWP5WJ auto-hide-last-sibling-br\">Baya de Goji roja de Xinjiang<\/h1>\n<div class=\"auto-hide-last-sibling-br paragraph-pP9ZLC paragraph-element br-paragraph-space\">La baya roja de Goji de Xinjiang absorbe agua del deshielo de Tianshan, echa ra\u00edces en suelo arenoso, absorbe m\u00e1s de 3000 horas de luz solar anual y se ve atenuada por las diferencias de temperatura entre el d\u00eda y la noche.<\/div>\n<div class=\"auto-hide-last-sibling-br paragraph-pP9ZLC paragraph-element br-paragraph-space\">Sus frutos son grandes y carnosos, de piel fina y pulpa gruesa, de un atractivo color rojo brillante. Rico en polisac\u00e1ridos de goji, vitaminas, minerales y otros nutrientes, su consumo regular puede fortalecer el sistema inmunitario, proteger el h\u00edgado, mejorar la vista y resistir la oxidaci\u00f3n. Se puede consumir directamente o en infusi\u00f3n o a\u00f1adir a sopas, lo que lo convierte en un tesoro nutritivo natural.<\/div>","protected":false},"excerpt":{"rendered":"<p>La baya roja de goji de Xinjiang absorbe agua del deshielo de Tianshan, echa ra\u00edces en suelo arenoso y absorbe m\u00e1s de 3000 veces la luz solar anual.<span class=\"excerpt-hellip\"> [\u2026]<\/span><\/p>","protected":false},"featured_media":670,"comment_status":"open","ping_status":"closed","template":"","meta":[],"product_brand":[53],"product_cat":[51],"product_tag":[],"class_list":{"0":"post-668","1":"product","2":"type-product","3":"status-publish","4":"has-post-thumbnail","6":"product_brand-instant_mix_category","7":"product_cat-dried_fruits_and_preserves","9":"first","10":"instock","11":"shipping-taxable","12":"product-type-simple"},"yoast_head":"<!-- This site is optimized with the Yoast SEO Premium plugin v25.8 (Yoast SEO v25.8) - https:\/\/yoast.com\/wordpress\/plugins\/seo\/ -->\n<title>Red Goji Berry - Jiushidao - Global Food Marketplace for Business Growth and Cosumers<\/title>\n<meta name=\"robots\" content=\"index, follow, max-snippet:-1, max-image-preview:large, max-video-preview:-1\" \/>\n<link rel=\"canonical\" href=\"https:\/\/jiushidao.com\/es\/producto\/red-goji-berry\/\" \/>\n<meta property=\"og:locale\" content=\"es_ES\" \/>\n<meta property=\"og:type\" content=\"article\" \/>\n<meta property=\"og:title\" content=\"Red Goji Berry\" \/>\n<meta property=\"og:description\" content=\"Xinjiang Red Goji Berry Xinjiang Red Goji Berry absorbs water from Tianshan snowmelt, takes root in sandy soil, soaks up an annual sunlight of over 3,000 [\u2026]\" \/>\n<meta property=\"og:url\" content=\"https:\/\/jiushidao.com\/es\/producto\/red-goji-berry\/\" \/>\n<meta property=\"og:site_name\" content=\"Jiushidao - Global Food Marketplace for Business Growth and Cosumers\" \/>\n<meta property=\"article:modified_time\" content=\"2025-10-29T08:48:46+00:00\" \/>\n<meta property=\"og:image\" content=\"https:\/\/jiushidao.com\/wp-content\/uploads\/2025\/10\/27.png\" \/>\n\t<meta property=\"og:image:width\" content=\"486\" \/>\n\t<meta property=\"og:image:height\" content=\"562\" \/>\n\t<meta property=\"og:image:type\" content=\"image\/png\" \/>\n<meta name=\"twitter:card\" content=\"summary_large_image\" \/>\n<meta name=\"twitter:label1\" content=\"Tiempo de lectura\" \/>\n\t<meta name=\"twitter:data1\" content=\"1 minuto\" \/>\n<script type=\"application\/ld+json\" class=\"yoast-schema-graph\">{\"@context\":\"https:\/\/schema.org\",\"@graph\":[{\"@type\":\"WebPage\",\"@id\":\"https:\/\/jiushidao.com\/product\/red-goji-berry\/\",\"url\":\"https:\/\/jiushidao.com\/product\/red-goji-berry\/\",\"name\":\"Red Goji Berry - Jiushidao - Global Food Marketplace for Business Growth and Cosumers\",\"isPartOf\":{\"@id\":\"https:\/\/jiushidao.com\/#website\"},\"primaryImageOfPage\":{\"@id\":\"https:\/\/jiushidao.com\/product\/red-goji-berry\/#primaryimage\"},\"image\":{\"@id\":\"https:\/\/jiushidao.com\/product\/red-goji-berry\/#primaryimage\"},\"thumbnailUrl\":\"https:\/\/jiushidao.com\/wp-content\/uploads\/2025\/10\/27.png\",\"datePublished\":\"2025-10-29T08:47:58+00:00\",\"dateModified\":\"2025-10-29T08:48:46+00:00\",\"breadcrumb\":{\"@id\":\"https:\/\/jiushidao.com\/product\/red-goji-berry\/#breadcrumb\"},\"inLanguage\":\"es\",\"potentialAction\":[{\"@type\":\"ReadAction\",\"target\":[\"https:\/\/jiushidao.com\/product\/red-goji-berry\/\"]}]},{\"@type\":\"ImageObject\",\"inLanguage\":\"es\",\"@id\":\"https:\/\/jiushidao.com\/product\/red-goji-berry\/#primaryimage\",\"url\":\"https:\/\/jiushidao.com\/wp-content\/uploads\/2025\/10\/27.png\",\"contentUrl\":\"https:\/\/jiushidao.com\/wp-content\/uploads\/2025\/10\/27.png\",\"width\":486,\"height\":562},{\"@type\":\"BreadcrumbList\",\"@id\":\"https:\/\/jiushidao.com\/product\/red-goji-berry\/#breadcrumb\",\"itemListElement\":[{\"@type\":\"ListItem\",\"position\":1,\"name\":\"Home\",\"item\":\"https:\/\/jiushidao.com\/\"},{\"@type\":\"ListItem\",\"position\":2,\"name\":\"Store\",\"item\":\"https:\/\/jiushidao.com\/store\/\"},{\"@type\":\"ListItem\",\"position\":3,\"name\":\"Red Goji Berry\"}]},{\"@type\":\"WebSite\",\"@id\":\"https:\/\/jiushidao.com\/#website\",\"url\":\"https:\/\/jiushidao.com\/\",\"name\":\"Jiushidao - Global Food Marketplace for Business Growth and Cosumers\",\"description\":\"Jiushidao - Global Food Marketplace for Business Growth and Cosumers\",\"potentialAction\":[{\"@type\":\"SearchAction\",\"target\":{\"@type\":\"EntryPoint\",\"urlTemplate\":\"https:\/\/jiushidao.com\/?s={search_term_string}\"},\"query-input\":{\"@type\":\"PropertyValueSpecification\",\"valueRequired\":true,\"valueName\":\"search_term_string\"}}],\"inLanguage\":\"es\"}]}<\/script>\n<!-- \/ Yoast SEO Premium plugin. -->","yoast_head_json":{"title":"Red Goji Berry - Jiushidao - Global Food Marketplace for Business Growth and Cosumers","robots":{"index":"index","follow":"follow","max-snippet":"max-snippet:-1","max-image-preview":"max-image-preview:large","max-video-preview":"max-video-preview:-1"},"canonical":"https:\/\/jiushidao.com\/es\/producto\/red-goji-berry\/","og_locale":"es_ES","og_type":"article","og_title":"Red Goji Berry","og_description":"Xinjiang Red Goji Berry Xinjiang Red Goji Berry absorbs water from Tianshan snowmelt, takes root in sandy soil, soaks up an annual sunlight of over 3,000 [\u2026]","og_url":"https:\/\/jiushidao.com\/es\/producto\/red-goji-berry\/","og_site_name":"Jiushidao - Global Food Marketplace for Business Growth and Cosumers","article_modified_time":"2025-10-29T08:48:46+00:00","og_image":[{"width":486,"height":562,"url":"https:\/\/jiushidao.com\/wp-content\/uploads\/2025\/10\/27.png","type":"image\/png"}],"twitter_card":"summary_large_image","twitter_misc":{"Tiempo de lectura":"1 minuto"},"schema":{"@context":"https:\/\/schema.org","@graph":[{"@type":"WebPage","@id":"https:\/\/jiushidao.com\/product\/red-goji-berry\/","url":"https:\/\/jiushidao.com\/product\/red-goji-berry\/","name":"Red Goji Berry - Jiushidao - Global Food Marketplace for Business Growth and Cosumers","isPartOf":{"@id":"https:\/\/jiushidao.com\/#website"},"primaryImageOfPage":{"@id":"https:\/\/jiushidao.com\/product\/red-goji-berry\/#primaryimage"},"image":{"@id":"https:\/\/jiushidao.com\/product\/red-goji-berry\/#primaryimage"},"thumbnailUrl":"https:\/\/jiushidao.com\/wp-content\/uploads\/2025\/10\/27.png","datePublished":"2025-10-29T08:47:58+00:00","dateModified":"2025-10-29T08:48:46+00:00","breadcrumb":{"@id":"https:\/\/jiushidao.com\/product\/red-goji-berry\/#breadcrumb"},"inLanguage":"es","potentialAction":[{"@type":"ReadAction","target":["https:\/\/jiushidao.com\/product\/red-goji-berry\/"]}]},{"@type":"ImageObject","inLanguage":"es","@id":"https:\/\/jiushidao.com\/product\/red-goji-berry\/#primaryimage","url":"https:\/\/jiushidao.com\/wp-content\/uploads\/2025\/10\/27.png","contentUrl":"https:\/\/jiushidao.com\/wp-content\/uploads\/2025\/10\/27.png","width":486,"height":562},{"@type":"BreadcrumbList","@id":"https:\/\/jiushidao.com\/product\/red-goji-berry\/#breadcrumb","itemListElement":[{"@type":"ListItem","position":1,"name":"Home","item":"https:\/\/jiushidao.com\/"},{"@type":"ListItem","position":2,"name":"Store","item":"https:\/\/jiushidao.com\/store\/"},{"@type":"ListItem","position":3,"name":"Red Goji Berry"}]},{"@type":"WebSite","@id":"https:\/\/jiushidao.com\/#website","url":"https:\/\/jiushidao.com\/","name":"Jiushidao - Global Food Marketplace for Business Growth and Cosumers","description":"Jiushidao - Global Food Marketplace for Business Growth and Cosumers","potentialAction":[{"@type":"SearchAction","target":{"@type":"EntryPoint","urlTemplate":"https:\/\/jiushidao.com\/?s={search_term_string}"},"query-input":{"@type":"PropertyValueSpecification","valueRequired":true,"valueName":"search_term_string"}}],"inLanguage":"es"}]}},"_links":{"self":[{"href":"https:\/\/jiushidao.com\/es\/wp-json\/wp\/v2\/product\/668","targetHints":{"allow":["GET"]}}],"collection":[{"href":"https:\/\/jiushidao.com\/es\/wp-json\/wp\/v2\/product"}],"about":[{"href":"https:\/\/jiushidao.com\/es\/wp-json\/wp\/v2\/types\/product"}],"replies":[{"embeddable":true,"href":"https:\/\/jiushidao.com\/es\/wp-json\/wp\/v2\/comments?post=668"}],"version-history":[{"count":2,"href":"https:\/\/jiushidao.com\/es\/wp-json\/wp\/v2\/product\/668\/revisions"}],"predecessor-version":[{"id":726,"href":"https:\/\/jiushidao.com\/es\/wp-json\/wp\/v2\/product\/668\/revisions\/726"}],"wp:featuredmedia":[{"embeddable":true,"href":"https:\/\/jiushidao.com\/es\/wp-json\/wp\/v2\/media\/670"}],"wp:attachment":[{"href":"https:\/\/jiushidao.com\/es\/wp-json\/wp\/v2\/media?parent=668"}],"wp:term":[{"taxonomy":"product_brand","embeddable":true,"href":"https:\/\/jiushidao.com\/es\/wp-json\/wp\/v2\/product_brand?post=668"},{"taxonomy":"product_cat","embeddable":true,"href":"https:\/\/jiushidao.com\/es\/wp-json\/wp\/v2\/product_cat?post=668"},{"taxonomy":"product_tag","embeddable":true,"href":"https:\/\/jiushidao.com\/es\/wp-json\/wp\/v2\/product_tag?post=668"}],"curies":[{"name":"wp","href":"https:\/\/api.w.org\/{rel}","templated":true}]}}