{"id":665,"date":"2025-10-29T08:40:31","date_gmt":"2025-10-29T08:40:31","guid":{"rendered":"https:\/\/jiushidao.com\/?post_type=product&#038;p=665"},"modified":"2025-10-30T11:20:40","modified_gmt":"2025-10-30T11:20:40","slug":"black-wolfberry","status":"publish","type":"product","link":"https:\/\/jiushidao.com\/es\/producto\/black-wolfberry\/","title":{"rendered":"Baya de goji negra"},"content":{"rendered":"<section class=\"ybc-p\">\u200b<strong>Bayas de goji negras de Xinjiang: El &#039;rey de las antocianinas&#039; del desierto de Gobi<\/strong>\u200b<\/section>\n<section class=\"ybc-p\">Cultivadas en el entorno agreste pero puro de los \u00e1ridos desiertos de Xinjiang, nuestras bayas de goji negras se riegan con el agua pura del deshielo de Tianshan y se ven templadas por cambios extremos de temperatura que superan los 15 \u00b0C entre el d\u00eda y la noche. Cada baya madura hasta alcanzar un profundo color p\u00farpura oscuro, con una distintiva mancha blanca en el tallo: se\u00f1al de su aut\u00e9ntico origen.<\/section>\n<section class=\"ybc-p\">Conocidas como las &quot;Reinas de las Antocianinas&quot;, estas bayas desprenden un fascinante color violeta al infusionarse en agua, lo que indica su alto contenido en pigmentos naturales. Ricas en amino\u00e1cidos, antioxidantes y oligoelementos esenciales, ofrecen un potente impulso para una piel radiante, una buena salud ocular y una vitalidad general. Disfr\u00fatalas solas como tentempi\u00e9, prepara una infusi\u00f3n con ellas o incorp\u00f3ralas a tus recetas como un superalimento rico en nutrientes.<\/section>\n<section class=\"ybc-p\">\u200b<strong>Caracter\u00edsticas principales:<\/strong>\u200b<\/section>\n<ul class=\"ybc-ul-component\">\n<li class=\"ybc-li-component ybc-li-component_ul\">\n<section class=\"ybc-p\">\u200b<strong>Origen puro:<\/strong>Crece de forma silvestre en el desierto de Gobi, intacto, nutrido por el deshielo de Tianshan.<\/section>\n<\/li>\n<li class=\"ybc-li-component ybc-li-component_ul\">\n<section class=\"ybc-p\">\u200b<strong>Potencial natural de antocianinas:<\/strong>Libera instant\u00e1neamente un v\u00edvido tono violeta en el agua, lo que indica un alto contenido de antioxidantes.<\/section>\n<\/li>\n<li class=\"ybc-li-component ybc-li-component_ul\">\n<section class=\"ybc-p\">\u200b<strong>Alto contenido en nutrientes:<\/strong>Repleto de amino\u00e1cidos, vitaminas y oligoelementos raros.<\/section>\n<\/li>\n<li class=\"ybc-li-component ybc-li-component_ul\">\n<section class=\"ybc-p\">\u200b<strong>Uso vers\u00e1til:<\/strong>Ideal para consumir crudo, preparar infusiones o a\u00f1adir a platos y t\u00f3nicos.<\/section>\n<\/li>\n<li class=\"ybc-li-component ybc-li-component_ul\">\n<section class=\"ybc-p\">\u200b<strong>Belleza y bienestar:<\/strong>Tradicionalmente se utiliza para favorecer la visi\u00f3n, mejorar el brillo de la piel y combatir el estr\u00e9s oxidativo.<\/section>\n<\/li>\n<\/ul>","protected":false},"excerpt":{"rendered":"<p>Bayas de Goji negras de Xinjiang: El &#039;rey de las antocianinas&#039; del desierto de Gobi. Cultivadas en el duro pero puro entorno de los \u00e1ridos desiertos de Xinjiang, nuestras bayas de goji negras son una fuente inagotable de sabor y sabor.<span class=\"excerpt-hellip\"> [\u2026]<\/span><\/p>","protected":false},"featured_media":667,"comment_status":"open","ping_status":"closed","template":"","meta":[],"product_brand":[53],"product_cat":[51],"product_tag":[],"class_list":{"0":"post-665","1":"product","2":"type-product","3":"status-publish","4":"has-post-thumbnail","6":"product_brand-instant_mix_category","7":"product_cat-dried_fruits_and_preserves","9":"first","10":"instock","11":"shipping-taxable","12":"product-type-simple"},"yoast_head":"<!-- This site is optimized with the Yoast SEO Premium plugin v25.8 (Yoast SEO v25.8) - https:\/\/yoast.com\/wordpress\/plugins\/seo\/ -->\n<title>Black Wolfberry - Jiushidao - Global Food Marketplace for Business Growth and Cosumers<\/title>\n<meta name=\"robots\" content=\"index, follow, max-snippet:-1, max-image-preview:large, max-video-preview:-1\" \/>\n<link rel=\"canonical\" href=\"https:\/\/jiushidao.com\/es\/producto\/black-wolfberry\/\" \/>\n<meta property=\"og:locale\" content=\"es_ES\" \/>\n<meta property=\"og:type\" content=\"article\" \/>\n<meta property=\"og:title\" content=\"Black Wolfberry\" \/>\n<meta property=\"og:description\" content=\"\u200b\u200bXinjiang Black Goji Berries: The &#8216;King of Anthocyanins&#8217; from the Gobi Desert\u200b\u200b Nurtured in the harsh yet pure environment of Xinjiang\u2019s arid deserts, our black goji [\u2026]\" \/>\n<meta property=\"og:url\" content=\"https:\/\/jiushidao.com\/es\/producto\/black-wolfberry\/\" \/>\n<meta property=\"og:site_name\" content=\"Jiushidao - Global Food Marketplace for Business Growth and Cosumers\" \/>\n<meta property=\"article:modified_time\" content=\"2025-10-30T11:20:40+00:00\" \/>\n<meta property=\"og:image\" content=\"https:\/\/jiushidao.com\/wp-content\/uploads\/2025\/10\/26.png\" \/>\n\t<meta property=\"og:image:width\" content=\"554\" \/>\n\t<meta property=\"og:image:height\" content=\"570\" \/>\n\t<meta property=\"og:image:type\" content=\"image\/png\" \/>\n<meta name=\"twitter:card\" content=\"summary_large_image\" \/>\n<meta name=\"twitter:label1\" content=\"Tiempo de lectura\" \/>\n\t<meta name=\"twitter:data1\" content=\"1 minuto\" \/>\n<script type=\"application\/ld+json\" class=\"yoast-schema-graph\">{\"@context\":\"https:\/\/schema.org\",\"@graph\":[{\"@type\":\"WebPage\",\"@id\":\"https:\/\/jiushidao.com\/product\/black-wolfberry\/\",\"url\":\"https:\/\/jiushidao.com\/product\/black-wolfberry\/\",\"name\":\"Black Wolfberry - Jiushidao - Global Food Marketplace for Business Growth and Cosumers\",\"isPartOf\":{\"@id\":\"https:\/\/jiushidao.com\/#website\"},\"primaryImageOfPage\":{\"@id\":\"https:\/\/jiushidao.com\/product\/black-wolfberry\/#primaryimage\"},\"image\":{\"@id\":\"https:\/\/jiushidao.com\/product\/black-wolfberry\/#primaryimage\"},\"thumbnailUrl\":\"https:\/\/jiushidao.com\/wp-content\/uploads\/2025\/10\/26.png\",\"datePublished\":\"2025-10-29T08:40:31+00:00\",\"dateModified\":\"2025-10-30T11:20:40+00:00\",\"breadcrumb\":{\"@id\":\"https:\/\/jiushidao.com\/product\/black-wolfberry\/#breadcrumb\"},\"inLanguage\":\"es\",\"potentialAction\":[{\"@type\":\"ReadAction\",\"target\":[\"https:\/\/jiushidao.com\/product\/black-wolfberry\/\"]}]},{\"@type\":\"ImageObject\",\"inLanguage\":\"es\",\"@id\":\"https:\/\/jiushidao.com\/product\/black-wolfberry\/#primaryimage\",\"url\":\"https:\/\/jiushidao.com\/wp-content\/uploads\/2025\/10\/26.png\",\"contentUrl\":\"https:\/\/jiushidao.com\/wp-content\/uploads\/2025\/10\/26.png\",\"width\":554,\"height\":570},{\"@type\":\"BreadcrumbList\",\"@id\":\"https:\/\/jiushidao.com\/product\/black-wolfberry\/#breadcrumb\",\"itemListElement\":[{\"@type\":\"ListItem\",\"position\":1,\"name\":\"Home\",\"item\":\"https:\/\/jiushidao.com\/\"},{\"@type\":\"ListItem\",\"position\":2,\"name\":\"Store\",\"item\":\"https:\/\/jiushidao.com\/store\/\"},{\"@type\":\"ListItem\",\"position\":3,\"name\":\"Black Wolfberry\"}]},{\"@type\":\"WebSite\",\"@id\":\"https:\/\/jiushidao.com\/#website\",\"url\":\"https:\/\/jiushidao.com\/\",\"name\":\"Jiushidao - Global Food Marketplace for Business Growth and Cosumers\",\"description\":\"Jiushidao - Global Food Marketplace for Business Growth and Cosumers\",\"potentialAction\":[{\"@type\":\"SearchAction\",\"target\":{\"@type\":\"EntryPoint\",\"urlTemplate\":\"https:\/\/jiushidao.com\/?s={search_term_string}\"},\"query-input\":{\"@type\":\"PropertyValueSpecification\",\"valueRequired\":true,\"valueName\":\"search_term_string\"}}],\"inLanguage\":\"es\"}]}<\/script>\n<!-- \/ Yoast SEO Premium plugin. -->","yoast_head_json":{"title":"Black Wolfberry - Jiushidao - Global Food Marketplace for Business Growth and Cosumers","robots":{"index":"index","follow":"follow","max-snippet":"max-snippet:-1","max-image-preview":"max-image-preview:large","max-video-preview":"max-video-preview:-1"},"canonical":"https:\/\/jiushidao.com\/es\/producto\/black-wolfberry\/","og_locale":"es_ES","og_type":"article","og_title":"Black Wolfberry","og_description":"\u200b\u200bXinjiang Black Goji Berries: The &#8216;King of Anthocyanins&#8217; from the Gobi Desert\u200b\u200b Nurtured in the harsh yet pure environment of Xinjiang\u2019s arid deserts, our black goji [\u2026]","og_url":"https:\/\/jiushidao.com\/es\/producto\/black-wolfberry\/","og_site_name":"Jiushidao - Global Food Marketplace for Business Growth and Cosumers","article_modified_time":"2025-10-30T11:20:40+00:00","og_image":[{"width":554,"height":570,"url":"https:\/\/jiushidao.com\/wp-content\/uploads\/2025\/10\/26.png","type":"image\/png"}],"twitter_card":"summary_large_image","twitter_misc":{"Tiempo de lectura":"1 minuto"},"schema":{"@context":"https:\/\/schema.org","@graph":[{"@type":"WebPage","@id":"https:\/\/jiushidao.com\/product\/black-wolfberry\/","url":"https:\/\/jiushidao.com\/product\/black-wolfberry\/","name":"Black Wolfberry - Jiushidao - Global Food Marketplace for Business Growth and Cosumers","isPartOf":{"@id":"https:\/\/jiushidao.com\/#website"},"primaryImageOfPage":{"@id":"https:\/\/jiushidao.com\/product\/black-wolfberry\/#primaryimage"},"image":{"@id":"https:\/\/jiushidao.com\/product\/black-wolfberry\/#primaryimage"},"thumbnailUrl":"https:\/\/jiushidao.com\/wp-content\/uploads\/2025\/10\/26.png","datePublished":"2025-10-29T08:40:31+00:00","dateModified":"2025-10-30T11:20:40+00:00","breadcrumb":{"@id":"https:\/\/jiushidao.com\/product\/black-wolfberry\/#breadcrumb"},"inLanguage":"es","potentialAction":[{"@type":"ReadAction","target":["https:\/\/jiushidao.com\/product\/black-wolfberry\/"]}]},{"@type":"ImageObject","inLanguage":"es","@id":"https:\/\/jiushidao.com\/product\/black-wolfberry\/#primaryimage","url":"https:\/\/jiushidao.com\/wp-content\/uploads\/2025\/10\/26.png","contentUrl":"https:\/\/jiushidao.com\/wp-content\/uploads\/2025\/10\/26.png","width":554,"height":570},{"@type":"BreadcrumbList","@id":"https:\/\/jiushidao.com\/product\/black-wolfberry\/#breadcrumb","itemListElement":[{"@type":"ListItem","position":1,"name":"Home","item":"https:\/\/jiushidao.com\/"},{"@type":"ListItem","position":2,"name":"Store","item":"https:\/\/jiushidao.com\/store\/"},{"@type":"ListItem","position":3,"name":"Black Wolfberry"}]},{"@type":"WebSite","@id":"https:\/\/jiushidao.com\/#website","url":"https:\/\/jiushidao.com\/","name":"Jiushidao - Global Food Marketplace for Business Growth and Cosumers","description":"Jiushidao - Global Food Marketplace for Business Growth and Cosumers","potentialAction":[{"@type":"SearchAction","target":{"@type":"EntryPoint","urlTemplate":"https:\/\/jiushidao.com\/?s={search_term_string}"},"query-input":{"@type":"PropertyValueSpecification","valueRequired":true,"valueName":"search_term_string"}}],"inLanguage":"es"}]}},"_links":{"self":[{"href":"https:\/\/jiushidao.com\/es\/wp-json\/wp\/v2\/product\/665","targetHints":{"allow":["GET"]}}],"collection":[{"href":"https:\/\/jiushidao.com\/es\/wp-json\/wp\/v2\/product"}],"about":[{"href":"https:\/\/jiushidao.com\/es\/wp-json\/wp\/v2\/types\/product"}],"replies":[{"embeddable":true,"href":"https:\/\/jiushidao.com\/es\/wp-json\/wp\/v2\/comments?post=665"}],"version-history":[{"count":2,"href":"https:\/\/jiushidao.com\/es\/wp-json\/wp\/v2\/product\/665\/revisions"}],"predecessor-version":[{"id":754,"href":"https:\/\/jiushidao.com\/es\/wp-json\/wp\/v2\/product\/665\/revisions\/754"}],"wp:featuredmedia":[{"embeddable":true,"href":"https:\/\/jiushidao.com\/es\/wp-json\/wp\/v2\/media\/667"}],"wp:attachment":[{"href":"https:\/\/jiushidao.com\/es\/wp-json\/wp\/v2\/media?parent=665"}],"wp:term":[{"taxonomy":"product_brand","embeddable":true,"href":"https:\/\/jiushidao.com\/es\/wp-json\/wp\/v2\/product_brand?post=665"},{"taxonomy":"product_cat","embeddable":true,"href":"https:\/\/jiushidao.com\/es\/wp-json\/wp\/v2\/product_cat?post=665"},{"taxonomy":"product_tag","embeddable":true,"href":"https:\/\/jiushidao.com\/es\/wp-json\/wp\/v2\/product_tag?post=665"}],"curies":[{"name":"wp","href":"https:\/\/api.w.org\/{rel}","templated":true}]}}