{"id":658,"date":"2025-10-29T08:34:37","date_gmt":"2025-10-29T08:34:37","guid":{"rendered":"https:\/\/jiushidao.com\/?post_type=product&#038;p=658"},"modified":"2025-10-30T11:24:09","modified_gmt":"2025-10-30T11:24:09","slug":"snow-chrysanthemum","status":"publish","type":"product","link":"https:\/\/jiushidao.com\/es\/producto\/snow-chrysanthemum\/","title":{"rendered":"Crisantemo de nieve"},"content":{"rendered":"<section class=\"ybc-p\"><strong>Crisantemo de nieve: un regalo excepcional de las monta\u00f1as Kunlun de Xinjiang<\/strong>\u200b<\/section>\n<section class=\"ybc-p\">Cultivada en la pureza de las monta\u00f1as Kunlun de Xinjiang, esta flor dorada prospera bajo la intensa luz solar, el aire puro y el nutritivo deshielo. Recogida a mano en su punto m\u00e1ximo de floraci\u00f3n, es rica en flavonoides, amino\u00e1cidos y otros compuestos activos, lo que la convierte en un ingrediente preciado para el bienestar hol\u00edstico.<\/section>\n<section class=\"ybc-p\">Su consumo regular puede ayudar a calmar el h\u00edgado, aliviar la fatiga visual, favorecer un metabolismo saludable y favorecer la digesti\u00f3n. Al remojarlo en agua a m\u00e1s de 95 \u00b0C, el t\u00e9 se transforma en un cautivador licor rojo rub\u00ed con una fragancia arom\u00e1tica y un sabor naturalmente dulce y suave.<\/section>\n<section class=\"ybc-p\">\u200b<strong>Caracter\u00edsticas principales:<\/strong>\u200b<\/section>\n<ul class=\"ybc-ul-component\">\n<li class=\"ybc-li-component ybc-li-component_ul\">\n<section class=\"ybc-p\">\u200b<strong>Origen puro:<\/strong>Crece de forma silvestre en grandes altitudes en las v\u00edrgenes monta\u00f1as Kunlun.<\/section>\n<\/li>\n<li class=\"ybc-li-component ybc-li-component_ul\">\n<section class=\"ybc-p\">\u200b<strong>Rico en nutrientes:<\/strong>Abundante en flavonoides, amino\u00e1cidos y antioxidantes.<\/section>\n<\/li>\n<li class=\"ybc-li-component ybc-li-component_ul\">\n<section class=\"ybc-p\">\u200b<strong>Beneficios para el bienestar:<\/strong>Tradicionalmente se utiliza para favorecer la salud del h\u00edgado, aliviar la fatiga ocular y ayudar al metabolismo.<\/section>\n<\/li>\n<li class=\"ybc-li-component ybc-li-component_ul\">\n<section class=\"ybc-p\">\u200b<strong>Experiencia visual y arom\u00e1tica:<\/strong>\u200b Prepara un llamativo t\u00e9 de color rojo rub\u00ed con un aroma floral y un sabor suave y dulce.<\/section>\n<\/li>\n<li class=\"ybc-li-component ybc-li-component_ul\">\n<section class=\"ybc-p\">\u200b<strong>Sugerencia de preparaci\u00f3n:<\/strong>Utilice agua a m\u00e1s de 95 \u00b0C para una liberaci\u00f3n \u00f3ptima del color y el sabor.<\/section>\n<\/li>\n<\/ul>","protected":false},"excerpt":{"rendered":"<p>Crisantemo de nieve: un regalo excepcional de las monta\u00f1as Kunlun de Xinjiang Cultivada en la pureza de gran altitud de las monta\u00f1as Kunlun de Xinjiang, esta flor dorada prospera bajo intensas<span class=\"excerpt-hellip\"> [\u2026]<\/span><\/p>","protected":false},"featured_media":659,"comment_status":"open","ping_status":"closed","template":"","meta":[],"product_brand":[53],"product_cat":[51],"product_tag":[],"class_list":{"0":"post-658","1":"product","2":"type-product","3":"status-publish","4":"has-post-thumbnail","6":"product_brand-instant_mix_category","7":"product_cat-dried_fruits_and_preserves","9":"first","10":"instock","11":"shipping-taxable","12":"product-type-simple"},"yoast_head":"<!-- This site is optimized with the Yoast SEO Premium plugin v25.8 (Yoast SEO v25.8) - https:\/\/yoast.com\/wordpress\/plugins\/seo\/ -->\n<title>Snow Chrysanthemum - Jiushidao - Global Food Marketplace for Business Growth and Cosumers<\/title>\n<meta name=\"robots\" content=\"index, follow, max-snippet:-1, max-image-preview:large, max-video-preview:-1\" \/>\n<link rel=\"canonical\" href=\"https:\/\/jiushidao.com\/es\/producto\/snow-chrysanthemum\/\" \/>\n<meta property=\"og:locale\" content=\"es_ES\" \/>\n<meta property=\"og:type\" content=\"article\" \/>\n<meta property=\"og:title\" content=\"Snow Chrysanthemum\" \/>\n<meta property=\"og:description\" content=\"Snow Chrysanthemum: A Rare Gift from the Kunlun Mountains of Xinjiang\u200b\u200b Nurtured in the high-altitude purity of Xinjiang\u2019s Kunlun Mountains, this golden blossom thrives under intense [\u2026]\" \/>\n<meta property=\"og:url\" content=\"https:\/\/jiushidao.com\/es\/producto\/snow-chrysanthemum\/\" \/>\n<meta property=\"og:site_name\" content=\"Jiushidao - Global Food Marketplace for Business Growth and Cosumers\" \/>\n<meta property=\"article:modified_time\" content=\"2025-10-30T11:24:09+00:00\" \/>\n<meta property=\"og:image\" content=\"https:\/\/jiushidao.com\/wp-content\/uploads\/2025\/10\/24.png\" \/>\n\t<meta property=\"og:image:width\" content=\"548\" \/>\n\t<meta property=\"og:image:height\" content=\"564\" \/>\n\t<meta property=\"og:image:type\" content=\"image\/png\" \/>\n<meta name=\"twitter:card\" content=\"summary_large_image\" \/>\n<meta name=\"twitter:label1\" content=\"Tiempo de lectura\" \/>\n\t<meta name=\"twitter:data1\" content=\"1 minuto\" \/>\n<script type=\"application\/ld+json\" class=\"yoast-schema-graph\">{\"@context\":\"https:\/\/schema.org\",\"@graph\":[{\"@type\":\"WebPage\",\"@id\":\"https:\/\/jiushidao.com\/product\/snow-chrysanthemum\/\",\"url\":\"https:\/\/jiushidao.com\/product\/snow-chrysanthemum\/\",\"name\":\"Snow Chrysanthemum - Jiushidao - Global Food Marketplace for Business Growth and Cosumers\",\"isPartOf\":{\"@id\":\"https:\/\/jiushidao.com\/#website\"},\"primaryImageOfPage\":{\"@id\":\"https:\/\/jiushidao.com\/product\/snow-chrysanthemum\/#primaryimage\"},\"image\":{\"@id\":\"https:\/\/jiushidao.com\/product\/snow-chrysanthemum\/#primaryimage\"},\"thumbnailUrl\":\"https:\/\/jiushidao.com\/wp-content\/uploads\/2025\/10\/24.png\",\"datePublished\":\"2025-10-29T08:34:37+00:00\",\"dateModified\":\"2025-10-30T11:24:09+00:00\",\"breadcrumb\":{\"@id\":\"https:\/\/jiushidao.com\/product\/snow-chrysanthemum\/#breadcrumb\"},\"inLanguage\":\"es\",\"potentialAction\":[{\"@type\":\"ReadAction\",\"target\":[\"https:\/\/jiushidao.com\/product\/snow-chrysanthemum\/\"]}]},{\"@type\":\"ImageObject\",\"inLanguage\":\"es\",\"@id\":\"https:\/\/jiushidao.com\/product\/snow-chrysanthemum\/#primaryimage\",\"url\":\"https:\/\/jiushidao.com\/wp-content\/uploads\/2025\/10\/24.png\",\"contentUrl\":\"https:\/\/jiushidao.com\/wp-content\/uploads\/2025\/10\/24.png\",\"width\":548,\"height\":564},{\"@type\":\"BreadcrumbList\",\"@id\":\"https:\/\/jiushidao.com\/product\/snow-chrysanthemum\/#breadcrumb\",\"itemListElement\":[{\"@type\":\"ListItem\",\"position\":1,\"name\":\"Home\",\"item\":\"https:\/\/jiushidao.com\/\"},{\"@type\":\"ListItem\",\"position\":2,\"name\":\"Store\",\"item\":\"https:\/\/jiushidao.com\/store\/\"},{\"@type\":\"ListItem\",\"position\":3,\"name\":\"Snow Chrysanthemum\"}]},{\"@type\":\"WebSite\",\"@id\":\"https:\/\/jiushidao.com\/#website\",\"url\":\"https:\/\/jiushidao.com\/\",\"name\":\"Jiushidao - Global Food Marketplace for Business Growth and Cosumers\",\"description\":\"Jiushidao - Global Food Marketplace for Business Growth and Cosumers\",\"potentialAction\":[{\"@type\":\"SearchAction\",\"target\":{\"@type\":\"EntryPoint\",\"urlTemplate\":\"https:\/\/jiushidao.com\/?s={search_term_string}\"},\"query-input\":{\"@type\":\"PropertyValueSpecification\",\"valueRequired\":true,\"valueName\":\"search_term_string\"}}],\"inLanguage\":\"es\"}]}<\/script>\n<!-- \/ Yoast SEO Premium plugin. -->","yoast_head_json":{"title":"Snow Chrysanthemum - Jiushidao - Global Food Marketplace for Business Growth and Cosumers","robots":{"index":"index","follow":"follow","max-snippet":"max-snippet:-1","max-image-preview":"max-image-preview:large","max-video-preview":"max-video-preview:-1"},"canonical":"https:\/\/jiushidao.com\/es\/producto\/snow-chrysanthemum\/","og_locale":"es_ES","og_type":"article","og_title":"Snow Chrysanthemum","og_description":"Snow Chrysanthemum: A Rare Gift from the Kunlun Mountains of Xinjiang\u200b\u200b Nurtured in the high-altitude purity of Xinjiang\u2019s Kunlun Mountains, this golden blossom thrives under intense [\u2026]","og_url":"https:\/\/jiushidao.com\/es\/producto\/snow-chrysanthemum\/","og_site_name":"Jiushidao - Global Food Marketplace for Business Growth and Cosumers","article_modified_time":"2025-10-30T11:24:09+00:00","og_image":[{"width":548,"height":564,"url":"https:\/\/jiushidao.com\/wp-content\/uploads\/2025\/10\/24.png","type":"image\/png"}],"twitter_card":"summary_large_image","twitter_misc":{"Tiempo de lectura":"1 minuto"},"schema":{"@context":"https:\/\/schema.org","@graph":[{"@type":"WebPage","@id":"https:\/\/jiushidao.com\/product\/snow-chrysanthemum\/","url":"https:\/\/jiushidao.com\/product\/snow-chrysanthemum\/","name":"Snow Chrysanthemum - Jiushidao - Global Food Marketplace for Business Growth and Cosumers","isPartOf":{"@id":"https:\/\/jiushidao.com\/#website"},"primaryImageOfPage":{"@id":"https:\/\/jiushidao.com\/product\/snow-chrysanthemum\/#primaryimage"},"image":{"@id":"https:\/\/jiushidao.com\/product\/snow-chrysanthemum\/#primaryimage"},"thumbnailUrl":"https:\/\/jiushidao.com\/wp-content\/uploads\/2025\/10\/24.png","datePublished":"2025-10-29T08:34:37+00:00","dateModified":"2025-10-30T11:24:09+00:00","breadcrumb":{"@id":"https:\/\/jiushidao.com\/product\/snow-chrysanthemum\/#breadcrumb"},"inLanguage":"es","potentialAction":[{"@type":"ReadAction","target":["https:\/\/jiushidao.com\/product\/snow-chrysanthemum\/"]}]},{"@type":"ImageObject","inLanguage":"es","@id":"https:\/\/jiushidao.com\/product\/snow-chrysanthemum\/#primaryimage","url":"https:\/\/jiushidao.com\/wp-content\/uploads\/2025\/10\/24.png","contentUrl":"https:\/\/jiushidao.com\/wp-content\/uploads\/2025\/10\/24.png","width":548,"height":564},{"@type":"BreadcrumbList","@id":"https:\/\/jiushidao.com\/product\/snow-chrysanthemum\/#breadcrumb","itemListElement":[{"@type":"ListItem","position":1,"name":"Home","item":"https:\/\/jiushidao.com\/"},{"@type":"ListItem","position":2,"name":"Store","item":"https:\/\/jiushidao.com\/store\/"},{"@type":"ListItem","position":3,"name":"Snow Chrysanthemum"}]},{"@type":"WebSite","@id":"https:\/\/jiushidao.com\/#website","url":"https:\/\/jiushidao.com\/","name":"Jiushidao - Global Food Marketplace for Business Growth and Cosumers","description":"Jiushidao - Global Food Marketplace for Business Growth and Cosumers","potentialAction":[{"@type":"SearchAction","target":{"@type":"EntryPoint","urlTemplate":"https:\/\/jiushidao.com\/?s={search_term_string}"},"query-input":{"@type":"PropertyValueSpecification","valueRequired":true,"valueName":"search_term_string"}}],"inLanguage":"es"}]}},"_links":{"self":[{"href":"https:\/\/jiushidao.com\/es\/wp-json\/wp\/v2\/product\/658","targetHints":{"allow":["GET"]}}],"collection":[{"href":"https:\/\/jiushidao.com\/es\/wp-json\/wp\/v2\/product"}],"about":[{"href":"https:\/\/jiushidao.com\/es\/wp-json\/wp\/v2\/types\/product"}],"replies":[{"embeddable":true,"href":"https:\/\/jiushidao.com\/es\/wp-json\/wp\/v2\/comments?post=658"}],"version-history":[{"count":3,"href":"https:\/\/jiushidao.com\/es\/wp-json\/wp\/v2\/product\/658\/revisions"}],"predecessor-version":[{"id":756,"href":"https:\/\/jiushidao.com\/es\/wp-json\/wp\/v2\/product\/658\/revisions\/756"}],"wp:featuredmedia":[{"embeddable":true,"href":"https:\/\/jiushidao.com\/es\/wp-json\/wp\/v2\/media\/659"}],"wp:attachment":[{"href":"https:\/\/jiushidao.com\/es\/wp-json\/wp\/v2\/media?parent=658"}],"wp:term":[{"taxonomy":"product_brand","embeddable":true,"href":"https:\/\/jiushidao.com\/es\/wp-json\/wp\/v2\/product_brand?post=658"},{"taxonomy":"product_cat","embeddable":true,"href":"https:\/\/jiushidao.com\/es\/wp-json\/wp\/v2\/product_cat?post=658"},{"taxonomy":"product_tag","embeddable":true,"href":"https:\/\/jiushidao.com\/es\/wp-json\/wp\/v2\/product_tag?post=658"}],"curies":[{"name":"wp","href":"https:\/\/api.w.org\/{rel}","templated":true}]}}